{"id":51987,"date":"2022-02-28T15:03:18","date_gmt":"2022-02-28T14:03:18","guid":{"rendered":"https:\/\/www.graphistudio.com\/jerry-ghionis-collection\/"},"modified":"2022-10-27T12:00:38","modified_gmt":"2022-10-27T10:00:38","slug":"jerry-ghionis-collection","status":"publish","type":"page","link":"https:\/\/www.graphistudio.com\/it\/jerry-ghionis-collection\/","title":{"rendered":"Jerry Ghionis Collection"},"content":{"rendered":"<div class=\"wpb-content-wrapper\"><p>[vc_row type=&#8221;full_width_section&#8221; bg_image=&#8221;51346&#8243;][vc_column width=&#8221;1\/4&#8243;][\/vc_column][vc_column width=&#8221;1\/2&#8243;]<div class=\"single_image wpb_content_element align-center    \" data-animation=\"none\" data-delay=\"0\"><img loading=\"lazy\" decoding=\"async\" width=\"1161\" height=\"420\" src=\"https:\/\/www.graphistudio.com\/wp-content\/uploads\/2022\/02\/pagina_jerry_g-e1663678640575.png\" class=\"attachment-large\" alt=\"\" title=\"pagina_jerry_g\" \/><\/div><div class=\"single_image wpb_content_element align-center    \" data-animation=\"none\" data-delay=\"0\"><img loading=\"lazy\" decoding=\"async\" width=\"1100\" height=\"1000\" src=\"https:\/\/www.graphistudio.com\/wp-content\/uploads\/2022\/02\/ghionis-frontw.png\" class=\"attachment-large\" alt=\"\" title=\"ghionis frontw\" srcset=\"https:\/\/www.graphistudio.com\/wp-content\/uploads\/2022\/02\/ghionis-frontw.png 1100w, https:\/\/www.graphistudio.com\/wp-content\/uploads\/2022\/02\/ghionis-frontw-300x273.png 300w, https:\/\/www.graphistudio.com\/wp-content\/uploads\/2022\/02\/ghionis-frontw-768x698.png 768w\" sizes=\"auto, (max-width: 1100px) 100vw, 1100px\" \/><\/div>[\/vc_column][vc_column width=&#8221;1\/4&#8243;][\/vc_column][\/vc_row][vc_row bg_color=&#8221;#b4895e&#8221; top_padding=&#8221;50&#8243; bottom_padding=&#8221;50&#8243;][vc_column width=&#8221;1\/6&#8243;][\/vc_column][vc_column width=&#8221;2\/3&#8243;][vc_column_text el_class=&#8221;text_ghionis&#8221;]<\/p>\n<h4 style=\"text-align: center; color: white; line-height: 200%;\">UNO STILE MODERNO ELEGANTE<\/h4>\n<p>[\/vc_column_text][vc_column_text el_class=&#8221;text_ghionis&#8221;]<\/p>\n<h5 style=\"text-align: center; color: white; line-height: 200%;\">Questa collezione porta gli aspetti pi\u00f9 pratici di un prodotto ben progettato ai prodotti pi\u00f9 straordinari che troverete nel mondo<\/h5>\n<p>[\/vc_column_text][\/vc_column][vc_column width=&#8221;1\/6&#8243;][\/vc_column][\/vc_row][vc_row bg_color=&#8221;#525252&#8243; class=&#8221;ghionis&#8221;][vc_column width=&#8221;1\/2&#8243;]<div class=\"single_image wpb_content_element align-center    \" data-animation=\"none\" data-delay=\"0\"><img loading=\"lazy\" decoding=\"async\" width=\"1000\" height=\"781\" src=\"https:\/\/www.graphistudio.com\/wp-content\/uploads\/2022\/02\/jerry-ghionis-photographer-2.jpg\" class=\"attachment-full\" alt=\"\" title=\"jerry-ghionis-photographer-2\" srcset=\"https:\/\/www.graphistudio.com\/wp-content\/uploads\/2022\/02\/jerry-ghionis-photographer-2.jpg 1000w, https:\/\/www.graphistudio.com\/wp-content\/uploads\/2022\/02\/jerry-ghionis-photographer-2-300x234.jpg 300w, https:\/\/www.graphistudio.com\/wp-content\/uploads\/2022\/02\/jerry-ghionis-photographer-2-768x600.jpg 768w\" sizes=\"auto, (max-width: 1000px) 100vw, 1000px\" \/><\/div>[\/vc_column][vc_column column_center=&#8221;true&#8221; width=&#8221;1\/2&#8243;]<div class=\"spacer\" style=\"height: 40px;\"><\/div>[vc_column_text el_class=&#8221;text_ghionis&#8221;]<\/p>\n<h4 style=\"text-align: center; color: white;\">A PROPOSITO DI JERRY GHIONIS<\/h4>\n<p>[\/vc_column_text][vc_column_text el_class=&#8221;text_ghionis&#8221;]<\/p>\n<p style=\"text-align: center;\">Jerry \u00e8 ampiamente considerato come uno dei migliori fotografi di ritratti e matrimoni del mondo ed \u00e8 orgoglioso di chiamare Las Vegas casa. Jerry \u00e8 il fotografo pi\u00f9 premiato dell&#8217;organizzazione Wedding and Portrait Photographers International (WPPI) ed \u00e8 diventato il loro primo Grand Master, il loro pi\u00f9 alto riconoscimento.<\/p>\n<p style=\"text-align: center;\">Ambasciatore Nikon e vincitore del premio Leadership Award delle Nazioni Unite da parte dell&#8217;International Photographic Council, il marchio Jerry Ghionis \u00e8 diventato sinonimo di eccellenza, maestria e innovazione.<\/p>\n<p>[\/vc_column_text]<div class=\"spacer\" style=\"height: 40px;\"><\/div>[\/vc_column][\/vc_row][vc_row type=&#8221;full_width_section&#8221; top_padding=&#8221;10&#8243;][vc_column text_align=&#8221;center&#8221; width=&#8221;1\/1&#8243;][vc_raw_html]W3dvbmRlcnBsdWdpbl9ncmlkZ2FsbGVyeSBpZD0xMTVd[\/vc_raw_html][\/vc_column][\/vc_row][vc_row bg_color=&#8221;#7a5731&#8243; top_padding=&#8221;50&#8243; bottom_padding=&#8221;50&#8243;][vc_column width=&#8221;1\/6&#8243;][\/vc_column][vc_column width=&#8221;2\/3&#8243;][vc_column_text el_class=&#8221;text_ghionis&#8221;]<\/p>\n<h5 style=\"color: white; text-align: left; line-height: 200%;\">&#8220;Sia che Graphistudio stia reinventando un prodotto esistente o creando una nuova categoria in un&#8217;industria che si suppone abbia visto tutto, Graphi supera costantemente le pi\u00f9 alte aspettative!&#8221;<\/h5>\n<h5 style=\"color: white; text-align: right; line-height: 200%;\">Jerry Ghionis<\/h5>\n<p>[\/vc_column_text][\/vc_column][vc_column width=&#8221;1\/6&#8243;][\/vc_column][\/vc_row][vc_row bg_color=&#8221;#b4895e&#8221; top_padding=&#8221;40&#8243; bottom_padding=&#8221;40&#8243;][vc_column width=&#8221;1\/1&#8243;][vc_column_text]<\/p>\n<h3 style=\"text-transform: uppercase; text-align: center; color: white; letter-spacing: 10px;\">Ice Blocks<\/h3>\n<p>[\/vc_column_text][\/vc_column][\/vc_row][vc_row bg_image=&#8221;51454&#8243; full_height=&#8221;true&#8221;][vc_column width=&#8221;1\/1&#8243;][\/vc_column][\/vc_row][vc_row bg_color=&#8221;#b4895e&#8221; top_padding=&#8221;40&#8243; bottom_padding=&#8221;40&#8243;][vc_column text_align=&#8221;center&#8221; width=&#8221;1\/1&#8243;][vc_raw_html]W21pbnRpX2J1dHRvbiBjb2xvcj0iY3VzdG9tIiBjdXN0b21fY29sb3I9InJnYmEoMCwwLDAsMC4wMSkiIGJvcmRlcl9yYWRpdXM9IjAiIGNsYXNzPSJidXR0b24gYnV0dG9uTElHSFQiIGxpbms9Ii9qZXJyeS1naGlvbmlzLWNvbGxlY3Rpb24vdGFibGUtdG9wLWJsb2NrcyJdU2NvcHJpWy9taW50aV9idXR0b25d[\/vc_raw_html][\/vc_column][\/vc_row][vc_row bg_image=&#8221;51346&#8243; top_padding=&#8221;50&#8243; bottom_padding=&#8221;50&#8243;][vc_column text_align=&#8221;center&#8221; width=&#8221;1\/1&#8243;][vc_column_text]<\/p>\n<h3 style=\"text-align: center; color: black;\">THE SOPHISTICATE ALBUM<\/h3>\n<p>[\/vc_column_text]<div class=\"single_image wpb_content_element align-center    \" data-animation=\"none\" data-delay=\"0\"><img loading=\"lazy\" decoding=\"async\" width=\"1000\" height=\"344\" src=\"https:\/\/www.graphistudio.com\/wp-content\/uploads\/2022\/02\/ghionis-quilted-details.jpg\" class=\"attachment-full\" alt=\"\" title=\"ghionis-quilted-details\" srcset=\"https:\/\/www.graphistudio.com\/wp-content\/uploads\/2022\/02\/ghionis-quilted-details.jpg 1000w, https:\/\/www.graphistudio.com\/wp-content\/uploads\/2022\/02\/ghionis-quilted-details-300x103.jpg 300w, https:\/\/www.graphistudio.com\/wp-content\/uploads\/2022\/02\/ghionis-quilted-details-768x264.jpg 768w\" sizes=\"auto, (max-width: 1000px) 100vw, 1000px\" \/><\/div><div class=\"single_image wpb_content_element align-center    \" data-animation=\"none\" data-delay=\"0\"><img loading=\"lazy\" decoding=\"async\" width=\"950\" height=\"454\" src=\"https:\/\/www.graphistudio.com\/wp-content\/uploads\/2022\/02\/ghionis-quilted-2_MG_6931-1.png\" class=\"attachment-full\" alt=\"\" title=\"ghionis quilted 2_MG_6931\" srcset=\"https:\/\/www.graphistudio.com\/wp-content\/uploads\/2022\/02\/ghionis-quilted-2_MG_6931-1.png 950w, https:\/\/www.graphistudio.com\/wp-content\/uploads\/2022\/02\/ghionis-quilted-2_MG_6931-1-300x143.png 300w, https:\/\/www.graphistudio.com\/wp-content\/uploads\/2022\/02\/ghionis-quilted-2_MG_6931-1-768x367.png 768w\" sizes=\"auto, (max-width: 950px) 100vw, 950px\" \/><\/div>[vc_column_text]<\/p>\n<h2 style=\"text-align: center; font-size: 24px;\">PROSSIMAMENTE<\/h2>\n<p>[\/vc_column_text][vc_raw_html]W21pbnRpX2J1dHRvbiBjb2xvcj0iY3VzdG9tIiBjdXN0b21fY29sb3I9InJnYmEoMCwwLDAsMC4wMSkiIGJvcmRlcl9yYWRpdXM9IjAiIGNsYXNzPSJidXR0b24gYnV0dG9uREFSSyIgbGluaz0iL2plcnJ5LWdoaW9uaXMtY29sbGVjdGlvbi9xdWlsdGVkLWFsYnVtIl1TY29wcmlbL21pbnRpX2J1dHRvbl0=[\/vc_raw_html][\/vc_column][\/vc_row][vc_row bg_color=&#8221;#b4895e&#8221; top_padding=&#8221;40&#8243; bottom_padding=&#8221;40&#8243;][vc_column width=&#8221;1\/1&#8243;][vc_column_text]<\/p>\n<h3 style=\"text-transform: uppercase; text-align: center; color: white; letter-spacing: 10px;\">Leather and Eco Leather Wall Art<\/h3>\n<p>[\/vc_column_text][\/vc_column][\/vc_row][vc_row bg_image=&#8221;51496&#8243; full_height=&#8221;true&#8221;][vc_column width=&#8221;1\/1&#8243;][\/vc_column][\/vc_row][vc_row bg_color=&#8221;#b4895e&#8221; top_padding=&#8221;20&#8243; bottom_padding=&#8221;20&#8243;][vc_column text_align=&#8221;center&#8221; width=&#8221;1\/1&#8243;][vc_raw_html]W21pbnRpX2J1dHRvbiBjb2xvcj0iY3VzdG9tIiBjdXN0b21fY29sb3I9InJnYmEoMCwwLDAsMC4wMSkiIGJvcmRlcl9yYWRpdXM9IjAiIGNsYXNzPSJidXR0b24gYnV0dG9uTElHSFQiIGxpbms9Ii9qZXJyeS1naGlvbmlzLWNvbGxlY3Rpb24vbGVhdGhlci13YWxsLWFydCJdU2NvcHJpWy9taW50aV9idXR0b25d[\/vc_raw_html][\/vc_column][\/vc_row][vc_row type=&#8221;full_width_section&#8221; bg_color=&#8221;#3d3d3d&#8221; bottom_padding=&#8221;20&#8243;][vc_column text_align=&#8221;center&#8221; width=&#8221;1\/1&#8243;]<div class=\"single_image wpb_content_element align-left    \" data-animation=\"none\" data-delay=\"0\"><img loading=\"lazy\" decoding=\"async\" width=\"2560\" height=\"1378\" src=\"https:\/\/www.graphistudio.com\/wp-content\/uploads\/2021\/02\/maverick_img_main4.jpg\" class=\"attachment-full\" alt=\"\" title=\"maverick_img_main4\" \/><\/div>[vc_raw_html]W21pbnRpX2J1dHRvbiBjb2xvcj0iY3VzdG9tIiBjdXN0b21fY29sb3I9InJnYmEoMCwwLDAsMC4wMSkiIGJvcmRlcl9yYWRpdXM9IjAiIGNsYXNzPSJidXR0b24gYnV0dG9uTElHSFQiIGxpbms9Ii9qZXJyeS1naGlvbmlzLWNvbGxlY3Rpb24vbWF2ZXJpY2siXVNjb3ByaVsvbWludGlfYnV0dG9uXQ==[\/vc_raw_html][\/vc_column][\/vc_row][vc_row top_padding=&#8221;40&#8243; bottom_padding=&#8221;40&#8243;][vc_column width=&#8221;1\/1&#8243;]<div class=\"single_image wpb_content_element align-center    \" data-animation=\"none\" data-delay=\"0\"><img loading=\"lazy\" decoding=\"async\" width=\"368\" height=\"60\" src=\"https:\/\/www.graphistudio.com\/wp-content\/uploads\/2022\/02\/jgptlogo-1.png\" class=\"attachment-full\" alt=\"\" title=\"jgptlogo-1\" srcset=\"https:\/\/www.graphistudio.com\/wp-content\/uploads\/2022\/02\/jgptlogo-1.png 368w, https:\/\/www.graphistudio.com\/wp-content\/uploads\/2022\/02\/jgptlogo-1-300x49.png 300w\" sizes=\"auto, (max-width: 368px) 100vw, 368px\" \/><\/div>[\/vc_column][\/vc_row][vc_row bg_color=&#8221;#0a0a0a&#8221; top_padding=&#8221;80&#8243; bottom_padding=&#8221;80&#8243;][vc_column text_align=&#8221;center&#8221; width=&#8221;1\/1&#8243;][vc_column_text]<\/p>\n<h4 class=\"text-center\" style=\"text-align: center; color: white;\">Festeggiamo 13 anni di educazione fotografica online!<\/h4>\n<p>[\/vc_column_text]<div class=\"video-embed  wpb_content_element\"><iframe loading=\"lazy\" title=\"Jerry Ghionis Photography Training\" width=\"1161\" height=\"653\" src=\"https:\/\/www.youtube.com\/embed\/1R7DA1sZous?feature=oembed\" frameborder=\"0\" allow=\"accelerometer; autoplay; clipboard-write; encrypted-media; gyroscope; picture-in-picture; web-share\" referrerpolicy=\"strict-origin-when-cross-origin\" allowfullscreen><\/iframe><\/div>[\/vc_column][\/vc_row][vc_row top_padding=&#8221;40&#8243; bottom_padding=&#8221;40&#8243;][vc_column width=&#8221;1\/1&#8243;][vc_column_text]<\/p>\n<h6 style=\"text-align: center;\">Jerry Ghionis Collection<\/h6>\n<p>[\/vc_column_text][vc_raw_html]W3dvbmRlcnBsdWdpbl9ncmlkZ2FsbGVyeSBpZD0xMThd[\/vc_raw_html][\/vc_column][\/vc_row]<\/p>\n<\/div>","protected":false},"excerpt":{"rendered":"<p>[vc_row type=&#8221;full_width_section&#8221; bg_image=&#8221;51346&#8243;][vc_column width=&#8221;1\/4&#8243;][\/vc_column][vc_column width=&#8221;1\/2&#8243;][\/vc_column][vc_column width=&#8221;1\/4&#8243;][\/vc_column][\/vc_row][vc_row bg_color=&#8221;#b4895e&#8221; top_padding=&#8221;50&#8243; bottom_padding=&#8221;50&#8243;][vc_column width=&#8221;1\/6&#8243;][\/vc_column][vc_column width=&#8221;2\/3&#8243;][vc_column_text el_class=&#8221;text_ghionis&#8221;] UNO STILE MODERNO ELEGANTE [\/vc_column_text][vc_column_text el_class=&#8221;text_ghionis&#8221;] Questa collezione porta gli aspetti pi\u00f9 pratici di un prodotto ben progettato ai prodotti pi\u00f9 straordinari che troverete nel mondo [\/vc_column_text][\/vc_column][vc_column width=&#8221;1\/6&#8243;][\/vc_column][\/vc_row][vc_row bg_color=&#8221;#525252&#8243; class=&#8221;ghionis&#8221;][vc_column width=&#8221;1\/2&#8243;][\/vc_column][vc_column column_center=&#8221;true&#8221; width=&#8221;1\/2&#8243;][vc_column_text el_class=&#8221;text_ghionis&#8221;] A PROPOSITO DI JERRY GHIONIS [\/vc_column_text][vc_column_text el_class=&#8221;text_ghionis&#8221;] Jerry \u00e8 ampiamente considerato come uno dei migliori fotografi di ritratti e matrimoni del mondo ed \u00e8 orgoglioso di chiamare Las Vegas casa. Jerry \u00e8 il fotografo pi\u00f9 premiato dell&#8217;organizzazione Wedding and Portrait Photographers International (WPPI) ed \u00e8 diventato il loro primo Grand Master, il loro pi\u00f9 alto riconoscimento. Ambasciatore Nikon e vincitore del premio Leadership Award delle Nazioni Unite da parte dell&#8217;International Photographic Council, il marchio Jerry Ghionis \u00e8 diventato sinonimo di eccellenza, maestria e innovazione. [\/vc_column_text][\/vc_column][\/vc_row][vc_row type=&#8221;full_width_section&#8221; top_padding=&#8221;10&#8243;][vc_column text_align=&#8221;center&#8221; width=&#8221;1\/1&#8243;][vc_raw_html]W3dvbmRlcnBsdWdpbl9ncmlkZ2FsbGVyeSBpZD0xMTVd[\/vc_raw_html][\/vc_column][\/vc_row][vc_row bg_color=&#8221;#7a5731&#8243; top_padding=&#8221;50&#8243; bottom_padding=&#8221;50&#8243;][vc_column width=&#8221;1\/6&#8243;][\/vc_column][vc_column width=&#8221;2\/3&#8243;][vc_column_text el_class=&#8221;text_ghionis&#8221;] &#8220;Sia che Graphistudio stia reinventando un prodotto esistente o creando una nuova categoria in un&#8217;industria che si suppone abbia visto tutto, Graphi supera costantemente le pi\u00f9 alte aspettative!&#8221; Jerry Ghionis [\/vc_column_text][\/vc_column][vc_column width=&#8221;1\/6&#8243;][\/vc_column][\/vc_row][vc_row bg_color=&#8221;#b4895e&#8221; top_padding=&#8221;40&#8243; bottom_padding=&#8221;40&#8243;][vc_column width=&#8221;1\/1&#8243;][vc_column_text] Ice Blocks [\/vc_column_text][\/vc_column][\/vc_row][vc_row bg_image=&#8221;51454&#8243; full_height=&#8221;true&#8221;][vc_column width=&#8221;1\/1&#8243;][\/vc_column][\/vc_row][vc_row bg_color=&#8221;#b4895e&#8221; top_padding=&#8221;40&#8243; bottom_padding=&#8221;40&#8243;][vc_column text_align=&#8221;center&#8221; width=&#8221;1\/1&#8243;][vc_raw_html]W21pbnRpX2J1dHRvbiBjb2xvcj0iY3VzdG9tIiBjdXN0b21fY29sb3I9InJnYmEoMCwwLDAsMC4wMSkiIGJvcmRlcl9yYWRpdXM9IjAiIGNsYXNzPSJidXR0b24gYnV0dG9uTElHSFQiIGxpbms9Ii9qZXJyeS1naGlvbmlzLWNvbGxlY3Rpb24vdGFibGUtdG9wLWJsb2NrcyJdU2NvcHJpWy9taW50aV9idXR0b25d[\/vc_raw_html][\/vc_column][\/vc_row][vc_row bg_image=&#8221;51346&#8243; top_padding=&#8221;50&#8243; bottom_padding=&#8221;50&#8243;][vc_column text_align=&#8221;center&#8221; width=&#8221;1\/1&#8243;][vc_column_text] THE SOPHISTICATE ALBUM [\/vc_column_text][vc_column_text] PROSSIMAMENTE [\/vc_column_text][vc_raw_html]W21pbnRpX2J1dHRvbiBjb2xvcj0iY3VzdG9tIiBjdXN0b21fY29sb3I9InJnYmEoMCwwLDAsMC4wMSkiIGJvcmRlcl9yYWRpdXM9IjAiIGNsYXNzPSJidXR0b24gYnV0dG9uREFSSyIgbGluaz0iL2plcnJ5LWdoaW9uaXMtY29sbGVjdGlvbi9xdWlsdGVkLWFsYnVtIl1TY29wcmlbL21pbnRpX2J1dHRvbl0=[\/vc_raw_html][\/vc_column][\/vc_row][vc_row bg_color=&#8221;#b4895e&#8221; [&hellip;]<\/p>\n","protected":false},"author":8,"featured_media":0,"parent":0,"menu_order":0,"comment_status":"closed","ping_status":"closed","template":"","meta":{"cybocfi_hide_featured_image":"","footnotes":""},"class_list":["post-51987","page","type-page","status-publish","hentry"],"yoast_head":"<!-- This site is optimized with the Yoast SEO plugin v26.7 - https:\/\/yoast.com\/wordpress\/plugins\/seo\/ -->\n<title>Jerry Ghionis Collection - Graphistudio<\/title>\n<meta name=\"description\" content=\"Questa collezione porta gli aspetti pi\u00f9 pratici di un prodotto ben progettato ai pezzi pi\u00f9 eccezionali che troverete al mondo\" \/>\n<meta name=\"robots\" content=\"index, follow, max-snippet:-1, max-image-preview:large, max-video-preview:-1\" \/>\n<link rel=\"canonical\" href=\"https:\/\/www.graphistudio.com\/it\/jerry-ghionis-collection\/\" \/>\n<meta property=\"og:locale\" content=\"it_IT\" \/>\n<meta property=\"og:type\" content=\"article\" \/>\n<meta property=\"og:title\" content=\"Jerry Ghionis Collection\" \/>\n<meta property=\"og:description\" content=\"Questa collezione porta gli aspetti pi\u00f9 pratici di un prodotto ben progettato ai pezzi pi\u00f9 eccezionali che troverete al mondo\" \/>\n<meta property=\"og:url\" content=\"https:\/\/www.graphistudio.com\/it\/jerry-ghionis-collection\/\" \/>\n<meta property=\"og:site_name\" content=\"Graphistudio\" \/>\n<meta property=\"article:modified_time\" content=\"2022-10-27T10:00:38+00:00\" \/>\n<meta property=\"og:image\" content=\"https:\/\/www.graphistudio.com\/wp-content\/uploads\/2022\/03\/288-Jerry-G-a.jpg\" \/>\n<meta name=\"twitter:card\" content=\"summary_large_image\" \/>\n<meta name=\"twitter:title\" content=\"Jerry Ghionis Collection\" \/>\n<meta name=\"twitter:description\" content=\"Questa collezione porta gli aspetti pi\u00f9 pratici di un prodotto ben progettato ai pezzi pi\u00f9 eccezionali che troverete al mondo\" \/>\n<meta name=\"twitter:image\" content=\"https:\/\/www.graphistudio.com\/wp-content\/uploads\/2022\/03\/288-Jerry-G-a.jpg\" \/>\n<meta name=\"twitter:label1\" content=\"Tempo di lettura stimato\" \/>\n\t<meta name=\"twitter:data1\" content=\"4 minuti\" \/>\n<script type=\"application\/ld+json\" class=\"yoast-schema-graph\">{\"@context\":\"https:\/\/schema.org\",\"@graph\":[{\"@type\":\"WebPage\",\"@id\":\"https:\/\/www.graphistudio.com\/it\/jerry-ghionis-collection\/\",\"url\":\"https:\/\/www.graphistudio.com\/it\/jerry-ghionis-collection\/\",\"name\":\"Jerry Ghionis Collection - Graphistudio\",\"isPartOf\":{\"@id\":\"https:\/\/www.graphistudio.com\/it\/#website\"},\"datePublished\":\"2022-02-28T14:03:18+00:00\",\"dateModified\":\"2022-10-27T10:00:38+00:00\",\"description\":\"Questa collezione porta gli aspetti pi\u00f9 pratici di un prodotto ben progettato ai pezzi pi\u00f9 eccezionali che troverete al mondo\",\"breadcrumb\":{\"@id\":\"https:\/\/www.graphistudio.com\/it\/jerry-ghionis-collection\/#breadcrumb\"},\"inLanguage\":\"it-IT\",\"potentialAction\":[{\"@type\":\"ReadAction\",\"target\":[\"https:\/\/www.graphistudio.com\/it\/jerry-ghionis-collection\/\"]}]},{\"@type\":\"BreadcrumbList\",\"@id\":\"https:\/\/www.graphistudio.com\/it\/jerry-ghionis-collection\/#breadcrumb\",\"itemListElement\":[{\"@type\":\"ListItem\",\"position\":1,\"name\":\"Home\",\"item\":\"https:\/\/www.graphistudio.com\/it\/\"},{\"@type\":\"ListItem\",\"position\":2,\"name\":\"Jerry Ghionis Collection\"}]},{\"@type\":\"WebSite\",\"@id\":\"https:\/\/www.graphistudio.com\/it\/#website\",\"url\":\"https:\/\/www.graphistudio.com\/it\/\",\"name\":\"Graphistudio\",\"description\":\"Handmade books made in Italy\",\"publisher\":{\"@id\":\"https:\/\/www.graphistudio.com\/it\/#organization\"},\"potentialAction\":[{\"@type\":\"SearchAction\",\"target\":{\"@type\":\"EntryPoint\",\"urlTemplate\":\"https:\/\/www.graphistudio.com\/it\/?s={search_term_string}\"},\"query-input\":{\"@type\":\"PropertyValueSpecification\",\"valueRequired\":true,\"valueName\":\"search_term_string\"}}],\"inLanguage\":\"it-IT\"},{\"@type\":\"Organization\",\"@id\":\"https:\/\/www.graphistudio.com\/it\/#organization\",\"name\":\"Graphistudio\",\"url\":\"https:\/\/www.graphistudio.com\/it\/\",\"logo\":{\"@type\":\"ImageObject\",\"inLanguage\":\"it-IT\",\"@id\":\"https:\/\/www.graphistudio.com\/it\/#\/schema\/logo\/image\/\",\"url\":\"https:\/\/www.graphistudio.com\/wp-content\/uploads\/2018\/01\/Logo_nero.png\",\"contentUrl\":\"https:\/\/www.graphistudio.com\/wp-content\/uploads\/2018\/01\/Logo_nero.png\",\"width\":160,\"height\":34,\"caption\":\"Graphistudio\"},\"image\":{\"@id\":\"https:\/\/www.graphistudio.com\/it\/#\/schema\/logo\/image\/\"}}]}<\/script>\n<!-- \/ Yoast SEO plugin. -->","yoast_head_json":{"title":"Jerry Ghionis Collection - Graphistudio","description":"Questa collezione porta gli aspetti pi\u00f9 pratici di un prodotto ben progettato ai pezzi pi\u00f9 eccezionali che troverete al mondo","robots":{"index":"index","follow":"follow","max-snippet":"max-snippet:-1","max-image-preview":"max-image-preview:large","max-video-preview":"max-video-preview:-1"},"canonical":"https:\/\/www.graphistudio.com\/it\/jerry-ghionis-collection\/","og_locale":"it_IT","og_type":"article","og_title":"Jerry Ghionis Collection","og_description":"Questa collezione porta gli aspetti pi\u00f9 pratici di un prodotto ben progettato ai pezzi pi\u00f9 eccezionali che troverete al mondo","og_url":"https:\/\/www.graphistudio.com\/it\/jerry-ghionis-collection\/","og_site_name":"Graphistudio","article_modified_time":"2022-10-27T10:00:38+00:00","og_image":[{"url":"https:\/\/www.graphistudio.com\/wp-content\/uploads\/2022\/03\/288-Jerry-G-a.jpg","type":"","width":"","height":""}],"twitter_card":"summary_large_image","twitter_title":"Jerry Ghionis Collection","twitter_description":"Questa collezione porta gli aspetti pi\u00f9 pratici di un prodotto ben progettato ai pezzi pi\u00f9 eccezionali che troverete al mondo","twitter_image":"https:\/\/www.graphistudio.com\/wp-content\/uploads\/2022\/03\/288-Jerry-G-a.jpg","twitter_misc":{"Tempo di lettura stimato":"4 minuti"},"schema":{"@context":"https:\/\/schema.org","@graph":[{"@type":"WebPage","@id":"https:\/\/www.graphistudio.com\/it\/jerry-ghionis-collection\/","url":"https:\/\/www.graphistudio.com\/it\/jerry-ghionis-collection\/","name":"Jerry Ghionis Collection - Graphistudio","isPartOf":{"@id":"https:\/\/www.graphistudio.com\/it\/#website"},"datePublished":"2022-02-28T14:03:18+00:00","dateModified":"2022-10-27T10:00:38+00:00","description":"Questa collezione porta gli aspetti pi\u00f9 pratici di un prodotto ben progettato ai pezzi pi\u00f9 eccezionali che troverete al mondo","breadcrumb":{"@id":"https:\/\/www.graphistudio.com\/it\/jerry-ghionis-collection\/#breadcrumb"},"inLanguage":"it-IT","potentialAction":[{"@type":"ReadAction","target":["https:\/\/www.graphistudio.com\/it\/jerry-ghionis-collection\/"]}]},{"@type":"BreadcrumbList","@id":"https:\/\/www.graphistudio.com\/it\/jerry-ghionis-collection\/#breadcrumb","itemListElement":[{"@type":"ListItem","position":1,"name":"Home","item":"https:\/\/www.graphistudio.com\/it\/"},{"@type":"ListItem","position":2,"name":"Jerry Ghionis Collection"}]},{"@type":"WebSite","@id":"https:\/\/www.graphistudio.com\/it\/#website","url":"https:\/\/www.graphistudio.com\/it\/","name":"Graphistudio","description":"Handmade books made in Italy","publisher":{"@id":"https:\/\/www.graphistudio.com\/it\/#organization"},"potentialAction":[{"@type":"SearchAction","target":{"@type":"EntryPoint","urlTemplate":"https:\/\/www.graphistudio.com\/it\/?s={search_term_string}"},"query-input":{"@type":"PropertyValueSpecification","valueRequired":true,"valueName":"search_term_string"}}],"inLanguage":"it-IT"},{"@type":"Organization","@id":"https:\/\/www.graphistudio.com\/it\/#organization","name":"Graphistudio","url":"https:\/\/www.graphistudio.com\/it\/","logo":{"@type":"ImageObject","inLanguage":"it-IT","@id":"https:\/\/www.graphistudio.com\/it\/#\/schema\/logo\/image\/","url":"https:\/\/www.graphistudio.com\/wp-content\/uploads\/2018\/01\/Logo_nero.png","contentUrl":"https:\/\/www.graphistudio.com\/wp-content\/uploads\/2018\/01\/Logo_nero.png","width":160,"height":34,"caption":"Graphistudio"},"image":{"@id":"https:\/\/www.graphistudio.com\/it\/#\/schema\/logo\/image\/"}}]}},"_links":{"self":[{"href":"https:\/\/www.graphistudio.com\/it\/wp-json\/wp\/v2\/pages\/51987","targetHints":{"allow":["GET"]}}],"collection":[{"href":"https:\/\/www.graphistudio.com\/it\/wp-json\/wp\/v2\/pages"}],"about":[{"href":"https:\/\/www.graphistudio.com\/it\/wp-json\/wp\/v2\/types\/page"}],"author":[{"embeddable":true,"href":"https:\/\/www.graphistudio.com\/it\/wp-json\/wp\/v2\/users\/8"}],"replies":[{"embeddable":true,"href":"https:\/\/www.graphistudio.com\/it\/wp-json\/wp\/v2\/comments?post=51987"}],"version-history":[{"count":8,"href":"https:\/\/www.graphistudio.com\/it\/wp-json\/wp\/v2\/pages\/51987\/revisions"}],"predecessor-version":[{"id":55791,"href":"https:\/\/www.graphistudio.com\/it\/wp-json\/wp\/v2\/pages\/51987\/revisions\/55791"}],"wp:attachment":[{"href":"https:\/\/www.graphistudio.com\/it\/wp-json\/wp\/v2\/media?parent=51987"}],"curies":[{"name":"wp","href":"https:\/\/api.w.org\/{rel}","templated":true}]}}