{"id":9523,"date":"2018-09-12T10:04:46","date_gmt":"2018-09-12T08:04:46","guid":{"rendered":"https:\/\/www.graphistudio.com\/copyrights\/"},"modified":"2018-09-12T10:04:46","modified_gmt":"2018-09-12T08:04:46","slug":"copyrights","status":"publish","type":"page","link":"https:\/\/www.graphistudio.com\/fr\/copyrights\/","title":{"rendered":"copyrights"},"content":{"rendered":"<div class=\"wpb-content-wrapper\"><p>[vc_row][vc_column width=\u00a0\u00bb1\/1&Prime;]<div class=\"single_image wpb_content_element align-left    \" data-animation=\"none\" data-delay=\"0\"><img loading=\"lazy\" decoding=\"async\" width=\"1280\" height=\"504\" src=\"https:\/\/www.graphistudio.com\/wp-content\/uploads\/2018\/09\/header_privacy.jpg\" class=\"attachment-full\" alt=\"\" title=\"header_privacy\" \/><\/div>[\/vc_column][\/vc_row][vc_row][vc_column width=\u00a0\u00bb1\/6&Prime;][\/vc_column][vc_column width=\u00a0\u00bb2\/3&Prime;][vc_column_text]<\/p>\n<div class=\"copy\">\n<h1>Copyrights<\/h1>\n<p>Le pr\u00e9sent document contient les conditions l\u00e9gales pour l\u2019acc\u00e8s et l\u2019utilisation du site internet www.graphistudio.com L\u2019acc\u00e8s au site web, son utilisation ou l\u2019utilisation des mat\u00e9riels y contenus vous oblige \u0430 respecter les conditions g\u00e9n\u00e9rales report\u00e9es ci-dessous.<\/p>\n<p><strong>1. Propri\u00e9t\u00e9 du site web<\/strong>\u00a0Ce site web est la propri\u00e9t\u00e9 de la Graphistudio spa, ayant si\u00e8ge l\u00e9gal \u0430 Via M.te Raut, 1 | 33090 ARBA (PN) Italy, num\u00e9ro de TVA 00298370933, R.E.A. PN n. 32987<\/p>\n<p><strong>2. Droit d\u2019Auteur et droit sur la Marque<\/strong>\u00a0Ce site web est prot\u00e9g\u00e9 par le droit d\u2019Auteur comme \u045auvre individuelle et\/ou compos\u00e9e et\/ou collective au sens de la l\u00e9gislation italienne et de l\u2019Union Europ\u00e9enne en mati\u00e8re de droit d\u2019Auteur, des conventions internationales et des autres r\u00e9glementations en mati\u00e8re de droit d\u2019Auteur. Toute utilisation non autoris\u00e9e des mat\u00e9riels contenus dans ce site web est absolument interdite. Le site web pourrait contenir des documents, des images, des logiciels, des informations et autres mat\u00e9riels de la propri\u00e9t\u00e9 de tiers, comme des photographies, des publicit\u00e9s, des films vid\u00e9os et des musiques. Toute utilisation non autoris\u00e9e des mat\u00e9riels contenus dans ce site web est absolument interdite, sauf apr\u00e8s avoir obtenu l\u2019accord pr\u00e9alable \u00e9crit du propri\u00e9taire des mat\u00e9riels en objet. Tous droits r\u00e9serv\u00e9s.<\/p>\n<p><strong>3. Utilisation et acc\u00e8s au site web\u00a0<\/strong>Les contenus et les mat\u00e9riels du site web sont destin\u00e9s exclusivement \u0430 des fins personnelles et non \u0430 des fins commerciales. L\u2019utilisateur pourra t\u00e9l\u00e9charger ou copier les contenus et autres mat\u00e9riels t\u00e9l\u00e9chargeables publi\u00e9s sur ce site web uniquement pour son propre usage non commercial, \u0430 condition de reconna\u043etre que les mat\u00e9riels couverts par le Droit d\u2019Auteur y contenus sont prot\u00e9g\u00e9s et que l\u2019utilisateur s\u2019engage \u0430 respecter tous les droits d\u2019auteur et autres droits contenus dans ce site web. La copie ou la m\u00e9morisation de tout contenu \u0430 des fins diff\u00e9rentes de celles personnelles et non commerciales est rigoureusement interdite sauf si l\u2019utilisateur a obtenu l\u2019accord pr\u00e9alable \u00e9crit de la part de la Graphistudio spa. La Graphistudio spa se r\u00e9serve le droit de modifier, d\u2019annuler ou de suspendre la totalit\u00e9 ou toute caract\u00e9ristique du site web, et ceci \u0430 tout moment, y compris la disponibilit\u00e9 de tout ou partie du site web, des fonctions et de la base de donn\u00e9es du site web. La Graphistudio spa pourra en outre corriger toute \u00e9ventuelle erreur ou omission de toute partie du site web ou imposer des limitations sur des fonctions et des services d\u00e9termin\u00e9s, ou encore limiter l&rsquo;acc\u00e8s des utilisateurs \u0430 la totalit\u00e9 ou partie du site web sans aucune obligation de notification et sans que ceci ne puisse constituer une responsabilit\u00e9 de quelque nature.<\/p>\n<p><strong>4. Exclusion de garantie et limitation de responsabilit\u00e9\u00a0<\/strong>L\u2019utilisateur reconna\u043et d\u2019utiliser le site web \u0430 son propre risque. Le service est fourni tel que disponible et la Graphistudio spa exclut explicitement toute garantie, explicite et implicite, y compris \u0430 seul titre d\u2019exemple, des garanties de perfection, de fiabilit\u00e9, de propri\u00e9t\u00e9, de non-violation, d\u2019aptitude \u0430 des fins sp\u00e9cifiques ou toute autre garantie, condition, assurance ou d\u00e9claration, orale, \u00e9crite ou sous format \u00e9lectronique, y compris \u0430 seul titre d\u2019exemple, toute garantie sur la perfection ou l\u2019exhaustivit\u00e9 de toute information contenue dans le site web ou fournie par celui-ci. La soci\u00e9t\u00e9 Graphistudio spa ne d\u00e9clare ni ne garantit que l&rsquo;acc\u00e8s au site web ne puisse \u00eatre interrompu ou que le site web sera exempt de dysfonctionnements, d\u2019erreurs ou d\u2019omissions, ou de pertes d\u2019informations transmises, ou encore qu\u2019aucun virus ne sera transmis sur le site web. La soci\u00e9t\u00e9 Graphistudio spa ne pourra \u00eatre retenue responsable \u0430 l\u2019\u00e9gard des utilisateurs du site ou de toute tiers partie pour tout \u00e9ventuel dommage direct, indirect, sp\u00e9cial, cons\u00e9quent ou punitif pr\u00e9somptivement soutenu suite \u0430 l&rsquo;acc\u00e8s ou \u0430 l\u2019impossibilit\u00e9 d\u2019acc\u00e9der au site web, y compris en cas de virus pr\u00e9somptivement re\u00e7u par le site web, l\u2019utilisation ou la fiabilit\u00e9 suppos\u00e9e au site web ou sur toute information ou mat\u00e9riel disponibles sur le site web.<\/p>\n<p><strong>5. Droit applicable et juridiction\u00a0<\/strong>L\u2019utilisateur reconna\u043et et \u0430 toutes fins concorde que tout litige d\u00e9coulant de l&rsquo;acc\u00e8s et\/ou de l\u2019utilisation du site web sera soumis au Droit Italien et devra relev\u00e9 exclusivement de la juridiction d\u2019un Tribunal Italien.<\/p>\n<p><strong>6. Modifications\u00a0<\/strong>Les normes pr\u00e9c\u00e9dentes pourront \u00eatre parfois modifi\u00e9es par la Graphistudio spa; les notifications de toute \u00e9ventuelle r\u00e9vision desdites normes seront annonc\u00e9es sur cette page. L&rsquo;utilisation continue du site web par l\u2019utilisateur constituera l\u2019acceptation par l\u2019utilisateur des modifications ou r\u00e9visions desdites normes, et pour ce motif nous conseillons \u0430 l\u2019utilisateur de visiter cette page r\u00e9guli\u00e8rement.<\/p>\n<\/div>\n<p>[\/vc_column_text][\/vc_column][vc_column width=\u00a0\u00bb1\/6&Prime;][\/vc_column][\/vc_row]<\/p>\n<\/div>","protected":false},"excerpt":{"rendered":"<p>[vc_row][vc_column width=\u00a0\u00bb1\/1&Prime;][\/vc_column][\/vc_row][vc_row][vc_column width=\u00a0\u00bb1\/6&Prime;][\/vc_column][vc_column width=\u00a0\u00bb2\/3&Prime;][vc_column_text] Copyrights Le pr\u00e9sent document contient les conditions l\u00e9gales pour l\u2019acc\u00e8s et l\u2019utilisation du site internet www.graphistudio.com L\u2019acc\u00e8s au site web, son utilisation ou l\u2019utilisation des mat\u00e9riels y contenus vous oblige \u0430 respecter les conditions g\u00e9n\u00e9rales report\u00e9es ci-dessous. 1. Propri\u00e9t\u00e9 du site web\u00a0Ce site web est la propri\u00e9t\u00e9 de la Graphistudio spa, ayant si\u00e8ge l\u00e9gal \u0430 Via M.te Raut, 1 | 33090 ARBA (PN) Italy, num\u00e9ro de TVA 00298370933, R.E.A. PN n. 32987 2. Droit d\u2019Auteur et droit sur la Marque\u00a0Ce site web est prot\u00e9g\u00e9 par le droit d\u2019Auteur comme \u045auvre individuelle et\/ou compos\u00e9e et\/ou collective au sens de la l\u00e9gislation italienne et de l\u2019Union Europ\u00e9enne en mati\u00e8re de droit d\u2019Auteur, des conventions internationales et des autres r\u00e9glementations en mati\u00e8re de droit d\u2019Auteur. Toute utilisation non autoris\u00e9e des mat\u00e9riels contenus dans ce site web est absolument interdite. Le site web pourrait contenir des documents, des images, des logiciels, des informations et autres mat\u00e9riels de la propri\u00e9t\u00e9 de tiers, comme des photographies, des publicit\u00e9s, des films vid\u00e9os et des musiques. Toute utilisation non autoris\u00e9e des mat\u00e9riels contenus dans ce site web est absolument interdite, sauf apr\u00e8s avoir obtenu l\u2019accord pr\u00e9alable \u00e9crit du propri\u00e9taire des mat\u00e9riels en objet. Tous [&hellip;]<\/p>\n","protected":false},"author":7,"featured_media":0,"parent":0,"menu_order":0,"comment_status":"closed","ping_status":"closed","template":"","meta":{"cybocfi_hide_featured_image":"","footnotes":""},"class_list":["post-9523","page","type-page","status-publish","hentry"],"yoast_head":"<!-- This site is optimized with the Yoast SEO plugin v26.7 - https:\/\/yoast.com\/wordpress\/plugins\/seo\/ -->\n<title>copyrights - Graphistudio<\/title>\n<meta name=\"robots\" content=\"index, follow, max-snippet:-1, max-image-preview:large, max-video-preview:-1\" \/>\n<link rel=\"canonical\" href=\"https:\/\/www.graphistudio.com\/fr\/copyrights\/\" \/>\n<meta property=\"og:locale\" content=\"fr_FR\" \/>\n<meta property=\"og:type\" content=\"article\" \/>\n<meta property=\"og:title\" content=\"copyrights - Graphistudio\" \/>\n<meta property=\"og:description\" content=\"[vc_row][vc_column width=\u00a0\u00bb1\/1&Prime;][\/vc_column][\/vc_row][vc_row][vc_column width=\u00a0\u00bb1\/6&Prime;][\/vc_column][vc_column width=\u00a0\u00bb2\/3&Prime;][vc_column_text] Copyrights Le pr\u00e9sent document contient les conditions l\u00e9gales pour l\u2019acc\u00e8s et l\u2019utilisation du site internet www.graphistudio.com L\u2019acc\u00e8s au site web, son utilisation ou l\u2019utilisation des mat\u00e9riels y contenus vous oblige \u0430 respecter les conditions g\u00e9n\u00e9rales report\u00e9es ci-dessous. 1. Propri\u00e9t\u00e9 du site web\u00a0Ce site web est la propri\u00e9t\u00e9 de la Graphistudio spa, ayant si\u00e8ge l\u00e9gal \u0430 Via M.te Raut, 1 | 33090 ARBA (PN) Italy, num\u00e9ro de TVA 00298370933, R.E.A. PN n. 32987 2. Droit d\u2019Auteur et droit sur la Marque\u00a0Ce site web est prot\u00e9g\u00e9 par le droit d\u2019Auteur comme \u045auvre individuelle et\/ou compos\u00e9e et\/ou collective au sens de la l\u00e9gislation italienne et de l\u2019Union Europ\u00e9enne en mati\u00e8re de droit d\u2019Auteur, des conventions internationales et des autres r\u00e9glementations en mati\u00e8re de droit d\u2019Auteur. Toute utilisation non autoris\u00e9e des mat\u00e9riels contenus dans ce site web est absolument interdite. Le site web pourrait contenir des documents, des images, des logiciels, des informations et autres mat\u00e9riels de la propri\u00e9t\u00e9 de tiers, comme des photographies, des publicit\u00e9s, des films vid\u00e9os et des musiques. Toute utilisation non autoris\u00e9e des mat\u00e9riels contenus dans ce site web est absolument interdite, sauf apr\u00e8s avoir obtenu l\u2019accord pr\u00e9alable \u00e9crit du propri\u00e9taire des mat\u00e9riels en objet. Tous [&hellip;]\" \/>\n<meta property=\"og:url\" content=\"https:\/\/www.graphistudio.com\/fr\/copyrights\/\" \/>\n<meta property=\"og:site_name\" content=\"Graphistudio\" \/>\n<meta name=\"twitter:card\" content=\"summary_large_image\" \/>\n<meta name=\"twitter:label1\" content=\"Dur\u00e9e de lecture estim\u00e9e\" \/>\n\t<meta name=\"twitter:data1\" content=\"4 minutes\" \/>\n<script type=\"application\/ld+json\" class=\"yoast-schema-graph\">{\"@context\":\"https:\/\/schema.org\",\"@graph\":[{\"@type\":\"WebPage\",\"@id\":\"https:\/\/www.graphistudio.com\/fr\/copyrights\/\",\"url\":\"https:\/\/www.graphistudio.com\/fr\/copyrights\/\",\"name\":\"copyrights - Graphistudio\",\"isPartOf\":{\"@id\":\"https:\/\/www.graphistudio.com\/it\/#website\"},\"datePublished\":\"2018-09-12T08:04:46+00:00\",\"breadcrumb\":{\"@id\":\"https:\/\/www.graphistudio.com\/fr\/copyrights\/#breadcrumb\"},\"inLanguage\":\"fr-FR\",\"potentialAction\":[{\"@type\":\"ReadAction\",\"target\":[\"https:\/\/www.graphistudio.com\/fr\/copyrights\/\"]}]},{\"@type\":\"BreadcrumbList\",\"@id\":\"https:\/\/www.graphistudio.com\/fr\/copyrights\/#breadcrumb\",\"itemListElement\":[{\"@type\":\"ListItem\",\"position\":1,\"name\":\"Home\",\"item\":\"https:\/\/www.graphistudio.com\/fr\/\"},{\"@type\":\"ListItem\",\"position\":2,\"name\":\"copyrights\"}]},{\"@type\":\"WebSite\",\"@id\":\"https:\/\/www.graphistudio.com\/it\/#website\",\"url\":\"https:\/\/www.graphistudio.com\/it\/\",\"name\":\"Graphistudio\",\"description\":\"Handmade books made in Italy\",\"publisher\":{\"@id\":\"https:\/\/www.graphistudio.com\/it\/#organization\"},\"potentialAction\":[{\"@type\":\"SearchAction\",\"target\":{\"@type\":\"EntryPoint\",\"urlTemplate\":\"https:\/\/www.graphistudio.com\/it\/?s={search_term_string}\"},\"query-input\":{\"@type\":\"PropertyValueSpecification\",\"valueRequired\":true,\"valueName\":\"search_term_string\"}}],\"inLanguage\":\"fr-FR\"},{\"@type\":\"Organization\",\"@id\":\"https:\/\/www.graphistudio.com\/it\/#organization\",\"name\":\"Graphistudio\",\"url\":\"https:\/\/www.graphistudio.com\/it\/\",\"logo\":{\"@type\":\"ImageObject\",\"inLanguage\":\"fr-FR\",\"@id\":\"https:\/\/www.graphistudio.com\/it\/#\/schema\/logo\/image\/\",\"url\":\"https:\/\/www.graphistudio.com\/wp-content\/uploads\/2018\/01\/Logo_nero.png\",\"contentUrl\":\"https:\/\/www.graphistudio.com\/wp-content\/uploads\/2018\/01\/Logo_nero.png\",\"width\":160,\"height\":34,\"caption\":\"Graphistudio\"},\"image\":{\"@id\":\"https:\/\/www.graphistudio.com\/it\/#\/schema\/logo\/image\/\"}}]}<\/script>\n<!-- \/ Yoast SEO plugin. -->","yoast_head_json":{"title":"copyrights - Graphistudio","robots":{"index":"index","follow":"follow","max-snippet":"max-snippet:-1","max-image-preview":"max-image-preview:large","max-video-preview":"max-video-preview:-1"},"canonical":"https:\/\/www.graphistudio.com\/fr\/copyrights\/","og_locale":"fr_FR","og_type":"article","og_title":"copyrights - Graphistudio","og_description":"[vc_row][vc_column width=\u00a0\u00bb1\/1&Prime;][\/vc_column][\/vc_row][vc_row][vc_column width=\u00a0\u00bb1\/6&Prime;][\/vc_column][vc_column width=\u00a0\u00bb2\/3&Prime;][vc_column_text] Copyrights Le pr\u00e9sent document contient les conditions l\u00e9gales pour l\u2019acc\u00e8s et l\u2019utilisation du site internet www.graphistudio.com L\u2019acc\u00e8s au site web, son utilisation ou l\u2019utilisation des mat\u00e9riels y contenus vous oblige \u0430 respecter les conditions g\u00e9n\u00e9rales report\u00e9es ci-dessous. 1. Propri\u00e9t\u00e9 du site web\u00a0Ce site web est la propri\u00e9t\u00e9 de la Graphistudio spa, ayant si\u00e8ge l\u00e9gal \u0430 Via M.te Raut, 1 | 33090 ARBA (PN) Italy, num\u00e9ro de TVA 00298370933, R.E.A. PN n. 32987 2. Droit d\u2019Auteur et droit sur la Marque\u00a0Ce site web est prot\u00e9g\u00e9 par le droit d\u2019Auteur comme \u045auvre individuelle et\/ou compos\u00e9e et\/ou collective au sens de la l\u00e9gislation italienne et de l\u2019Union Europ\u00e9enne en mati\u00e8re de droit d\u2019Auteur, des conventions internationales et des autres r\u00e9glementations en mati\u00e8re de droit d\u2019Auteur. Toute utilisation non autoris\u00e9e des mat\u00e9riels contenus dans ce site web est absolument interdite. Le site web pourrait contenir des documents, des images, des logiciels, des informations et autres mat\u00e9riels de la propri\u00e9t\u00e9 de tiers, comme des photographies, des publicit\u00e9s, des films vid\u00e9os et des musiques. Toute utilisation non autoris\u00e9e des mat\u00e9riels contenus dans ce site web est absolument interdite, sauf apr\u00e8s avoir obtenu l\u2019accord pr\u00e9alable \u00e9crit du propri\u00e9taire des mat\u00e9riels en objet. Tous [&hellip;]","og_url":"https:\/\/www.graphistudio.com\/fr\/copyrights\/","og_site_name":"Graphistudio","twitter_card":"summary_large_image","twitter_misc":{"Dur\u00e9e de lecture estim\u00e9e":"4 minutes"},"schema":{"@context":"https:\/\/schema.org","@graph":[{"@type":"WebPage","@id":"https:\/\/www.graphistudio.com\/fr\/copyrights\/","url":"https:\/\/www.graphistudio.com\/fr\/copyrights\/","name":"copyrights - Graphistudio","isPartOf":{"@id":"https:\/\/www.graphistudio.com\/it\/#website"},"datePublished":"2018-09-12T08:04:46+00:00","breadcrumb":{"@id":"https:\/\/www.graphistudio.com\/fr\/copyrights\/#breadcrumb"},"inLanguage":"fr-FR","potentialAction":[{"@type":"ReadAction","target":["https:\/\/www.graphistudio.com\/fr\/copyrights\/"]}]},{"@type":"BreadcrumbList","@id":"https:\/\/www.graphistudio.com\/fr\/copyrights\/#breadcrumb","itemListElement":[{"@type":"ListItem","position":1,"name":"Home","item":"https:\/\/www.graphistudio.com\/fr\/"},{"@type":"ListItem","position":2,"name":"copyrights"}]},{"@type":"WebSite","@id":"https:\/\/www.graphistudio.com\/it\/#website","url":"https:\/\/www.graphistudio.com\/it\/","name":"Graphistudio","description":"Handmade books made in Italy","publisher":{"@id":"https:\/\/www.graphistudio.com\/it\/#organization"},"potentialAction":[{"@type":"SearchAction","target":{"@type":"EntryPoint","urlTemplate":"https:\/\/www.graphistudio.com\/it\/?s={search_term_string}"},"query-input":{"@type":"PropertyValueSpecification","valueRequired":true,"valueName":"search_term_string"}}],"inLanguage":"fr-FR"},{"@type":"Organization","@id":"https:\/\/www.graphistudio.com\/it\/#organization","name":"Graphistudio","url":"https:\/\/www.graphistudio.com\/it\/","logo":{"@type":"ImageObject","inLanguage":"fr-FR","@id":"https:\/\/www.graphistudio.com\/it\/#\/schema\/logo\/image\/","url":"https:\/\/www.graphistudio.com\/wp-content\/uploads\/2018\/01\/Logo_nero.png","contentUrl":"https:\/\/www.graphistudio.com\/wp-content\/uploads\/2018\/01\/Logo_nero.png","width":160,"height":34,"caption":"Graphistudio"},"image":{"@id":"https:\/\/www.graphistudio.com\/it\/#\/schema\/logo\/image\/"}}]}},"_links":{"self":[{"href":"https:\/\/www.graphistudio.com\/fr\/wp-json\/wp\/v2\/pages\/9523","targetHints":{"allow":["GET"]}}],"collection":[{"href":"https:\/\/www.graphistudio.com\/fr\/wp-json\/wp\/v2\/pages"}],"about":[{"href":"https:\/\/www.graphistudio.com\/fr\/wp-json\/wp\/v2\/types\/page"}],"author":[{"embeddable":true,"href":"https:\/\/www.graphistudio.com\/fr\/wp-json\/wp\/v2\/users\/7"}],"replies":[{"embeddable":true,"href":"https:\/\/www.graphistudio.com\/fr\/wp-json\/wp\/v2\/comments?post=9523"}],"version-history":[{"count":1,"href":"https:\/\/www.graphistudio.com\/fr\/wp-json\/wp\/v2\/pages\/9523\/revisions"}],"predecessor-version":[{"id":9524,"href":"https:\/\/www.graphistudio.com\/fr\/wp-json\/wp\/v2\/pages\/9523\/revisions\/9524"}],"wp:attachment":[{"href":"https:\/\/www.graphistudio.com\/fr\/wp-json\/wp\/v2\/media?parent=9523"}],"curies":[{"name":"wp","href":"https:\/\/api.w.org\/{rel}","templated":true}]}}