{"id":8471,"date":"2018-07-11T16:43:04","date_gmt":"2018-07-11T14:43:04","guid":{"rendered":"https:\/\/www.graphistudio.com\/contacts-maries-merci\/"},"modified":"2026-02-02T11:02:55","modified_gmt":"2026-02-02T10:02:55","slug":"contacts-photographes-merci","status":"publish","type":"page","link":"https:\/\/www.graphistudio.com\/fr\/contacts-photographes-merci\/","title":{"rendered":"contacts photographes merci"},"content":{"rendered":"<div class=\"wpb-content-wrapper\"><p>[vc_row type=\u00a0\u00bbfull_width_section\u00a0\u00bb top_padding=\u00a0\u00bb100&Prime; bottom_padding=\u00a0\u00bb100&Prime; class=\u00a0\u00bbfascia_color_LIGHT\u00a0\u00bb][vc_column width=\u00a0\u00bb1\/6&Prime;][\/vc_column][vc_column width=\u00a0\u00bb2\/3&Prime;][vc_column_text]<\/p>\n<p style=\"text-align: center; font-size: 1.3em;\">Nous vous remercions de l\u2019int\u00e9r\u00eat port\u00e9 \u00e0 Graphistudio et \u00e0 nos produits!<br \/>\nNous appr\u00e9cions sinc\u00e8rement.<br \/>\nNotre \u00e9quipe a bien re\u00e7u votre formulaire, nous vous contacterons dans les plus brefs d\u00e9lais afin de pouvoir vous activer un compte.<\/p>\n<p>[\/vc_column_text][\/vc_column][vc_column width=\u00a0\u00bb1\/6&Prime;][\/vc_column][\/vc_row][vc_row type=\u00a0\u00bbfull_width_section\u00a0\u00bb bg_color=\u00a0\u00bb#FFFFFF\u00a0\u00bb top_padding=\u00a0\u00bb100&Prime; bottom_padding=\u00a0\u00bb20&Prime; class=\u00a0\u00bbfascia_color_LIGHT\u00a0\u00bb][vc_column width=\u00a0\u00bb1\/6&Prime;][\/vc_column][vc_column width=\u00a0\u00bb2\/3&Prime;][vc_column_text]<\/p>\n<p style=\"text-align: center; font-size: 1.2em;\">Avez-vous pris connaissance des nouveaut\u00e9s Graphistudio?<\/p>\n<p>[\/vc_column_text][vc_raw_html css=\u00a0\u00bb\u00a0\u00bb]JTVCd29uZGVycGx1Z2luX2dyaWRnYWxsZXJ5JTIwaWQlM0QyMjIlNUQ=[\/vc_raw_html][\/vc_column][vc_column width=\u00a0\u00bb1\/6&Prime;][\/vc_column][\/vc_row][vc_row type=\u00a0\u00bbfull_width_section\u00a0\u00bb top_padding=\u00a0\u00bb30&Prime; class=\u00a0\u00bbfascia_color_LIGHT\u00a0\u00bb][vc_column width=\u00a0\u00bb1\/1&Prime;][vc_raw_html]JTVCd29uZGVycGx1Z2luX2dyaWRnYWxsZXJ5JTIwaWQlM0Q3NyU1RA==[\/vc_raw_html][\/vc_column][\/vc_row]<\/p>\n<\/div>","protected":false},"excerpt":{"rendered":"<p>[vc_row type=\u00a0\u00bbfull_width_section\u00a0\u00bb top_padding=\u00a0\u00bb100&Prime; bottom_padding=\u00a0\u00bb100&Prime; class=\u00a0\u00bbfascia_color_LIGHT\u00a0\u00bb][vc_column width=\u00a0\u00bb1\/6&Prime;][\/vc_column][vc_column width=\u00a0\u00bb2\/3&Prime;][vc_column_text] Nous vous remercions de l\u2019int\u00e9r\u00eat port\u00e9 \u00e0 Graphistudio et \u00e0 nos produits! Nous appr\u00e9cions sinc\u00e8rement. Notre \u00e9quipe a bien re\u00e7u votre formulaire, nous vous contacterons dans les plus brefs d\u00e9lais afin de pouvoir vous activer un compte. [\/vc_column_text][\/vc_column][vc_column width=\u00a0\u00bb1\/6&Prime;][\/vc_column][\/vc_row][vc_row type=\u00a0\u00bbfull_width_section\u00a0\u00bb bg_color=\u00a0\u00bb#FFFFFF\u00a0\u00bb top_padding=\u00a0\u00bb100&Prime; bottom_padding=\u00a0\u00bb20&Prime; class=\u00a0\u00bbfascia_color_LIGHT\u00a0\u00bb][vc_column width=\u00a0\u00bb1\/6&Prime;][\/vc_column][vc_column width=\u00a0\u00bb2\/3&Prime;][vc_column_text] Avez-vous pris connaissance des nouveaut\u00e9s Graphistudio? [\/vc_column_text][vc_raw_html css=\u00a0\u00bb\u00a0\u00bb]JTVCd29uZGVycGx1Z2luX2dyaWRnYWxsZXJ5JTIwaWQlM0QyMjIlNUQ=[\/vc_raw_html][\/vc_column][vc_column width=\u00a0\u00bb1\/6&Prime;][\/vc_column][\/vc_row][vc_row type=\u00a0\u00bbfull_width_section\u00a0\u00bb top_padding=\u00a0\u00bb30&Prime; class=\u00a0\u00bbfascia_color_LIGHT\u00a0\u00bb][vc_column width=\u00a0\u00bb1\/1&Prime;][vc_raw_html]JTVCd29uZGVycGx1Z2luX2dyaWRnYWxsZXJ5JTIwaWQlM0Q3NyU1RA==[\/vc_raw_html][\/vc_column][\/vc_row]<\/p>\n","protected":false},"author":7,"featured_media":0,"parent":0,"menu_order":0,"comment_status":"closed","ping_status":"closed","template":"","meta":{"cybocfi_hide_featured_image":"","footnotes":""},"class_list":["post-8471","page","type-page","status-publish","hentry"],"yoast_head":"<!-- This site is optimized with the Yoast SEO plugin v26.7 - https:\/\/yoast.com\/wordpress\/plugins\/seo\/ -->\n<title>contacts photographes merci - Graphistudio<\/title>\n<meta name=\"robots\" content=\"index, follow, max-snippet:-1, max-image-preview:large, max-video-preview:-1\" \/>\n<link rel=\"canonical\" href=\"https:\/\/www.graphistudio.com\/fr\/contacts-photographes-merci\/\" \/>\n<meta property=\"og:locale\" content=\"fr_FR\" \/>\n<meta property=\"og:type\" content=\"article\" \/>\n<meta property=\"og:title\" content=\"contacts photographes merci - Graphistudio\" \/>\n<meta property=\"og:description\" content=\"[vc_row type=\u00a0\u00bbfull_width_section\u00a0\u00bb top_padding=\u00a0\u00bb100&Prime; bottom_padding=\u00a0\u00bb100&Prime; class=\u00a0\u00bbfascia_color_LIGHT\u00a0\u00bb][vc_column width=\u00a0\u00bb1\/6&Prime;][\/vc_column][vc_column width=\u00a0\u00bb2\/3&Prime;][vc_column_text] Nous vous remercions de l\u2019int\u00e9r\u00eat port\u00e9 \u00e0 Graphistudio et \u00e0 nos produits! Nous appr\u00e9cions sinc\u00e8rement. Notre \u00e9quipe a bien re\u00e7u votre formulaire, nous vous contacterons dans les plus brefs d\u00e9lais afin de pouvoir vous activer un compte. [\/vc_column_text][\/vc_column][vc_column width=\u00a0\u00bb1\/6&Prime;][\/vc_column][\/vc_row][vc_row type=\u00a0\u00bbfull_width_section\u00a0\u00bb bg_color=\u00a0\u00bb#FFFFFF\u00a0\u00bb top_padding=\u00a0\u00bb100&Prime; bottom_padding=\u00a0\u00bb20&Prime; class=\u00a0\u00bbfascia_color_LIGHT\u00a0\u00bb][vc_column width=\u00a0\u00bb1\/6&Prime;][\/vc_column][vc_column width=\u00a0\u00bb2\/3&Prime;][vc_column_text] Avez-vous pris connaissance des nouveaut\u00e9s Graphistudio? [\/vc_column_text][vc_raw_html css=\u00a0\u00bb\u00a0\u00bb]JTVCd29uZGVycGx1Z2luX2dyaWRnYWxsZXJ5JTIwaWQlM0QyMjIlNUQ=[\/vc_raw_html][\/vc_column][vc_column width=\u00a0\u00bb1\/6&Prime;][\/vc_column][\/vc_row][vc_row type=\u00a0\u00bbfull_width_section\u00a0\u00bb top_padding=\u00a0\u00bb30&Prime; class=\u00a0\u00bbfascia_color_LIGHT\u00a0\u00bb][vc_column width=\u00a0\u00bb1\/1&Prime;][vc_raw_html]JTVCd29uZGVycGx1Z2luX2dyaWRnYWxsZXJ5JTIwaWQlM0Q3NyU1RA==[\/vc_raw_html][\/vc_column][\/vc_row]\" \/>\n<meta property=\"og:url\" content=\"https:\/\/www.graphistudio.com\/fr\/contacts-photographes-merci\/\" \/>\n<meta property=\"og:site_name\" content=\"Graphistudio\" \/>\n<meta property=\"article:modified_time\" content=\"2026-02-02T10:02:55+00:00\" \/>\n<meta name=\"twitter:card\" content=\"summary_large_image\" \/>\n<meta name=\"twitter:label1\" content=\"Dur\u00e9e de lecture estim\u00e9e\" \/>\n\t<meta name=\"twitter:data1\" content=\"1 minute\" \/>\n<script type=\"application\/ld+json\" class=\"yoast-schema-graph\">{\"@context\":\"https:\/\/schema.org\",\"@graph\":[{\"@type\":\"WebPage\",\"@id\":\"https:\/\/www.graphistudio.com\/fr\/contacts-photographes-merci\/\",\"url\":\"https:\/\/www.graphistudio.com\/fr\/contacts-photographes-merci\/\",\"name\":\"contacts photographes merci - Graphistudio\",\"isPartOf\":{\"@id\":\"https:\/\/www.graphistudio.com\/it\/#website\"},\"datePublished\":\"2018-07-11T14:43:04+00:00\",\"dateModified\":\"2026-02-02T10:02:55+00:00\",\"breadcrumb\":{\"@id\":\"https:\/\/www.graphistudio.com\/fr\/contacts-photographes-merci\/#breadcrumb\"},\"inLanguage\":\"fr-FR\",\"potentialAction\":[{\"@type\":\"ReadAction\",\"target\":[\"https:\/\/www.graphistudio.com\/fr\/contacts-photographes-merci\/\"]}]},{\"@type\":\"BreadcrumbList\",\"@id\":\"https:\/\/www.graphistudio.com\/fr\/contacts-photographes-merci\/#breadcrumb\",\"itemListElement\":[{\"@type\":\"ListItem\",\"position\":1,\"name\":\"Home\",\"item\":\"https:\/\/www.graphistudio.com\/fr\/\"},{\"@type\":\"ListItem\",\"position\":2,\"name\":\"contacts photographes merci\"}]},{\"@type\":\"WebSite\",\"@id\":\"https:\/\/www.graphistudio.com\/it\/#website\",\"url\":\"https:\/\/www.graphistudio.com\/it\/\",\"name\":\"Graphistudio\",\"description\":\"Handmade books made in Italy\",\"publisher\":{\"@id\":\"https:\/\/www.graphistudio.com\/it\/#organization\"},\"potentialAction\":[{\"@type\":\"SearchAction\",\"target\":{\"@type\":\"EntryPoint\",\"urlTemplate\":\"https:\/\/www.graphistudio.com\/it\/?s={search_term_string}\"},\"query-input\":{\"@type\":\"PropertyValueSpecification\",\"valueRequired\":true,\"valueName\":\"search_term_string\"}}],\"inLanguage\":\"fr-FR\"},{\"@type\":\"Organization\",\"@id\":\"https:\/\/www.graphistudio.com\/it\/#organization\",\"name\":\"Graphistudio\",\"url\":\"https:\/\/www.graphistudio.com\/it\/\",\"logo\":{\"@type\":\"ImageObject\",\"inLanguage\":\"fr-FR\",\"@id\":\"https:\/\/www.graphistudio.com\/it\/#\/schema\/logo\/image\/\",\"url\":\"https:\/\/www.graphistudio.com\/wp-content\/uploads\/2018\/01\/Logo_nero.png\",\"contentUrl\":\"https:\/\/www.graphistudio.com\/wp-content\/uploads\/2018\/01\/Logo_nero.png\",\"width\":160,\"height\":34,\"caption\":\"Graphistudio\"},\"image\":{\"@id\":\"https:\/\/www.graphistudio.com\/it\/#\/schema\/logo\/image\/\"}}]}<\/script>\n<!-- \/ Yoast SEO plugin. -->","yoast_head_json":{"title":"contacts photographes merci - Graphistudio","robots":{"index":"index","follow":"follow","max-snippet":"max-snippet:-1","max-image-preview":"max-image-preview:large","max-video-preview":"max-video-preview:-1"},"canonical":"https:\/\/www.graphistudio.com\/fr\/contacts-photographes-merci\/","og_locale":"fr_FR","og_type":"article","og_title":"contacts photographes merci - Graphistudio","og_description":"[vc_row type=\u00a0\u00bbfull_width_section\u00a0\u00bb top_padding=\u00a0\u00bb100&Prime; bottom_padding=\u00a0\u00bb100&Prime; class=\u00a0\u00bbfascia_color_LIGHT\u00a0\u00bb][vc_column width=\u00a0\u00bb1\/6&Prime;][\/vc_column][vc_column width=\u00a0\u00bb2\/3&Prime;][vc_column_text] Nous vous remercions de l\u2019int\u00e9r\u00eat port\u00e9 \u00e0 Graphistudio et \u00e0 nos produits! Nous appr\u00e9cions sinc\u00e8rement. Notre \u00e9quipe a bien re\u00e7u votre formulaire, nous vous contacterons dans les plus brefs d\u00e9lais afin de pouvoir vous activer un compte. [\/vc_column_text][\/vc_column][vc_column width=\u00a0\u00bb1\/6&Prime;][\/vc_column][\/vc_row][vc_row type=\u00a0\u00bbfull_width_section\u00a0\u00bb bg_color=\u00a0\u00bb#FFFFFF\u00a0\u00bb top_padding=\u00a0\u00bb100&Prime; bottom_padding=\u00a0\u00bb20&Prime; class=\u00a0\u00bbfascia_color_LIGHT\u00a0\u00bb][vc_column width=\u00a0\u00bb1\/6&Prime;][\/vc_column][vc_column width=\u00a0\u00bb2\/3&Prime;][vc_column_text] Avez-vous pris connaissance des nouveaut\u00e9s Graphistudio? [\/vc_column_text][vc_raw_html css=\u00a0\u00bb\u00a0\u00bb]JTVCd29uZGVycGx1Z2luX2dyaWRnYWxsZXJ5JTIwaWQlM0QyMjIlNUQ=[\/vc_raw_html][\/vc_column][vc_column width=\u00a0\u00bb1\/6&Prime;][\/vc_column][\/vc_row][vc_row type=\u00a0\u00bbfull_width_section\u00a0\u00bb top_padding=\u00a0\u00bb30&Prime; class=\u00a0\u00bbfascia_color_LIGHT\u00a0\u00bb][vc_column width=\u00a0\u00bb1\/1&Prime;][vc_raw_html]JTVCd29uZGVycGx1Z2luX2dyaWRnYWxsZXJ5JTIwaWQlM0Q3NyU1RA==[\/vc_raw_html][\/vc_column][\/vc_row]","og_url":"https:\/\/www.graphistudio.com\/fr\/contacts-photographes-merci\/","og_site_name":"Graphistudio","article_modified_time":"2026-02-02T10:02:55+00:00","twitter_card":"summary_large_image","twitter_misc":{"Dur\u00e9e de lecture estim\u00e9e":"1 minute"},"schema":{"@context":"https:\/\/schema.org","@graph":[{"@type":"WebPage","@id":"https:\/\/www.graphistudio.com\/fr\/contacts-photographes-merci\/","url":"https:\/\/www.graphistudio.com\/fr\/contacts-photographes-merci\/","name":"contacts photographes merci - Graphistudio","isPartOf":{"@id":"https:\/\/www.graphistudio.com\/it\/#website"},"datePublished":"2018-07-11T14:43:04+00:00","dateModified":"2026-02-02T10:02:55+00:00","breadcrumb":{"@id":"https:\/\/www.graphistudio.com\/fr\/contacts-photographes-merci\/#breadcrumb"},"inLanguage":"fr-FR","potentialAction":[{"@type":"ReadAction","target":["https:\/\/www.graphistudio.com\/fr\/contacts-photographes-merci\/"]}]},{"@type":"BreadcrumbList","@id":"https:\/\/www.graphistudio.com\/fr\/contacts-photographes-merci\/#breadcrumb","itemListElement":[{"@type":"ListItem","position":1,"name":"Home","item":"https:\/\/www.graphistudio.com\/fr\/"},{"@type":"ListItem","position":2,"name":"contacts photographes merci"}]},{"@type":"WebSite","@id":"https:\/\/www.graphistudio.com\/it\/#website","url":"https:\/\/www.graphistudio.com\/it\/","name":"Graphistudio","description":"Handmade books made in Italy","publisher":{"@id":"https:\/\/www.graphistudio.com\/it\/#organization"},"potentialAction":[{"@type":"SearchAction","target":{"@type":"EntryPoint","urlTemplate":"https:\/\/www.graphistudio.com\/it\/?s={search_term_string}"},"query-input":{"@type":"PropertyValueSpecification","valueRequired":true,"valueName":"search_term_string"}}],"inLanguage":"fr-FR"},{"@type":"Organization","@id":"https:\/\/www.graphistudio.com\/it\/#organization","name":"Graphistudio","url":"https:\/\/www.graphistudio.com\/it\/","logo":{"@type":"ImageObject","inLanguage":"fr-FR","@id":"https:\/\/www.graphistudio.com\/it\/#\/schema\/logo\/image\/","url":"https:\/\/www.graphistudio.com\/wp-content\/uploads\/2018\/01\/Logo_nero.png","contentUrl":"https:\/\/www.graphistudio.com\/wp-content\/uploads\/2018\/01\/Logo_nero.png","width":160,"height":34,"caption":"Graphistudio"},"image":{"@id":"https:\/\/www.graphistudio.com\/it\/#\/schema\/logo\/image\/"}}]}},"_links":{"self":[{"href":"https:\/\/www.graphistudio.com\/fr\/wp-json\/wp\/v2\/pages\/8471","targetHints":{"allow":["GET"]}}],"collection":[{"href":"https:\/\/www.graphistudio.com\/fr\/wp-json\/wp\/v2\/pages"}],"about":[{"href":"https:\/\/www.graphistudio.com\/fr\/wp-json\/wp\/v2\/types\/page"}],"author":[{"embeddable":true,"href":"https:\/\/www.graphistudio.com\/fr\/wp-json\/wp\/v2\/users\/7"}],"replies":[{"embeddable":true,"href":"https:\/\/www.graphistudio.com\/fr\/wp-json\/wp\/v2\/comments?post=8471"}],"version-history":[{"count":16,"href":"https:\/\/www.graphistudio.com\/fr\/wp-json\/wp\/v2\/pages\/8471\/revisions"}],"predecessor-version":[{"id":83605,"href":"https:\/\/www.graphistudio.com\/fr\/wp-json\/wp\/v2\/pages\/8471\/revisions\/83605"}],"wp:attachment":[{"href":"https:\/\/www.graphistudio.com\/fr\/wp-json\/wp\/v2\/media?parent=8471"}],"curies":[{"name":"wp","href":"https:\/\/api.w.org\/{rel}","templated":true}]}}