{"id":67384,"date":"2023-11-06T16:40:17","date_gmt":"2023-11-06T15:40:17","guid":{"rendered":"https:\/\/www.graphistudio.com\/le-processus-creatif\/"},"modified":"2023-11-07T14:25:59","modified_gmt":"2023-11-07T13:25:59","slug":"le-processus-creatif","status":"publish","type":"page","link":"https:\/\/www.graphistudio.com\/fr\/le-processus-creatif\/","title":{"rendered":"Le processus cr\u00e9atif"},"content":{"rendered":"<div class=\"wpb-content-wrapper\"><p>[vc_row type=\u00a0\u00bbfull_width_section\u00a0\u00bb][vc_column width=\u00a0\u00bb1\/1&Prime;][vc_raw_html]PHZpZGVvIGF1dG9wbGF5IGxvb3AgY29udHJvbHMgbXV0ZWQgd2lkdGg9IjEwMCUiPg0KICAgIDxzb3VyY2Ugc3JjPSJodHRwczovL3d3dy5ncmFwaGlzdHVkaW8uY29tL3dwLWNvbnRlbnQvdXBsb2Fkcy8yMDIzLzExL0NyZWF0aXZlX1Byb2Nlc3NfVW5icmFuZGVkLm1wNCINCiAgICAgICAgICAgIHR5cGU9InZpZGVvL21wNCI+DQoNCiAgICA8c291cmNlIHNyYz0iaHR0cHM6Ly93d3cuZ3JhcGhpc3R1ZGlvLmNvbS93cC1jb250ZW50L3VwbG9hZHMvMjAyMy8xMS9DcmVhdGl2ZV9Qcm9jZXNzX1VuYnJhbmRlZC53ZWJtIg0KICAgICAgICAgICAgdHlwZT0idmlkZW8vd2VibSI+DQoNCg0KICAgIFNvcnJ5LCB5b3VyIGJyb3dzZXIgZG9lc24ndCBzdXBwb3J0IGVtYmVkZGVkIHZpZGVvcy4NCjwvdmlkZW8+[\/vc_raw_html][\/vc_column][\/vc_row][vc_row top_padding=\u00a0\u00bb80&Prime;][vc_column width=\u00a0\u00bb1\/1&Prime;][vc_column_text]<\/p>\n<h3 style=\"text-align: center;\">LE POUVOIR DE L&rsquo;IMAGINATION<\/h3>\n<p>[\/vc_column_text][vc_column_text]Pour cr\u00e9er un album de mariage qui capture parfaitement l&rsquo;essence de ce jour sp\u00e9cial, nous suivons quelques \u00e9tapes cl\u00e9s :<\/p>\n<p><strong>Communication :<\/strong> nous commen\u00e7ons par \u00e9couter la vision du couple pour le jour de leur mariage. Nous prenons note du style qu&rsquo;ils pr\u00e9f\u00e8rent, du lieu, de l&rsquo;ambiance et du sentiment qu&rsquo;ils veulent cr\u00e9er. Nous pr\u00eatons \u00e9galement attention \u00e0 des d\u00e9tails tels que la robe de mari\u00e9e et les couleurs du mariage. Tout au long du processus de planification, nous veillons \u00e0 impliquer toutes les parties concern\u00e9es, y compris le couple, les membres de sa famille et les fournisseurs. Cela nous permet non seulement de mieux comprendre les attentes du couple, mais aussi d&rsquo;\u00e9largir notre r\u00e9seau et d&rsquo;ajouter de la valeur \u00e0 nos produits et services.<\/p>\n<p><strong>Le jour du mariage:<\/strong> Notre objectif est de capturer tous les \u00e9l\u00e9ments et moments importants auxquels le couple tient. Nous nous pr\u00e9parons avec un objectif clair et une conception finale de l&rsquo;album de mariage. Ainsi, nous pouvons photographier efficacement tous les d\u00e9tails, les images et les couleurs qui formeront le design final de l&rsquo;album. Nous prenons soin de capturer chaque d\u00e9tail, chaque geste et chaque \u00e9motion pour raconter l&rsquo;histoire de cette journ\u00e9e.<\/p>\n<p><strong>Conception de l&rsquo;album :<\/strong> Sur la base des informations recueillies aupr\u00e8s du couple et des photos prises le jour du mariage, nous cr\u00e9ons une planche d&rsquo;ambiance. Nous utilisons des outils tels que l&rsquo;application Pantone Studio pour identifier les couleurs dominantes, le th\u00e8me et le style du mariage. Nous cr\u00e9ons ensuite une palette de 3 \u00e0 4 couleurs dominantes qui guideront la conception de l&rsquo;album. Notre objectif est de cr\u00e9er une collection belle et significative qui correspond \u00e0 l&rsquo;humeur, au style et \u00e0 la personnalit\u00e9 du couple.<\/p>\n<p><strong>Consultation :<\/strong> Nous consultons le couple tout au long du processus de conception de l&rsquo;album afin de nous assurer que le produit final correspond \u00e0 leur vision. Nous utilisons notre \u00e9tude de march\u00e9 pour proposer une s\u00e9lection de mat\u00e9riaux et de couleurs qui pr\u00e9servent le caract\u00e8re et l&rsquo;esth\u00e9tique de l&rsquo;album. Les couples peuvent choisir un pr\u00e9r\u00e9glage qui correspond \u00e0 leur humeur ou cr\u00e9er leur propre \u00e9quilibre avec les palettes de couleurs. En r\u00e9sum\u00e9, notre processus de cr\u00e9ation d&rsquo;un album de mariage repose sur une communication claire, une planification minutieuse et une collaboration avec le couple. En prenant le temps d&rsquo;\u00e9couter leur vision et de capturer tous les d\u00e9tails importants, nous cr\u00e9ons un album magnifique et significatif qu&rsquo;ils ch\u00e9riront pendant des ann\u00e9es.<\/p>\n<p><strong>En r\u00e9sum\u00e9, notre processus de cr\u00e9ation d&rsquo;un album de mariage repose sur une communication claire, une planification minutieuse et une collaboration avec le couple. En prenant le temps d&rsquo;\u00e9couter leur vision et de capturer tous les d\u00e9tails importants, nous cr\u00e9ons un album magnifique et significatif qu&rsquo;ils ch\u00e9riront pendant des ann\u00e9es.<\/strong>[\/vc_column_text][\/vc_column][\/vc_row][vc_row top_padding=\u00a0\u00bb60&Prime;][vc_column width=\u00a0\u00bb1\/1&Prime;]<div class=\"single_image wpb_content_element align-center    \" data-animation=\"none\" data-delay=\"0\"><img loading=\"lazy\" decoding=\"async\" width=\"1311\" height=\"318\" src=\"https:\/\/www.graphistudio.com\/wp-content\/uploads\/2023\/11\/COLORE.png\" class=\"attachment-full\" alt=\"\" title=\"COLORE\" srcset=\"https:\/\/www.graphistudio.com\/wp-content\/uploads\/2023\/11\/COLORE.png 1311w, https:\/\/www.graphistudio.com\/wp-content\/uploads\/2023\/11\/COLORE-300x73.png 300w, https:\/\/www.graphistudio.com\/wp-content\/uploads\/2023\/11\/COLORE-768x186.png 768w\" sizes=\"auto, (max-width: 1311px) 100vw, 1311px\" \/><\/div>[\/vc_column][\/vc_row][vc_row][vc_column width=\u00a0\u00bb1\/1&Prime;][vc_column_text]<\/p>\n<p style=\"text-align: center; font-size: 1.2em;\"><strong>COLORE est notre nouvelle application web qui vous aidera \u00e0 choisir la bonne couleur et le bon mat\u00e9riau pour vos photographies de base.<\/strong><br \/>\n<strong>Un nouvel outil que nous avons con\u00e7u en pensant \u00e0 vous.<\/strong><\/p>\n<p>[\/vc_column_text][\/vc_column][\/vc_row][vc_row type=\u00a0\u00bbfull_width_section\u00a0\u00bb top_padding=\u00a0\u00bb60&Prime;][vc_column width=\u00a0\u00bb1\/1&Prime;]<div class=\"single_image wpb_content_element align-center    \" data-animation=\"none\" data-delay=\"0\"><a href=\"https:\/\/colore.graphistudio.com\/\" target=\"_blank\"><img loading=\"lazy\" decoding=\"async\" width=\"1772\" height=\"1215\" src=\"https:\/\/www.graphistudio.com\/wp-content\/uploads\/2023\/11\/colorescreen.jpg\" class=\"attachment-full\" alt=\"\" title=\"colorescreen\" srcset=\"https:\/\/www.graphistudio.com\/wp-content\/uploads\/2023\/11\/colorescreen.jpg 1772w, https:\/\/www.graphistudio.com\/wp-content\/uploads\/2023\/11\/colorescreen-300x206.jpg 300w, https:\/\/www.graphistudio.com\/wp-content\/uploads\/2023\/11\/colorescreen-1493x1024.jpg 1493w, https:\/\/www.graphistudio.com\/wp-content\/uploads\/2023\/11\/colorescreen-768x527.jpg 768w, https:\/\/www.graphistudio.com\/wp-content\/uploads\/2023\/11\/colorescreen-1536x1053.jpg 1536w\" sizes=\"auto, (max-width: 1772px) 100vw, 1772px\" \/><\/a><\/div>[\/vc_column][\/vc_row][vc_row top_padding=\u00a0\u00bb60&Prime; bottom_padding=\u00a0\u00bb60&Prime;][vc_column width=\u00a0\u00bb1\/3&Prime;][\/vc_column][vc_column width=\u00a0\u00bb1\/3&Prime;]<div class=\"single_image wpb_content_element align-left    \" data-animation=\"none\" data-delay=\"0\"><img loading=\"lazy\" decoding=\"async\" width=\"1500\" height=\"1500\" src=\"https:\/\/www.graphistudio.com\/wp-content\/uploads\/2023\/11\/QR-COLORE.png\" class=\"attachment-full\" alt=\"\" title=\"QR-COLORE\" srcset=\"https:\/\/www.graphistudio.com\/wp-content\/uploads\/2023\/11\/QR-COLORE.png 1500w, https:\/\/www.graphistudio.com\/wp-content\/uploads\/2023\/11\/QR-COLORE-300x300.png 300w, https:\/\/www.graphistudio.com\/wp-content\/uploads\/2023\/11\/QR-COLORE-1024x1024.png 1024w, https:\/\/www.graphistudio.com\/wp-content\/uploads\/2023\/11\/QR-COLORE-150x150.png 150w, https:\/\/www.graphistudio.com\/wp-content\/uploads\/2023\/11\/QR-COLORE-768x768.png 768w, https:\/\/www.graphistudio.com\/wp-content\/uploads\/2023\/11\/QR-COLORE-80x80.png 80w, https:\/\/www.graphistudio.com\/wp-content\/uploads\/2023\/11\/QR-COLORE-500x500.png 500w, https:\/\/www.graphistudio.com\/wp-content\/uploads\/2023\/11\/QR-COLORE-1000x1000.png 1000w\" sizes=\"auto, (max-width: 1500px) 100vw, 1500px\" \/><\/div><div class=\"single_image wpb_content_element align-center    \" data-animation=\"none\" data-delay=\"0\"><a href=\"https:\/\/colore.graphistudio.com\/\" target=\"_blank\"><img loading=\"lazy\" decoding=\"async\" width=\"1311\" height=\"318\" src=\"https:\/\/www.graphistudio.com\/wp-content\/uploads\/2023\/11\/COLORE.png\" class=\"attachment-full\" alt=\"\" title=\"COLORE\" srcset=\"https:\/\/www.graphistudio.com\/wp-content\/uploads\/2023\/11\/COLORE.png 1311w, https:\/\/www.graphistudio.com\/wp-content\/uploads\/2023\/11\/COLORE-300x73.png 300w, https:\/\/www.graphistudio.com\/wp-content\/uploads\/2023\/11\/COLORE-768x186.png 768w\" sizes=\"auto, (max-width: 1311px) 100vw, 1311px\" \/><\/a><\/div>[\/vc_column][vc_column width=\u00a0\u00bb1\/3&Prime;][\/vc_column][\/vc_row][vc_row bottom_padding=\u00a0\u00bb60&Prime;][vc_column width=\u00a0\u00bb1\/1&Prime;][vc_column_text]<\/p>\n<p style=\"text-align: center;\"><strong>Dans COLORE, vous trouverez \u00e9galement toutes les futures actualit\u00e9s et d\u00e9veloppements de la collection, des vid\u00e9os que vous pouvez t\u00e9l\u00e9charger \u00e0 tout moment, et le chercheur de palettes.<\/strong><\/p>\n<p style=\"text-align: center;\"><strong>Profitez de cette nouvelle approche et de ces nouveaux outils et partagez votre processus cr\u00e9atif avec nous en utilisant le #TRAMONTINAWITHLOVE.<\/strong><\/p>\n<p>[\/vc_column_text][\/vc_column][\/vc_row][vc_row text_align=\u00a0\u00bbcenter\u00a0\u00bb top_padding=\u00a0\u00bb40&Prime; bottom_padding=\u00a0\u00bb80&Prime;][vc_column text_align=\u00a0\u00bbcenter\u00a0\u00bb width=\u00a0\u00bb1\/1&Prime;][vc_raw_html]W21pbnRpX2J1dHRvbiBjb2xvcj0iY3VzdG9tIiBjdXN0b21fY29sb3I9InJnYmEoMCwwLDAsMC4wMSkiIGJvcmRlcl9yYWRpdXM9IjAiIGNsYXNzPSJidXR0b24gYnV0dG9uQkxBQ0siIGxpbms9Imh0dHBzOi8vY29sb3JlLmdyYXBoaXN0dWRpby5jb20vIl1Ew4lDT1VWUkVaIENPTE9SRVsvbWludGlfYnV0dG9uXQ==[\/vc_raw_html][\/vc_column][\/vc_row]<\/p>\n<\/div>","protected":false},"excerpt":{"rendered":"<p>[vc_row type=\u00a0\u00bbfull_width_section\u00a0\u00bb][vc_column width=\u00a0\u00bb1\/1&Prime;][vc_raw_html]PHZpZGVvIGF1dG9wbGF5IGxvb3AgY29udHJvbHMgbXV0ZWQgd2lkdGg9IjEwMCUiPg0KICAgIDxzb3VyY2Ugc3JjPSJodHRwczovL3d3dy5ncmFwaGlzdHVkaW8uY29tL3dwLWNvbnRlbnQvdXBsb2Fkcy8yMDIzLzExL0NyZWF0aXZlX1Byb2Nlc3NfVW5icmFuZGVkLm1wNCINCiAgICAgICAgICAgIHR5cGU9InZpZGVvL21wNCI+DQoNCiAgICA8c291cmNlIHNyYz0iaHR0cHM6Ly93d3cuZ3JhcGhpc3R1ZGlvLmNvbS93cC1jb250ZW50L3VwbG9hZHMvMjAyMy8xMS9DcmVhdGl2ZV9Qcm9jZXNzX1VuYnJhbmRlZC53ZWJtIg0KICAgICAgICAgICAgdHlwZT0idmlkZW8vd2VibSI+DQoNCg0KICAgIFNvcnJ5LCB5b3VyIGJyb3dzZXIgZG9lc24ndCBzdXBwb3J0IGVtYmVkZGVkIHZpZGVvcy4NCjwvdmlkZW8+[\/vc_raw_html][\/vc_column][\/vc_row][vc_row top_padding=\u00a0\u00bb80&Prime;][vc_column width=\u00a0\u00bb1\/1&Prime;][vc_column_text] LE POUVOIR DE L&rsquo;IMAGINATION [\/vc_column_text][vc_column_text]Pour cr\u00e9er un album de mariage qui capture parfaitement l&rsquo;essence de ce jour sp\u00e9cial, nous suivons quelques \u00e9tapes cl\u00e9s : Communication : nous commen\u00e7ons par \u00e9couter la vision du couple pour le jour de leur mariage. Nous prenons note du style qu&rsquo;ils pr\u00e9f\u00e8rent, du lieu, de l&rsquo;ambiance et du sentiment qu&rsquo;ils veulent cr\u00e9er. Nous pr\u00eatons \u00e9galement attention \u00e0 des d\u00e9tails tels que la robe de mari\u00e9e et les couleurs du mariage. Tout au long du processus de planification, nous veillons \u00e0 impliquer toutes les parties concern\u00e9es, y compris le couple, les membres de sa famille et les fournisseurs. Cela nous permet non seulement de mieux comprendre les attentes du couple, mais aussi d&rsquo;\u00e9largir notre r\u00e9seau et d&rsquo;ajouter de la valeur \u00e0 nos produits et services. Le jour du mariage: Notre objectif est de capturer tous les \u00e9l\u00e9ments et moments importants auxquels le couple tient. Nous nous pr\u00e9parons avec un objectif clair et une conception finale de l&rsquo;album de mariage. Ainsi, nous pouvons photographier efficacement tous les d\u00e9tails, les images et les couleurs qui formeront le design final de l&rsquo;album. Nous prenons soin de capturer chaque d\u00e9tail, chaque geste et chaque \u00e9motion [&hellip;]<\/p>\n","protected":false},"author":8,"featured_media":0,"parent":0,"menu_order":0,"comment_status":"closed","ping_status":"closed","template":"","meta":{"cybocfi_hide_featured_image":"","footnotes":""},"class_list":["post-67384","page","type-page","status-publish","hentry"],"yoast_head":"<!-- This site is optimized with the Yoast SEO plugin v26.7 - https:\/\/yoast.com\/wordpress\/plugins\/seo\/ -->\n<title>Le processus cr\u00e9atif - Graphistudio<\/title>\n<meta name=\"robots\" content=\"index, follow, max-snippet:-1, max-image-preview:large, max-video-preview:-1\" \/>\n<link rel=\"canonical\" href=\"https:\/\/www.graphistudio.com\/fr\/le-processus-creatif\/\" \/>\n<meta property=\"og:locale\" content=\"fr_FR\" \/>\n<meta property=\"og:type\" content=\"article\" \/>\n<meta property=\"og:title\" content=\"Le processus cr\u00e9atif - Graphistudio\" \/>\n<meta property=\"og:description\" content=\"[vc_row type=\u00a0\u00bbfull_width_section\u00a0\u00bb][vc_column width=\u00a0\u00bb1\/1&Prime;][vc_raw_html]PHZpZGVvIGF1dG9wbGF5IGxvb3AgY29udHJvbHMgbXV0ZWQgd2lkdGg9IjEwMCUiPg0KICAgIDxzb3VyY2Ugc3JjPSJodHRwczovL3d3dy5ncmFwaGlzdHVkaW8uY29tL3dwLWNvbnRlbnQvdXBsb2Fkcy8yMDIzLzExL0NyZWF0aXZlX1Byb2Nlc3NfVW5icmFuZGVkLm1wNCINCiAgICAgICAgICAgIHR5cGU9InZpZGVvL21wNCI+DQoNCiAgICA8c291cmNlIHNyYz0iaHR0cHM6Ly93d3cuZ3JhcGhpc3R1ZGlvLmNvbS93cC1jb250ZW50L3VwbG9hZHMvMjAyMy8xMS9DcmVhdGl2ZV9Qcm9jZXNzX1VuYnJhbmRlZC53ZWJtIg0KICAgICAgICAgICAgdHlwZT0idmlkZW8vd2VibSI+DQoNCg0KICAgIFNvcnJ5LCB5b3VyIGJyb3dzZXIgZG9lc24ndCBzdXBwb3J0IGVtYmVkZGVkIHZpZGVvcy4NCjwvdmlkZW8+[\/vc_raw_html][\/vc_column][\/vc_row][vc_row top_padding=\u00a0\u00bb80&Prime;][vc_column width=\u00a0\u00bb1\/1&Prime;][vc_column_text] LE POUVOIR DE L&rsquo;IMAGINATION [\/vc_column_text][vc_column_text]Pour cr\u00e9er un album de mariage qui capture parfaitement l&rsquo;essence de ce jour sp\u00e9cial, nous suivons quelques \u00e9tapes cl\u00e9s : Communication : nous commen\u00e7ons par \u00e9couter la vision du couple pour le jour de leur mariage. Nous prenons note du style qu&rsquo;ils pr\u00e9f\u00e8rent, du lieu, de l&rsquo;ambiance et du sentiment qu&rsquo;ils veulent cr\u00e9er. Nous pr\u00eatons \u00e9galement attention \u00e0 des d\u00e9tails tels que la robe de mari\u00e9e et les couleurs du mariage. Tout au long du processus de planification, nous veillons \u00e0 impliquer toutes les parties concern\u00e9es, y compris le couple, les membres de sa famille et les fournisseurs. Cela nous permet non seulement de mieux comprendre les attentes du couple, mais aussi d&rsquo;\u00e9largir notre r\u00e9seau et d&rsquo;ajouter de la valeur \u00e0 nos produits et services. Le jour du mariage: Notre objectif est de capturer tous les \u00e9l\u00e9ments et moments importants auxquels le couple tient. Nous nous pr\u00e9parons avec un objectif clair et une conception finale de l&rsquo;album de mariage. Ainsi, nous pouvons photographier efficacement tous les d\u00e9tails, les images et les couleurs qui formeront le design final de l&rsquo;album. Nous prenons soin de capturer chaque d\u00e9tail, chaque geste et chaque \u00e9motion [&hellip;]\" \/>\n<meta property=\"og:url\" content=\"https:\/\/www.graphistudio.com\/fr\/le-processus-creatif\/\" \/>\n<meta property=\"og:site_name\" content=\"Graphistudio\" \/>\n<meta property=\"article:modified_time\" content=\"2023-11-07T13:25:59+00:00\" \/>\n<meta name=\"twitter:card\" content=\"summary_large_image\" \/>\n<meta name=\"twitter:label1\" content=\"Dur\u00e9e de lecture estim\u00e9e\" \/>\n\t<meta name=\"twitter:data1\" content=\"3 minutes\" \/>\n<script type=\"application\/ld+json\" class=\"yoast-schema-graph\">{\"@context\":\"https:\/\/schema.org\",\"@graph\":[{\"@type\":\"WebPage\",\"@id\":\"https:\/\/www.graphistudio.com\/fr\/le-processus-creatif\/\",\"url\":\"https:\/\/www.graphistudio.com\/fr\/le-processus-creatif\/\",\"name\":\"Le processus cr\u00e9atif - Graphistudio\",\"isPartOf\":{\"@id\":\"https:\/\/www.graphistudio.com\/it\/#website\"},\"datePublished\":\"2023-11-06T15:40:17+00:00\",\"dateModified\":\"2023-11-07T13:25:59+00:00\",\"breadcrumb\":{\"@id\":\"https:\/\/www.graphistudio.com\/fr\/le-processus-creatif\/#breadcrumb\"},\"inLanguage\":\"fr-FR\",\"potentialAction\":[{\"@type\":\"ReadAction\",\"target\":[\"https:\/\/www.graphistudio.com\/fr\/le-processus-creatif\/\"]}]},{\"@type\":\"BreadcrumbList\",\"@id\":\"https:\/\/www.graphistudio.com\/fr\/le-processus-creatif\/#breadcrumb\",\"itemListElement\":[{\"@type\":\"ListItem\",\"position\":1,\"name\":\"Home\",\"item\":\"https:\/\/www.graphistudio.com\/fr\/\"},{\"@type\":\"ListItem\",\"position\":2,\"name\":\"Le processus cr\u00e9atif\"}]},{\"@type\":\"WebSite\",\"@id\":\"https:\/\/www.graphistudio.com\/it\/#website\",\"url\":\"https:\/\/www.graphistudio.com\/it\/\",\"name\":\"Graphistudio\",\"description\":\"Handmade books made in Italy\",\"publisher\":{\"@id\":\"https:\/\/www.graphistudio.com\/it\/#organization\"},\"potentialAction\":[{\"@type\":\"SearchAction\",\"target\":{\"@type\":\"EntryPoint\",\"urlTemplate\":\"https:\/\/www.graphistudio.com\/it\/?s={search_term_string}\"},\"query-input\":{\"@type\":\"PropertyValueSpecification\",\"valueRequired\":true,\"valueName\":\"search_term_string\"}}],\"inLanguage\":\"fr-FR\"},{\"@type\":\"Organization\",\"@id\":\"https:\/\/www.graphistudio.com\/it\/#organization\",\"name\":\"Graphistudio\",\"url\":\"https:\/\/www.graphistudio.com\/it\/\",\"logo\":{\"@type\":\"ImageObject\",\"inLanguage\":\"fr-FR\",\"@id\":\"https:\/\/www.graphistudio.com\/it\/#\/schema\/logo\/image\/\",\"url\":\"https:\/\/www.graphistudio.com\/wp-content\/uploads\/2018\/01\/Logo_nero.png\",\"contentUrl\":\"https:\/\/www.graphistudio.com\/wp-content\/uploads\/2018\/01\/Logo_nero.png\",\"width\":160,\"height\":34,\"caption\":\"Graphistudio\"},\"image\":{\"@id\":\"https:\/\/www.graphistudio.com\/it\/#\/schema\/logo\/image\/\"}}]}<\/script>\n<!-- \/ Yoast SEO plugin. -->","yoast_head_json":{"title":"Le processus cr\u00e9atif - Graphistudio","robots":{"index":"index","follow":"follow","max-snippet":"max-snippet:-1","max-image-preview":"max-image-preview:large","max-video-preview":"max-video-preview:-1"},"canonical":"https:\/\/www.graphistudio.com\/fr\/le-processus-creatif\/","og_locale":"fr_FR","og_type":"article","og_title":"Le processus cr\u00e9atif - Graphistudio","og_description":"[vc_row type=\u00a0\u00bbfull_width_section\u00a0\u00bb][vc_column width=\u00a0\u00bb1\/1&Prime;][vc_raw_html]PHZpZGVvIGF1dG9wbGF5IGxvb3AgY29udHJvbHMgbXV0ZWQgd2lkdGg9IjEwMCUiPg0KICAgIDxzb3VyY2Ugc3JjPSJodHRwczovL3d3dy5ncmFwaGlzdHVkaW8uY29tL3dwLWNvbnRlbnQvdXBsb2Fkcy8yMDIzLzExL0NyZWF0aXZlX1Byb2Nlc3NfVW5icmFuZGVkLm1wNCINCiAgICAgICAgICAgIHR5cGU9InZpZGVvL21wNCI+DQoNCiAgICA8c291cmNlIHNyYz0iaHR0cHM6Ly93d3cuZ3JhcGhpc3R1ZGlvLmNvbS93cC1jb250ZW50L3VwbG9hZHMvMjAyMy8xMS9DcmVhdGl2ZV9Qcm9jZXNzX1VuYnJhbmRlZC53ZWJtIg0KICAgICAgICAgICAgdHlwZT0idmlkZW8vd2VibSI+DQoNCg0KICAgIFNvcnJ5LCB5b3VyIGJyb3dzZXIgZG9lc24ndCBzdXBwb3J0IGVtYmVkZGVkIHZpZGVvcy4NCjwvdmlkZW8+[\/vc_raw_html][\/vc_column][\/vc_row][vc_row top_padding=\u00a0\u00bb80&Prime;][vc_column width=\u00a0\u00bb1\/1&Prime;][vc_column_text] LE POUVOIR DE L&rsquo;IMAGINATION [\/vc_column_text][vc_column_text]Pour cr\u00e9er un album de mariage qui capture parfaitement l&rsquo;essence de ce jour sp\u00e9cial, nous suivons quelques \u00e9tapes cl\u00e9s : Communication : nous commen\u00e7ons par \u00e9couter la vision du couple pour le jour de leur mariage. Nous prenons note du style qu&rsquo;ils pr\u00e9f\u00e8rent, du lieu, de l&rsquo;ambiance et du sentiment qu&rsquo;ils veulent cr\u00e9er. Nous pr\u00eatons \u00e9galement attention \u00e0 des d\u00e9tails tels que la robe de mari\u00e9e et les couleurs du mariage. Tout au long du processus de planification, nous veillons \u00e0 impliquer toutes les parties concern\u00e9es, y compris le couple, les membres de sa famille et les fournisseurs. Cela nous permet non seulement de mieux comprendre les attentes du couple, mais aussi d&rsquo;\u00e9largir notre r\u00e9seau et d&rsquo;ajouter de la valeur \u00e0 nos produits et services. Le jour du mariage: Notre objectif est de capturer tous les \u00e9l\u00e9ments et moments importants auxquels le couple tient. Nous nous pr\u00e9parons avec un objectif clair et une conception finale de l&rsquo;album de mariage. Ainsi, nous pouvons photographier efficacement tous les d\u00e9tails, les images et les couleurs qui formeront le design final de l&rsquo;album. Nous prenons soin de capturer chaque d\u00e9tail, chaque geste et chaque \u00e9motion [&hellip;]","og_url":"https:\/\/www.graphistudio.com\/fr\/le-processus-creatif\/","og_site_name":"Graphistudio","article_modified_time":"2023-11-07T13:25:59+00:00","twitter_card":"summary_large_image","twitter_misc":{"Dur\u00e9e de lecture estim\u00e9e":"3 minutes"},"schema":{"@context":"https:\/\/schema.org","@graph":[{"@type":"WebPage","@id":"https:\/\/www.graphistudio.com\/fr\/le-processus-creatif\/","url":"https:\/\/www.graphistudio.com\/fr\/le-processus-creatif\/","name":"Le processus cr\u00e9atif - Graphistudio","isPartOf":{"@id":"https:\/\/www.graphistudio.com\/it\/#website"},"datePublished":"2023-11-06T15:40:17+00:00","dateModified":"2023-11-07T13:25:59+00:00","breadcrumb":{"@id":"https:\/\/www.graphistudio.com\/fr\/le-processus-creatif\/#breadcrumb"},"inLanguage":"fr-FR","potentialAction":[{"@type":"ReadAction","target":["https:\/\/www.graphistudio.com\/fr\/le-processus-creatif\/"]}]},{"@type":"BreadcrumbList","@id":"https:\/\/www.graphistudio.com\/fr\/le-processus-creatif\/#breadcrumb","itemListElement":[{"@type":"ListItem","position":1,"name":"Home","item":"https:\/\/www.graphistudio.com\/fr\/"},{"@type":"ListItem","position":2,"name":"Le processus cr\u00e9atif"}]},{"@type":"WebSite","@id":"https:\/\/www.graphistudio.com\/it\/#website","url":"https:\/\/www.graphistudio.com\/it\/","name":"Graphistudio","description":"Handmade books made in Italy","publisher":{"@id":"https:\/\/www.graphistudio.com\/it\/#organization"},"potentialAction":[{"@type":"SearchAction","target":{"@type":"EntryPoint","urlTemplate":"https:\/\/www.graphistudio.com\/it\/?s={search_term_string}"},"query-input":{"@type":"PropertyValueSpecification","valueRequired":true,"valueName":"search_term_string"}}],"inLanguage":"fr-FR"},{"@type":"Organization","@id":"https:\/\/www.graphistudio.com\/it\/#organization","name":"Graphistudio","url":"https:\/\/www.graphistudio.com\/it\/","logo":{"@type":"ImageObject","inLanguage":"fr-FR","@id":"https:\/\/www.graphistudio.com\/it\/#\/schema\/logo\/image\/","url":"https:\/\/www.graphistudio.com\/wp-content\/uploads\/2018\/01\/Logo_nero.png","contentUrl":"https:\/\/www.graphistudio.com\/wp-content\/uploads\/2018\/01\/Logo_nero.png","width":160,"height":34,"caption":"Graphistudio"},"image":{"@id":"https:\/\/www.graphistudio.com\/it\/#\/schema\/logo\/image\/"}}]}},"_links":{"self":[{"href":"https:\/\/www.graphistudio.com\/fr\/wp-json\/wp\/v2\/pages\/67384","targetHints":{"allow":["GET"]}}],"collection":[{"href":"https:\/\/www.graphistudio.com\/fr\/wp-json\/wp\/v2\/pages"}],"about":[{"href":"https:\/\/www.graphistudio.com\/fr\/wp-json\/wp\/v2\/types\/page"}],"author":[{"embeddable":true,"href":"https:\/\/www.graphistudio.com\/fr\/wp-json\/wp\/v2\/users\/8"}],"replies":[{"embeddable":true,"href":"https:\/\/www.graphistudio.com\/fr\/wp-json\/wp\/v2\/comments?post=67384"}],"version-history":[{"count":4,"href":"https:\/\/www.graphistudio.com\/fr\/wp-json\/wp\/v2\/pages\/67384\/revisions"}],"predecessor-version":[{"id":67422,"href":"https:\/\/www.graphistudio.com\/fr\/wp-json\/wp\/v2\/pages\/67384\/revisions\/67422"}],"wp:attachment":[{"href":"https:\/\/www.graphistudio.com\/fr\/wp-json\/wp\/v2\/media?parent=67384"}],"curies":[{"name":"wp","href":"https:\/\/api.w.org\/{rel}","templated":true}]}}