{"id":65711,"date":"2023-09-05T15:06:36","date_gmt":"2023-09-05T13:06:36","guid":{"rendered":"https:\/\/www.graphistudio.com\/tramontina-collection-2\/tramontina-patch\/"},"modified":"2025-06-12T15:59:17","modified_gmt":"2025-06-12T13:59:17","slug":"tramontina-patch","status":"publish","type":"page","link":"https:\/\/www.graphistudio.com\/fr\/tramontina-collection\/tramontina-patch\/","title":{"rendered":"Tramontina Patch"},"content":{"rendered":"<div class=\"wpb-content-wrapper\"><p>[vc_row type=\u00a0\u00bbfull_width_section\u00a0\u00bb][vc_column][vc_raw_html]W2h0cG9zdGNvbnRlbnQgaWQ9NjU3Mjhd[\/vc_raw_html][\/vc_column][\/vc_row][vc_row top_padding=\u00a0\u00bb60&Prime;][vc_column width=\u00a0\u00bb1\/1&Prime;][vc_column_text]<\/p>\n<h1 style=\"text-align: center; color: lightgrey!important;\">D\u00c9TAILS DU PATCH<\/h1>\n<p>[\/vc_column_text]<div class=\"spacer\" style=\"height: 40px;\"><\/div><div class=\"single_image wpb_content_element align-center    \" data-animation=\"none\" data-delay=\"0\"><img loading=\"lazy\" decoding=\"async\" width=\"700\" height=\"467\" src=\"https:\/\/www.graphistudio.com\/wp-content\/uploads\/2023\/07\/Tag_01.jpg\" class=\"attachment-full\" alt=\"\" title=\"Tag_01\" srcset=\"https:\/\/www.graphistudio.com\/wp-content\/uploads\/2023\/07\/Tag_01.jpg 700w, https:\/\/www.graphistudio.com\/wp-content\/uploads\/2023\/07\/Tag_01-300x200.jpg 300w, https:\/\/www.graphistudio.com\/wp-content\/uploads\/2023\/07\/Tag_01-600x400.jpg 600w\" sizes=\"auto, (max-width: 700px) 100vw, 700px\" \/><\/div><div class=\"spacer\" style=\"height: 40px;\"><\/div>[\/vc_column][\/vc_row][vc_row bottom_padding=\u00a0\u00bb60&Prime;][vc_column width=\u00a0\u00bb1\/4&Prime;][\/vc_column][vc_column width=\u00a0\u00bb1\/2&Prime;][vc_column_text]<\/p>\n<p style=\"text-align: center;\">Cr\u00e9ez le fichier pour votre Magnolia Album, Magnolia Wrap, Magnolia Box ou Young Magnolia avec les tailles suivantes et une r\u00e9solution de 450 DPI.<\/p>\n<p>[\/vc_column_text][\/vc_column][vc_column width=\u00a0\u00bb1\/4&Prime;][\/vc_column][\/vc_row][vc_row bg_color=\u00a0\u00bb#e0d3c3&Prime; top_padding=\u00a0\u00bb60&Prime; bottom_padding=\u00a0\u00bb60&Prime;][vc_column width=\u00a0\u00bb1\/1&Prime;]<div class=\"single_image wpb_content_element align-center    \" data-animation=\"none\" data-delay=\"0\"><img loading=\"lazy\" decoding=\"async\" width=\"2362\" height=\"1395\" src=\"https:\/\/www.graphistudio.com\/wp-content\/uploads\/2023\/07\/tag-page-tabella.png\" class=\"attachment-full\" alt=\"\" title=\"tag page tabella\" srcset=\"https:\/\/www.graphistudio.com\/wp-content\/uploads\/2023\/07\/tag-page-tabella.png 2362w, https:\/\/www.graphistudio.com\/wp-content\/uploads\/2023\/07\/tag-page-tabella-300x177.png 300w, https:\/\/www.graphistudio.com\/wp-content\/uploads\/2023\/07\/tag-page-tabella-1734x1024.png 1734w, https:\/\/www.graphistudio.com\/wp-content\/uploads\/2023\/07\/tag-page-tabella-768x454.png 768w, https:\/\/www.graphistudio.com\/wp-content\/uploads\/2023\/07\/tag-page-tabella-1536x907.png 1536w, https:\/\/www.graphistudio.com\/wp-content\/uploads\/2023\/07\/tag-page-tabella-2048x1210.png 2048w\" sizes=\"auto, (max-width: 2362px) 100vw, 2362px\" \/><\/div>[vc_column_text]<\/p>\n<p style=\"text-align: center;\">Les mesures des patchs pour tous les produits se trouvent dans le tableau fourni. Cependant, veuillez v\u00e9rifier la disponibilit\u00e9 du produit souhait\u00e9 dans cette taille avant de passer commande.<\/p>\n<p>[\/vc_column_text][\/vc_column][\/vc_row]<\/p>\n<\/div>","protected":false},"excerpt":{"rendered":"<p>[vc_row type=\u00a0\u00bbfull_width_section\u00a0\u00bb][vc_column][vc_raw_html]W2h0cG9zdGNvbnRlbnQgaWQ9NjU3Mjhd[\/vc_raw_html][\/vc_column][\/vc_row][vc_row top_padding=\u00a0\u00bb60&Prime;][vc_column width=\u00a0\u00bb1\/1&Prime;][vc_column_text] D\u00c9TAILS DU PATCH [\/vc_column_text][\/vc_column][\/vc_row][vc_row bottom_padding=\u00a0\u00bb60&Prime;][vc_column width=\u00a0\u00bb1\/4&Prime;][\/vc_column][vc_column width=\u00a0\u00bb1\/2&Prime;][vc_column_text] Cr\u00e9ez le fichier pour votre Magnolia Album, Magnolia Wrap, Magnolia Box ou Young Magnolia avec les tailles suivantes et une r\u00e9solution de 450 DPI. [\/vc_column_text][\/vc_column][vc_column width=\u00a0\u00bb1\/4&Prime;][\/vc_column][\/vc_row][vc_row bg_color=\u00a0\u00bb#e0d3c3&Prime; top_padding=\u00a0\u00bb60&Prime; bottom_padding=\u00a0\u00bb60&Prime;][vc_column width=\u00a0\u00bb1\/1&Prime;][vc_column_text] Les mesures des patchs pour tous les produits se trouvent dans le tableau fourni. Cependant, veuillez v\u00e9rifier la disponibilit\u00e9 du produit souhait\u00e9 dans cette taille avant de passer commande. [\/vc_column_text][\/vc_column][\/vc_row]<\/p>\n","protected":false},"author":8,"featured_media":0,"parent":56275,"menu_order":0,"comment_status":"closed","ping_status":"closed","template":"","meta":{"cybocfi_hide_featured_image":"","footnotes":""},"class_list":["post-65711","page","type-page","status-publish","hentry"],"yoast_head":"<!-- This site is optimized with the Yoast SEO plugin v26.7 - https:\/\/yoast.com\/wordpress\/plugins\/seo\/ -->\n<title>Tramontina Patch - Graphistudio<\/title>\n<meta name=\"robots\" content=\"index, follow, max-snippet:-1, max-image-preview:large, max-video-preview:-1\" \/>\n<link rel=\"canonical\" href=\"https:\/\/www.graphistudio.com\/en\/tramontina-collection\/tramontina-tags\/\" \/>\n<meta property=\"og:locale\" content=\"fr_FR\" \/>\n<meta property=\"og:type\" content=\"article\" \/>\n<meta property=\"og:title\" content=\"Tramontina Patch - Graphistudio\" \/>\n<meta property=\"og:description\" content=\"[vc_row type=\u00a0\u00bbfull_width_section\u00a0\u00bb][vc_column][vc_raw_html]W2h0cG9zdGNvbnRlbnQgaWQ9NjU3Mjhd[\/vc_raw_html][\/vc_column][\/vc_row][vc_row top_padding=\u00a0\u00bb60&Prime;][vc_column width=\u00a0\u00bb1\/1&Prime;][vc_column_text] D\u00c9TAILS DU PATCH [\/vc_column_text][\/vc_column][\/vc_row][vc_row bottom_padding=\u00a0\u00bb60&Prime;][vc_column width=\u00a0\u00bb1\/4&Prime;][\/vc_column][vc_column width=\u00a0\u00bb1\/2&Prime;][vc_column_text] Cr\u00e9ez le fichier pour votre Magnolia Album, Magnolia Wrap, Magnolia Box ou Young Magnolia avec les tailles suivantes et une r\u00e9solution de 450 DPI. [\/vc_column_text][\/vc_column][vc_column width=\u00a0\u00bb1\/4&Prime;][\/vc_column][\/vc_row][vc_row bg_color=\u00a0\u00bb#e0d3c3&Prime; top_padding=\u00a0\u00bb60&Prime; bottom_padding=\u00a0\u00bb60&Prime;][vc_column width=\u00a0\u00bb1\/1&Prime;][vc_column_text] Les mesures des patchs pour tous les produits se trouvent dans le tableau fourni. Cependant, veuillez v\u00e9rifier la disponibilit\u00e9 du produit souhait\u00e9 dans cette taille avant de passer commande. [\/vc_column_text][\/vc_column][\/vc_row]\" \/>\n<meta property=\"og:url\" content=\"https:\/\/www.graphistudio.com\/en\/tramontina-collection\/tramontina-tags\/\" \/>\n<meta property=\"og:site_name\" content=\"Graphistudio\" \/>\n<meta property=\"article:modified_time\" content=\"2025-06-12T13:59:17+00:00\" \/>\n<meta name=\"twitter:card\" content=\"summary_large_image\" \/>\n<meta name=\"twitter:label1\" content=\"Dur\u00e9e de lecture estim\u00e9e\" \/>\n\t<meta name=\"twitter:data1\" content=\"1 minute\" \/>\n<script type=\"application\/ld+json\" class=\"yoast-schema-graph\">{\"@context\":\"https:\/\/schema.org\",\"@graph\":[{\"@type\":\"WebPage\",\"@id\":\"https:\/\/www.graphistudio.com\/en\/tramontina-collection\/tramontina-tags\/\",\"url\":\"https:\/\/www.graphistudio.com\/en\/tramontina-collection\/tramontina-tags\/\",\"name\":\"Tramontina Patch - Graphistudio\",\"isPartOf\":{\"@id\":\"https:\/\/www.graphistudio.com\/it\/#website\"},\"datePublished\":\"2023-09-05T13:06:36+00:00\",\"dateModified\":\"2025-06-12T13:59:17+00:00\",\"breadcrumb\":{\"@id\":\"https:\/\/www.graphistudio.com\/en\/tramontina-collection\/tramontina-tags\/#breadcrumb\"},\"inLanguage\":\"fr-FR\",\"potentialAction\":[{\"@type\":\"ReadAction\",\"target\":[\"https:\/\/www.graphistudio.com\/en\/tramontina-collection\/tramontina-tags\/\"]}]},{\"@type\":\"BreadcrumbList\",\"@id\":\"https:\/\/www.graphistudio.com\/en\/tramontina-collection\/tramontina-tags\/#breadcrumb\",\"itemListElement\":[{\"@type\":\"ListItem\",\"position\":1,\"name\":\"Home\",\"item\":\"https:\/\/www.graphistudio.com\/fr\/\"},{\"@type\":\"ListItem\",\"position\":2,\"name\":\"Tramontina Collection\",\"item\":\"https:\/\/www.graphistudio.com\/fr\/tramontina-collection\/\"},{\"@type\":\"ListItem\",\"position\":3,\"name\":\"Tramontina Patch\"}]},{\"@type\":\"WebSite\",\"@id\":\"https:\/\/www.graphistudio.com\/it\/#website\",\"url\":\"https:\/\/www.graphistudio.com\/it\/\",\"name\":\"Graphistudio\",\"description\":\"Handmade books made in Italy\",\"publisher\":{\"@id\":\"https:\/\/www.graphistudio.com\/it\/#organization\"},\"potentialAction\":[{\"@type\":\"SearchAction\",\"target\":{\"@type\":\"EntryPoint\",\"urlTemplate\":\"https:\/\/www.graphistudio.com\/it\/?s={search_term_string}\"},\"query-input\":{\"@type\":\"PropertyValueSpecification\",\"valueRequired\":true,\"valueName\":\"search_term_string\"}}],\"inLanguage\":\"fr-FR\"},{\"@type\":\"Organization\",\"@id\":\"https:\/\/www.graphistudio.com\/it\/#organization\",\"name\":\"Graphistudio\",\"url\":\"https:\/\/www.graphistudio.com\/it\/\",\"logo\":{\"@type\":\"ImageObject\",\"inLanguage\":\"fr-FR\",\"@id\":\"https:\/\/www.graphistudio.com\/it\/#\/schema\/logo\/image\/\",\"url\":\"https:\/\/www.graphistudio.com\/wp-content\/uploads\/2018\/01\/Logo_nero.png\",\"contentUrl\":\"https:\/\/www.graphistudio.com\/wp-content\/uploads\/2018\/01\/Logo_nero.png\",\"width\":160,\"height\":34,\"caption\":\"Graphistudio\"},\"image\":{\"@id\":\"https:\/\/www.graphistudio.com\/it\/#\/schema\/logo\/image\/\"}}]}<\/script>\n<!-- \/ Yoast SEO plugin. -->","yoast_head_json":{"title":"Tramontina Patch - Graphistudio","robots":{"index":"index","follow":"follow","max-snippet":"max-snippet:-1","max-image-preview":"max-image-preview:large","max-video-preview":"max-video-preview:-1"},"canonical":"https:\/\/www.graphistudio.com\/en\/tramontina-collection\/tramontina-tags\/","og_locale":"fr_FR","og_type":"article","og_title":"Tramontina Patch - Graphistudio","og_description":"[vc_row type=\u00a0\u00bbfull_width_section\u00a0\u00bb][vc_column][vc_raw_html]W2h0cG9zdGNvbnRlbnQgaWQ9NjU3Mjhd[\/vc_raw_html][\/vc_column][\/vc_row][vc_row top_padding=\u00a0\u00bb60&Prime;][vc_column width=\u00a0\u00bb1\/1&Prime;][vc_column_text] D\u00c9TAILS DU PATCH [\/vc_column_text][\/vc_column][\/vc_row][vc_row bottom_padding=\u00a0\u00bb60&Prime;][vc_column width=\u00a0\u00bb1\/4&Prime;][\/vc_column][vc_column width=\u00a0\u00bb1\/2&Prime;][vc_column_text] Cr\u00e9ez le fichier pour votre Magnolia Album, Magnolia Wrap, Magnolia Box ou Young Magnolia avec les tailles suivantes et une r\u00e9solution de 450 DPI. [\/vc_column_text][\/vc_column][vc_column width=\u00a0\u00bb1\/4&Prime;][\/vc_column][\/vc_row][vc_row bg_color=\u00a0\u00bb#e0d3c3&Prime; top_padding=\u00a0\u00bb60&Prime; bottom_padding=\u00a0\u00bb60&Prime;][vc_column width=\u00a0\u00bb1\/1&Prime;][vc_column_text] Les mesures des patchs pour tous les produits se trouvent dans le tableau fourni. Cependant, veuillez v\u00e9rifier la disponibilit\u00e9 du produit souhait\u00e9 dans cette taille avant de passer commande. [\/vc_column_text][\/vc_column][\/vc_row]","og_url":"https:\/\/www.graphistudio.com\/en\/tramontina-collection\/tramontina-tags\/","og_site_name":"Graphistudio","article_modified_time":"2025-06-12T13:59:17+00:00","twitter_card":"summary_large_image","twitter_misc":{"Dur\u00e9e de lecture estim\u00e9e":"1 minute"},"schema":{"@context":"https:\/\/schema.org","@graph":[{"@type":"WebPage","@id":"https:\/\/www.graphistudio.com\/en\/tramontina-collection\/tramontina-tags\/","url":"https:\/\/www.graphistudio.com\/en\/tramontina-collection\/tramontina-tags\/","name":"Tramontina Patch - Graphistudio","isPartOf":{"@id":"https:\/\/www.graphistudio.com\/it\/#website"},"datePublished":"2023-09-05T13:06:36+00:00","dateModified":"2025-06-12T13:59:17+00:00","breadcrumb":{"@id":"https:\/\/www.graphistudio.com\/en\/tramontina-collection\/tramontina-tags\/#breadcrumb"},"inLanguage":"fr-FR","potentialAction":[{"@type":"ReadAction","target":["https:\/\/www.graphistudio.com\/en\/tramontina-collection\/tramontina-tags\/"]}]},{"@type":"BreadcrumbList","@id":"https:\/\/www.graphistudio.com\/en\/tramontina-collection\/tramontina-tags\/#breadcrumb","itemListElement":[{"@type":"ListItem","position":1,"name":"Home","item":"https:\/\/www.graphistudio.com\/fr\/"},{"@type":"ListItem","position":2,"name":"Tramontina Collection","item":"https:\/\/www.graphistudio.com\/fr\/tramontina-collection\/"},{"@type":"ListItem","position":3,"name":"Tramontina Patch"}]},{"@type":"WebSite","@id":"https:\/\/www.graphistudio.com\/it\/#website","url":"https:\/\/www.graphistudio.com\/it\/","name":"Graphistudio","description":"Handmade books made in Italy","publisher":{"@id":"https:\/\/www.graphistudio.com\/it\/#organization"},"potentialAction":[{"@type":"SearchAction","target":{"@type":"EntryPoint","urlTemplate":"https:\/\/www.graphistudio.com\/it\/?s={search_term_string}"},"query-input":{"@type":"PropertyValueSpecification","valueRequired":true,"valueName":"search_term_string"}}],"inLanguage":"fr-FR"},{"@type":"Organization","@id":"https:\/\/www.graphistudio.com\/it\/#organization","name":"Graphistudio","url":"https:\/\/www.graphistudio.com\/it\/","logo":{"@type":"ImageObject","inLanguage":"fr-FR","@id":"https:\/\/www.graphistudio.com\/it\/#\/schema\/logo\/image\/","url":"https:\/\/www.graphistudio.com\/wp-content\/uploads\/2018\/01\/Logo_nero.png","contentUrl":"https:\/\/www.graphistudio.com\/wp-content\/uploads\/2018\/01\/Logo_nero.png","width":160,"height":34,"caption":"Graphistudio"},"image":{"@id":"https:\/\/www.graphistudio.com\/it\/#\/schema\/logo\/image\/"}}]}},"_links":{"self":[{"href":"https:\/\/www.graphistudio.com\/fr\/wp-json\/wp\/v2\/pages\/65711","targetHints":{"allow":["GET"]}}],"collection":[{"href":"https:\/\/www.graphistudio.com\/fr\/wp-json\/wp\/v2\/pages"}],"about":[{"href":"https:\/\/www.graphistudio.com\/fr\/wp-json\/wp\/v2\/types\/page"}],"author":[{"embeddable":true,"href":"https:\/\/www.graphistudio.com\/fr\/wp-json\/wp\/v2\/users\/8"}],"replies":[{"embeddable":true,"href":"https:\/\/www.graphistudio.com\/fr\/wp-json\/wp\/v2\/comments?post=65711"}],"version-history":[{"count":9,"href":"https:\/\/www.graphistudio.com\/fr\/wp-json\/wp\/v2\/pages\/65711\/revisions"}],"predecessor-version":[{"id":80539,"href":"https:\/\/www.graphistudio.com\/fr\/wp-json\/wp\/v2\/pages\/65711\/revisions\/80539"}],"up":[{"embeddable":true,"href":"https:\/\/www.graphistudio.com\/fr\/wp-json\/wp\/v2\/pages\/56275"}],"wp:attachment":[{"href":"https:\/\/www.graphistudio.com\/fr\/wp-json\/wp\/v2\/media?parent=65711"}],"curies":[{"name":"wp","href":"https:\/\/api.w.org\/{rel}","templated":true}]}}