{"id":56856,"date":"2023-09-06T09:19:15","date_gmt":"2023-09-06T07:19:15","guid":{"rendered":"https:\/\/www.graphistudio.com\/?page_id=56856"},"modified":"2023-12-11T08:56:51","modified_gmt":"2023-12-11T07:56:51","slug":"magnolia-box","status":"publish","type":"page","link":"https:\/\/www.graphistudio.com\/fr\/tramontina-collection\/produits-tramontina\/magnolia-box\/","title":{"rendered":"Magnolia Box"},"content":{"rendered":"<div class=\"wpb-content-wrapper\"><p>[vc_row type=\u00a0\u00bbfull_width_section\u00a0\u00bb][vc_column width=\u00a0\u00bb1\/1&Prime;][vc_raw_html]W2h0cG9zdGNvbnRlbnQgaWQ9NjU3Mjhd[\/vc_raw_html][\/vc_column][\/vc_row][vc_row type=\u00a0\u00bbfull_width_section\u00a0\u00bb][vc_column width=\u00a0\u00bb1\/1&Prime;][vc_raw_html]W3dvbmRlcnBsdWdpbl9ncmlkZ2FsbGVyeSBpZD0xMzJd[\/vc_raw_html][\/vc_column][\/vc_row][vc_row top_padding=\u00a0\u00bb100&Prime; bottom_padding=\u00a0\u00bb100&Prime;][vc_column width=\u00a0\u00bb1\/6&Prime;][\/vc_column][vc_column width=\u00a0\u00bb2\/3&Prime;]<div class=\"single_image wpb_content_element align-center    \" data-animation=\"none\" data-delay=\"0\"><img loading=\"lazy\" decoding=\"async\" width=\"743\" height=\"270\" src=\"https:\/\/www.graphistudio.com\/wp-content\/uploads\/2023\/01\/magnoliaboxtext.jpg\" class=\"attachment-full\" alt=\"\" title=\"magnoliaboxtext\" srcset=\"https:\/\/www.graphistudio.com\/wp-content\/uploads\/2023\/01\/magnoliaboxtext.jpg 743w, https:\/\/www.graphistudio.com\/wp-content\/uploads\/2023\/01\/magnoliaboxtext-300x109.jpg 300w\" sizes=\"auto, (max-width: 743px) 100vw, 743px\" \/><\/div>[\/vc_column][vc_column width=\u00a0\u00bb1\/6&Prime;][\/vc_column][\/vc_row][vc_row bottom_padding=\u00a0\u00bb60&Prime;][vc_column width=\u00a0\u00bb1\/6&Prime;][\/vc_column][vc_column width=\u00a0\u00bb2\/3&Prime;][vc_column_text]<\/p>\n<p style=\"text-align: center;\">La meilleure fa\u00e7on de pr\u00e9server votre livre de mariage au fil des ans est de le garder en s\u00e9curit\u00e9 dans un endroit sp\u00e9cial. C&rsquo;est pourquoi nous avons cr\u00e9\u00e9 la Magnolia Box. Fabriqu\u00e9e sur mesure pour chaque livre et album, elle est con\u00e7ue pour prot\u00e9ger et embellir l&rsquo;int\u00e9rieur de votre maison de client.<\/p>\n<p>Cette bo\u00eete a \u00e9t\u00e9 con\u00e7ue pour cr\u00e9er un espace de rangement et d&rsquo;exposition.<\/p>\n<p style=\"text-align: center;\">Con\u00e7ue pour cr\u00e9er un impact visuel exceptionnel tout en alliant fonctionnalit\u00e9 et esth\u00e9tique, la bo\u00eete Magnolia maintient un concept de design continu \u00e0 l&rsquo;int\u00e9rieur de l&rsquo;ensemble et de la collection que vous \u00eates en train de cr\u00e9er.<\/p>\n<p>&nbsp;<br \/>\n[\/vc_column_text][\/vc_column][vc_column width=\u00a0\u00bb1\/6&Prime;][\/vc_column][\/vc_row][vc_row type=\u00a0\u00bbfull_width_section\u00a0\u00bb][vc_column width=\u00a0\u00bb1\/1&Prime;][vc_raw_html]W2h0cG9zdGNvbnRlbnQgaWQ9NjU3MjZd[\/vc_raw_html][\/vc_column][\/vc_row][vc_row type=\u00a0\u00bbfull_width_section\u00a0\u00bb top_padding=\u00a0\u00bb60&Prime;][vc_column][vc_column_text]<\/p>\n<h1 style=\"text-align: center;\">PERSONNALISATIONS<\/h1>\n<p>&nbsp;<br \/>\n[\/vc_column_text][vc_raw_html]W3dvbmRlcnBsdWdpbl8zZGNhcm91c2VsIGlkPTld[\/vc_raw_html][\/vc_column][\/vc_row][vc_row type=\u00a0\u00bbfull_width_section\u00a0\u00bb top_padding=\u00a0\u00bb100&Prime; bottom_padding=\u00a0\u00bb100&Prime;][vc_column width=\u00a0\u00bb1\/1&Prime;][vc_column_text]<\/p>\n<h1 style=\"text-align: center;\">MAT\u00c9RIAUX<\/h1>\n<p>&nbsp;<br \/>\n[\/vc_column_text]<div class=\"spacer\" style=\"height: 40px;\"><\/div>[vc_column_text]<\/p>\n<h3 style=\"text-align: center; color: lightgrey!important;\">ECO LIN<\/h3>\n<p>&nbsp;<br \/>\n[\/vc_column_text]<div class=\"spacer\" style=\"height: 40px;\"><\/div>[vc_raw_html]W3dvbmRlcnBsdWdpbl9ncmlkZ2FsbGVyeSBpZD0xNDFd[\/vc_raw_html]<div class=\"spacer\" style=\"height: 40px;\"><\/div><div class=\"spacer\" style=\"height: 40px;\"><\/div>[vc_column_text]<\/p>\n<h3 style=\"text-align: center; color: lightgrey!important;\">ECO COTON<\/h3>\n<p>&nbsp;<br \/>\n[\/vc_column_text]<div class=\"spacer\" style=\"height: 40px;\"><\/div>[vc_raw_html]W3dvbmRlcnBsdWdpbl9ncmlkZ2FsbGVyeSBpZD0xNDJd[\/vc_raw_html]<div class=\"spacer\" style=\"height: 40px;\"><\/div><div class=\"spacer\" style=\"height: 40px;\"><\/div>[vc_column_text]<\/p>\n<h3 style=\"text-align: center; color: lightgrey!important;\">VELOURS<\/h3>\n<p>&nbsp;<br \/>\n[\/vc_column_text]<div class=\"spacer\" style=\"height: 40px;\"><\/div>[vc_raw_html]W3dvbmRlcnBsdWdpbl9ncmlkZ2FsbGVyeSBpZD0xNDNd[\/vc_raw_html]<div class=\"spacer\" style=\"height: 40px;\"><\/div><div class=\"spacer\" style=\"height: 40px;\"><\/div>[vc_column_text]<\/p>\n<h3 style=\"text-align: center; color: lightgrey!important;\">CANVAS<\/h3>\n<p>&nbsp;<br \/>\n[\/vc_column_text]<div class=\"spacer\" style=\"height: 40px;\"><\/div><div class=\"spacer\" style=\"height: 40px;\"><\/div>[vc_raw_html]W3dvbmRlcnBsdWdpbl9ncmlkZ2FsbGVyeSBpZD0xNTFd[\/vc_raw_html]<div class=\"spacer\" style=\"height: 40px;\"><\/div>[vc_column_text]<\/p>\n<h3 style=\"text-align: center; color: lightgrey!important;\">CUIR<\/h3>\n<p>&nbsp;<br \/>\n[\/vc_column_text]<div class=\"spacer\" style=\"height: 40px;\"><\/div><div class=\"spacer\" style=\"height: 40px;\"><\/div>[vc_raw_html]W3dvbmRlcnBsdWdpbl9ncmlkZ2FsbGVyeSBpZD0xNzBd[\/vc_raw_html]<div class=\"spacer\" style=\"height: 40px;\"><\/div>[vc_column_text]<\/p>\n<h3 style=\"text-align: center; color: lightgrey!important;\">SUEDE<\/h3>\n<p>&nbsp;<br \/>\n[\/vc_column_text][vc_column_text]<\/p>\n<h5 style=\"text-align: center; color: lightgrey!important;\"><strong>\u00c9DITION EXCLUSIVE<\/strong><\/h5>\n<p>&nbsp;<br \/>\n[\/vc_column_text]<div class=\"spacer\" style=\"height: 40px;\"><\/div><div class=\"spacer\" style=\"height: 40px;\"><\/div>[vc_raw_html]W3dvbmRlcnBsdWdpbl9ncmlkZ2FsbGVyeSBpZD0xNTNd[\/vc_raw_html]<div class=\"spacer\" style=\"height: 40px;\"><\/div>[vc_column_text]<\/p>\n<h3 style=\"text-align: center; color: lightgrey!important;\">SUEDE<\/h3>\n<p>[\/vc_column_text]<div class=\"spacer\" style=\"height: 40px;\"><\/div><div class=\"spacer\" style=\"height: 40px;\"><\/div>[vc_raw_html]W3dvbmRlcnBsdWdpbl9ncmlkZ2FsbGVyeSBpZD0xNzhd[\/vc_raw_html]<div class=\"spacer\" style=\"height: 40px;\"><\/div>[\/vc_column][\/vc_row][vc_row text_align=\u00a0\u00bbcenter\u00a0\u00bb][vc_column width=\u00a0\u00bb1\/1&Prime;][vc_column_text]<\/p>\n<h3 style=\"text-align: center; color: lightgrey!important;\">RUBAN<\/h3>\n<p>&nbsp;<br \/>\n[\/vc_column_text]<div class=\"spacer\" style=\"height: 40px;\"><\/div><div class=\"spacer\" style=\"height: 40px;\"><\/div>[vc_raw_html]W3dvbmRlcnBsdWdpbl9ncmlkZ2FsbGVyeSBpZD0xNzdd[\/vc_raw_html]<div class=\"spacer\" style=\"height: 40px;\"><\/div>[\/vc_column][\/vc_row][vc_row text_align=\u00a0\u00bbcenter\u00a0\u00bb][vc_column width=\u00a0\u00bb1\/1&Prime;][vc_column_text]<\/p>\n<h3 style=\"text-align: center; color: lightgrey!important;\">CANET\u00c8<\/h3>\n<p>[\/vc_column_text]<div class=\"spacer\" style=\"height: 40px;\"><\/div><div class=\"spacer\" style=\"height: 40px;\"><\/div>[vc_raw_html]W3dvbmRlcnBsdWdpbl9ncmlkZ2FsbGVyeSBpZD0xODdd[\/vc_raw_html]<div class=\"spacer\" style=\"height: 40px;\"><\/div>[\/vc_column][\/vc_row][vc_row text_align=\u00a0\u00bbcenter\u00a0\u00bb][vc_column width=\u00a0\u00bb1\/1&Prime;][vc_column_text]<\/p>\n<h3 style=\"text-align: center; color: lightgrey!important;\">GAUZE<\/h3>\n<p>[\/vc_column_text]<div class=\"spacer\" style=\"height: 40px;\"><\/div><div class=\"spacer\" style=\"height: 40px;\"><\/div>[vc_raw_html]W3dvbmRlcnBsdWdpbl9ncmlkZ2FsbGVyeSBpZD0xODhd[\/vc_raw_html]<div class=\"spacer\" style=\"height: 40px;\"><\/div>[\/vc_column][\/vc_row][vc_row text_align=\u00a0\u00bbcenter\u00a0\u00bb][vc_column width=\u00a0\u00bb1\/1&Prime;][vc_column_text]<\/p>\n<h3 style=\"text-align: center; color: lightgrey!important;\">RAW COTTON<\/h3>\n<p>[\/vc_column_text]<div class=\"spacer\" style=\"height: 40px;\"><\/div><div class=\"spacer\" style=\"height: 40px;\"><\/div>[vc_raw_html]W3dvbmRlcnBsdWdpbl9ncmlkZ2FsbGVyeSBpZD0xODld[\/vc_raw_html]<div class=\"spacer\" style=\"height: 40px;\"><\/div>[\/vc_column][\/vc_row]<\/p>\n<\/div>","protected":false},"excerpt":{"rendered":"<p>[vc_row type=\u00a0\u00bbfull_width_section\u00a0\u00bb][vc_column width=\u00a0\u00bb1\/1&Prime;][vc_raw_html]W2h0cG9zdGNvbnRlbnQgaWQ9NjU3Mjhd[\/vc_raw_html][\/vc_column][\/vc_row][vc_row type=\u00a0\u00bbfull_width_section\u00a0\u00bb][vc_column width=\u00a0\u00bb1\/1&Prime;][vc_raw_html]W3dvbmRlcnBsdWdpbl9ncmlkZ2FsbGVyeSBpZD0xMzJd[\/vc_raw_html][\/vc_column][\/vc_row][vc_row top_padding=\u00a0\u00bb100&Prime; bottom_padding=\u00a0\u00bb100&Prime;][vc_column width=\u00a0\u00bb1\/6&Prime;][\/vc_column][vc_column width=\u00a0\u00bb2\/3&Prime;][\/vc_column][vc_column width=\u00a0\u00bb1\/6&Prime;][\/vc_column][\/vc_row][vc_row bottom_padding=\u00a0\u00bb60&Prime;][vc_column width=\u00a0\u00bb1\/6&Prime;][\/vc_column][vc_column width=\u00a0\u00bb2\/3&Prime;][vc_column_text] La meilleure fa\u00e7on de pr\u00e9server votre livre de mariage au fil des ans est de le garder en s\u00e9curit\u00e9 dans un endroit sp\u00e9cial. C&rsquo;est pourquoi nous avons cr\u00e9\u00e9 la Magnolia Box. Fabriqu\u00e9e sur mesure pour chaque livre et album, elle est con\u00e7ue pour prot\u00e9ger et embellir l&rsquo;int\u00e9rieur de votre maison de client. Cette bo\u00eete a \u00e9t\u00e9 con\u00e7ue pour cr\u00e9er un espace de rangement et d&rsquo;exposition. Con\u00e7ue pour cr\u00e9er un impact visuel exceptionnel tout en alliant fonctionnalit\u00e9 et esth\u00e9tique, la bo\u00eete Magnolia maintient un concept de design continu \u00e0 l&rsquo;int\u00e9rieur de l&rsquo;ensemble et de la collection que vous \u00eates en train de cr\u00e9er. &nbsp; [\/vc_column_text][\/vc_column][vc_column width=\u00a0\u00bb1\/6&Prime;][\/vc_column][\/vc_row][vc_row type=\u00a0\u00bbfull_width_section\u00a0\u00bb][vc_column width=\u00a0\u00bb1\/1&Prime;][vc_raw_html]W2h0cG9zdGNvbnRlbnQgaWQ9NjU3MjZd[\/vc_raw_html][\/vc_column][\/vc_row][vc_row type=\u00a0\u00bbfull_width_section\u00a0\u00bb top_padding=\u00a0\u00bb60&Prime;][vc_column][vc_column_text] PERSONNALISATIONS &nbsp; [\/vc_column_text][vc_raw_html]W3dvbmRlcnBsdWdpbl8zZGNhcm91c2VsIGlkPTld[\/vc_raw_html][\/vc_column][\/vc_row][vc_row type=\u00a0\u00bbfull_width_section\u00a0\u00bb top_padding=\u00a0\u00bb100&Prime; bottom_padding=\u00a0\u00bb100&Prime;][vc_column width=\u00a0\u00bb1\/1&Prime;][vc_column_text] MAT\u00c9RIAUX &nbsp; [\/vc_column_text][vc_column_text] ECO LIN &nbsp; [\/vc_column_text][vc_raw_html]W3dvbmRlcnBsdWdpbl9ncmlkZ2FsbGVyeSBpZD0xNDFd[\/vc_raw_html][vc_column_text] ECO COTON &nbsp; [\/vc_column_text][vc_raw_html]W3dvbmRlcnBsdWdpbl9ncmlkZ2FsbGVyeSBpZD0xNDJd[\/vc_raw_html][vc_column_text] VELOURS &nbsp; [\/vc_column_text][vc_raw_html]W3dvbmRlcnBsdWdpbl9ncmlkZ2FsbGVyeSBpZD0xNDNd[\/vc_raw_html][vc_column_text] CANVAS &nbsp; [\/vc_column_text][vc_raw_html]W3dvbmRlcnBsdWdpbl9ncmlkZ2FsbGVyeSBpZD0xNTFd[\/vc_raw_html][vc_column_text] CUIR &nbsp; [\/vc_column_text][vc_raw_html]W3dvbmRlcnBsdWdpbl9ncmlkZ2FsbGVyeSBpZD0xNzBd[\/vc_raw_html][vc_column_text] SUEDE &nbsp; [\/vc_column_text][vc_column_text] \u00c9DITION EXCLUSIVE &nbsp; [\/vc_column_text][vc_raw_html]W3dvbmRlcnBsdWdpbl9ncmlkZ2FsbGVyeSBpZD0xNTNd[\/vc_raw_html][vc_column_text] SUEDE [\/vc_column_text][vc_raw_html]W3dvbmRlcnBsdWdpbl9ncmlkZ2FsbGVyeSBpZD0xNzhd[\/vc_raw_html][\/vc_column][\/vc_row][vc_row text_align=\u00a0\u00bbcenter\u00a0\u00bb][vc_column width=\u00a0\u00bb1\/1&Prime;][vc_column_text] RUBAN &nbsp; [\/vc_column_text][vc_raw_html]W3dvbmRlcnBsdWdpbl9ncmlkZ2FsbGVyeSBpZD0xNzdd[\/vc_raw_html][\/vc_column][\/vc_row][vc_row text_align=\u00a0\u00bbcenter\u00a0\u00bb][vc_column width=\u00a0\u00bb1\/1&Prime;][vc_column_text] CANET\u00c8 [\/vc_column_text][vc_raw_html]W3dvbmRlcnBsdWdpbl9ncmlkZ2FsbGVyeSBpZD0xODdd[\/vc_raw_html][\/vc_column][\/vc_row][vc_row text_align=\u00a0\u00bbcenter\u00a0\u00bb][vc_column width=\u00a0\u00bb1\/1&Prime;][vc_column_text] GAUZE [\/vc_column_text][vc_raw_html]W3dvbmRlcnBsdWdpbl9ncmlkZ2FsbGVyeSBpZD0xODhd[\/vc_raw_html][\/vc_column][\/vc_row][vc_row text_align=\u00a0\u00bbcenter\u00a0\u00bb][vc_column width=\u00a0\u00bb1\/1&Prime;][vc_column_text] RAW COTTON [\/vc_column_text][vc_raw_html]W3dvbmRlcnBsdWdpbl9ncmlkZ2FsbGVyeSBpZD0xODld[\/vc_raw_html][\/vc_column][\/vc_row]<\/p>\n","protected":false},"author":8,"featured_media":0,"parent":65692,"menu_order":0,"comment_status":"closed","ping_status":"closed","template":"","meta":{"cybocfi_hide_featured_image":"","footnotes":""},"class_list":["post-56856","page","type-page","status-publish","hentry"],"yoast_head":"<!-- This site is optimized with the Yoast SEO plugin v26.7 - https:\/\/yoast.com\/wordpress\/plugins\/seo\/ -->\n<title>Magnolia Box - Graphistudio<\/title>\n<meta name=\"description\" content=\"Con\u00e7u par la nouvelle g\u00e9n\u00e9ration de femmes photographes, bient\u00f4t disponible.\" \/>\n<meta name=\"robots\" content=\"index, follow, max-snippet:-1, max-image-preview:large, max-video-preview:-1\" \/>\n<link rel=\"canonical\" href=\"https:\/\/www.graphistudio.com\/en\/tramontina-collection\/tramontina-products\/magnolia-box\/\" \/>\n<meta property=\"og:locale\" content=\"fr_FR\" \/>\n<meta property=\"og:type\" content=\"article\" \/>\n<meta property=\"og:title\" content=\"Tramontina Collection - Graphistudio\" \/>\n<meta property=\"og:description\" content=\"Con\u00e7u par la nouvelle g\u00e9n\u00e9ration de femmes photographes, bient\u00f4t disponible.\" \/>\n<meta property=\"og:url\" content=\"https:\/\/www.graphistudio.com\/en\/tramontina-collection\/tramontina-products\/magnolia-box\/\" \/>\n<meta property=\"og:site_name\" content=\"Graphistudio\" \/>\n<meta property=\"article:modified_time\" content=\"2023-12-11T07:56:51+00:00\" \/>\n<meta property=\"og:image\" content=\"https:\/\/www.graphistudio.com\/wp-content\/uploads\/2022\/03\/DSC9759_800px.jpg\" \/>\n<meta name=\"twitter:card\" content=\"summary_large_image\" \/>\n<meta name=\"twitter:title\" content=\"Tramontina Collection - Graphistudio\" \/>\n<meta name=\"twitter:description\" content=\"Con\u00e7u par la nouvelle g\u00e9n\u00e9ration de femmes photographes, bient\u00f4t disponible.\" \/>\n<meta name=\"twitter:image\" content=\"https:\/\/www.graphistudio.com\/wp-content\/uploads\/2022\/03\/DSC9759_800px.jpg\" \/>\n<meta name=\"twitter:label1\" content=\"Dur\u00e9e de lecture estim\u00e9e\" \/>\n\t<meta name=\"twitter:data1\" content=\"1 minute\" \/>\n<script type=\"application\/ld+json\" class=\"yoast-schema-graph\">{\"@context\":\"https:\/\/schema.org\",\"@graph\":[{\"@type\":\"WebPage\",\"@id\":\"https:\/\/www.graphistudio.com\/en\/tramontina-collection\/tramontina-products\/magnolia-box\/\",\"url\":\"https:\/\/www.graphistudio.com\/en\/tramontina-collection\/tramontina-products\/magnolia-box\/\",\"name\":\"Magnolia Box - Graphistudio\",\"isPartOf\":{\"@id\":\"https:\/\/www.graphistudio.com\/it\/#website\"},\"datePublished\":\"2023-09-06T07:19:15+00:00\",\"dateModified\":\"2023-12-11T07:56:51+00:00\",\"description\":\"Con\u00e7u par la nouvelle g\u00e9n\u00e9ration de femmes photographes, bient\u00f4t disponible.\",\"breadcrumb\":{\"@id\":\"https:\/\/www.graphistudio.com\/en\/tramontina-collection\/tramontina-products\/magnolia-box\/#breadcrumb\"},\"inLanguage\":\"fr-FR\",\"potentialAction\":[{\"@type\":\"ReadAction\",\"target\":[\"https:\/\/www.graphistudio.com\/en\/tramontina-collection\/tramontina-products\/magnolia-box\/\"]}]},{\"@type\":\"BreadcrumbList\",\"@id\":\"https:\/\/www.graphistudio.com\/en\/tramontina-collection\/tramontina-products\/magnolia-box\/#breadcrumb\",\"itemListElement\":[{\"@type\":\"ListItem\",\"position\":1,\"name\":\"Home\",\"item\":\"https:\/\/www.graphistudio.com\/fr\/\"},{\"@type\":\"ListItem\",\"position\":2,\"name\":\"Tramontina Collection\",\"item\":\"https:\/\/www.graphistudio.com\/fr\/tramontina-collection\/\"},{\"@type\":\"ListItem\",\"position\":3,\"name\":\"Tramontina Produits\",\"item\":\"https:\/\/www.graphistudio.com\/en\/tramontina-collection\/tramontina-products\/\"},{\"@type\":\"ListItem\",\"position\":4,\"name\":\"Magnolia Box\"}]},{\"@type\":\"WebSite\",\"@id\":\"https:\/\/www.graphistudio.com\/it\/#website\",\"url\":\"https:\/\/www.graphistudio.com\/it\/\",\"name\":\"Graphistudio\",\"description\":\"Handmade books made in Italy\",\"publisher\":{\"@id\":\"https:\/\/www.graphistudio.com\/it\/#organization\"},\"potentialAction\":[{\"@type\":\"SearchAction\",\"target\":{\"@type\":\"EntryPoint\",\"urlTemplate\":\"https:\/\/www.graphistudio.com\/it\/?s={search_term_string}\"},\"query-input\":{\"@type\":\"PropertyValueSpecification\",\"valueRequired\":true,\"valueName\":\"search_term_string\"}}],\"inLanguage\":\"fr-FR\"},{\"@type\":\"Organization\",\"@id\":\"https:\/\/www.graphistudio.com\/it\/#organization\",\"name\":\"Graphistudio\",\"url\":\"https:\/\/www.graphistudio.com\/it\/\",\"logo\":{\"@type\":\"ImageObject\",\"inLanguage\":\"fr-FR\",\"@id\":\"https:\/\/www.graphistudio.com\/it\/#\/schema\/logo\/image\/\",\"url\":\"https:\/\/www.graphistudio.com\/wp-content\/uploads\/2018\/01\/Logo_nero.png\",\"contentUrl\":\"https:\/\/www.graphistudio.com\/wp-content\/uploads\/2018\/01\/Logo_nero.png\",\"width\":160,\"height\":34,\"caption\":\"Graphistudio\"},\"image\":{\"@id\":\"https:\/\/www.graphistudio.com\/it\/#\/schema\/logo\/image\/\"}}]}<\/script>\n<!-- \/ Yoast SEO plugin. -->","yoast_head_json":{"title":"Magnolia Box - Graphistudio","description":"Con\u00e7u par la nouvelle g\u00e9n\u00e9ration de femmes photographes, bient\u00f4t disponible.","robots":{"index":"index","follow":"follow","max-snippet":"max-snippet:-1","max-image-preview":"max-image-preview:large","max-video-preview":"max-video-preview:-1"},"canonical":"https:\/\/www.graphistudio.com\/en\/tramontina-collection\/tramontina-products\/magnolia-box\/","og_locale":"fr_FR","og_type":"article","og_title":"Tramontina Collection - Graphistudio","og_description":"Con\u00e7u par la nouvelle g\u00e9n\u00e9ration de femmes photographes, bient\u00f4t disponible.","og_url":"https:\/\/www.graphistudio.com\/en\/tramontina-collection\/tramontina-products\/magnolia-box\/","og_site_name":"Graphistudio","article_modified_time":"2023-12-11T07:56:51+00:00","og_image":[{"url":"https:\/\/www.graphistudio.com\/wp-content\/uploads\/2022\/03\/DSC9759_800px.jpg","type":"","width":"","height":""}],"twitter_card":"summary_large_image","twitter_title":"Tramontina Collection - Graphistudio","twitter_description":"Con\u00e7u par la nouvelle g\u00e9n\u00e9ration de femmes photographes, bient\u00f4t disponible.","twitter_image":"https:\/\/www.graphistudio.com\/wp-content\/uploads\/2022\/03\/DSC9759_800px.jpg","twitter_misc":{"Dur\u00e9e de lecture estim\u00e9e":"1 minute"},"schema":{"@context":"https:\/\/schema.org","@graph":[{"@type":"WebPage","@id":"https:\/\/www.graphistudio.com\/en\/tramontina-collection\/tramontina-products\/magnolia-box\/","url":"https:\/\/www.graphistudio.com\/en\/tramontina-collection\/tramontina-products\/magnolia-box\/","name":"Magnolia Box - Graphistudio","isPartOf":{"@id":"https:\/\/www.graphistudio.com\/it\/#website"},"datePublished":"2023-09-06T07:19:15+00:00","dateModified":"2023-12-11T07:56:51+00:00","description":"Con\u00e7u par la nouvelle g\u00e9n\u00e9ration de femmes photographes, bient\u00f4t disponible.","breadcrumb":{"@id":"https:\/\/www.graphistudio.com\/en\/tramontina-collection\/tramontina-products\/magnolia-box\/#breadcrumb"},"inLanguage":"fr-FR","potentialAction":[{"@type":"ReadAction","target":["https:\/\/www.graphistudio.com\/en\/tramontina-collection\/tramontina-products\/magnolia-box\/"]}]},{"@type":"BreadcrumbList","@id":"https:\/\/www.graphistudio.com\/en\/tramontina-collection\/tramontina-products\/magnolia-box\/#breadcrumb","itemListElement":[{"@type":"ListItem","position":1,"name":"Home","item":"https:\/\/www.graphistudio.com\/fr\/"},{"@type":"ListItem","position":2,"name":"Tramontina Collection","item":"https:\/\/www.graphistudio.com\/fr\/tramontina-collection\/"},{"@type":"ListItem","position":3,"name":"Tramontina Produits","item":"https:\/\/www.graphistudio.com\/en\/tramontina-collection\/tramontina-products\/"},{"@type":"ListItem","position":4,"name":"Magnolia Box"}]},{"@type":"WebSite","@id":"https:\/\/www.graphistudio.com\/it\/#website","url":"https:\/\/www.graphistudio.com\/it\/","name":"Graphistudio","description":"Handmade books made in Italy","publisher":{"@id":"https:\/\/www.graphistudio.com\/it\/#organization"},"potentialAction":[{"@type":"SearchAction","target":{"@type":"EntryPoint","urlTemplate":"https:\/\/www.graphistudio.com\/it\/?s={search_term_string}"},"query-input":{"@type":"PropertyValueSpecification","valueRequired":true,"valueName":"search_term_string"}}],"inLanguage":"fr-FR"},{"@type":"Organization","@id":"https:\/\/www.graphistudio.com\/it\/#organization","name":"Graphistudio","url":"https:\/\/www.graphistudio.com\/it\/","logo":{"@type":"ImageObject","inLanguage":"fr-FR","@id":"https:\/\/www.graphistudio.com\/it\/#\/schema\/logo\/image\/","url":"https:\/\/www.graphistudio.com\/wp-content\/uploads\/2018\/01\/Logo_nero.png","contentUrl":"https:\/\/www.graphistudio.com\/wp-content\/uploads\/2018\/01\/Logo_nero.png","width":160,"height":34,"caption":"Graphistudio"},"image":{"@id":"https:\/\/www.graphistudio.com\/it\/#\/schema\/logo\/image\/"}}]}},"_links":{"self":[{"href":"https:\/\/www.graphistudio.com\/fr\/wp-json\/wp\/v2\/pages\/56856","targetHints":{"allow":["GET"]}}],"collection":[{"href":"https:\/\/www.graphistudio.com\/fr\/wp-json\/wp\/v2\/pages"}],"about":[{"href":"https:\/\/www.graphistudio.com\/fr\/wp-json\/wp\/v2\/types\/page"}],"author":[{"embeddable":true,"href":"https:\/\/www.graphistudio.com\/fr\/wp-json\/wp\/v2\/users\/8"}],"replies":[{"embeddable":true,"href":"https:\/\/www.graphistudio.com\/fr\/wp-json\/wp\/v2\/comments?post=56856"}],"version-history":[{"count":9,"href":"https:\/\/www.graphistudio.com\/fr\/wp-json\/wp\/v2\/pages\/56856\/revisions"}],"predecessor-version":[{"id":69000,"href":"https:\/\/www.graphistudio.com\/fr\/wp-json\/wp\/v2\/pages\/56856\/revisions\/69000"}],"up":[{"embeddable":true,"href":"https:\/\/www.graphistudio.com\/fr\/wp-json\/wp\/v2\/pages\/65692"}],"wp:attachment":[{"href":"https:\/\/www.graphistudio.com\/fr\/wp-json\/wp\/v2\/media?parent=56856"}],"curies":[{"name":"wp","href":"https:\/\/api.w.org\/{rel}","templated":true}]}}