{"id":51984,"date":"2022-02-28T13:44:12","date_gmt":"2022-02-28T12:44:12","guid":{"rendered":"https:\/\/www.graphistudio.com\/jerry-ghionis-collection\/"},"modified":"2022-10-27T11:06:45","modified_gmt":"2022-10-27T09:06:45","slug":"jerry-ghionis-collection","status":"publish","type":"page","link":"https:\/\/www.graphistudio.com\/fr\/jerry-ghionis-collection\/","title":{"rendered":"Jerry Ghionis Collection"},"content":{"rendered":"<div class=\"wpb-content-wrapper\"><p>[vc_row type=\u00a0\u00bbfull_width_section\u00a0\u00bb bg_image=\u00a0\u00bb51346&Prime;][vc_column width=\u00a0\u00bb1\/4&Prime;][\/vc_column][vc_column width=\u00a0\u00bb1\/2&Prime;]<div class=\"single_image wpb_content_element align-center    \" data-animation=\"none\" data-delay=\"0\"><img loading=\"lazy\" decoding=\"async\" width=\"1161\" height=\"420\" src=\"https:\/\/www.graphistudio.com\/wp-content\/uploads\/2022\/02\/pagina_jerry_g-e1663678640575.png\" class=\"attachment-large\" alt=\"\" title=\"pagina_jerry_g\" \/><\/div><div class=\"single_image wpb_content_element align-center    \" data-animation=\"none\" data-delay=\"0\"><img loading=\"lazy\" decoding=\"async\" width=\"1100\" height=\"1000\" src=\"https:\/\/www.graphistudio.com\/wp-content\/uploads\/2022\/02\/ghionis-frontw.png\" class=\"attachment-large\" alt=\"\" title=\"ghionis frontw\" srcset=\"https:\/\/www.graphistudio.com\/wp-content\/uploads\/2022\/02\/ghionis-frontw.png 1100w, https:\/\/www.graphistudio.com\/wp-content\/uploads\/2022\/02\/ghionis-frontw-300x273.png 300w, https:\/\/www.graphistudio.com\/wp-content\/uploads\/2022\/02\/ghionis-frontw-768x698.png 768w\" sizes=\"auto, (max-width: 1100px) 100vw, 1100px\" \/><\/div>[\/vc_column][vc_column width=\u00a0\u00bb1\/4&Prime;][\/vc_column][\/vc_row][vc_row bg_color=\u00a0\u00bb#b4895e\u00a0\u00bb top_padding=\u00a0\u00bb50&Prime; bottom_padding=\u00a0\u00bb50&Prime;][vc_column width=\u00a0\u00bb1\/6&Prime;][\/vc_column][vc_column width=\u00a0\u00bb2\/3&Prime;][vc_column_text el_class=\u00a0\u00bbtext_ghionis\u00a0\u00bb]<\/p>\n<h4 style=\"text-align: center; color: white; line-height: 200%;\">UN STYLE MODERNE ET \u00c9L\u00c9GANT<\/h4>\n<p>[\/vc_column_text][vc_column_text el_class=\u00a0\u00bbtext_ghionis\u00a0\u00bb]<\/p>\n<h5 style=\"text-align: center; color: white; line-height: 200%;\">Cette collection associe les aspects les plus pratiques d&rsquo;un produit bien con\u00e7u aux pi\u00e8ces les plus remarquables que vous trouverez dans le monde entier.<\/h5>\n<p>[\/vc_column_text][\/vc_column][vc_column width=\u00a0\u00bb1\/6&Prime;][\/vc_column][\/vc_row][vc_row bg_color=\u00a0\u00bb#525252&Prime; class=\u00a0\u00bbghionis\u00a0\u00bb][vc_column width=\u00a0\u00bb1\/2&Prime;]<div class=\"single_image wpb_content_element align-center    \" data-animation=\"none\" data-delay=\"0\"><img loading=\"lazy\" decoding=\"async\" width=\"1000\" height=\"781\" src=\"https:\/\/www.graphistudio.com\/wp-content\/uploads\/2022\/02\/jerry-ghionis-photographer-2.jpg\" class=\"attachment-full\" alt=\"\" title=\"jerry-ghionis-photographer-2\" srcset=\"https:\/\/www.graphistudio.com\/wp-content\/uploads\/2022\/02\/jerry-ghionis-photographer-2.jpg 1000w, https:\/\/www.graphistudio.com\/wp-content\/uploads\/2022\/02\/jerry-ghionis-photographer-2-300x234.jpg 300w, https:\/\/www.graphistudio.com\/wp-content\/uploads\/2022\/02\/jerry-ghionis-photographer-2-768x600.jpg 768w\" sizes=\"auto, (max-width: 1000px) 100vw, 1000px\" \/><\/div>[\/vc_column][vc_column column_center=\u00a0\u00bbtrue\u00a0\u00bb width=\u00a0\u00bb1\/2&Prime;]<div class=\"spacer\" style=\"height: 40px;\"><\/div>[vc_column_text el_class=\u00a0\u00bbtext_ghionis\u00a0\u00bb]<\/p>\n<h4 style=\"text-align: center; color: white;\">\u00c0 PROPOS DE JERRY GHIONIS<\/h4>\n<p>[\/vc_column_text][vc_column_text el_class=\u00a0\u00bbtext_ghionis\u00a0\u00bb]<\/p>\n<p style=\"text-align: center;\">Jerry est largement consid\u00e9r\u00e9 comme l&rsquo;un des meilleurs photographes de portraits et de mariages au monde et il est fier d&rsquo;appeler Las Vegas sa maison. Jerry est le photographe le plus d\u00e9cor\u00e9 de l&rsquo;organisation Wedding and Portrait Photographers International (WPPI) et est devenu leur premier Grand Master &#8211; leur plus haute distinction.<\/p>\n<p style=\"text-align: center;\">Ambassadeur Nikon et laur\u00e9at du United Nations Leadership Award d\u00e9cern\u00e9 par l&rsquo;International Photographic Council, la marque Jerry Ghionis est devenue synonyme d&rsquo;excellence, de ma\u00eetrise et d&rsquo;innovation.<\/p>\n<p>[\/vc_column_text]<div class=\"spacer\" style=\"height: 40px;\"><\/div>[\/vc_column][\/vc_row][vc_row type=\u00a0\u00bbfull_width_section\u00a0\u00bb top_padding=\u00a0\u00bb10&Prime;][vc_column text_align=\u00a0\u00bbcenter\u00a0\u00bb width=\u00a0\u00bb1\/1&Prime;][vc_raw_html]W3dvbmRlcnBsdWdpbl9ncmlkZ2FsbGVyeSBpZD0xMTVd[\/vc_raw_html][\/vc_column][\/vc_row][vc_row bg_color=\u00a0\u00bb#7a5731&Prime; top_padding=\u00a0\u00bb50&Prime; bottom_padding=\u00a0\u00bb50&Prime;][vc_column width=\u00a0\u00bb1\/6&Prime;][\/vc_column][vc_column width=\u00a0\u00bb2\/3&Prime;][vc_column_text el_class=\u00a0\u00bbtext_ghionis\u00a0\u00bb]<\/p>\n<h5 style=\"color: white; text-align: left; line-height: 200%;\">\u00ab\u00a0Que Graphistudio r\u00e9invente un produit existant ou cr\u00e9e une nouvelle cat\u00e9gorie dans un secteur qui a soi-disant tout vu, Graphi d\u00e9passe constamment les attentes les plus \u00e9lev\u00e9es !\u00a0\u00bb<\/h5>\n<h5 style=\"color: white; text-align: right; line-height: 200%;\">Jerry Ghionis<\/h5>\n<p>[\/vc_column_text][\/vc_column][vc_column width=\u00a0\u00bb1\/6&Prime;][\/vc_column][\/vc_row][vc_row bg_color=\u00a0\u00bb#b4895e\u00a0\u00bb top_padding=\u00a0\u00bb40&Prime; bottom_padding=\u00a0\u00bb40&Prime;][vc_column width=\u00a0\u00bb1\/1&Prime;][vc_column_text]<\/p>\n<h3 style=\"text-transform: uppercase; text-align: center; color: white; letter-spacing: 10px;\">Ice Blocks<\/h3>\n<p>[\/vc_column_text][\/vc_column][\/vc_row][vc_row bg_image=\u00a0\u00bb51454&Prime; full_height=\u00a0\u00bbtrue\u00a0\u00bb][vc_column width=\u00a0\u00bb1\/1&Prime;][\/vc_column][\/vc_row][vc_row bg_color=\u00a0\u00bb#b4895e\u00a0\u00bb top_padding=\u00a0\u00bb40&Prime; bottom_padding=\u00a0\u00bb40&Prime;][vc_column text_align=\u00a0\u00bbcenter\u00a0\u00bb width=\u00a0\u00bb1\/1&Prime;][vc_raw_html]W21pbnRpX2J1dHRvbiBjb2xvcj0iY3VzdG9tIiBjdXN0b21fY29sb3I9InJnYmEoMCwwLDAsMC4wMSkiIGJvcmRlcl9yYWRpdXM9IjAiIGNsYXNzPSJidXR0b24gYnV0dG9uTElHSFQiIGxpbms9Ii9qZXJyeS1naGlvbmlzLWNvbGxlY3Rpb24vdGFibGUtdG9wLWJsb2NrcyJdUGx1cyBkJ2luZm9ybWF0aW9uc1svbWludGlfYnV0dG9uXQ==[\/vc_raw_html][\/vc_column][\/vc_row][vc_row bg_image=\u00a0\u00bb51346&Prime; top_padding=\u00a0\u00bb50&Prime; bottom_padding=\u00a0\u00bb50&Prime;][vc_column text_align=\u00a0\u00bbcenter\u00a0\u00bb width=\u00a0\u00bb1\/1&Prime;][vc_column_text]<\/p>\n<h3 style=\"text-align: center; color: black;\">THE SOPHISTICATE ALBUM<\/h3>\n<p>[\/vc_column_text]<div class=\"single_image wpb_content_element align-center    \" data-animation=\"none\" data-delay=\"0\"><img loading=\"lazy\" decoding=\"async\" width=\"1000\" height=\"344\" src=\"https:\/\/www.graphistudio.com\/wp-content\/uploads\/2022\/02\/ghionis-quilted-details.jpg\" class=\"attachment-full\" alt=\"\" title=\"ghionis-quilted-details\" srcset=\"https:\/\/www.graphistudio.com\/wp-content\/uploads\/2022\/02\/ghionis-quilted-details.jpg 1000w, https:\/\/www.graphistudio.com\/wp-content\/uploads\/2022\/02\/ghionis-quilted-details-300x103.jpg 300w, https:\/\/www.graphistudio.com\/wp-content\/uploads\/2022\/02\/ghionis-quilted-details-768x264.jpg 768w\" sizes=\"auto, (max-width: 1000px) 100vw, 1000px\" \/><\/div><div class=\"single_image wpb_content_element align-center    \" data-animation=\"none\" data-delay=\"0\"><img loading=\"lazy\" decoding=\"async\" width=\"950\" height=\"454\" src=\"https:\/\/www.graphistudio.com\/wp-content\/uploads\/2022\/02\/ghionis-quilted-2_MG_6931-1.png\" class=\"attachment-full\" alt=\"\" title=\"ghionis quilted 2_MG_6931\" srcset=\"https:\/\/www.graphistudio.com\/wp-content\/uploads\/2022\/02\/ghionis-quilted-2_MG_6931-1.png 950w, https:\/\/www.graphistudio.com\/wp-content\/uploads\/2022\/02\/ghionis-quilted-2_MG_6931-1-300x143.png 300w, https:\/\/www.graphistudio.com\/wp-content\/uploads\/2022\/02\/ghionis-quilted-2_MG_6931-1-768x367.png 768w\" sizes=\"auto, (max-width: 950px) 100vw, 950px\" \/><\/div>[vc_column_text]<\/p>\n<h2 style=\"text-align: center; font-size: 24px;\">BIENT\u00d4T DISPONIBLE<\/h2>\n<p>[\/vc_column_text][vc_raw_html]W21pbnRpX2J1dHRvbiBjb2xvcj0iY3VzdG9tIiBjdXN0b21fY29sb3I9InJnYmEoMCwwLDAsMC4wMSkiIGJvcmRlcl9yYWRpdXM9IjAiIGNsYXNzPSJidXR0b24gYnV0dG9uREFSSyIgbGluaz0iL2plcnJ5LWdoaW9uaXMtY29sbGVjdGlvbi9xdWlsdGVkLWFsYnVtIl1QbHVzIGQnaW5mb3JtYXRpb25zWy9taW50aV9idXR0b25d[\/vc_raw_html][\/vc_column][\/vc_row][vc_row bg_color=\u00a0\u00bb#b4895e\u00a0\u00bb top_padding=\u00a0\u00bb40&Prime; bottom_padding=\u00a0\u00bb40&Prime;][vc_column width=\u00a0\u00bb1\/1&Prime;][vc_column_text]<\/p>\n<h3 style=\"text-transform: uppercase; text-align: center; color: white; letter-spacing: 10px;\">Leather and Eco Leather Wall Art<\/h3>\n<p>[\/vc_column_text][\/vc_column][\/vc_row][vc_row bg_image=\u00a0\u00bb51496&Prime; full_height=\u00a0\u00bbtrue\u00a0\u00bb][vc_column width=\u00a0\u00bb1\/1&Prime;][\/vc_column][\/vc_row][vc_row bg_color=\u00a0\u00bb#b4895e\u00a0\u00bb top_padding=\u00a0\u00bb20&Prime; bottom_padding=\u00a0\u00bb20&Prime;][vc_column text_align=\u00a0\u00bbcenter\u00a0\u00bb width=\u00a0\u00bb1\/1&Prime;][vc_raw_html]W21pbnRpX2J1dHRvbiBjb2xvcj0iY3VzdG9tIiBjdXN0b21fY29sb3I9InJnYmEoMCwwLDAsMC4wMSkiIGJvcmRlcl9yYWRpdXM9IjAiIGNsYXNzPSJidXR0b24gYnV0dG9uTElHSFQiIGxpbms9Ii9qZXJyeS1naGlvbmlzLWNvbGxlY3Rpb24vbGVhdGhlci13YWxsLWFydCJdUGx1cyBkJ2luZm9ybWF0aW9uc1svbWludGlfYnV0dG9uXQ==[\/vc_raw_html][\/vc_column][\/vc_row][vc_row type=\u00a0\u00bbfull_width_section\u00a0\u00bb bg_color=\u00a0\u00bb#3d3d3d\u00a0\u00bb bottom_padding=\u00a0\u00bb20&Prime;][vc_column text_align=\u00a0\u00bbcenter\u00a0\u00bb width=\u00a0\u00bb1\/1&Prime;]<div class=\"single_image wpb_content_element align-left    \" data-animation=\"none\" data-delay=\"0\"><img loading=\"lazy\" decoding=\"async\" width=\"2560\" height=\"1378\" src=\"https:\/\/www.graphistudio.com\/wp-content\/uploads\/2021\/02\/maverick_img_main4.jpg\" class=\"attachment-full\" alt=\"\" title=\"maverick_img_main4\" \/><\/div>[vc_raw_html]W21pbnRpX2J1dHRvbiBjb2xvcj0iY3VzdG9tIiBjdXN0b21fY29sb3I9InJnYmEoMCwwLDAsMC4wMSkiIGJvcmRlcl9yYWRpdXM9IjAiIGNsYXNzPSJidXR0b24gYnV0dG9uTElHSFQiIGxpbms9Ii9qZXJyeS1naGlvbmlzLWNvbGxlY3Rpb24vbWF2ZXJpY2siXVBsdXMgZCdpbmZvcm1hdGlvbnNbL21pbnRpX2J1dHRvbl0=[\/vc_raw_html][\/vc_column][\/vc_row][vc_row top_padding=\u00a0\u00bb40&Prime; bottom_padding=\u00a0\u00bb40&Prime;][vc_column width=\u00a0\u00bb1\/1&Prime;]<div class=\"single_image wpb_content_element align-center    \" data-animation=\"none\" data-delay=\"0\"><img loading=\"lazy\" decoding=\"async\" width=\"368\" height=\"60\" src=\"https:\/\/www.graphistudio.com\/wp-content\/uploads\/2022\/02\/jgptlogo-1.png\" class=\"attachment-full\" alt=\"\" title=\"jgptlogo-1\" srcset=\"https:\/\/www.graphistudio.com\/wp-content\/uploads\/2022\/02\/jgptlogo-1.png 368w, https:\/\/www.graphistudio.com\/wp-content\/uploads\/2022\/02\/jgptlogo-1-300x49.png 300w\" sizes=\"auto, (max-width: 368px) 100vw, 368px\" \/><\/div>[\/vc_column][\/vc_row][vc_row bg_color=\u00a0\u00bb#0a0a0a\u00a0\u00bb top_padding=\u00a0\u00bb80&Prime; bottom_padding=\u00a0\u00bb80&Prime;][vc_column text_align=\u00a0\u00bbcenter\u00a0\u00bb width=\u00a0\u00bb1\/1&Prime;][vc_column_text]<\/p>\n<h4 class=\"text-center\" style=\"text-align: center; color: white;\">Nous c\u00e9l\u00e9brons 13 ans d&rsquo;enseignement de la photographie en ligne !<\/h4>\n<p>[\/vc_column_text]<div class=\"video-embed  wpb_content_element\"><iframe loading=\"lazy\" title=\"Jerry Ghionis Photography Training\" width=\"1161\" height=\"653\" src=\"https:\/\/www.youtube.com\/embed\/1R7DA1sZous?feature=oembed\" frameborder=\"0\" allow=\"accelerometer; autoplay; clipboard-write; encrypted-media; gyroscope; picture-in-picture; web-share\" referrerpolicy=\"strict-origin-when-cross-origin\" allowfullscreen><\/iframe><\/div>[\/vc_column][\/vc_row][vc_row top_padding=\u00a0\u00bb40&Prime; bottom_padding=\u00a0\u00bb40&Prime;][vc_column width=\u00a0\u00bb1\/1&Prime;][vc_column_text]<\/p>\n<h6 style=\"text-align: center;\">la collection Jerry Ghionis<\/h6>\n<p>[\/vc_column_text][vc_raw_html]W3dvbmRlcnBsdWdpbl9ncmlkZ2FsbGVyeSBpZD0xMThd[\/vc_raw_html][\/vc_column][\/vc_row]<\/p>\n<\/div>","protected":false},"excerpt":{"rendered":"<p>[vc_row type=\u00a0\u00bbfull_width_section\u00a0\u00bb bg_image=\u00a0\u00bb51346&Prime;][vc_column width=\u00a0\u00bb1\/4&Prime;][\/vc_column][vc_column width=\u00a0\u00bb1\/2&Prime;][\/vc_column][vc_column width=\u00a0\u00bb1\/4&Prime;][\/vc_column][\/vc_row][vc_row bg_color=\u00a0\u00bb#b4895e\u00a0\u00bb top_padding=\u00a0\u00bb50&Prime; bottom_padding=\u00a0\u00bb50&Prime;][vc_column width=\u00a0\u00bb1\/6&Prime;][\/vc_column][vc_column width=\u00a0\u00bb2\/3&Prime;][vc_column_text el_class=\u00a0\u00bbtext_ghionis\u00a0\u00bb] UN STYLE MODERNE ET \u00c9L\u00c9GANT [\/vc_column_text][vc_column_text el_class=\u00a0\u00bbtext_ghionis\u00a0\u00bb] Cette collection associe les aspects les plus pratiques d&rsquo;un produit bien con\u00e7u aux pi\u00e8ces les plus remarquables que vous trouverez dans le monde entier. [\/vc_column_text][\/vc_column][vc_column width=\u00a0\u00bb1\/6&Prime;][\/vc_column][\/vc_row][vc_row bg_color=\u00a0\u00bb#525252&Prime; class=\u00a0\u00bbghionis\u00a0\u00bb][vc_column width=\u00a0\u00bb1\/2&Prime;][\/vc_column][vc_column column_center=\u00a0\u00bbtrue\u00a0\u00bb width=\u00a0\u00bb1\/2&Prime;][vc_column_text el_class=\u00a0\u00bbtext_ghionis\u00a0\u00bb] \u00c0 PROPOS DE JERRY GHIONIS [\/vc_column_text][vc_column_text el_class=\u00a0\u00bbtext_ghionis\u00a0\u00bb] Jerry est largement consid\u00e9r\u00e9 comme l&rsquo;un des meilleurs photographes de portraits et de mariages au monde et il est fier d&rsquo;appeler Las Vegas sa maison. Jerry est le photographe le plus d\u00e9cor\u00e9 de l&rsquo;organisation Wedding and Portrait Photographers International (WPPI) et est devenu leur premier Grand Master &#8211; leur plus haute distinction. Ambassadeur Nikon et laur\u00e9at du United Nations Leadership Award d\u00e9cern\u00e9 par l&rsquo;International Photographic Council, la marque Jerry Ghionis est devenue synonyme d&rsquo;excellence, de ma\u00eetrise et d&rsquo;innovation. [\/vc_column_text][\/vc_column][\/vc_row][vc_row type=\u00a0\u00bbfull_width_section\u00a0\u00bb top_padding=\u00a0\u00bb10&Prime;][vc_column text_align=\u00a0\u00bbcenter\u00a0\u00bb width=\u00a0\u00bb1\/1&Prime;][vc_raw_html]W3dvbmRlcnBsdWdpbl9ncmlkZ2FsbGVyeSBpZD0xMTVd[\/vc_raw_html][\/vc_column][\/vc_row][vc_row bg_color=\u00a0\u00bb#7a5731&Prime; top_padding=\u00a0\u00bb50&Prime; bottom_padding=\u00a0\u00bb50&Prime;][vc_column width=\u00a0\u00bb1\/6&Prime;][\/vc_column][vc_column width=\u00a0\u00bb2\/3&Prime;][vc_column_text el_class=\u00a0\u00bbtext_ghionis\u00a0\u00bb] \u00ab\u00a0Que Graphistudio r\u00e9invente un produit existant ou cr\u00e9e une nouvelle cat\u00e9gorie dans un secteur qui a soi-disant tout vu, Graphi d\u00e9passe constamment les attentes les plus \u00e9lev\u00e9es !\u00a0\u00bb Jerry Ghionis [\/vc_column_text][\/vc_column][vc_column width=\u00a0\u00bb1\/6&Prime;][\/vc_column][\/vc_row][vc_row bg_color=\u00a0\u00bb#b4895e\u00a0\u00bb top_padding=\u00a0\u00bb40&Prime; bottom_padding=\u00a0\u00bb40&Prime;][vc_column width=\u00a0\u00bb1\/1&Prime;][vc_column_text] Ice Blocks [\/vc_column_text][\/vc_column][\/vc_row][vc_row bg_image=\u00a0\u00bb51454&Prime; full_height=\u00a0\u00bbtrue\u00a0\u00bb][vc_column width=\u00a0\u00bb1\/1&Prime;][\/vc_column][\/vc_row][vc_row bg_color=\u00a0\u00bb#b4895e\u00a0\u00bb top_padding=\u00a0\u00bb40&Prime; bottom_padding=\u00a0\u00bb40&Prime;][vc_column text_align=\u00a0\u00bbcenter\u00a0\u00bb width=\u00a0\u00bb1\/1&Prime;][vc_raw_html]W21pbnRpX2J1dHRvbiBjb2xvcj0iY3VzdG9tIiBjdXN0b21fY29sb3I9InJnYmEoMCwwLDAsMC4wMSkiIGJvcmRlcl9yYWRpdXM9IjAiIGNsYXNzPSJidXR0b24gYnV0dG9uTElHSFQiIGxpbms9Ii9qZXJyeS1naGlvbmlzLWNvbGxlY3Rpb24vdGFibGUtdG9wLWJsb2NrcyJdUGx1cyBkJ2luZm9ybWF0aW9uc1svbWludGlfYnV0dG9uXQ==[\/vc_raw_html][\/vc_column][\/vc_row][vc_row bg_image=\u00a0\u00bb51346&Prime; top_padding=\u00a0\u00bb50&Prime; bottom_padding=\u00a0\u00bb50&Prime;][vc_column text_align=\u00a0\u00bbcenter\u00a0\u00bb width=\u00a0\u00bb1\/1&Prime;][vc_column_text] THE [&hellip;]<\/p>\n","protected":false},"author":8,"featured_media":0,"parent":0,"menu_order":0,"comment_status":"closed","ping_status":"closed","template":"","meta":{"cybocfi_hide_featured_image":"","footnotes":""},"class_list":["post-51984","page","type-page","status-publish","hentry"],"yoast_head":"<!-- This site is optimized with the Yoast SEO plugin v26.7 - https:\/\/yoast.com\/wordpress\/plugins\/seo\/ -->\n<title>Jerry Ghionis Collection - Graphistudio<\/title>\n<meta name=\"description\" content=\"Cette collection associe les aspects les plus pratiques d&#039;un produit bien con\u00e7u aux pi\u00e8ces les plus remarquables que vous trouverez dans le monde.\" \/>\n<meta name=\"robots\" content=\"index, follow, max-snippet:-1, max-image-preview:large, max-video-preview:-1\" \/>\n<link rel=\"canonical\" href=\"https:\/\/www.graphistudio.com\/fr\/jerry-ghionis-collection\/\" \/>\n<meta property=\"og:locale\" content=\"fr_FR\" \/>\n<meta property=\"og:type\" content=\"article\" \/>\n<meta property=\"og:title\" content=\"Jerry Ghionis Collection\" \/>\n<meta property=\"og:description\" content=\"Cette collection associe les aspects les plus pratiques d&#039;un produit bien con\u00e7u aux pi\u00e8ces les plus remarquables que vous trouverez dans le monde.\" \/>\n<meta property=\"og:url\" content=\"https:\/\/www.graphistudio.com\/fr\/jerry-ghionis-collection\/\" \/>\n<meta property=\"og:site_name\" content=\"Graphistudio\" \/>\n<meta property=\"article:modified_time\" content=\"2022-10-27T09:06:45+00:00\" \/>\n<meta property=\"og:image\" content=\"https:\/\/www.graphistudio.com\/wp-content\/uploads\/2022\/03\/288-Jerry-G-a.jpg\" \/>\n<meta name=\"twitter:card\" content=\"summary_large_image\" \/>\n<meta name=\"twitter:title\" content=\"Jerry Ghionis Collection\" \/>\n<meta name=\"twitter:description\" content=\"Cette collection associe les aspects les plus pratiques d&#039;un produit bien con\u00e7u aux pi\u00e8ces les plus remarquables que vous trouverez dans le monde.\" \/>\n<meta name=\"twitter:image\" content=\"https:\/\/www.graphistudio.com\/wp-content\/uploads\/2022\/03\/288-Jerry-G-a.jpg\" \/>\n<meta name=\"twitter:label1\" content=\"Dur\u00e9e de lecture estim\u00e9e\" \/>\n\t<meta name=\"twitter:data1\" content=\"4 minutes\" \/>\n<script type=\"application\/ld+json\" class=\"yoast-schema-graph\">{\"@context\":\"https:\/\/schema.org\",\"@graph\":[{\"@type\":\"WebPage\",\"@id\":\"https:\/\/www.graphistudio.com\/fr\/jerry-ghionis-collection\/\",\"url\":\"https:\/\/www.graphistudio.com\/fr\/jerry-ghionis-collection\/\",\"name\":\"Jerry Ghionis Collection - Graphistudio\",\"isPartOf\":{\"@id\":\"https:\/\/www.graphistudio.com\/it\/#website\"},\"datePublished\":\"2022-02-28T12:44:12+00:00\",\"dateModified\":\"2022-10-27T09:06:45+00:00\",\"description\":\"Cette collection associe les aspects les plus pratiques d'un produit bien con\u00e7u aux pi\u00e8ces les plus remarquables que vous trouverez dans le monde.\",\"breadcrumb\":{\"@id\":\"https:\/\/www.graphistudio.com\/fr\/jerry-ghionis-collection\/#breadcrumb\"},\"inLanguage\":\"fr-FR\",\"potentialAction\":[{\"@type\":\"ReadAction\",\"target\":[\"https:\/\/www.graphistudio.com\/fr\/jerry-ghionis-collection\/\"]}]},{\"@type\":\"BreadcrumbList\",\"@id\":\"https:\/\/www.graphistudio.com\/fr\/jerry-ghionis-collection\/#breadcrumb\",\"itemListElement\":[{\"@type\":\"ListItem\",\"position\":1,\"name\":\"Home\",\"item\":\"https:\/\/www.graphistudio.com\/fr\/\"},{\"@type\":\"ListItem\",\"position\":2,\"name\":\"Jerry Ghionis Collection\"}]},{\"@type\":\"WebSite\",\"@id\":\"https:\/\/www.graphistudio.com\/it\/#website\",\"url\":\"https:\/\/www.graphistudio.com\/it\/\",\"name\":\"Graphistudio\",\"description\":\"Handmade books made in Italy\",\"publisher\":{\"@id\":\"https:\/\/www.graphistudio.com\/it\/#organization\"},\"potentialAction\":[{\"@type\":\"SearchAction\",\"target\":{\"@type\":\"EntryPoint\",\"urlTemplate\":\"https:\/\/www.graphistudio.com\/it\/?s={search_term_string}\"},\"query-input\":{\"@type\":\"PropertyValueSpecification\",\"valueRequired\":true,\"valueName\":\"search_term_string\"}}],\"inLanguage\":\"fr-FR\"},{\"@type\":\"Organization\",\"@id\":\"https:\/\/www.graphistudio.com\/it\/#organization\",\"name\":\"Graphistudio\",\"url\":\"https:\/\/www.graphistudio.com\/it\/\",\"logo\":{\"@type\":\"ImageObject\",\"inLanguage\":\"fr-FR\",\"@id\":\"https:\/\/www.graphistudio.com\/it\/#\/schema\/logo\/image\/\",\"url\":\"https:\/\/www.graphistudio.com\/wp-content\/uploads\/2018\/01\/Logo_nero.png\",\"contentUrl\":\"https:\/\/www.graphistudio.com\/wp-content\/uploads\/2018\/01\/Logo_nero.png\",\"width\":160,\"height\":34,\"caption\":\"Graphistudio\"},\"image\":{\"@id\":\"https:\/\/www.graphistudio.com\/it\/#\/schema\/logo\/image\/\"}}]}<\/script>\n<!-- \/ Yoast SEO plugin. -->","yoast_head_json":{"title":"Jerry Ghionis Collection - Graphistudio","description":"Cette collection associe les aspects les plus pratiques d'un produit bien con\u00e7u aux pi\u00e8ces les plus remarquables que vous trouverez dans le monde.","robots":{"index":"index","follow":"follow","max-snippet":"max-snippet:-1","max-image-preview":"max-image-preview:large","max-video-preview":"max-video-preview:-1"},"canonical":"https:\/\/www.graphistudio.com\/fr\/jerry-ghionis-collection\/","og_locale":"fr_FR","og_type":"article","og_title":"Jerry Ghionis Collection","og_description":"Cette collection associe les aspects les plus pratiques d'un produit bien con\u00e7u aux pi\u00e8ces les plus remarquables que vous trouverez dans le monde.","og_url":"https:\/\/www.graphistudio.com\/fr\/jerry-ghionis-collection\/","og_site_name":"Graphistudio","article_modified_time":"2022-10-27T09:06:45+00:00","og_image":[{"url":"https:\/\/www.graphistudio.com\/wp-content\/uploads\/2022\/03\/288-Jerry-G-a.jpg","type":"","width":"","height":""}],"twitter_card":"summary_large_image","twitter_title":"Jerry Ghionis Collection","twitter_description":"Cette collection associe les aspects les plus pratiques d'un produit bien con\u00e7u aux pi\u00e8ces les plus remarquables que vous trouverez dans le monde.","twitter_image":"https:\/\/www.graphistudio.com\/wp-content\/uploads\/2022\/03\/288-Jerry-G-a.jpg","twitter_misc":{"Dur\u00e9e de lecture estim\u00e9e":"4 minutes"},"schema":{"@context":"https:\/\/schema.org","@graph":[{"@type":"WebPage","@id":"https:\/\/www.graphistudio.com\/fr\/jerry-ghionis-collection\/","url":"https:\/\/www.graphistudio.com\/fr\/jerry-ghionis-collection\/","name":"Jerry Ghionis Collection - Graphistudio","isPartOf":{"@id":"https:\/\/www.graphistudio.com\/it\/#website"},"datePublished":"2022-02-28T12:44:12+00:00","dateModified":"2022-10-27T09:06:45+00:00","description":"Cette collection associe les aspects les plus pratiques d'un produit bien con\u00e7u aux pi\u00e8ces les plus remarquables que vous trouverez dans le monde.","breadcrumb":{"@id":"https:\/\/www.graphistudio.com\/fr\/jerry-ghionis-collection\/#breadcrumb"},"inLanguage":"fr-FR","potentialAction":[{"@type":"ReadAction","target":["https:\/\/www.graphistudio.com\/fr\/jerry-ghionis-collection\/"]}]},{"@type":"BreadcrumbList","@id":"https:\/\/www.graphistudio.com\/fr\/jerry-ghionis-collection\/#breadcrumb","itemListElement":[{"@type":"ListItem","position":1,"name":"Home","item":"https:\/\/www.graphistudio.com\/fr\/"},{"@type":"ListItem","position":2,"name":"Jerry Ghionis Collection"}]},{"@type":"WebSite","@id":"https:\/\/www.graphistudio.com\/it\/#website","url":"https:\/\/www.graphistudio.com\/it\/","name":"Graphistudio","description":"Handmade books made in Italy","publisher":{"@id":"https:\/\/www.graphistudio.com\/it\/#organization"},"potentialAction":[{"@type":"SearchAction","target":{"@type":"EntryPoint","urlTemplate":"https:\/\/www.graphistudio.com\/it\/?s={search_term_string}"},"query-input":{"@type":"PropertyValueSpecification","valueRequired":true,"valueName":"search_term_string"}}],"inLanguage":"fr-FR"},{"@type":"Organization","@id":"https:\/\/www.graphistudio.com\/it\/#organization","name":"Graphistudio","url":"https:\/\/www.graphistudio.com\/it\/","logo":{"@type":"ImageObject","inLanguage":"fr-FR","@id":"https:\/\/www.graphistudio.com\/it\/#\/schema\/logo\/image\/","url":"https:\/\/www.graphistudio.com\/wp-content\/uploads\/2018\/01\/Logo_nero.png","contentUrl":"https:\/\/www.graphistudio.com\/wp-content\/uploads\/2018\/01\/Logo_nero.png","width":160,"height":34,"caption":"Graphistudio"},"image":{"@id":"https:\/\/www.graphistudio.com\/it\/#\/schema\/logo\/image\/"}}]}},"_links":{"self":[{"href":"https:\/\/www.graphistudio.com\/fr\/wp-json\/wp\/v2\/pages\/51984","targetHints":{"allow":["GET"]}}],"collection":[{"href":"https:\/\/www.graphistudio.com\/fr\/wp-json\/wp\/v2\/pages"}],"about":[{"href":"https:\/\/www.graphistudio.com\/fr\/wp-json\/wp\/v2\/types\/page"}],"author":[{"embeddable":true,"href":"https:\/\/www.graphistudio.com\/fr\/wp-json\/wp\/v2\/users\/8"}],"replies":[{"embeddable":true,"href":"https:\/\/www.graphistudio.com\/fr\/wp-json\/wp\/v2\/comments?post=51984"}],"version-history":[{"count":12,"href":"https:\/\/www.graphistudio.com\/fr\/wp-json\/wp\/v2\/pages\/51984\/revisions"}],"predecessor-version":[{"id":55766,"href":"https:\/\/www.graphistudio.com\/fr\/wp-json\/wp\/v2\/pages\/51984\/revisions\/55766"}],"wp:attachment":[{"href":"https:\/\/www.graphistudio.com\/fr\/wp-json\/wp\/v2\/media?parent=51984"}],"curies":[{"name":"wp","href":"https:\/\/api.w.org\/{rel}","templated":true}]}}