{"id":45789,"date":"2021-02-22T13:15:29","date_gmt":"2021-02-22T12:15:29","guid":{"rendered":"https:\/\/www.graphistudio.com\/pulpe-de-bois\/"},"modified":"2021-02-23T11:46:07","modified_gmt":"2021-02-23T10:46:07","slug":"pulpe-de-bois","status":"publish","type":"page","link":"https:\/\/www.graphistudio.com\/fr\/materiaux\/pulpe-de-bois\/","title":{"rendered":"Pulpe de bois"},"content":{"rendered":"<div class=\"wpb-content-wrapper\"><p>[vc_row][vc_column width=\u00a0\u00bb1\/1&Prime;]<div class=\"spacer\" style=\"height: 20px;\"><\/div>[vc_column_text]<\/p>\n<h4 style=\"text-align: center;\">Pulpe de Bois<\/h4>\n<p class=\"p1\" style=\"text-align: center;\">Ce mat\u00e9riau extr\u00eamement mall\u00e9able est obtenu \u00e0 partir d\u2019un m\u00e9lange de cellulose et de p\u00e2te de bois, cette mati\u00e8re parvient \u00e0 allier parfaitement l\u2019aspect naturel du bois \u00e0 la durabilit\u00e9 et \u00e0 la l\u00e9g\u00e8ret\u00e9 caract\u00e9ristiques des mat\u00e9riaux synth\u00e9tiques.<\/p>\n<p>[\/vc_column_text][vc_raw_html]W3dvbmRlcnBsdWdpbl9jYXJvdXNlbCBpZD0iMTkiXQ==[\/vc_raw_html][\/vc_column][\/vc_row]<\/p>\n<\/div>","protected":false},"excerpt":{"rendered":"<p>[vc_row][vc_column width=\u00a0\u00bb1\/1&Prime;][vc_column_text] Pulpe de Bois Ce mat\u00e9riau extr\u00eamement mall\u00e9able est obtenu \u00e0 partir d\u2019un m\u00e9lange de cellulose et de p\u00e2te de bois, cette mati\u00e8re parvient \u00e0 allier parfaitement l\u2019aspect naturel du bois \u00e0 la durabilit\u00e9 et \u00e0 la l\u00e9g\u00e8ret\u00e9 caract\u00e9ristiques des mat\u00e9riaux synth\u00e9tiques. [\/vc_column_text][vc_raw_html]W3dvbmRlcnBsdWdpbl9jYXJvdXNlbCBpZD0iMTkiXQ==[\/vc_raw_html][\/vc_column][\/vc_row]<\/p>\n","protected":false},"author":8,"featured_media":0,"parent":45965,"menu_order":0,"comment_status":"closed","ping_status":"closed","template":"page-templates\/page-blank-noflag.php","meta":{"cybocfi_hide_featured_image":"","footnotes":""},"class_list":["post-45789","page","type-page","status-publish","hentry"],"yoast_head":"<!-- This site is optimized with the Yoast SEO plugin v26.7 - https:\/\/yoast.com\/wordpress\/plugins\/seo\/ -->\n<title>Pulpe de bois - Graphistudio<\/title>\n<meta name=\"robots\" content=\"noindex, follow\" \/>\n<meta property=\"og:locale\" content=\"fr_FR\" \/>\n<meta property=\"og:type\" content=\"article\" \/>\n<meta property=\"og:title\" content=\"Pulpe de bois - Graphistudio\" \/>\n<meta property=\"og:description\" content=\"[vc_row][vc_column width=\u00a0\u00bb1\/1&Prime;][vc_column_text] Pulpe de Bois Ce mat\u00e9riau extr\u00eamement mall\u00e9able est obtenu \u00e0 partir d\u2019un m\u00e9lange de cellulose et de p\u00e2te de bois, cette mati\u00e8re parvient \u00e0 allier parfaitement l\u2019aspect naturel du bois \u00e0 la durabilit\u00e9 et \u00e0 la l\u00e9g\u00e8ret\u00e9 caract\u00e9ristiques des mat\u00e9riaux synth\u00e9tiques. [\/vc_column_text][vc_raw_html]W3dvbmRlcnBsdWdpbl9jYXJvdXNlbCBpZD0iMTkiXQ==[\/vc_raw_html][\/vc_column][\/vc_row]\" \/>\n<meta property=\"og:url\" content=\"https:\/\/www.graphistudio.com\/en\/materials\/woodfibre\/\" \/>\n<meta property=\"og:site_name\" content=\"Graphistudio\" \/>\n<meta property=\"article:modified_time\" content=\"2021-02-23T10:46:07+00:00\" \/>\n<meta name=\"twitter:card\" content=\"summary_large_image\" \/>\n<script type=\"application\/ld+json\" class=\"yoast-schema-graph\">{\"@context\":\"https:\/\/schema.org\",\"@graph\":[{\"@type\":\"WebPage\",\"@id\":\"https:\/\/www.graphistudio.com\/en\/materials\/woodfibre\/\",\"url\":\"https:\/\/www.graphistudio.com\/en\/materials\/woodfibre\/\",\"name\":\"Pulpe de bois - Graphistudio\",\"isPartOf\":{\"@id\":\"https:\/\/www.graphistudio.com\/it\/#website\"},\"datePublished\":\"2021-02-22T12:15:29+00:00\",\"dateModified\":\"2021-02-23T10:46:07+00:00\",\"breadcrumb\":{\"@id\":\"https:\/\/www.graphistudio.com\/en\/materials\/woodfibre\/#breadcrumb\"},\"inLanguage\":\"fr-FR\",\"potentialAction\":[{\"@type\":\"ReadAction\",\"target\":[\"https:\/\/www.graphistudio.com\/en\/materials\/woodfibre\/\"]}]},{\"@type\":\"BreadcrumbList\",\"@id\":\"https:\/\/www.graphistudio.com\/en\/materials\/woodfibre\/#breadcrumb\",\"itemListElement\":[{\"@type\":\"ListItem\",\"position\":1,\"name\":\"Home\",\"item\":\"https:\/\/www.graphistudio.com\/fr\/\"},{\"@type\":\"ListItem\",\"position\":2,\"name\":\"Mat\u00e9riaux\",\"item\":\"https:\/\/www.graphistudio.com\/fr\/materiaux\/\"},{\"@type\":\"ListItem\",\"position\":3,\"name\":\"Pulpe de bois\"}]},{\"@type\":\"WebSite\",\"@id\":\"https:\/\/www.graphistudio.com\/it\/#website\",\"url\":\"https:\/\/www.graphistudio.com\/it\/\",\"name\":\"Graphistudio\",\"description\":\"Handmade books made in Italy\",\"publisher\":{\"@id\":\"https:\/\/www.graphistudio.com\/it\/#organization\"},\"potentialAction\":[{\"@type\":\"SearchAction\",\"target\":{\"@type\":\"EntryPoint\",\"urlTemplate\":\"https:\/\/www.graphistudio.com\/it\/?s={search_term_string}\"},\"query-input\":{\"@type\":\"PropertyValueSpecification\",\"valueRequired\":true,\"valueName\":\"search_term_string\"}}],\"inLanguage\":\"fr-FR\"},{\"@type\":\"Organization\",\"@id\":\"https:\/\/www.graphistudio.com\/it\/#organization\",\"name\":\"Graphistudio\",\"url\":\"https:\/\/www.graphistudio.com\/it\/\",\"logo\":{\"@type\":\"ImageObject\",\"inLanguage\":\"fr-FR\",\"@id\":\"https:\/\/www.graphistudio.com\/it\/#\/schema\/logo\/image\/\",\"url\":\"https:\/\/www.graphistudio.com\/wp-content\/uploads\/2018\/01\/Logo_nero.png\",\"contentUrl\":\"https:\/\/www.graphistudio.com\/wp-content\/uploads\/2018\/01\/Logo_nero.png\",\"width\":160,\"height\":34,\"caption\":\"Graphistudio\"},\"image\":{\"@id\":\"https:\/\/www.graphistudio.com\/it\/#\/schema\/logo\/image\/\"}}]}<\/script>\n<!-- \/ Yoast SEO plugin. -->","yoast_head_json":{"title":"Pulpe de bois - Graphistudio","robots":{"index":"noindex","follow":"follow"},"og_locale":"fr_FR","og_type":"article","og_title":"Pulpe de bois - Graphistudio","og_description":"[vc_row][vc_column width=\u00a0\u00bb1\/1&Prime;][vc_column_text] Pulpe de Bois Ce mat\u00e9riau extr\u00eamement mall\u00e9able est obtenu \u00e0 partir d\u2019un m\u00e9lange de cellulose et de p\u00e2te de bois, cette mati\u00e8re parvient \u00e0 allier parfaitement l\u2019aspect naturel du bois \u00e0 la durabilit\u00e9 et \u00e0 la l\u00e9g\u00e8ret\u00e9 caract\u00e9ristiques des mat\u00e9riaux synth\u00e9tiques. [\/vc_column_text][vc_raw_html]W3dvbmRlcnBsdWdpbl9jYXJvdXNlbCBpZD0iMTkiXQ==[\/vc_raw_html][\/vc_column][\/vc_row]","og_url":"https:\/\/www.graphistudio.com\/en\/materials\/woodfibre\/","og_site_name":"Graphistudio","article_modified_time":"2021-02-23T10:46:07+00:00","twitter_card":"summary_large_image","schema":{"@context":"https:\/\/schema.org","@graph":[{"@type":"WebPage","@id":"https:\/\/www.graphistudio.com\/en\/materials\/woodfibre\/","url":"https:\/\/www.graphistudio.com\/en\/materials\/woodfibre\/","name":"Pulpe de bois - Graphistudio","isPartOf":{"@id":"https:\/\/www.graphistudio.com\/it\/#website"},"datePublished":"2021-02-22T12:15:29+00:00","dateModified":"2021-02-23T10:46:07+00:00","breadcrumb":{"@id":"https:\/\/www.graphistudio.com\/en\/materials\/woodfibre\/#breadcrumb"},"inLanguage":"fr-FR","potentialAction":[{"@type":"ReadAction","target":["https:\/\/www.graphistudio.com\/en\/materials\/woodfibre\/"]}]},{"@type":"BreadcrumbList","@id":"https:\/\/www.graphistudio.com\/en\/materials\/woodfibre\/#breadcrumb","itemListElement":[{"@type":"ListItem","position":1,"name":"Home","item":"https:\/\/www.graphistudio.com\/fr\/"},{"@type":"ListItem","position":2,"name":"Mat\u00e9riaux","item":"https:\/\/www.graphistudio.com\/fr\/materiaux\/"},{"@type":"ListItem","position":3,"name":"Pulpe de bois"}]},{"@type":"WebSite","@id":"https:\/\/www.graphistudio.com\/it\/#website","url":"https:\/\/www.graphistudio.com\/it\/","name":"Graphistudio","description":"Handmade books made in Italy","publisher":{"@id":"https:\/\/www.graphistudio.com\/it\/#organization"},"potentialAction":[{"@type":"SearchAction","target":{"@type":"EntryPoint","urlTemplate":"https:\/\/www.graphistudio.com\/it\/?s={search_term_string}"},"query-input":{"@type":"PropertyValueSpecification","valueRequired":true,"valueName":"search_term_string"}}],"inLanguage":"fr-FR"},{"@type":"Organization","@id":"https:\/\/www.graphistudio.com\/it\/#organization","name":"Graphistudio","url":"https:\/\/www.graphistudio.com\/it\/","logo":{"@type":"ImageObject","inLanguage":"fr-FR","@id":"https:\/\/www.graphistudio.com\/it\/#\/schema\/logo\/image\/","url":"https:\/\/www.graphistudio.com\/wp-content\/uploads\/2018\/01\/Logo_nero.png","contentUrl":"https:\/\/www.graphistudio.com\/wp-content\/uploads\/2018\/01\/Logo_nero.png","width":160,"height":34,"caption":"Graphistudio"},"image":{"@id":"https:\/\/www.graphistudio.com\/it\/#\/schema\/logo\/image\/"}}]}},"_links":{"self":[{"href":"https:\/\/www.graphistudio.com\/fr\/wp-json\/wp\/v2\/pages\/45789","targetHints":{"allow":["GET"]}}],"collection":[{"href":"https:\/\/www.graphistudio.com\/fr\/wp-json\/wp\/v2\/pages"}],"about":[{"href":"https:\/\/www.graphistudio.com\/fr\/wp-json\/wp\/v2\/types\/page"}],"author":[{"embeddable":true,"href":"https:\/\/www.graphistudio.com\/fr\/wp-json\/wp\/v2\/users\/8"}],"replies":[{"embeddable":true,"href":"https:\/\/www.graphistudio.com\/fr\/wp-json\/wp\/v2\/comments?post=45789"}],"version-history":[{"count":1,"href":"https:\/\/www.graphistudio.com\/fr\/wp-json\/wp\/v2\/pages\/45789\/revisions"}],"predecessor-version":[{"id":45790,"href":"https:\/\/www.graphistudio.com\/fr\/wp-json\/wp\/v2\/pages\/45789\/revisions\/45790"}],"up":[{"embeddable":true,"href":"https:\/\/www.graphistudio.com\/fr\/wp-json\/wp\/v2\/pages\/45965"}],"wp:attachment":[{"href":"https:\/\/www.graphistudio.com\/fr\/wp-json\/wp\/v2\/media?parent=45789"}],"curies":[{"name":"wp","href":"https:\/\/api.w.org\/{rel}","templated":true}]}}