{"id":45765,"date":"2021-02-22T13:04:24","date_gmt":"2021-02-22T12:04:24","guid":{"rendered":"https:\/\/www.graphistudio.com\/metal-paint-vernies\/"},"modified":"2021-02-22T13:04:25","modified_gmt":"2021-02-22T12:04:25","slug":"metal-paint-vernies","status":"publish","type":"page","link":"https:\/\/www.graphistudio.com\/fr\/materiaux\/metal-paint-vernies\/","title":{"rendered":"Metal Paint Vernies"},"content":{"rendered":"<div class=\"wpb-content-wrapper\"><p>[vc_row][vc_column width=\u00a0\u00bb1\/1&Prime;]<div class=\"spacer\" style=\"height: 20px;\"><\/div>[vc_column_text]<\/p>\n<h4 style=\"text-align: center;\">Metal Paint Vernies<\/h4>\n<p class=\"p1\" style=\"text-align: center;\">Une solide plaque d\u2019aluminium \u00e9paisse de 3 mm vernie gr\u00e2ce \u00e0 un proc\u00e9d\u00e9 issu de l\u2019industrie automobile. Ce mat\u00e9riau \u00e0 la fois qualitatif et dot\u00e9 d\u2019une surface parfaitement lisse, se d\u00e9clinent en 20 coloris et 4 finitions diff\u00e9rentes : vernies, m\u00e9tallis\u00e9es, pastels et touch. Ces couvertures sont personnalisables gr\u00e2ce \u00e0 l\u2019estampage laser qui permet de laisser apparaitre la base en aluminium, il est \u00e9galement possible de rajouter une surimpression couleur sur cette couverture. Tout y est imprimable, du plus simple texte au montage le plus \u00e9labor\u00e9.<\/p>\n<p>[\/vc_column_text][vc_raw_html]W3dvbmRlcnBsdWdpbl9jYXJvdXNlbCBpZD0iMzEiXQ==[\/vc_raw_html][\/vc_column][\/vc_row]<\/p>\n<\/div>","protected":false},"excerpt":{"rendered":"<p>[vc_row][vc_column width=\u00a0\u00bb1\/1&Prime;][vc_column_text] Metal Paint Vernies Une solide plaque d\u2019aluminium \u00e9paisse de 3 mm vernie gr\u00e2ce \u00e0 un proc\u00e9d\u00e9 issu de l\u2019industrie automobile. Ce mat\u00e9riau \u00e0 la fois qualitatif et dot\u00e9 d\u2019une surface parfaitement lisse, se d\u00e9clinent en 20 coloris et 4 finitions diff\u00e9rentes : vernies, m\u00e9tallis\u00e9es, pastels et touch. Ces couvertures sont personnalisables gr\u00e2ce \u00e0 l\u2019estampage laser qui permet de laisser apparaitre la base en aluminium, il est \u00e9galement possible de rajouter une surimpression couleur sur cette couverture. Tout y est imprimable, du plus simple texte au montage le plus \u00e9labor\u00e9. [\/vc_column_text][vc_raw_html]W3dvbmRlcnBsdWdpbl9jYXJvdXNlbCBpZD0iMzEiXQ==[\/vc_raw_html][\/vc_column][\/vc_row]<\/p>\n","protected":false},"author":8,"featured_media":0,"parent":45965,"menu_order":0,"comment_status":"closed","ping_status":"closed","template":"page-templates\/page-blank-noflag.php","meta":{"cybocfi_hide_featured_image":"","footnotes":""},"class_list":["post-45765","page","type-page","status-publish","hentry"],"yoast_head":"<!-- This site is optimized with the Yoast SEO plugin v26.7 - https:\/\/yoast.com\/wordpress\/plugins\/seo\/ -->\n<title>Metal Paint Vernies - Graphistudio<\/title>\n<meta name=\"robots\" content=\"noindex, follow\" \/>\n<meta property=\"og:locale\" content=\"fr_FR\" \/>\n<meta property=\"og:type\" content=\"article\" \/>\n<meta property=\"og:title\" content=\"Metal Paint Vernies - Graphistudio\" \/>\n<meta property=\"og:description\" content=\"[vc_row][vc_column width=\u00a0\u00bb1\/1&Prime;][vc_column_text] Metal Paint Vernies Une solide plaque d\u2019aluminium \u00e9paisse de 3 mm vernie gr\u00e2ce \u00e0 un proc\u00e9d\u00e9 issu de l\u2019industrie automobile. Ce mat\u00e9riau \u00e0 la fois qualitatif et dot\u00e9 d\u2019une surface parfaitement lisse, se d\u00e9clinent en 20 coloris et 4 finitions diff\u00e9rentes : vernies, m\u00e9tallis\u00e9es, pastels et touch. Ces couvertures sont personnalisables gr\u00e2ce \u00e0 l\u2019estampage laser qui permet de laisser apparaitre la base en aluminium, il est \u00e9galement possible de rajouter une surimpression couleur sur cette couverture. Tout y est imprimable, du plus simple texte au montage le plus \u00e9labor\u00e9. [\/vc_column_text][vc_raw_html]W3dvbmRlcnBsdWdpbl9jYXJvdXNlbCBpZD0iMzEiXQ==[\/vc_raw_html][\/vc_column][\/vc_row]\" \/>\n<meta property=\"og:url\" content=\"https:\/\/www.graphistudio.com\/en\/materials\/metalpaintglossy\/\" \/>\n<meta property=\"og:site_name\" content=\"Graphistudio\" \/>\n<meta property=\"article:modified_time\" content=\"2021-02-22T12:04:25+00:00\" \/>\n<meta name=\"twitter:card\" content=\"summary_large_image\" \/>\n<meta name=\"twitter:label1\" content=\"Dur\u00e9e de lecture estim\u00e9e\" \/>\n\t<meta name=\"twitter:data1\" content=\"1 minute\" \/>\n<script type=\"application\/ld+json\" class=\"yoast-schema-graph\">{\"@context\":\"https:\/\/schema.org\",\"@graph\":[{\"@type\":\"WebPage\",\"@id\":\"https:\/\/www.graphistudio.com\/en\/materials\/metalpaintglossy\/\",\"url\":\"https:\/\/www.graphistudio.com\/en\/materials\/metalpaintglossy\/\",\"name\":\"Metal Paint Vernies - Graphistudio\",\"isPartOf\":{\"@id\":\"https:\/\/www.graphistudio.com\/it\/#website\"},\"datePublished\":\"2021-02-22T12:04:24+00:00\",\"dateModified\":\"2021-02-22T12:04:25+00:00\",\"breadcrumb\":{\"@id\":\"https:\/\/www.graphistudio.com\/en\/materials\/metalpaintglossy\/#breadcrumb\"},\"inLanguage\":\"fr-FR\",\"potentialAction\":[{\"@type\":\"ReadAction\",\"target\":[\"https:\/\/www.graphistudio.com\/en\/materials\/metalpaintglossy\/\"]}]},{\"@type\":\"BreadcrumbList\",\"@id\":\"https:\/\/www.graphistudio.com\/en\/materials\/metalpaintglossy\/#breadcrumb\",\"itemListElement\":[{\"@type\":\"ListItem\",\"position\":1,\"name\":\"Home\",\"item\":\"https:\/\/www.graphistudio.com\/fr\/\"},{\"@type\":\"ListItem\",\"position\":2,\"name\":\"Mat\u00e9riaux\",\"item\":\"https:\/\/www.graphistudio.com\/fr\/materiaux\/\"},{\"@type\":\"ListItem\",\"position\":3,\"name\":\"Metal Paint Vernies\"}]},{\"@type\":\"WebSite\",\"@id\":\"https:\/\/www.graphistudio.com\/it\/#website\",\"url\":\"https:\/\/www.graphistudio.com\/it\/\",\"name\":\"Graphistudio\",\"description\":\"Handmade books made in Italy\",\"publisher\":{\"@id\":\"https:\/\/www.graphistudio.com\/it\/#organization\"},\"potentialAction\":[{\"@type\":\"SearchAction\",\"target\":{\"@type\":\"EntryPoint\",\"urlTemplate\":\"https:\/\/www.graphistudio.com\/it\/?s={search_term_string}\"},\"query-input\":{\"@type\":\"PropertyValueSpecification\",\"valueRequired\":true,\"valueName\":\"search_term_string\"}}],\"inLanguage\":\"fr-FR\"},{\"@type\":\"Organization\",\"@id\":\"https:\/\/www.graphistudio.com\/it\/#organization\",\"name\":\"Graphistudio\",\"url\":\"https:\/\/www.graphistudio.com\/it\/\",\"logo\":{\"@type\":\"ImageObject\",\"inLanguage\":\"fr-FR\",\"@id\":\"https:\/\/www.graphistudio.com\/it\/#\/schema\/logo\/image\/\",\"url\":\"https:\/\/www.graphistudio.com\/wp-content\/uploads\/2018\/01\/Logo_nero.png\",\"contentUrl\":\"https:\/\/www.graphistudio.com\/wp-content\/uploads\/2018\/01\/Logo_nero.png\",\"width\":160,\"height\":34,\"caption\":\"Graphistudio\"},\"image\":{\"@id\":\"https:\/\/www.graphistudio.com\/it\/#\/schema\/logo\/image\/\"}}]}<\/script>\n<!-- \/ Yoast SEO plugin. -->","yoast_head_json":{"title":"Metal Paint Vernies - Graphistudio","robots":{"index":"noindex","follow":"follow"},"og_locale":"fr_FR","og_type":"article","og_title":"Metal Paint Vernies - Graphistudio","og_description":"[vc_row][vc_column width=\u00a0\u00bb1\/1&Prime;][vc_column_text] Metal Paint Vernies Une solide plaque d\u2019aluminium \u00e9paisse de 3 mm vernie gr\u00e2ce \u00e0 un proc\u00e9d\u00e9 issu de l\u2019industrie automobile. Ce mat\u00e9riau \u00e0 la fois qualitatif et dot\u00e9 d\u2019une surface parfaitement lisse, se d\u00e9clinent en 20 coloris et 4 finitions diff\u00e9rentes : vernies, m\u00e9tallis\u00e9es, pastels et touch. Ces couvertures sont personnalisables gr\u00e2ce \u00e0 l\u2019estampage laser qui permet de laisser apparaitre la base en aluminium, il est \u00e9galement possible de rajouter une surimpression couleur sur cette couverture. Tout y est imprimable, du plus simple texte au montage le plus \u00e9labor\u00e9. [\/vc_column_text][vc_raw_html]W3dvbmRlcnBsdWdpbl9jYXJvdXNlbCBpZD0iMzEiXQ==[\/vc_raw_html][\/vc_column][\/vc_row]","og_url":"https:\/\/www.graphistudio.com\/en\/materials\/metalpaintglossy\/","og_site_name":"Graphistudio","article_modified_time":"2021-02-22T12:04:25+00:00","twitter_card":"summary_large_image","twitter_misc":{"Dur\u00e9e de lecture estim\u00e9e":"1 minute"},"schema":{"@context":"https:\/\/schema.org","@graph":[{"@type":"WebPage","@id":"https:\/\/www.graphistudio.com\/en\/materials\/metalpaintglossy\/","url":"https:\/\/www.graphistudio.com\/en\/materials\/metalpaintglossy\/","name":"Metal Paint Vernies - Graphistudio","isPartOf":{"@id":"https:\/\/www.graphistudio.com\/it\/#website"},"datePublished":"2021-02-22T12:04:24+00:00","dateModified":"2021-02-22T12:04:25+00:00","breadcrumb":{"@id":"https:\/\/www.graphistudio.com\/en\/materials\/metalpaintglossy\/#breadcrumb"},"inLanguage":"fr-FR","potentialAction":[{"@type":"ReadAction","target":["https:\/\/www.graphistudio.com\/en\/materials\/metalpaintglossy\/"]}]},{"@type":"BreadcrumbList","@id":"https:\/\/www.graphistudio.com\/en\/materials\/metalpaintglossy\/#breadcrumb","itemListElement":[{"@type":"ListItem","position":1,"name":"Home","item":"https:\/\/www.graphistudio.com\/fr\/"},{"@type":"ListItem","position":2,"name":"Mat\u00e9riaux","item":"https:\/\/www.graphistudio.com\/fr\/materiaux\/"},{"@type":"ListItem","position":3,"name":"Metal Paint Vernies"}]},{"@type":"WebSite","@id":"https:\/\/www.graphistudio.com\/it\/#website","url":"https:\/\/www.graphistudio.com\/it\/","name":"Graphistudio","description":"Handmade books made in Italy","publisher":{"@id":"https:\/\/www.graphistudio.com\/it\/#organization"},"potentialAction":[{"@type":"SearchAction","target":{"@type":"EntryPoint","urlTemplate":"https:\/\/www.graphistudio.com\/it\/?s={search_term_string}"},"query-input":{"@type":"PropertyValueSpecification","valueRequired":true,"valueName":"search_term_string"}}],"inLanguage":"fr-FR"},{"@type":"Organization","@id":"https:\/\/www.graphistudio.com\/it\/#organization","name":"Graphistudio","url":"https:\/\/www.graphistudio.com\/it\/","logo":{"@type":"ImageObject","inLanguage":"fr-FR","@id":"https:\/\/www.graphistudio.com\/it\/#\/schema\/logo\/image\/","url":"https:\/\/www.graphistudio.com\/wp-content\/uploads\/2018\/01\/Logo_nero.png","contentUrl":"https:\/\/www.graphistudio.com\/wp-content\/uploads\/2018\/01\/Logo_nero.png","width":160,"height":34,"caption":"Graphistudio"},"image":{"@id":"https:\/\/www.graphistudio.com\/it\/#\/schema\/logo\/image\/"}}]}},"_links":{"self":[{"href":"https:\/\/www.graphistudio.com\/fr\/wp-json\/wp\/v2\/pages\/45765","targetHints":{"allow":["GET"]}}],"collection":[{"href":"https:\/\/www.graphistudio.com\/fr\/wp-json\/wp\/v2\/pages"}],"about":[{"href":"https:\/\/www.graphistudio.com\/fr\/wp-json\/wp\/v2\/types\/page"}],"author":[{"embeddable":true,"href":"https:\/\/www.graphistudio.com\/fr\/wp-json\/wp\/v2\/users\/8"}],"replies":[{"embeddable":true,"href":"https:\/\/www.graphistudio.com\/fr\/wp-json\/wp\/v2\/comments?post=45765"}],"version-history":[{"count":1,"href":"https:\/\/www.graphistudio.com\/fr\/wp-json\/wp\/v2\/pages\/45765\/revisions"}],"predecessor-version":[{"id":45766,"href":"https:\/\/www.graphistudio.com\/fr\/wp-json\/wp\/v2\/pages\/45765\/revisions\/45766"}],"up":[{"embeddable":true,"href":"https:\/\/www.graphistudio.com\/fr\/wp-json\/wp\/v2\/pages\/45965"}],"wp:attachment":[{"href":"https:\/\/www.graphistudio.com\/fr\/wp-json\/wp\/v2\/media?parent=45765"}],"curies":[{"name":"wp","href":"https:\/\/api.w.org\/{rel}","templated":true}]}}