{"id":45749,"date":"2021-02-22T12:54:16","date_gmt":"2021-02-22T11:54:16","guid":{"rendered":"https:\/\/www.graphistudio.com\/gocolor\/"},"modified":"2021-02-22T12:54:16","modified_gmt":"2021-02-22T11:54:16","slug":"gocolor","status":"publish","type":"page","link":"https:\/\/www.graphistudio.com\/fr\/materiaux\/gocolor\/","title":{"rendered":"GoColor"},"content":{"rendered":"<div class=\"wpb-content-wrapper\"><p>[vc_row][vc_column width=\u00a0\u00bb1\/1&Prime;]<div class=\"spacer\" style=\"height: 20px;\"><\/div>[vc_column_text]<\/p>\n<h4 style=\"text-align: center;\">GoColor<\/h4>\n<p class=\"p1\" style=\"text-align: center;\">Les simili cuirs Nuage sont disponibles dans un tr\u00e8s large choix de coloris, un effet d\u2019ombres sur le mat\u00e9riau vient enrichir l\u2019aspect final du rev\u00eatement, ils disposent d\u2019une surface extr\u00eamement lisse et agr\u00e9able au toucher. Ce tissu est innovant, recouvert d\u2019un mat\u00e8riau polym\u00e8re, ce qui lui conf\u00e8re une haute r\u00e9sistance \u00e0 l\u2019usure et aux d\u00e9chirures.<\/p>\n<p>&nbsp;<\/p>\n<p>[\/vc_column_text][vc_raw_html]W3dvbmRlcnBsdWdpbl9jYXJvdXNlbCBpZD0iMTEiXQ==[\/vc_raw_html][\/vc_column][\/vc_row]<\/p>\n<\/div>","protected":false},"excerpt":{"rendered":"<p>[vc_row][vc_column width=\u00a0\u00bb1\/1&Prime;][vc_column_text] GoColor Les simili cuirs Nuage sont disponibles dans un tr\u00e8s large choix de coloris, un effet d\u2019ombres sur le mat\u00e9riau vient enrichir l\u2019aspect final du rev\u00eatement, ils disposent d\u2019une surface extr\u00eamement lisse et agr\u00e9able au toucher. Ce tissu est innovant, recouvert d\u2019un mat\u00e8riau polym\u00e8re, ce qui lui conf\u00e8re une haute r\u00e9sistance \u00e0 l\u2019usure et aux d\u00e9chirures. &nbsp; [\/vc_column_text][vc_raw_html]W3dvbmRlcnBsdWdpbl9jYXJvdXNlbCBpZD0iMTEiXQ==[\/vc_raw_html][\/vc_column][\/vc_row]<\/p>\n","protected":false},"author":8,"featured_media":0,"parent":45965,"menu_order":0,"comment_status":"closed","ping_status":"closed","template":"page-templates\/page-blank-noflag.php","meta":{"cybocfi_hide_featured_image":"","footnotes":""},"class_list":["post-45749","page","type-page","status-publish","hentry"],"yoast_head":"<!-- This site is optimized with the Yoast SEO plugin v26.7 - https:\/\/yoast.com\/wordpress\/plugins\/seo\/ -->\n<title>GoColor - Graphistudio<\/title>\n<meta name=\"robots\" content=\"index, follow, max-snippet:-1, max-image-preview:large, max-video-preview:-1\" \/>\n<link rel=\"canonical\" href=\"https:\/\/www.graphistudio.com\/en\/materials\/gocolor\/\" \/>\n<meta property=\"og:locale\" content=\"fr_FR\" \/>\n<meta property=\"og:type\" content=\"article\" \/>\n<meta property=\"og:title\" content=\"GoColor - Graphistudio\" \/>\n<meta property=\"og:description\" content=\"[vc_row][vc_column width=\u00a0\u00bb1\/1&Prime;][vc_column_text] GoColor Les simili cuirs Nuage sont disponibles dans un tr\u00e8s large choix de coloris, un effet d\u2019ombres sur le mat\u00e9riau vient enrichir l\u2019aspect final du rev\u00eatement, ils disposent d\u2019une surface extr\u00eamement lisse et agr\u00e9able au toucher. Ce tissu est innovant, recouvert d\u2019un mat\u00e8riau polym\u00e8re, ce qui lui conf\u00e8re une haute r\u00e9sistance \u00e0 l\u2019usure et aux d\u00e9chirures. &nbsp; [\/vc_column_text][vc_raw_html]W3dvbmRlcnBsdWdpbl9jYXJvdXNlbCBpZD0iMTEiXQ==[\/vc_raw_html][\/vc_column][\/vc_row]\" \/>\n<meta property=\"og:url\" content=\"https:\/\/www.graphistudio.com\/en\/materials\/gocolor\/\" \/>\n<meta property=\"og:site_name\" content=\"Graphistudio\" \/>\n<meta name=\"twitter:card\" content=\"summary_large_image\" \/>\n<script type=\"application\/ld+json\" class=\"yoast-schema-graph\">{\"@context\":\"https:\/\/schema.org\",\"@graph\":[{\"@type\":\"WebPage\",\"@id\":\"https:\/\/www.graphistudio.com\/en\/materials\/gocolor\/\",\"url\":\"https:\/\/www.graphistudio.com\/en\/materials\/gocolor\/\",\"name\":\"GoColor - Graphistudio\",\"isPartOf\":{\"@id\":\"https:\/\/www.graphistudio.com\/it\/#website\"},\"datePublished\":\"2021-02-22T11:54:16+00:00\",\"breadcrumb\":{\"@id\":\"https:\/\/www.graphistudio.com\/en\/materials\/gocolor\/#breadcrumb\"},\"inLanguage\":\"fr-FR\",\"potentialAction\":[{\"@type\":\"ReadAction\",\"target\":[\"https:\/\/www.graphistudio.com\/en\/materials\/gocolor\/\"]}]},{\"@type\":\"BreadcrumbList\",\"@id\":\"https:\/\/www.graphistudio.com\/en\/materials\/gocolor\/#breadcrumb\",\"itemListElement\":[{\"@type\":\"ListItem\",\"position\":1,\"name\":\"Home\",\"item\":\"https:\/\/www.graphistudio.com\/fr\/\"},{\"@type\":\"ListItem\",\"position\":2,\"name\":\"Mat\u00e9riaux\",\"item\":\"https:\/\/www.graphistudio.com\/fr\/materiaux\/\"},{\"@type\":\"ListItem\",\"position\":3,\"name\":\"GoColor\"}]},{\"@type\":\"WebSite\",\"@id\":\"https:\/\/www.graphistudio.com\/it\/#website\",\"url\":\"https:\/\/www.graphistudio.com\/it\/\",\"name\":\"Graphistudio\",\"description\":\"Handmade books made in Italy\",\"publisher\":{\"@id\":\"https:\/\/www.graphistudio.com\/it\/#organization\"},\"potentialAction\":[{\"@type\":\"SearchAction\",\"target\":{\"@type\":\"EntryPoint\",\"urlTemplate\":\"https:\/\/www.graphistudio.com\/it\/?s={search_term_string}\"},\"query-input\":{\"@type\":\"PropertyValueSpecification\",\"valueRequired\":true,\"valueName\":\"search_term_string\"}}],\"inLanguage\":\"fr-FR\"},{\"@type\":\"Organization\",\"@id\":\"https:\/\/www.graphistudio.com\/it\/#organization\",\"name\":\"Graphistudio\",\"url\":\"https:\/\/www.graphistudio.com\/it\/\",\"logo\":{\"@type\":\"ImageObject\",\"inLanguage\":\"fr-FR\",\"@id\":\"https:\/\/www.graphistudio.com\/it\/#\/schema\/logo\/image\/\",\"url\":\"https:\/\/www.graphistudio.com\/wp-content\/uploads\/2018\/01\/Logo_nero.png\",\"contentUrl\":\"https:\/\/www.graphistudio.com\/wp-content\/uploads\/2018\/01\/Logo_nero.png\",\"width\":160,\"height\":34,\"caption\":\"Graphistudio\"},\"image\":{\"@id\":\"https:\/\/www.graphistudio.com\/it\/#\/schema\/logo\/image\/\"}}]}<\/script>\n<!-- \/ Yoast SEO plugin. -->","yoast_head_json":{"title":"GoColor - Graphistudio","robots":{"index":"index","follow":"follow","max-snippet":"max-snippet:-1","max-image-preview":"max-image-preview:large","max-video-preview":"max-video-preview:-1"},"canonical":"https:\/\/www.graphistudio.com\/en\/materials\/gocolor\/","og_locale":"fr_FR","og_type":"article","og_title":"GoColor - Graphistudio","og_description":"[vc_row][vc_column width=\u00a0\u00bb1\/1&Prime;][vc_column_text] GoColor Les simili cuirs Nuage sont disponibles dans un tr\u00e8s large choix de coloris, un effet d\u2019ombres sur le mat\u00e9riau vient enrichir l\u2019aspect final du rev\u00eatement, ils disposent d\u2019une surface extr\u00eamement lisse et agr\u00e9able au toucher. Ce tissu est innovant, recouvert d\u2019un mat\u00e8riau polym\u00e8re, ce qui lui conf\u00e8re une haute r\u00e9sistance \u00e0 l\u2019usure et aux d\u00e9chirures. &nbsp; [\/vc_column_text][vc_raw_html]W3dvbmRlcnBsdWdpbl9jYXJvdXNlbCBpZD0iMTEiXQ==[\/vc_raw_html][\/vc_column][\/vc_row]","og_url":"https:\/\/www.graphistudio.com\/en\/materials\/gocolor\/","og_site_name":"Graphistudio","twitter_card":"summary_large_image","schema":{"@context":"https:\/\/schema.org","@graph":[{"@type":"WebPage","@id":"https:\/\/www.graphistudio.com\/en\/materials\/gocolor\/","url":"https:\/\/www.graphistudio.com\/en\/materials\/gocolor\/","name":"GoColor - Graphistudio","isPartOf":{"@id":"https:\/\/www.graphistudio.com\/it\/#website"},"datePublished":"2021-02-22T11:54:16+00:00","breadcrumb":{"@id":"https:\/\/www.graphistudio.com\/en\/materials\/gocolor\/#breadcrumb"},"inLanguage":"fr-FR","potentialAction":[{"@type":"ReadAction","target":["https:\/\/www.graphistudio.com\/en\/materials\/gocolor\/"]}]},{"@type":"BreadcrumbList","@id":"https:\/\/www.graphistudio.com\/en\/materials\/gocolor\/#breadcrumb","itemListElement":[{"@type":"ListItem","position":1,"name":"Home","item":"https:\/\/www.graphistudio.com\/fr\/"},{"@type":"ListItem","position":2,"name":"Mat\u00e9riaux","item":"https:\/\/www.graphistudio.com\/fr\/materiaux\/"},{"@type":"ListItem","position":3,"name":"GoColor"}]},{"@type":"WebSite","@id":"https:\/\/www.graphistudio.com\/it\/#website","url":"https:\/\/www.graphistudio.com\/it\/","name":"Graphistudio","description":"Handmade books made in Italy","publisher":{"@id":"https:\/\/www.graphistudio.com\/it\/#organization"},"potentialAction":[{"@type":"SearchAction","target":{"@type":"EntryPoint","urlTemplate":"https:\/\/www.graphistudio.com\/it\/?s={search_term_string}"},"query-input":{"@type":"PropertyValueSpecification","valueRequired":true,"valueName":"search_term_string"}}],"inLanguage":"fr-FR"},{"@type":"Organization","@id":"https:\/\/www.graphistudio.com\/it\/#organization","name":"Graphistudio","url":"https:\/\/www.graphistudio.com\/it\/","logo":{"@type":"ImageObject","inLanguage":"fr-FR","@id":"https:\/\/www.graphistudio.com\/it\/#\/schema\/logo\/image\/","url":"https:\/\/www.graphistudio.com\/wp-content\/uploads\/2018\/01\/Logo_nero.png","contentUrl":"https:\/\/www.graphistudio.com\/wp-content\/uploads\/2018\/01\/Logo_nero.png","width":160,"height":34,"caption":"Graphistudio"},"image":{"@id":"https:\/\/www.graphistudio.com\/it\/#\/schema\/logo\/image\/"}}]}},"_links":{"self":[{"href":"https:\/\/www.graphistudio.com\/fr\/wp-json\/wp\/v2\/pages\/45749","targetHints":{"allow":["GET"]}}],"collection":[{"href":"https:\/\/www.graphistudio.com\/fr\/wp-json\/wp\/v2\/pages"}],"about":[{"href":"https:\/\/www.graphistudio.com\/fr\/wp-json\/wp\/v2\/types\/page"}],"author":[{"embeddable":true,"href":"https:\/\/www.graphistudio.com\/fr\/wp-json\/wp\/v2\/users\/8"}],"replies":[{"embeddable":true,"href":"https:\/\/www.graphistudio.com\/fr\/wp-json\/wp\/v2\/comments?post=45749"}],"version-history":[{"count":1,"href":"https:\/\/www.graphistudio.com\/fr\/wp-json\/wp\/v2\/pages\/45749\/revisions"}],"predecessor-version":[{"id":45750,"href":"https:\/\/www.graphistudio.com\/fr\/wp-json\/wp\/v2\/pages\/45749\/revisions\/45750"}],"up":[{"embeddable":true,"href":"https:\/\/www.graphistudio.com\/fr\/wp-json\/wp\/v2\/pages\/45965"}],"wp:attachment":[{"href":"https:\/\/www.graphistudio.com\/fr\/wp-json\/wp\/v2\/media?parent=45749"}],"curies":[{"name":"wp","href":"https:\/\/api.w.org\/{rel}","templated":true}]}}