{"id":8520,"date":"2018-07-18T15:29:54","date_gmt":"2018-07-18T13:29:54","guid":{"rendered":"https:\/\/www.graphistudio.com\/contactos-gracias-fotografos\/"},"modified":"2026-02-02T11:03:22","modified_gmt":"2026-02-02T10:03:22","slug":"contactos-gracias-fotografos","status":"publish","type":"page","link":"https:\/\/www.graphistudio.com\/es\/contactos-gracias-fotografos\/","title":{"rendered":"contactos gracias fotografos"},"content":{"rendered":"<div class=\"wpb-content-wrapper\"><p>[vc_row type=\u00bbfull_width_section\u00bb top_padding=\u00bb100&#8243; bottom_padding=\u00bb100&#8243; class=\u00bbfascia_color_LIGHT\u00bb][vc_column width=\u00bb1\/1&#8243;][vc_column_text]<\/p>\n<p style=\"text-align: center; font-size: 1.3em;\">\u00a1Gracias por su inter\u00e9s en Graphistudio y en nuestros productos!<br \/>\nApreciamos sinceramente su trabajo y dedicaci\u00f3n.<br \/>\nNuestro personal ha recibido su solicitud y contactar\u00e1 con usted en breve para activar su cuenta.<\/p>\n<p>[\/vc_column_text][\/vc_column][\/vc_row][vc_row type=\u00bbfull_width_section\u00bb bg_color=\u00bb#FFFFFF\u00bb top_padding=\u00bb100&#8243; bottom_padding=\u00bb20&#8243; class=\u00bbfascia_color_LIGHT\u00bb][vc_column width=\u00bb1\/6&#8243;][\/vc_column][vc_column width=\u00bb2\/3&#8243;][vc_column_text]<\/p>\n<p style=\"text-align: center; font-size: 1.2em;\">\u00bfYa has descubierto las novedades de Graphistudio?<\/p>\n<p>[\/vc_column_text][vc_raw_html css=\u00bb\u00bb]JTVCd29uZGVycGx1Z2luX2dyaWRnYWxsZXJ5JTIwaWQlM0QyMjIlNUQ=[\/vc_raw_html][\/vc_column][vc_column width=\u00bb1\/6&#8243;][\/vc_column][\/vc_row][vc_row type=\u00bbfull_width_section\u00bb top_padding=\u00bb50&#8243; class=\u00bbfascia_color_LIGHT\u00bb][vc_column width=\u00bb1\/1&#8243;][vc_raw_html]JTVCd29uZGVycGx1Z2luX2dyaWRnYWxsZXJ5JTIwaWQlM0Q3NyU1RA==[\/vc_raw_html][\/vc_column][\/vc_row]<\/p>\n<\/div>","protected":false},"excerpt":{"rendered":"<p>[vc_row type=\u00bbfull_width_section\u00bb top_padding=\u00bb100&#8243; bottom_padding=\u00bb100&#8243; class=\u00bbfascia_color_LIGHT\u00bb][vc_column width=\u00bb1\/1&#8243;][vc_column_text] \u00a1Gracias por su inter\u00e9s en Graphistudio y en nuestros productos! Apreciamos sinceramente su trabajo y dedicaci\u00f3n. Nuestro personal ha recibido su solicitud y contactar\u00e1 con usted en breve para activar su cuenta. [\/vc_column_text][\/vc_column][\/vc_row][vc_row type=\u00bbfull_width_section\u00bb bg_color=\u00bb#FFFFFF\u00bb top_padding=\u00bb100&#8243; bottom_padding=\u00bb20&#8243; class=\u00bbfascia_color_LIGHT\u00bb][vc_column width=\u00bb1\/6&#8243;][\/vc_column][vc_column width=\u00bb2\/3&#8243;][vc_column_text] \u00bfYa has descubierto las novedades de Graphistudio? [\/vc_column_text][vc_raw_html css=\u00bb\u00bb]JTVCd29uZGVycGx1Z2luX2dyaWRnYWxsZXJ5JTIwaWQlM0QyMjIlNUQ=[\/vc_raw_html][\/vc_column][vc_column width=\u00bb1\/6&#8243;][\/vc_column][\/vc_row][vc_row type=\u00bbfull_width_section\u00bb top_padding=\u00bb50&#8243; class=\u00bbfascia_color_LIGHT\u00bb][vc_column width=\u00bb1\/1&#8243;][vc_raw_html]JTVCd29uZGVycGx1Z2luX2dyaWRnYWxsZXJ5JTIwaWQlM0Q3NyU1RA==[\/vc_raw_html][\/vc_column][\/vc_row]<\/p>\n","protected":false},"author":7,"featured_media":0,"parent":0,"menu_order":0,"comment_status":"closed","ping_status":"closed","template":"","meta":{"cybocfi_hide_featured_image":"","footnotes":""},"class_list":["post-8520","page","type-page","status-publish","hentry"],"yoast_head":"<!-- This site is optimized with the Yoast SEO plugin v26.7 - https:\/\/yoast.com\/wordpress\/plugins\/seo\/ -->\n<title>contactos gracias fotografos - Graphistudio<\/title>\n<meta name=\"robots\" content=\"index, follow, max-snippet:-1, max-image-preview:large, max-video-preview:-1\" \/>\n<link rel=\"canonical\" href=\"https:\/\/www.graphistudio.com\/es\/contactos-gracias-fotografos\/\" \/>\n<meta property=\"og:locale\" content=\"es_ES\" \/>\n<meta property=\"og:type\" content=\"article\" \/>\n<meta property=\"og:title\" content=\"contactos gracias fotografos - Graphistudio\" \/>\n<meta property=\"og:description\" content=\"[vc_row type=\u00bbfull_width_section\u00bb top_padding=\u00bb100&#8243; bottom_padding=\u00bb100&#8243; class=\u00bbfascia_color_LIGHT\u00bb][vc_column width=\u00bb1\/1&#8243;][vc_column_text] \u00a1Gracias por su inter\u00e9s en Graphistudio y en nuestros productos! Apreciamos sinceramente su trabajo y dedicaci\u00f3n. Nuestro personal ha recibido su solicitud y contactar\u00e1 con usted en breve para activar su cuenta. [\/vc_column_text][\/vc_column][\/vc_row][vc_row type=\u00bbfull_width_section\u00bb bg_color=\u00bb#FFFFFF\u00bb top_padding=\u00bb100&#8243; bottom_padding=\u00bb20&#8243; class=\u00bbfascia_color_LIGHT\u00bb][vc_column width=\u00bb1\/6&#8243;][\/vc_column][vc_column width=\u00bb2\/3&#8243;][vc_column_text] \u00bfYa has descubierto las novedades de Graphistudio? [\/vc_column_text][vc_raw_html css=\u00bb\u00bb]JTVCd29uZGVycGx1Z2luX2dyaWRnYWxsZXJ5JTIwaWQlM0QyMjIlNUQ=[\/vc_raw_html][\/vc_column][vc_column width=\u00bb1\/6&#8243;][\/vc_column][\/vc_row][vc_row type=\u00bbfull_width_section\u00bb top_padding=\u00bb50&#8243; class=\u00bbfascia_color_LIGHT\u00bb][vc_column width=\u00bb1\/1&#8243;][vc_raw_html]JTVCd29uZGVycGx1Z2luX2dyaWRnYWxsZXJ5JTIwaWQlM0Q3NyU1RA==[\/vc_raw_html][\/vc_column][\/vc_row]\" \/>\n<meta property=\"og:url\" content=\"https:\/\/www.graphistudio.com\/es\/contactos-gracias-fotografos\/\" \/>\n<meta property=\"og:site_name\" content=\"Graphistudio\" \/>\n<meta property=\"article:modified_time\" content=\"2026-02-02T10:03:22+00:00\" \/>\n<meta name=\"twitter:card\" content=\"summary_large_image\" \/>\n<meta name=\"twitter:label1\" content=\"Tiempo de lectura\" \/>\n\t<meta name=\"twitter:data1\" content=\"1 minuto\" \/>\n<script type=\"application\/ld+json\" class=\"yoast-schema-graph\">{\"@context\":\"https:\/\/schema.org\",\"@graph\":[{\"@type\":\"WebPage\",\"@id\":\"https:\/\/www.graphistudio.com\/es\/contactos-gracias-fotografos\/\",\"url\":\"https:\/\/www.graphistudio.com\/es\/contactos-gracias-fotografos\/\",\"name\":\"contactos gracias fotografos - Graphistudio\",\"isPartOf\":{\"@id\":\"https:\/\/www.graphistudio.com\/it\/#website\"},\"datePublished\":\"2018-07-18T13:29:54+00:00\",\"dateModified\":\"2026-02-02T10:03:22+00:00\",\"breadcrumb\":{\"@id\":\"https:\/\/www.graphistudio.com\/es\/contactos-gracias-fotografos\/#breadcrumb\"},\"inLanguage\":\"es\",\"potentialAction\":[{\"@type\":\"ReadAction\",\"target\":[\"https:\/\/www.graphistudio.com\/es\/contactos-gracias-fotografos\/\"]}]},{\"@type\":\"BreadcrumbList\",\"@id\":\"https:\/\/www.graphistudio.com\/es\/contactos-gracias-fotografos\/#breadcrumb\",\"itemListElement\":[{\"@type\":\"ListItem\",\"position\":1,\"name\":\"Home\",\"item\":\"https:\/\/www.graphistudio.com\/es\/\"},{\"@type\":\"ListItem\",\"position\":2,\"name\":\"contactos gracias fotografos\"}]},{\"@type\":\"WebSite\",\"@id\":\"https:\/\/www.graphistudio.com\/it\/#website\",\"url\":\"https:\/\/www.graphistudio.com\/it\/\",\"name\":\"Graphistudio\",\"description\":\"Handmade books made in Italy\",\"publisher\":{\"@id\":\"https:\/\/www.graphistudio.com\/it\/#organization\"},\"potentialAction\":[{\"@type\":\"SearchAction\",\"target\":{\"@type\":\"EntryPoint\",\"urlTemplate\":\"https:\/\/www.graphistudio.com\/it\/?s={search_term_string}\"},\"query-input\":{\"@type\":\"PropertyValueSpecification\",\"valueRequired\":true,\"valueName\":\"search_term_string\"}}],\"inLanguage\":\"es\"},{\"@type\":\"Organization\",\"@id\":\"https:\/\/www.graphistudio.com\/it\/#organization\",\"name\":\"Graphistudio\",\"url\":\"https:\/\/www.graphistudio.com\/it\/\",\"logo\":{\"@type\":\"ImageObject\",\"inLanguage\":\"es\",\"@id\":\"https:\/\/www.graphistudio.com\/it\/#\/schema\/logo\/image\/\",\"url\":\"https:\/\/www.graphistudio.com\/wp-content\/uploads\/2018\/01\/Logo_nero.png\",\"contentUrl\":\"https:\/\/www.graphistudio.com\/wp-content\/uploads\/2018\/01\/Logo_nero.png\",\"width\":160,\"height\":34,\"caption\":\"Graphistudio\"},\"image\":{\"@id\":\"https:\/\/www.graphistudio.com\/it\/#\/schema\/logo\/image\/\"}}]}<\/script>\n<!-- \/ Yoast SEO plugin. -->","yoast_head_json":{"title":"contactos gracias fotografos - Graphistudio","robots":{"index":"index","follow":"follow","max-snippet":"max-snippet:-1","max-image-preview":"max-image-preview:large","max-video-preview":"max-video-preview:-1"},"canonical":"https:\/\/www.graphistudio.com\/es\/contactos-gracias-fotografos\/","og_locale":"es_ES","og_type":"article","og_title":"contactos gracias fotografos - Graphistudio","og_description":"[vc_row type=\u00bbfull_width_section\u00bb top_padding=\u00bb100&#8243; bottom_padding=\u00bb100&#8243; class=\u00bbfascia_color_LIGHT\u00bb][vc_column width=\u00bb1\/1&#8243;][vc_column_text] \u00a1Gracias por su inter\u00e9s en Graphistudio y en nuestros productos! Apreciamos sinceramente su trabajo y dedicaci\u00f3n. Nuestro personal ha recibido su solicitud y contactar\u00e1 con usted en breve para activar su cuenta. [\/vc_column_text][\/vc_column][\/vc_row][vc_row type=\u00bbfull_width_section\u00bb bg_color=\u00bb#FFFFFF\u00bb top_padding=\u00bb100&#8243; bottom_padding=\u00bb20&#8243; class=\u00bbfascia_color_LIGHT\u00bb][vc_column width=\u00bb1\/6&#8243;][\/vc_column][vc_column width=\u00bb2\/3&#8243;][vc_column_text] \u00bfYa has descubierto las novedades de Graphistudio? [\/vc_column_text][vc_raw_html css=\u00bb\u00bb]JTVCd29uZGVycGx1Z2luX2dyaWRnYWxsZXJ5JTIwaWQlM0QyMjIlNUQ=[\/vc_raw_html][\/vc_column][vc_column width=\u00bb1\/6&#8243;][\/vc_column][\/vc_row][vc_row type=\u00bbfull_width_section\u00bb top_padding=\u00bb50&#8243; class=\u00bbfascia_color_LIGHT\u00bb][vc_column width=\u00bb1\/1&#8243;][vc_raw_html]JTVCd29uZGVycGx1Z2luX2dyaWRnYWxsZXJ5JTIwaWQlM0Q3NyU1RA==[\/vc_raw_html][\/vc_column][\/vc_row]","og_url":"https:\/\/www.graphistudio.com\/es\/contactos-gracias-fotografos\/","og_site_name":"Graphistudio","article_modified_time":"2026-02-02T10:03:22+00:00","twitter_card":"summary_large_image","twitter_misc":{"Tiempo de lectura":"1 minuto"},"schema":{"@context":"https:\/\/schema.org","@graph":[{"@type":"WebPage","@id":"https:\/\/www.graphistudio.com\/es\/contactos-gracias-fotografos\/","url":"https:\/\/www.graphistudio.com\/es\/contactos-gracias-fotografos\/","name":"contactos gracias fotografos - Graphistudio","isPartOf":{"@id":"https:\/\/www.graphistudio.com\/it\/#website"},"datePublished":"2018-07-18T13:29:54+00:00","dateModified":"2026-02-02T10:03:22+00:00","breadcrumb":{"@id":"https:\/\/www.graphistudio.com\/es\/contactos-gracias-fotografos\/#breadcrumb"},"inLanguage":"es","potentialAction":[{"@type":"ReadAction","target":["https:\/\/www.graphistudio.com\/es\/contactos-gracias-fotografos\/"]}]},{"@type":"BreadcrumbList","@id":"https:\/\/www.graphistudio.com\/es\/contactos-gracias-fotografos\/#breadcrumb","itemListElement":[{"@type":"ListItem","position":1,"name":"Home","item":"https:\/\/www.graphistudio.com\/es\/"},{"@type":"ListItem","position":2,"name":"contactos gracias fotografos"}]},{"@type":"WebSite","@id":"https:\/\/www.graphistudio.com\/it\/#website","url":"https:\/\/www.graphistudio.com\/it\/","name":"Graphistudio","description":"Handmade books made in Italy","publisher":{"@id":"https:\/\/www.graphistudio.com\/it\/#organization"},"potentialAction":[{"@type":"SearchAction","target":{"@type":"EntryPoint","urlTemplate":"https:\/\/www.graphistudio.com\/it\/?s={search_term_string}"},"query-input":{"@type":"PropertyValueSpecification","valueRequired":true,"valueName":"search_term_string"}}],"inLanguage":"es"},{"@type":"Organization","@id":"https:\/\/www.graphistudio.com\/it\/#organization","name":"Graphistudio","url":"https:\/\/www.graphistudio.com\/it\/","logo":{"@type":"ImageObject","inLanguage":"es","@id":"https:\/\/www.graphistudio.com\/it\/#\/schema\/logo\/image\/","url":"https:\/\/www.graphistudio.com\/wp-content\/uploads\/2018\/01\/Logo_nero.png","contentUrl":"https:\/\/www.graphistudio.com\/wp-content\/uploads\/2018\/01\/Logo_nero.png","width":160,"height":34,"caption":"Graphistudio"},"image":{"@id":"https:\/\/www.graphistudio.com\/it\/#\/schema\/logo\/image\/"}}]}},"_links":{"self":[{"href":"https:\/\/www.graphistudio.com\/es\/wp-json\/wp\/v2\/pages\/8520","targetHints":{"allow":["GET"]}}],"collection":[{"href":"https:\/\/www.graphistudio.com\/es\/wp-json\/wp\/v2\/pages"}],"about":[{"href":"https:\/\/www.graphistudio.com\/es\/wp-json\/wp\/v2\/types\/page"}],"author":[{"embeddable":true,"href":"https:\/\/www.graphistudio.com\/es\/wp-json\/wp\/v2\/users\/7"}],"replies":[{"embeddable":true,"href":"https:\/\/www.graphistudio.com\/es\/wp-json\/wp\/v2\/comments?post=8520"}],"version-history":[{"count":16,"href":"https:\/\/www.graphistudio.com\/es\/wp-json\/wp\/v2\/pages\/8520\/revisions"}],"predecessor-version":[{"id":83603,"href":"https:\/\/www.graphistudio.com\/es\/wp-json\/wp\/v2\/pages\/8520\/revisions\/83603"}],"wp:attachment":[{"href":"https:\/\/www.graphistudio.com\/es\/wp-json\/wp\/v2\/media?parent=8520"}],"curies":[{"name":"wp","href":"https:\/\/api.w.org\/{rel}","templated":true}]}}