{"id":76377,"date":"2024-10-29T09:13:23","date_gmt":"2024-10-29T08:13:23","guid":{"rendered":"https:\/\/www.graphistudio.com\/table-top-art\/"},"modified":"2024-10-31T10:46:40","modified_gmt":"2024-10-31T09:46:40","slug":"table-top-art","status":"publish","type":"page","link":"https:\/\/www.graphistudio.com\/es\/table-top-art\/","title":{"rendered":"Table Top Art"},"content":{"rendered":"<div class=\"wpb-content-wrapper\"><p>[vc_row top_padding=\u00bb40&#8243;][vc_column width=\u00bb1\/1&#8243;][vc_column_text]<\/p>\n<h1 style=\"text-align: center;\">Table Top Art<\/h1>\n<p>[\/vc_column_text][vc_column_text]<\/p>\n<p style=\"text-align: center;\">Eleva tu decoraci\u00f3n con arte de mesa: piezas compactas y elegantes que aportan personalidad y estilo a cualquier espacio. Perfectas para escritorios, estantes y mesas, estas obras de arte a\u00f1aden un toque refinado y dan vida a tus im\u00e1genes favoritas en exhibiciones \u00fanicas.<\/p>\n<p>[\/vc_column_text][\/vc_column][\/vc_row][vc_row top_padding=\u00bb100&#8243;][vc_column width=\u00bb1\/1&#8243;][vc_raw_html css=\u00bb\u00bb]IFt3b25kZXJwbHVnaW5fZ3JpZGdhbGxlcnkgaWQ9MjA2XQ==[\/vc_raw_html][\/vc_column][\/vc_row]<\/p>\n<\/div>","protected":false},"excerpt":{"rendered":"<p>[vc_row top_padding=\u00bb40&#8243;][vc_column width=\u00bb1\/1&#8243;][vc_column_text] Table Top Art [\/vc_column_text][vc_column_text] Eleva tu decoraci\u00f3n con arte de mesa: piezas compactas y elegantes que aportan personalidad y estilo a cualquier espacio. Perfectas para escritorios, estantes y mesas, estas obras de arte a\u00f1aden un toque refinado y dan vida a tus im\u00e1genes favoritas en exhibiciones \u00fanicas. [\/vc_column_text][\/vc_column][\/vc_row][vc_row top_padding=\u00bb100&#8243;][vc_column width=\u00bb1\/1&#8243;][vc_raw_html css=\u00bb\u00bb]IFt3b25kZXJwbHVnaW5fZ3JpZGdhbGxlcnkgaWQ9MjA2XQ==[\/vc_raw_html][\/vc_column][\/vc_row]<\/p>\n","protected":false},"author":8,"featured_media":0,"parent":0,"menu_order":0,"comment_status":"closed","ping_status":"closed","template":"","meta":{"cybocfi_hide_featured_image":"","footnotes":""},"class_list":["post-76377","page","type-page","status-publish","hentry"],"yoast_head":"<!-- This site is optimized with the Yoast SEO plugin v26.7 - https:\/\/yoast.com\/wordpress\/plugins\/seo\/ -->\n<title>Table Top Art - Graphistudio<\/title>\n<meta name=\"description\" content=\"Eleva tu decoraci\u00f3n con arte de mesa: piezas compactas y elegantes que aportan personalidad y estilo a cualquier espacio. Perfectas para escritorios, estantes y mesas, estas obras de arte a\u00f1aden un toque refinado y dan vida a tus im\u00e1genes favoritas en exhibiciones \u00fanicas.\" \/>\n<meta name=\"robots\" content=\"index, follow, max-snippet:-1, max-image-preview:large, max-video-preview:-1\" \/>\n<link rel=\"canonical\" href=\"https:\/\/www.graphistudio.com\/en\/table-top-art\/\" \/>\n<meta property=\"og:locale\" content=\"es_ES\" \/>\n<meta property=\"og:type\" content=\"article\" \/>\n<meta property=\"og:title\" content=\"Table Top Art\" \/>\n<meta property=\"og:description\" content=\"Eleva tu decoraci\u00f3n con arte de mesa: piezas compactas y elegantes que aportan personalidad y estilo a cualquier espacio. Perfectas para escritorios, estantes y mesas, estas obras de arte a\u00f1aden un toque refinado y dan vida a tus im\u00e1genes favoritas en exhibiciones \u00fanicas.\" \/>\n<meta property=\"og:url\" content=\"https:\/\/www.graphistudio.com\/en\/table-top-art\/\" \/>\n<meta property=\"og:site_name\" content=\"Graphistudio\" \/>\n<meta property=\"article:modified_time\" content=\"2024-10-31T09:46:40+00:00\" \/>\n<meta property=\"og:image\" content=\"https:\/\/www.graphistudio.com\/wp-content\/uploads\/2024\/10\/main_acrylic_B_18B9295.jpg\" \/>\n<meta name=\"twitter:card\" content=\"summary_large_image\" \/>\n<meta name=\"twitter:label1\" content=\"Tiempo de lectura\" \/>\n\t<meta name=\"twitter:data1\" content=\"1 minuto\" \/>\n<script type=\"application\/ld+json\" class=\"yoast-schema-graph\">{\"@context\":\"https:\/\/schema.org\",\"@graph\":[{\"@type\":\"WebPage\",\"@id\":\"https:\/\/www.graphistudio.com\/en\/table-top-art\/\",\"url\":\"https:\/\/www.graphistudio.com\/en\/table-top-art\/\",\"name\":\"Table Top Art - Graphistudio\",\"isPartOf\":{\"@id\":\"https:\/\/www.graphistudio.com\/it\/#website\"},\"datePublished\":\"2024-10-29T08:13:23+00:00\",\"dateModified\":\"2024-10-31T09:46:40+00:00\",\"description\":\"Eleva tu decoraci\u00f3n con arte de mesa: piezas compactas y elegantes que aportan personalidad y estilo a cualquier espacio. Perfectas para escritorios, estantes y mesas, estas obras de arte a\u00f1aden un toque refinado y dan vida a tus im\u00e1genes favoritas en exhibiciones \u00fanicas.\",\"breadcrumb\":{\"@id\":\"https:\/\/www.graphistudio.com\/en\/table-top-art\/#breadcrumb\"},\"inLanguage\":\"es\",\"potentialAction\":[{\"@type\":\"ReadAction\",\"target\":[\"https:\/\/www.graphistudio.com\/en\/table-top-art\/\"]}]},{\"@type\":\"BreadcrumbList\",\"@id\":\"https:\/\/www.graphistudio.com\/en\/table-top-art\/#breadcrumb\",\"itemListElement\":[{\"@type\":\"ListItem\",\"position\":1,\"name\":\"Home\",\"item\":\"https:\/\/www.graphistudio.com\/es\/\"},{\"@type\":\"ListItem\",\"position\":2,\"name\":\"Table Top Art\"}]},{\"@type\":\"WebSite\",\"@id\":\"https:\/\/www.graphistudio.com\/it\/#website\",\"url\":\"https:\/\/www.graphistudio.com\/it\/\",\"name\":\"Graphistudio\",\"description\":\"Handmade books made in Italy\",\"publisher\":{\"@id\":\"https:\/\/www.graphistudio.com\/it\/#organization\"},\"potentialAction\":[{\"@type\":\"SearchAction\",\"target\":{\"@type\":\"EntryPoint\",\"urlTemplate\":\"https:\/\/www.graphistudio.com\/it\/?s={search_term_string}\"},\"query-input\":{\"@type\":\"PropertyValueSpecification\",\"valueRequired\":true,\"valueName\":\"search_term_string\"}}],\"inLanguage\":\"es\"},{\"@type\":\"Organization\",\"@id\":\"https:\/\/www.graphistudio.com\/it\/#organization\",\"name\":\"Graphistudio\",\"url\":\"https:\/\/www.graphistudio.com\/it\/\",\"logo\":{\"@type\":\"ImageObject\",\"inLanguage\":\"es\",\"@id\":\"https:\/\/www.graphistudio.com\/it\/#\/schema\/logo\/image\/\",\"url\":\"https:\/\/www.graphistudio.com\/wp-content\/uploads\/2018\/01\/Logo_nero.png\",\"contentUrl\":\"https:\/\/www.graphistudio.com\/wp-content\/uploads\/2018\/01\/Logo_nero.png\",\"width\":160,\"height\":34,\"caption\":\"Graphistudio\"},\"image\":{\"@id\":\"https:\/\/www.graphistudio.com\/it\/#\/schema\/logo\/image\/\"}}]}<\/script>\n<!-- \/ Yoast SEO plugin. -->","yoast_head_json":{"title":"Table Top Art - Graphistudio","description":"Eleva tu decoraci\u00f3n con arte de mesa: piezas compactas y elegantes que aportan personalidad y estilo a cualquier espacio. Perfectas para escritorios, estantes y mesas, estas obras de arte a\u00f1aden un toque refinado y dan vida a tus im\u00e1genes favoritas en exhibiciones \u00fanicas.","robots":{"index":"index","follow":"follow","max-snippet":"max-snippet:-1","max-image-preview":"max-image-preview:large","max-video-preview":"max-video-preview:-1"},"canonical":"https:\/\/www.graphistudio.com\/en\/table-top-art\/","og_locale":"es_ES","og_type":"article","og_title":"Table Top Art","og_description":"Eleva tu decoraci\u00f3n con arte de mesa: piezas compactas y elegantes que aportan personalidad y estilo a cualquier espacio. Perfectas para escritorios, estantes y mesas, estas obras de arte a\u00f1aden un toque refinado y dan vida a tus im\u00e1genes favoritas en exhibiciones \u00fanicas.","og_url":"https:\/\/www.graphistudio.com\/en\/table-top-art\/","og_site_name":"Graphistudio","article_modified_time":"2024-10-31T09:46:40+00:00","og_image":[{"url":"https:\/\/www.graphistudio.com\/wp-content\/uploads\/2024\/10\/main_acrylic_B_18B9295.jpg","type":"","width":"","height":""}],"twitter_card":"summary_large_image","twitter_misc":{"Tiempo de lectura":"1 minuto"},"schema":{"@context":"https:\/\/schema.org","@graph":[{"@type":"WebPage","@id":"https:\/\/www.graphistudio.com\/en\/table-top-art\/","url":"https:\/\/www.graphistudio.com\/en\/table-top-art\/","name":"Table Top Art - Graphistudio","isPartOf":{"@id":"https:\/\/www.graphistudio.com\/it\/#website"},"datePublished":"2024-10-29T08:13:23+00:00","dateModified":"2024-10-31T09:46:40+00:00","description":"Eleva tu decoraci\u00f3n con arte de mesa: piezas compactas y elegantes que aportan personalidad y estilo a cualquier espacio. Perfectas para escritorios, estantes y mesas, estas obras de arte a\u00f1aden un toque refinado y dan vida a tus im\u00e1genes favoritas en exhibiciones \u00fanicas.","breadcrumb":{"@id":"https:\/\/www.graphistudio.com\/en\/table-top-art\/#breadcrumb"},"inLanguage":"es","potentialAction":[{"@type":"ReadAction","target":["https:\/\/www.graphistudio.com\/en\/table-top-art\/"]}]},{"@type":"BreadcrumbList","@id":"https:\/\/www.graphistudio.com\/en\/table-top-art\/#breadcrumb","itemListElement":[{"@type":"ListItem","position":1,"name":"Home","item":"https:\/\/www.graphistudio.com\/es\/"},{"@type":"ListItem","position":2,"name":"Table Top Art"}]},{"@type":"WebSite","@id":"https:\/\/www.graphistudio.com\/it\/#website","url":"https:\/\/www.graphistudio.com\/it\/","name":"Graphistudio","description":"Handmade books made in Italy","publisher":{"@id":"https:\/\/www.graphistudio.com\/it\/#organization"},"potentialAction":[{"@type":"SearchAction","target":{"@type":"EntryPoint","urlTemplate":"https:\/\/www.graphistudio.com\/it\/?s={search_term_string}"},"query-input":{"@type":"PropertyValueSpecification","valueRequired":true,"valueName":"search_term_string"}}],"inLanguage":"es"},{"@type":"Organization","@id":"https:\/\/www.graphistudio.com\/it\/#organization","name":"Graphistudio","url":"https:\/\/www.graphistudio.com\/it\/","logo":{"@type":"ImageObject","inLanguage":"es","@id":"https:\/\/www.graphistudio.com\/it\/#\/schema\/logo\/image\/","url":"https:\/\/www.graphistudio.com\/wp-content\/uploads\/2018\/01\/Logo_nero.png","contentUrl":"https:\/\/www.graphistudio.com\/wp-content\/uploads\/2018\/01\/Logo_nero.png","width":160,"height":34,"caption":"Graphistudio"},"image":{"@id":"https:\/\/www.graphistudio.com\/it\/#\/schema\/logo\/image\/"}}]}},"_links":{"self":[{"href":"https:\/\/www.graphistudio.com\/es\/wp-json\/wp\/v2\/pages\/76377","targetHints":{"allow":["GET"]}}],"collection":[{"href":"https:\/\/www.graphistudio.com\/es\/wp-json\/wp\/v2\/pages"}],"about":[{"href":"https:\/\/www.graphistudio.com\/es\/wp-json\/wp\/v2\/types\/page"}],"author":[{"embeddable":true,"href":"https:\/\/www.graphistudio.com\/es\/wp-json\/wp\/v2\/users\/8"}],"replies":[{"embeddable":true,"href":"https:\/\/www.graphistudio.com\/es\/wp-json\/wp\/v2\/comments?post=76377"}],"version-history":[{"count":10,"href":"https:\/\/www.graphistudio.com\/es\/wp-json\/wp\/v2\/pages\/76377\/revisions"}],"predecessor-version":[{"id":77042,"href":"https:\/\/www.graphistudio.com\/es\/wp-json\/wp\/v2\/pages\/76377\/revisions\/77042"}],"wp:attachment":[{"href":"https:\/\/www.graphistudio.com\/es\/wp-json\/wp\/v2\/media?parent=76377"}],"curies":[{"name":"wp","href":"https:\/\/api.w.org\/{rel}","templated":true}]}}