{"id":67381,"date":"2023-11-06T16:37:30","date_gmt":"2023-11-06T15:37:30","guid":{"rendered":"https:\/\/www.graphistudio.com\/proceso-creativo\/"},"modified":"2023-11-07T14:26:49","modified_gmt":"2023-11-07T13:26:49","slug":"proceso-creativo","status":"publish","type":"page","link":"https:\/\/www.graphistudio.com\/es\/proceso-creativo\/","title":{"rendered":"Proceso creativo"},"content":{"rendered":"<div class=\"wpb-content-wrapper\"><p>[vc_row type=\u00bbfull_width_section\u00bb][vc_column width=\u00bb1\/1&#8243;][vc_raw_html]PHZpZGVvIGF1dG9wbGF5IGxvb3AgY29udHJvbHMgbXV0ZWQgd2lkdGg9IjEwMCUiPg0KICAgIDxzb3VyY2Ugc3JjPSJodHRwczovL3d3dy5ncmFwaGlzdHVkaW8uY29tL3dwLWNvbnRlbnQvdXBsb2Fkcy8yMDIzLzExL0NyZWF0aXZlX1Byb2Nlc3NfVW5icmFuZGVkLm1wNCINCiAgICAgICAgICAgIHR5cGU9InZpZGVvL21wNCI+DQoNCiAgICA8c291cmNlIHNyYz0iaHR0cHM6Ly93d3cuZ3JhcGhpc3R1ZGlvLmNvbS93cC1jb250ZW50L3VwbG9hZHMvMjAyMy8xMS9DcmVhdGl2ZV9Qcm9jZXNzX1VuYnJhbmRlZC53ZWJtIg0KICAgICAgICAgICAgdHlwZT0idmlkZW8vd2VibSI+DQoNCg0KICAgIFNvcnJ5LCB5b3VyIGJyb3dzZXIgZG9lc24ndCBzdXBwb3J0IGVtYmVkZGVkIHZpZGVvcy4NCjwvdmlkZW8+[\/vc_raw_html][\/vc_column][\/vc_row][vc_row top_padding=\u00bb80&#8243;][vc_column width=\u00bb1\/1&#8243;][vc_column_text]<\/p>\n<h3 style=\"text-align: center;\">POTENCIE SU IMAGINACI\u00d3N<\/h3>\n<p>[\/vc_column_text][vc_column_text]Para crear un \u00e1lbum de boda que capte a la perfecci\u00f3n la esencia de ese d\u00eda tan especial, seguimos unos cuantos pasos clave:<\/p>\n<p><strong>Comunicaci\u00f3n:<\/strong> empezamos escuchando la visi\u00f3n que tiene la pareja del d\u00eda de su boda. Tomamos nota de su estilo preferido, el lugar, el ambiente y la sensaci\u00f3n que quieren crear. Tambi\u00e9n prestamos atenci\u00f3n a detalles como el vestido de novia y los colores de la boda. A lo largo del proceso de planificaci\u00f3n, nos aseguramos de implicar a todas las partes interesadas, incluidos los novios, sus familiares y los proveedores. Esto no s\u00f3lo nos ayuda a comprender mejor las expectativas de la pareja, sino que tambi\u00e9n nos permite ampliar nuestra red y a\u00f1adir m\u00e1s valor a nuestros productos y servicios.<\/p>\n<p><strong>El d\u00eda de la boda:<\/strong> Nuestro objetivo es capturar todos los elementos y momentos importantes que le importan a la pareja. Venimos preparados con un objetivo claro y un dise\u00f1o final en mente para el \u00e1lbum de boda. De este modo, podemos fotografiar eficazmente todos los detalles, im\u00e1genes y colores que conformar\u00e1n el dise\u00f1o final del \u00e1lbum. Nos preocupamos de capturar cada detalle, gesto y emoci\u00f3n para contar la historia del d\u00eda.<\/p>\n<p><strong>Dise\u00f1o del \u00e1lbum:<\/strong> A partir de la informaci\u00f3n que recopilamos de la pareja y de las fotos que tomamos el d\u00eda de la boda, creamos un mood board. Utilizamos herramientas como la aplicaci\u00f3n Pantone Studio para identificar los colores dominantes, el tema y el estilo de la boda. A continuaci\u00f3n, creamos una paleta de colores dominante de 3 o 4 colores que guiar\u00e1 el dise\u00f1o del \u00e1lbum. Nuestro objetivo es crear un dise\u00f1o de colecci\u00f3n significativo y hermoso que conecte con el estado de \u00e1nimo, el estilo y la personalidad de la pareja.<\/p>\n<p><strong>Consulta:<\/strong> Consultamos con la pareja durante todo el proceso de dise\u00f1o del \u00e1lbum para asegurarnos de que el producto final se ajusta a su visi\u00f3n. Utilizamos nuestros estudios de mercado para ofrecer una selecci\u00f3n de materiales y colores que mantengan el car\u00e1cter y la est\u00e9tica del \u00e1lbum. Las parejas pueden elegir un preajuste que se adapte a su estado de \u00e1nimo o crear su propio equilibrio con las paletas de colores. En resumen, nuestro proceso de creaci\u00f3n de un \u00e1lbum de boda se basa en una comunicaci\u00f3n clara, una planificaci\u00f3n cuidadosa y la colaboraci\u00f3n con la pareja. Nos tomamos el tiempo necesario para escuchar su visi\u00f3n y captar todos los detalles importantes, y as\u00ed creamos un \u00e1lbum precioso y lleno de significado que atesorar\u00e1n durante a\u00f1os.<\/p>\n<p><strong>En resumen, nuestro proceso de creaci\u00f3n de un \u00e1lbum de boda se basa en una comunicaci\u00f3n clara, una planificaci\u00f3n cuidadosa y la colaboraci\u00f3n con la pareja. Nos tomamos el tiempo necesario para escuchar su visi\u00f3n y captar todos los detalles importantes, y as\u00ed creamos un \u00e1lbum precioso y lleno de significado que atesorar\u00e1n durante a\u00f1os.<\/strong>[\/vc_column_text][\/vc_column][\/vc_row][vc_row top_padding=\u00bb60&#8243;][vc_column width=\u00bb1\/1&#8243;]<div class=\"single_image wpb_content_element align-center    \" data-animation=\"none\" data-delay=\"0\"><img loading=\"lazy\" decoding=\"async\" width=\"1311\" height=\"318\" src=\"https:\/\/www.graphistudio.com\/wp-content\/uploads\/2023\/11\/COLORE.png\" class=\"attachment-full\" alt=\"\" title=\"COLORE\" srcset=\"https:\/\/www.graphistudio.com\/wp-content\/uploads\/2023\/11\/COLORE.png 1311w, https:\/\/www.graphistudio.com\/wp-content\/uploads\/2023\/11\/COLORE-300x73.png 300w, https:\/\/www.graphistudio.com\/wp-content\/uploads\/2023\/11\/COLORE-768x186.png 768w\" sizes=\"auto, (max-width: 1311px) 100vw, 1311px\" \/><\/div>[\/vc_column][\/vc_row][vc_row][vc_column width=\u00bb1\/1&#8243;][vc_column_text]<\/p>\n<p style=\"text-align: center; font-size: 1.2em;\"><strong>COLORE es nuestra nueva aplicaci\u00f3n web que te ayudar\u00e1 a elegir el color y el material adecuados para tus fotograf\u00edas de n\u00facleo.<\/strong><br \/>\n<strong>Una nueva herramienta que hemos creado pensando en ti.<\/strong><\/p>\n<p>[\/vc_column_text][\/vc_column][\/vc_row][vc_row type=\u00bbfull_width_section\u00bb top_padding=\u00bb60&#8243;][vc_column width=\u00bb1\/1&#8243;]<div class=\"single_image wpb_content_element align-center    \" data-animation=\"none\" data-delay=\"0\"><a href=\"https:\/\/colore.graphistudio.com\/\" target=\"_blank\"><img loading=\"lazy\" decoding=\"async\" width=\"1772\" height=\"1215\" src=\"https:\/\/www.graphistudio.com\/wp-content\/uploads\/2023\/11\/colorescreen.jpg\" class=\"attachment-full\" alt=\"\" title=\"colorescreen\" srcset=\"https:\/\/www.graphistudio.com\/wp-content\/uploads\/2023\/11\/colorescreen.jpg 1772w, https:\/\/www.graphistudio.com\/wp-content\/uploads\/2023\/11\/colorescreen-300x206.jpg 300w, https:\/\/www.graphistudio.com\/wp-content\/uploads\/2023\/11\/colorescreen-1493x1024.jpg 1493w, https:\/\/www.graphistudio.com\/wp-content\/uploads\/2023\/11\/colorescreen-768x527.jpg 768w, https:\/\/www.graphistudio.com\/wp-content\/uploads\/2023\/11\/colorescreen-1536x1053.jpg 1536w\" sizes=\"auto, (max-width: 1772px) 100vw, 1772px\" \/><\/a><\/div>[\/vc_column][\/vc_row][vc_row top_padding=\u00bb60&#8243; bottom_padding=\u00bb60&#8243;][vc_column width=\u00bb1\/3&#8243;][\/vc_column][vc_column width=\u00bb1\/3&#8243;]<div class=\"single_image wpb_content_element align-left    \" data-animation=\"none\" data-delay=\"0\"><img loading=\"lazy\" decoding=\"async\" width=\"1500\" height=\"1500\" src=\"https:\/\/www.graphistudio.com\/wp-content\/uploads\/2023\/11\/QR-COLORE.png\" class=\"attachment-full\" alt=\"\" title=\"QR-COLORE\" srcset=\"https:\/\/www.graphistudio.com\/wp-content\/uploads\/2023\/11\/QR-COLORE.png 1500w, https:\/\/www.graphistudio.com\/wp-content\/uploads\/2023\/11\/QR-COLORE-300x300.png 300w, https:\/\/www.graphistudio.com\/wp-content\/uploads\/2023\/11\/QR-COLORE-1024x1024.png 1024w, https:\/\/www.graphistudio.com\/wp-content\/uploads\/2023\/11\/QR-COLORE-150x150.png 150w, https:\/\/www.graphistudio.com\/wp-content\/uploads\/2023\/11\/QR-COLORE-768x768.png 768w, https:\/\/www.graphistudio.com\/wp-content\/uploads\/2023\/11\/QR-COLORE-80x80.png 80w, https:\/\/www.graphistudio.com\/wp-content\/uploads\/2023\/11\/QR-COLORE-500x500.png 500w, https:\/\/www.graphistudio.com\/wp-content\/uploads\/2023\/11\/QR-COLORE-1000x1000.png 1000w\" sizes=\"auto, (max-width: 1500px) 100vw, 1500px\" \/><\/div><div class=\"single_image wpb_content_element align-center    \" data-animation=\"none\" data-delay=\"0\"><a href=\"https:\/\/colore.graphistudio.com\/\" target=\"_blank\"><img loading=\"lazy\" decoding=\"async\" width=\"1311\" height=\"318\" src=\"https:\/\/www.graphistudio.com\/wp-content\/uploads\/2023\/11\/COLORE.png\" class=\"attachment-full\" alt=\"\" title=\"COLORE\" srcset=\"https:\/\/www.graphistudio.com\/wp-content\/uploads\/2023\/11\/COLORE.png 1311w, https:\/\/www.graphistudio.com\/wp-content\/uploads\/2023\/11\/COLORE-300x73.png 300w, https:\/\/www.graphistudio.com\/wp-content\/uploads\/2023\/11\/COLORE-768x186.png 768w\" sizes=\"auto, (max-width: 1311px) 100vw, 1311px\" \/><\/a><\/div>[\/vc_column][vc_column width=\u00bb1\/3&#8243;][\/vc_column][\/vc_row][vc_row bottom_padding=\u00bb60&#8243;][vc_column width=\u00bb1\/1&#8243;][vc_column_text]<\/p>\n<p style=\"text-align: center;\"><strong>Dentro de COLORE tambi\u00e9n encontrar\u00e1s todas las noticias y novedades futuras sobre la colecci\u00f3n, v\u00eddeos que podr\u00e1s descargar en cualquier momento y el buscador de paletas.<\/strong><\/p>\n<p style=\"text-align: center;\"><strong>Disfruta de este nuevo enfoque y herramientas y comparte tu proceso creativo con nosotros utilizando el #TRAMONTINAWITHLOVE.<\/strong><\/p>\n<p>[\/vc_column_text][\/vc_column][\/vc_row][vc_row text_align=\u00bbcenter\u00bb top_padding=\u00bb40&#8243; bottom_padding=\u00bb80&#8243;][vc_column text_align=\u00bbcenter\u00bb width=\u00bb1\/1&#8243;][vc_raw_html]W21pbnRpX2J1dHRvbiBjb2xvcj0iY3VzdG9tIiBjdXN0b21fY29sb3I9InJnYmEoMCwwLDAsMC4wMSkiIGJvcmRlcl9yYWRpdXM9IjAiIGNsYXNzPSJidXR0b24gYnV0dG9uQkxBQ0siIGxpbms9Imh0dHBzOi8vY29sb3JlLmdyYXBoaXN0dWRpby5jb20vIl1ERVNDVUJSRSBDT0xPUkVbL21pbnRpX2J1dHRvbl0=[\/vc_raw_html][\/vc_column][\/vc_row]<\/p>\n<\/div>","protected":false},"excerpt":{"rendered":"<p>[vc_row type=\u00bbfull_width_section\u00bb][vc_column width=\u00bb1\/1&#8243;][vc_raw_html]PHZpZGVvIGF1dG9wbGF5IGxvb3AgY29udHJvbHMgbXV0ZWQgd2lkdGg9IjEwMCUiPg0KICAgIDxzb3VyY2Ugc3JjPSJodHRwczovL3d3dy5ncmFwaGlzdHVkaW8uY29tL3dwLWNvbnRlbnQvdXBsb2Fkcy8yMDIzLzExL0NyZWF0aXZlX1Byb2Nlc3NfVW5icmFuZGVkLm1wNCINCiAgICAgICAgICAgIHR5cGU9InZpZGVvL21wNCI+DQoNCiAgICA8c291cmNlIHNyYz0iaHR0cHM6Ly93d3cuZ3JhcGhpc3R1ZGlvLmNvbS93cC1jb250ZW50L3VwbG9hZHMvMjAyMy8xMS9DcmVhdGl2ZV9Qcm9jZXNzX1VuYnJhbmRlZC53ZWJtIg0KICAgICAgICAgICAgdHlwZT0idmlkZW8vd2VibSI+DQoNCg0KICAgIFNvcnJ5LCB5b3VyIGJyb3dzZXIgZG9lc24ndCBzdXBwb3J0IGVtYmVkZGVkIHZpZGVvcy4NCjwvdmlkZW8+[\/vc_raw_html][\/vc_column][\/vc_row][vc_row top_padding=\u00bb80&#8243;][vc_column width=\u00bb1\/1&#8243;][vc_column_text] POTENCIE SU IMAGINACI\u00d3N [\/vc_column_text][vc_column_text]Para crear un \u00e1lbum de boda que capte a la perfecci\u00f3n la esencia de ese d\u00eda tan especial, seguimos unos cuantos pasos clave: Comunicaci\u00f3n: empezamos escuchando la visi\u00f3n que tiene la pareja del d\u00eda de su boda. Tomamos nota de su estilo preferido, el lugar, el ambiente y la sensaci\u00f3n que quieren crear. Tambi\u00e9n prestamos atenci\u00f3n a detalles como el vestido de novia y los colores de la boda. A lo largo del proceso de planificaci\u00f3n, nos aseguramos de implicar a todas las partes interesadas, incluidos los novios, sus familiares y los proveedores. Esto no s\u00f3lo nos ayuda a comprender mejor las expectativas de la pareja, sino que tambi\u00e9n nos permite ampliar nuestra red y a\u00f1adir m\u00e1s valor a nuestros productos y servicios. El d\u00eda de la boda: Nuestro objetivo es capturar todos los elementos y momentos importantes que le importan a la pareja. Venimos preparados con un objetivo claro y un dise\u00f1o final en mente para el \u00e1lbum de boda. De este modo, podemos fotografiar eficazmente todos los detalles, im\u00e1genes y colores que conformar\u00e1n el dise\u00f1o final del \u00e1lbum. Nos preocupamos de capturar cada detalle, gesto y emoci\u00f3n para contar la [&hellip;]<\/p>\n","protected":false},"author":8,"featured_media":0,"parent":0,"menu_order":0,"comment_status":"closed","ping_status":"closed","template":"","meta":{"cybocfi_hide_featured_image":"","footnotes":""},"class_list":["post-67381","page","type-page","status-publish","hentry"],"yoast_head":"<!-- This site is optimized with the Yoast SEO plugin v26.7 - https:\/\/yoast.com\/wordpress\/plugins\/seo\/ -->\n<title>Proceso creativo - Graphistudio<\/title>\n<meta name=\"robots\" content=\"index, follow, max-snippet:-1, max-image-preview:large, max-video-preview:-1\" \/>\n<link rel=\"canonical\" href=\"https:\/\/www.graphistudio.com\/es\/proceso-creativo\/\" \/>\n<meta property=\"og:locale\" content=\"es_ES\" \/>\n<meta property=\"og:type\" content=\"article\" \/>\n<meta property=\"og:title\" content=\"Proceso creativo - Graphistudio\" \/>\n<meta property=\"og:description\" content=\"[vc_row type=\u00bbfull_width_section\u00bb][vc_column width=\u00bb1\/1&#8243;][vc_raw_html]PHZpZGVvIGF1dG9wbGF5IGxvb3AgY29udHJvbHMgbXV0ZWQgd2lkdGg9IjEwMCUiPg0KICAgIDxzb3VyY2Ugc3JjPSJodHRwczovL3d3dy5ncmFwaGlzdHVkaW8uY29tL3dwLWNvbnRlbnQvdXBsb2Fkcy8yMDIzLzExL0NyZWF0aXZlX1Byb2Nlc3NfVW5icmFuZGVkLm1wNCINCiAgICAgICAgICAgIHR5cGU9InZpZGVvL21wNCI+DQoNCiAgICA8c291cmNlIHNyYz0iaHR0cHM6Ly93d3cuZ3JhcGhpc3R1ZGlvLmNvbS93cC1jb250ZW50L3VwbG9hZHMvMjAyMy8xMS9DcmVhdGl2ZV9Qcm9jZXNzX1VuYnJhbmRlZC53ZWJtIg0KICAgICAgICAgICAgdHlwZT0idmlkZW8vd2VibSI+DQoNCg0KICAgIFNvcnJ5LCB5b3VyIGJyb3dzZXIgZG9lc24ndCBzdXBwb3J0IGVtYmVkZGVkIHZpZGVvcy4NCjwvdmlkZW8+[\/vc_raw_html][\/vc_column][\/vc_row][vc_row top_padding=\u00bb80&#8243;][vc_column width=\u00bb1\/1&#8243;][vc_column_text] POTENCIE SU IMAGINACI\u00d3N [\/vc_column_text][vc_column_text]Para crear un \u00e1lbum de boda que capte a la perfecci\u00f3n la esencia de ese d\u00eda tan especial, seguimos unos cuantos pasos clave: Comunicaci\u00f3n: empezamos escuchando la visi\u00f3n que tiene la pareja del d\u00eda de su boda. Tomamos nota de su estilo preferido, el lugar, el ambiente y la sensaci\u00f3n que quieren crear. Tambi\u00e9n prestamos atenci\u00f3n a detalles como el vestido de novia y los colores de la boda. A lo largo del proceso de planificaci\u00f3n, nos aseguramos de implicar a todas las partes interesadas, incluidos los novios, sus familiares y los proveedores. Esto no s\u00f3lo nos ayuda a comprender mejor las expectativas de la pareja, sino que tambi\u00e9n nos permite ampliar nuestra red y a\u00f1adir m\u00e1s valor a nuestros productos y servicios. El d\u00eda de la boda: Nuestro objetivo es capturar todos los elementos y momentos importantes que le importan a la pareja. Venimos preparados con un objetivo claro y un dise\u00f1o final en mente para el \u00e1lbum de boda. De este modo, podemos fotografiar eficazmente todos los detalles, im\u00e1genes y colores que conformar\u00e1n el dise\u00f1o final del \u00e1lbum. Nos preocupamos de capturar cada detalle, gesto y emoci\u00f3n para contar la [&hellip;]\" \/>\n<meta property=\"og:url\" content=\"https:\/\/www.graphistudio.com\/es\/proceso-creativo\/\" \/>\n<meta property=\"og:site_name\" content=\"Graphistudio\" \/>\n<meta property=\"article:modified_time\" content=\"2023-11-07T13:26:49+00:00\" \/>\n<meta name=\"twitter:card\" content=\"summary_large_image\" \/>\n<meta name=\"twitter:label1\" content=\"Tiempo de lectura\" \/>\n\t<meta name=\"twitter:data1\" content=\"3 minutos\" \/>\n<script type=\"application\/ld+json\" class=\"yoast-schema-graph\">{\"@context\":\"https:\/\/schema.org\",\"@graph\":[{\"@type\":\"WebPage\",\"@id\":\"https:\/\/www.graphistudio.com\/es\/proceso-creativo\/\",\"url\":\"https:\/\/www.graphistudio.com\/es\/proceso-creativo\/\",\"name\":\"Proceso creativo - Graphistudio\",\"isPartOf\":{\"@id\":\"https:\/\/www.graphistudio.com\/it\/#website\"},\"datePublished\":\"2023-11-06T15:37:30+00:00\",\"dateModified\":\"2023-11-07T13:26:49+00:00\",\"breadcrumb\":{\"@id\":\"https:\/\/www.graphistudio.com\/es\/proceso-creativo\/#breadcrumb\"},\"inLanguage\":\"es\",\"potentialAction\":[{\"@type\":\"ReadAction\",\"target\":[\"https:\/\/www.graphistudio.com\/es\/proceso-creativo\/\"]}]},{\"@type\":\"BreadcrumbList\",\"@id\":\"https:\/\/www.graphistudio.com\/es\/proceso-creativo\/#breadcrumb\",\"itemListElement\":[{\"@type\":\"ListItem\",\"position\":1,\"name\":\"Home\",\"item\":\"https:\/\/www.graphistudio.com\/es\/\"},{\"@type\":\"ListItem\",\"position\":2,\"name\":\"Proceso creativo\"}]},{\"@type\":\"WebSite\",\"@id\":\"https:\/\/www.graphistudio.com\/it\/#website\",\"url\":\"https:\/\/www.graphistudio.com\/it\/\",\"name\":\"Graphistudio\",\"description\":\"Handmade books made in Italy\",\"publisher\":{\"@id\":\"https:\/\/www.graphistudio.com\/it\/#organization\"},\"potentialAction\":[{\"@type\":\"SearchAction\",\"target\":{\"@type\":\"EntryPoint\",\"urlTemplate\":\"https:\/\/www.graphistudio.com\/it\/?s={search_term_string}\"},\"query-input\":{\"@type\":\"PropertyValueSpecification\",\"valueRequired\":true,\"valueName\":\"search_term_string\"}}],\"inLanguage\":\"es\"},{\"@type\":\"Organization\",\"@id\":\"https:\/\/www.graphistudio.com\/it\/#organization\",\"name\":\"Graphistudio\",\"url\":\"https:\/\/www.graphistudio.com\/it\/\",\"logo\":{\"@type\":\"ImageObject\",\"inLanguage\":\"es\",\"@id\":\"https:\/\/www.graphistudio.com\/it\/#\/schema\/logo\/image\/\",\"url\":\"https:\/\/www.graphistudio.com\/wp-content\/uploads\/2018\/01\/Logo_nero.png\",\"contentUrl\":\"https:\/\/www.graphistudio.com\/wp-content\/uploads\/2018\/01\/Logo_nero.png\",\"width\":160,\"height\":34,\"caption\":\"Graphistudio\"},\"image\":{\"@id\":\"https:\/\/www.graphistudio.com\/it\/#\/schema\/logo\/image\/\"}}]}<\/script>\n<!-- \/ Yoast SEO plugin. -->","yoast_head_json":{"title":"Proceso creativo - Graphistudio","robots":{"index":"index","follow":"follow","max-snippet":"max-snippet:-1","max-image-preview":"max-image-preview:large","max-video-preview":"max-video-preview:-1"},"canonical":"https:\/\/www.graphistudio.com\/es\/proceso-creativo\/","og_locale":"es_ES","og_type":"article","og_title":"Proceso creativo - Graphistudio","og_description":"[vc_row type=\u00bbfull_width_section\u00bb][vc_column width=\u00bb1\/1&#8243;][vc_raw_html]PHZpZGVvIGF1dG9wbGF5IGxvb3AgY29udHJvbHMgbXV0ZWQgd2lkdGg9IjEwMCUiPg0KICAgIDxzb3VyY2Ugc3JjPSJodHRwczovL3d3dy5ncmFwaGlzdHVkaW8uY29tL3dwLWNvbnRlbnQvdXBsb2Fkcy8yMDIzLzExL0NyZWF0aXZlX1Byb2Nlc3NfVW5icmFuZGVkLm1wNCINCiAgICAgICAgICAgIHR5cGU9InZpZGVvL21wNCI+DQoNCiAgICA8c291cmNlIHNyYz0iaHR0cHM6Ly93d3cuZ3JhcGhpc3R1ZGlvLmNvbS93cC1jb250ZW50L3VwbG9hZHMvMjAyMy8xMS9DcmVhdGl2ZV9Qcm9jZXNzX1VuYnJhbmRlZC53ZWJtIg0KICAgICAgICAgICAgdHlwZT0idmlkZW8vd2VibSI+DQoNCg0KICAgIFNvcnJ5LCB5b3VyIGJyb3dzZXIgZG9lc24ndCBzdXBwb3J0IGVtYmVkZGVkIHZpZGVvcy4NCjwvdmlkZW8+[\/vc_raw_html][\/vc_column][\/vc_row][vc_row top_padding=\u00bb80&#8243;][vc_column width=\u00bb1\/1&#8243;][vc_column_text] POTENCIE SU IMAGINACI\u00d3N [\/vc_column_text][vc_column_text]Para crear un \u00e1lbum de boda que capte a la perfecci\u00f3n la esencia de ese d\u00eda tan especial, seguimos unos cuantos pasos clave: Comunicaci\u00f3n: empezamos escuchando la visi\u00f3n que tiene la pareja del d\u00eda de su boda. Tomamos nota de su estilo preferido, el lugar, el ambiente y la sensaci\u00f3n que quieren crear. Tambi\u00e9n prestamos atenci\u00f3n a detalles como el vestido de novia y los colores de la boda. A lo largo del proceso de planificaci\u00f3n, nos aseguramos de implicar a todas las partes interesadas, incluidos los novios, sus familiares y los proveedores. Esto no s\u00f3lo nos ayuda a comprender mejor las expectativas de la pareja, sino que tambi\u00e9n nos permite ampliar nuestra red y a\u00f1adir m\u00e1s valor a nuestros productos y servicios. El d\u00eda de la boda: Nuestro objetivo es capturar todos los elementos y momentos importantes que le importan a la pareja. Venimos preparados con un objetivo claro y un dise\u00f1o final en mente para el \u00e1lbum de boda. De este modo, podemos fotografiar eficazmente todos los detalles, im\u00e1genes y colores que conformar\u00e1n el dise\u00f1o final del \u00e1lbum. Nos preocupamos de capturar cada detalle, gesto y emoci\u00f3n para contar la [&hellip;]","og_url":"https:\/\/www.graphistudio.com\/es\/proceso-creativo\/","og_site_name":"Graphistudio","article_modified_time":"2023-11-07T13:26:49+00:00","twitter_card":"summary_large_image","twitter_misc":{"Tiempo de lectura":"3 minutos"},"schema":{"@context":"https:\/\/schema.org","@graph":[{"@type":"WebPage","@id":"https:\/\/www.graphistudio.com\/es\/proceso-creativo\/","url":"https:\/\/www.graphistudio.com\/es\/proceso-creativo\/","name":"Proceso creativo - Graphistudio","isPartOf":{"@id":"https:\/\/www.graphistudio.com\/it\/#website"},"datePublished":"2023-11-06T15:37:30+00:00","dateModified":"2023-11-07T13:26:49+00:00","breadcrumb":{"@id":"https:\/\/www.graphistudio.com\/es\/proceso-creativo\/#breadcrumb"},"inLanguage":"es","potentialAction":[{"@type":"ReadAction","target":["https:\/\/www.graphistudio.com\/es\/proceso-creativo\/"]}]},{"@type":"BreadcrumbList","@id":"https:\/\/www.graphistudio.com\/es\/proceso-creativo\/#breadcrumb","itemListElement":[{"@type":"ListItem","position":1,"name":"Home","item":"https:\/\/www.graphistudio.com\/es\/"},{"@type":"ListItem","position":2,"name":"Proceso creativo"}]},{"@type":"WebSite","@id":"https:\/\/www.graphistudio.com\/it\/#website","url":"https:\/\/www.graphistudio.com\/it\/","name":"Graphistudio","description":"Handmade books made in Italy","publisher":{"@id":"https:\/\/www.graphistudio.com\/it\/#organization"},"potentialAction":[{"@type":"SearchAction","target":{"@type":"EntryPoint","urlTemplate":"https:\/\/www.graphistudio.com\/it\/?s={search_term_string}"},"query-input":{"@type":"PropertyValueSpecification","valueRequired":true,"valueName":"search_term_string"}}],"inLanguage":"es"},{"@type":"Organization","@id":"https:\/\/www.graphistudio.com\/it\/#organization","name":"Graphistudio","url":"https:\/\/www.graphistudio.com\/it\/","logo":{"@type":"ImageObject","inLanguage":"es","@id":"https:\/\/www.graphistudio.com\/it\/#\/schema\/logo\/image\/","url":"https:\/\/www.graphistudio.com\/wp-content\/uploads\/2018\/01\/Logo_nero.png","contentUrl":"https:\/\/www.graphistudio.com\/wp-content\/uploads\/2018\/01\/Logo_nero.png","width":160,"height":34,"caption":"Graphistudio"},"image":{"@id":"https:\/\/www.graphistudio.com\/it\/#\/schema\/logo\/image\/"}}]}},"_links":{"self":[{"href":"https:\/\/www.graphistudio.com\/es\/wp-json\/wp\/v2\/pages\/67381","targetHints":{"allow":["GET"]}}],"collection":[{"href":"https:\/\/www.graphistudio.com\/es\/wp-json\/wp\/v2\/pages"}],"about":[{"href":"https:\/\/www.graphistudio.com\/es\/wp-json\/wp\/v2\/types\/page"}],"author":[{"embeddable":true,"href":"https:\/\/www.graphistudio.com\/es\/wp-json\/wp\/v2\/users\/8"}],"replies":[{"embeddable":true,"href":"https:\/\/www.graphistudio.com\/es\/wp-json\/wp\/v2\/comments?post=67381"}],"version-history":[{"count":5,"href":"https:\/\/www.graphistudio.com\/es\/wp-json\/wp\/v2\/pages\/67381\/revisions"}],"predecessor-version":[{"id":67426,"href":"https:\/\/www.graphistudio.com\/es\/wp-json\/wp\/v2\/pages\/67381\/revisions\/67426"}],"wp:attachment":[{"href":"https:\/\/www.graphistudio.com\/es\/wp-json\/wp\/v2\/media?parent=67381"}],"curies":[{"name":"wp","href":"https:\/\/api.w.org\/{rel}","templated":true}]}}