{"id":65790,"date":"2023-09-05T16:26:36","date_gmt":"2023-09-05T14:26:36","guid":{"rendered":"https:\/\/www.graphistudio.com\/gold-by-the-sea-preset\/"},"modified":"2023-09-06T16:41:12","modified_gmt":"2023-09-06T14:41:12","slug":"gold-by-the-sea-preset","status":"publish","type":"page","link":"https:\/\/www.graphistudio.com\/es\/tramontina-collection\/tramontina-presets\/gold-by-the-sea-preset\/","title":{"rendered":"Gold By The Sea Preset"},"content":{"rendered":"<div class=\"wpb-content-wrapper\"><p>[vc_row type=\u00bbfull_width_section\u00bb][vc_column width=\u00bb1\/1&#8243;][vc_raw_html]W2h0cG9zdGNvbnRlbnQgaWQ9NjYwOTdd[\/vc_raw_html][\/vc_column][\/vc_row][vc_row type=\u00bbfull_width_section\u00bb top_padding=\u00bb40&#8243; bottom_padding=\u00bb20&#8243;][vc_column width=\u00bb1\/12&#8243;][\/vc_column][vc_column width=\u00bb5\/6&#8243;][vc_column_text]<\/p>\n<h4 style=\"font-size: 30px; color: #acacac !important; text-align: right;\"><strong>GOLD BY THE SEA<\/strong><\/h4>\n<p>[\/vc_column_text][\/vc_column][vc_column width=\u00bb1\/12&#8243;][\/vc_column][\/vc_row][vc_row type=\u00bbfull_width_section\u00bb top_padding=\u00bb40&#8243; bottom_padding=\u00bb40&#8243;][vc_column width=\u00bb1\/1&#8243;][vc_raw_html]W3dvbmRlcnBsdWdpbl9ncmlkZ2FsbGVyeSBpZD0xNjhd[\/vc_raw_html][\/vc_column][\/vc_row][vc_row type=\u00bbfull_width_section\u00bb bottom_padding=\u00bb40&#8243;][vc_column column_padding=\u00bbpadding-3&#8243; width=\u00bb1\/12&#8243;][\/vc_column][vc_column width=\u00bb5\/6&#8243;][vc_column_text]<\/p>\n<h4 style=\"font-size: 20px; color: #acacac !important; text-align: left;\"><strong>DESCRIPCI\u00d3N<\/strong><\/h4>\n<p>[\/vc_column_text][vc_column_text]<\/p>\n<h3 style=\"font-size: 20px; font-weight: 100; color: #acacac;\">COFFEE TABLE BOOK totalmente realizado en lino, By the Sea, personalizado en la cubierta y en el lomo con estampaci\u00f3n en oro en fuente Times New Roman.<\/h3>\n<p>[\/vc_column_text]<div class=\"spacer\" style=\"height: 80px;\"><\/div>[vc_column_text]<\/p>\n<h4 style=\"font-size: 20px; color: #acacac !important; text-align: left;\"><strong>DETALLES<\/strong><\/h4>\n<p>[\/vc_column_text][vc_column_text]<\/p>\n<p style=\"font-size: 20px; font-weight: 100; color: #acacac;\"><strong>TALLA:<\/strong> 30x30cm (12&#215;12&#8243;)<br \/>\n<strong>MATERIAL DE CUBIERTA:<\/strong> TLE01 &#8211; BY THE SEA<br \/>\n<strong>PERSONALIZACI\u00d3N DE CUBIERTAS:<\/strong> Gofrado dorado (Font &#8211; Times New Roman).<br \/>\n<strong>PERSONALIZACI\u00d3N DEL LOMO DEL LIBRO:<\/strong> Gofrado dorado (Font &#8211; Times New Roman).<br \/>\n<strong>PAPEL:<\/strong> Tintoretto papel (Offset Tecnolog\u00eda)<\/p>\n<p>[\/vc_column_text]<div class=\"spacer\" style=\"height: 80px;\"><\/div>[vc_column_text]<\/p>\n<h4 style=\"font-size: 20px; color: #acacac !important; text-align: left;\"><strong>\u00bfTE GUSTAR\u00cdA PERO EN OTRO COLOR?<\/strong><\/h4>\n<p>[\/vc_column_text][vc_raw_html css=\u00bb.vc_custom_1688732473546{margin-left: 0px !important;}\u00bb el_class=\u00bbleft\u00bb]W3dvbmRlcnBsdWdpbl9ncmlkZ2FsbGVyeSBpZD0xNDFd[\/vc_raw_html]<div class=\"spacer\" style=\"height: 80px;\"><\/div>[vc_column_text]<\/p>\n<h4 style=\"font-size: 20px; color: #acacac !important; text-align: left;\"><strong>FONT<\/strong><\/h4>\n<p>[\/vc_column_text]<div class=\"spacer\" style=\"height: 30px;\"><\/div><div class=\"single_image wpb_content_element align-left    \" data-animation=\"none\" data-delay=\"0\"><img loading=\"lazy\" decoding=\"async\" width=\"300\" height=\"66\" src=\"https:\/\/www.graphistudio.com\/wp-content\/uploads\/2023\/04\/TIMES-300x66.jpg\" class=\"attachment-medium\" alt=\"\" title=\"TIMES\" srcset=\"https:\/\/www.graphistudio.com\/wp-content\/uploads\/2023\/04\/TIMES-300x66.jpg 300w, https:\/\/www.graphistudio.com\/wp-content\/uploads\/2023\/04\/TIMES-768x169.jpg 768w, https:\/\/www.graphistudio.com\/wp-content\/uploads\/2023\/04\/TIMES.jpg 1000w\" sizes=\"auto, (max-width: 300px) 100vw, 300px\" \/><\/div>[\/vc_column][vc_column width=\u00bb1\/12&#8243;][\/vc_column][\/vc_row][vc_row type=\u00bbfull_width_section\u00bb bg_color=\u00bb#e4e2e0&#8243; top_padding=\u00bb40&#8243; bottom_padding=\u00bb40&#8243;][vc_column column_padding=\u00bbpadding-3&#8243; width=\u00bb1\/12&#8243;][\/vc_column][vc_column width=\u00bb5\/6&#8243;][vc_column_text]<\/p>\n<h4 style=\"font-size: 20px; color: #acacac !important; text-align: left;\"><div class=\"orderFormPage\" style=\"text-align: center;\">\n\t\t<button onClick=\"(function(e){var element = jQuery('#formOrderEasy').css('display', 'block'); e.style.display = 'none';})(this);return false;\">Place an order<\/button>\n\t\t<form id=\"formOrderEasy\" style=\"display: none; text-align: left;\">\n\t\t\t<div>\n\t\t\t\t\u00bfEs usted fot\u00f3grafo profesional?*\n\t\t\t\t<input type=\"radio\" id=\"photographer_yes\" name=\"photographer\" value=\"yes\" required>\n\t\t\t\t<label for=\"photographer_yes\">S\u00ed<\/label>\n\t\t\t\t<input type=\"radio\" id=\"photographer_no\" name=\"photographer\" value=\"no\" required>\n\t\t\t\t<label for=\"photographer_no\">No<\/label>\n\t\t\t<\/div>\n\t\t\t<br\/>\n\t\t\t<div>\n\t\t\t\t\u00bfEs usted cliente?*\n\t\t\t\t<input type=\"radio\" id=\"customer_yes\" name=\"customer\" value=\"yes\" required>\n\t\t\t\t<label for=\"customer_yes\">S\u00ed<\/label>\n\t\t\t\t<input type=\"radio\" id=\"customer_no\" name=\"customer\" value=\"no\" required>\n\t\t\t\t<label for=\"customer_no\">No<\/label>\n\t\t\t<\/div>\n\t\t\t<br\/>\n\t\t\t<div>\n\t\t\t\tNombre*\n\t\t\t\t<input type=\"text\" id=\"name\" name=\"name\" required\/>\n\t\t\t<\/div>\n\t\t\t<br\/>\n\t\t\t<div>\n\t\t\t\tE-mail*\n\t\t\t\t<input type=\"email\" id=\"email\" name=\"email\" required\/>\n\t\t\t<\/div>\n\t\t\t<br\/>\n\t\t\t<div class=\"form-check text-center\">\n\t\t\t\t<input name=\"privacy\" type=\"checkbox\" class=\"form-check-input validate[\"required\",\"target:txt_privacy\"] fc-field-error\" id=\"privacy\" value=\"\" required>\n\t\t\t\t<label class=\"text-dark form-check-label\" id=\"txt_privacy\" for=\"privacy\"><a href=\"https:\/\/www.graphistudio.com\/en\/privacy\" target=\"_blank\">He le\u00eddo la pol\u00edtica de privacidad y autorizo el tratamiento de mis datos personales aqu\u00ed facilitados.<span class=\"red\">*<\/span><\/a><\/label>\n\t\t\t<\/div>\n\t\t\t<input type=\"hidden\" name=\"action\" value=\"saveEasyFormData\">\n\t\t\t<input type=\"hidden\" name=\"page\" value=\"\">\n\t\t\t<br\/>\n\t\t\t<div>\n\t\t\t\t<button id=\"submit\">Enviar<\/button>\n\t\t\t<\/div>\n\t\t<\/form>\n\t\t<div class=\"messageSuccess\" style=\"display: none; color: green; font-size: 30px\">Gracias por ponerse en contacto con nosotros, le responderemos lo antes posible<\/div>\n\t<\/div>\n\t<script>\n\tjQuery(document).ready(function(){\n\t\tjQuery(\"[name=page]\").val(window.location.href);\n\t})\n\tjQuery(\"body\").on(\"click\", \"#submit\", function(e){\n\t\te.preventDefault();\n\t\tvar queryString = jQuery(\"#formOrderEasy\").serialize();\n\n\t\tjQuery.ajax({\n\t\t\ttype : \"POST\",\n\t\t\tdataType : \"json\",\n\t\t\turl : \"\/wp-admin\/admin-ajax.php\",\n\t\t\tdata : queryString,\n\t\t\tdataType: \"html\",\n\t\t\tsuccess: function(response) {\n\t\t\t\tif(response == \"ok\"){\n\t\t\t\t\tjQuery(\".messageSuccess\").css(\"display\", \"block\");\n\t\t\t\t\tjQuery(\"#formOrderEasy\").css(\"display\", \"none\");\n\t\t\t\t}\n\t\t\t}\n\t\t});\n\t});\n\t<\/script>\n\t<style>\n\t.orderFormPage label{\n\t\twidth: auto;\n\t\tdisplay: inline-block;\n\t}\n\t.orderFormPage input[type=\"email\"]{\n\t\twidth: 100%;\n\t}\n\t.orderFormPage input{\n\t\tmargin: 0px!important;\n\t}\n\t<\/style><\/h4>\n<p>[\/vc_column_text][\/vc_column][vc_column width=\u00bb1\/12&#8243;][\/vc_column][\/vc_row][vc_row][vc_column width=\u00bb1\/1&#8243;]<div class=\"spacer\" style=\"height: 100px;\"><\/div>[\/vc_column][\/vc_row]<\/p>\n<\/div>","protected":false},"excerpt":{"rendered":"<p>[vc_row type=\u00bbfull_width_section\u00bb][vc_column width=\u00bb1\/1&#8243;][vc_raw_html]W2h0cG9zdGNvbnRlbnQgaWQ9NjYwOTdd[\/vc_raw_html][\/vc_column][\/vc_row][vc_row type=\u00bbfull_width_section\u00bb top_padding=\u00bb40&#8243; bottom_padding=\u00bb20&#8243;][vc_column width=\u00bb1\/12&#8243;][\/vc_column][vc_column width=\u00bb5\/6&#8243;][vc_column_text] GOLD BY THE SEA [\/vc_column_text][\/vc_column][vc_column width=\u00bb1\/12&#8243;][\/vc_column][\/vc_row][vc_row type=\u00bbfull_width_section\u00bb top_padding=\u00bb40&#8243; bottom_padding=\u00bb40&#8243;][vc_column width=\u00bb1\/1&#8243;][vc_raw_html]W3dvbmRlcnBsdWdpbl9ncmlkZ2FsbGVyeSBpZD0xNjhd[\/vc_raw_html][\/vc_column][\/vc_row][vc_row type=\u00bbfull_width_section\u00bb bottom_padding=\u00bb40&#8243;][vc_column column_padding=\u00bbpadding-3&#8243; width=\u00bb1\/12&#8243;][\/vc_column][vc_column width=\u00bb5\/6&#8243;][vc_column_text] DESCRIPCI\u00d3N [\/vc_column_text][vc_column_text] COFFEE TABLE BOOK totalmente realizado en lino, By the Sea, personalizado en la cubierta y en el lomo con estampaci\u00f3n en oro en fuente Times New Roman. [\/vc_column_text][vc_column_text] DETALLES [\/vc_column_text][vc_column_text] TALLA: 30x30cm (12&#215;12&#8243;) MATERIAL DE CUBIERTA: TLE01 &#8211; BY THE SEA PERSONALIZACI\u00d3N DE CUBIERTAS: Gofrado dorado (Font &#8211; Times New Roman). PERSONALIZACI\u00d3N DEL LOMO DEL LIBRO: Gofrado dorado (Font &#8211; Times New Roman). PAPEL: Tintoretto papel (Offset Tecnolog\u00eda) [\/vc_column_text][vc_column_text] \u00bfTE GUSTAR\u00cdA PERO EN OTRO COLOR? [\/vc_column_text][vc_raw_html css=\u00bb.vc_custom_1688732473546{margin-left: 0px !important;}\u00bb el_class=\u00bbleft\u00bb]W3dvbmRlcnBsdWdpbl9ncmlkZ2FsbGVyeSBpZD0xNDFd[\/vc_raw_html][vc_column_text] FONT [\/vc_column_text][\/vc_column][vc_column width=\u00bb1\/12&#8243;][\/vc_column][\/vc_row][vc_row type=\u00bbfull_width_section\u00bb bg_color=\u00bb#e4e2e0&#8243; top_padding=\u00bb40&#8243; bottom_padding=\u00bb40&#8243;][vc_column column_padding=\u00bbpadding-3&#8243; width=\u00bb1\/12&#8243;][\/vc_column][vc_column width=\u00bb5\/6&#8243;][vc_column_text] [\/vc_column_text][\/vc_column][vc_column width=\u00bb1\/12&#8243;][\/vc_column][\/vc_row][vc_row][vc_column width=\u00bb1\/1&#8243;][\/vc_column][\/vc_row]<\/p>\n","protected":false},"author":8,"featured_media":0,"parent":65844,"menu_order":0,"comment_status":"closed","ping_status":"closed","template":"","meta":{"cybocfi_hide_featured_image":"","footnotes":""},"class_list":["post-65790","page","type-page","status-publish","hentry"],"yoast_head":"<!-- This site is optimized with the Yoast SEO plugin v26.7 - https:\/\/yoast.com\/wordpress\/plugins\/seo\/ -->\n<title>Gold By The Sea Preset - Graphistudio<\/title>\n<meta name=\"robots\" content=\"index, follow, max-snippet:-1, max-image-preview:large, max-video-preview:-1\" \/>\n<link rel=\"canonical\" href=\"https:\/\/www.graphistudio.com\/en\/tramontina-collection\/tramontina-presets\/preset-coffee-table-book-linen-by-the-sea\/\" \/>\n<meta property=\"og:locale\" content=\"es_ES\" \/>\n<meta property=\"og:type\" content=\"article\" \/>\n<meta property=\"og:title\" content=\"Gold By The Sea Preset - Graphistudio\" \/>\n<meta property=\"og:description\" content=\"[vc_row type=\u00bbfull_width_section\u00bb][vc_column width=\u00bb1\/1&#8243;][vc_raw_html]W2h0cG9zdGNvbnRlbnQgaWQ9NjYwOTdd[\/vc_raw_html][\/vc_column][\/vc_row][vc_row type=\u00bbfull_width_section\u00bb top_padding=\u00bb40&#8243; bottom_padding=\u00bb20&#8243;][vc_column width=\u00bb1\/12&#8243;][\/vc_column][vc_column width=\u00bb5\/6&#8243;][vc_column_text] GOLD BY THE SEA [\/vc_column_text][\/vc_column][vc_column width=\u00bb1\/12&#8243;][\/vc_column][\/vc_row][vc_row type=\u00bbfull_width_section\u00bb top_padding=\u00bb40&#8243; bottom_padding=\u00bb40&#8243;][vc_column width=\u00bb1\/1&#8243;][vc_raw_html]W3dvbmRlcnBsdWdpbl9ncmlkZ2FsbGVyeSBpZD0xNjhd[\/vc_raw_html][\/vc_column][\/vc_row][vc_row type=\u00bbfull_width_section\u00bb bottom_padding=\u00bb40&#8243;][vc_column column_padding=\u00bbpadding-3&#8243; width=\u00bb1\/12&#8243;][\/vc_column][vc_column width=\u00bb5\/6&#8243;][vc_column_text] DESCRIPCI\u00d3N [\/vc_column_text][vc_column_text] COFFEE TABLE BOOK totalmente realizado en lino, By the Sea, personalizado en la cubierta y en el lomo con estampaci\u00f3n en oro en fuente Times New Roman. [\/vc_column_text][vc_column_text] DETALLES [\/vc_column_text][vc_column_text] TALLA: 30x30cm (12&#215;12&#8243;) MATERIAL DE CUBIERTA: TLE01 &#8211; BY THE SEA PERSONALIZACI\u00d3N DE CUBIERTAS: Gofrado dorado (Font &#8211; Times New Roman). PERSONALIZACI\u00d3N DEL LOMO DEL LIBRO: Gofrado dorado (Font &#8211; Times New Roman). PAPEL: Tintoretto papel (Offset Tecnolog\u00eda) [\/vc_column_text][vc_column_text] \u00bfTE GUSTAR\u00cdA PERO EN OTRO COLOR? [\/vc_column_text][vc_raw_html css=\u00bb.vc_custom_1688732473546{margin-left: 0px !important;}\u00bb el_class=\u00bbleft\u00bb]W3dvbmRlcnBsdWdpbl9ncmlkZ2FsbGVyeSBpZD0xNDFd[\/vc_raw_html][vc_column_text] FONT [\/vc_column_text][\/vc_column][vc_column width=\u00bb1\/12&#8243;][\/vc_column][\/vc_row][vc_row type=\u00bbfull_width_section\u00bb bg_color=\u00bb#e4e2e0&#8243; top_padding=\u00bb40&#8243; bottom_padding=\u00bb40&#8243;][vc_column column_padding=\u00bbpadding-3&#8243; width=\u00bb1\/12&#8243;][\/vc_column][vc_column width=\u00bb5\/6&#8243;][vc_column_text] [\/vc_column_text][\/vc_column][vc_column width=\u00bb1\/12&#8243;][\/vc_column][\/vc_row][vc_row][vc_column width=\u00bb1\/1&#8243;][\/vc_column][\/vc_row]\" \/>\n<meta property=\"og:url\" content=\"https:\/\/www.graphistudio.com\/en\/tramontina-collection\/tramontina-presets\/preset-coffee-table-book-linen-by-the-sea\/\" \/>\n<meta property=\"og:site_name\" content=\"Graphistudio\" \/>\n<meta property=\"article:modified_time\" content=\"2023-09-06T14:41:12+00:00\" \/>\n<meta name=\"twitter:card\" content=\"summary_large_image\" \/>\n<meta name=\"twitter:label1\" content=\"Tiempo de lectura\" \/>\n\t<meta name=\"twitter:data1\" content=\"1 minuto\" \/>\n<script type=\"application\/ld+json\" class=\"yoast-schema-graph\">{\"@context\":\"https:\/\/schema.org\",\"@graph\":[{\"@type\":\"WebPage\",\"@id\":\"https:\/\/www.graphistudio.com\/en\/tramontina-collection\/tramontina-presets\/preset-coffee-table-book-linen-by-the-sea\/\",\"url\":\"https:\/\/www.graphistudio.com\/en\/tramontina-collection\/tramontina-presets\/preset-coffee-table-book-linen-by-the-sea\/\",\"name\":\"Gold By The Sea Preset - Graphistudio\",\"isPartOf\":{\"@id\":\"https:\/\/www.graphistudio.com\/it\/#website\"},\"datePublished\":\"2023-09-05T14:26:36+00:00\",\"dateModified\":\"2023-09-06T14:41:12+00:00\",\"breadcrumb\":{\"@id\":\"https:\/\/www.graphistudio.com\/en\/tramontina-collection\/tramontina-presets\/preset-coffee-table-book-linen-by-the-sea\/#breadcrumb\"},\"inLanguage\":\"es\",\"potentialAction\":[{\"@type\":\"ReadAction\",\"target\":[\"https:\/\/www.graphistudio.com\/en\/tramontina-collection\/tramontina-presets\/preset-coffee-table-book-linen-by-the-sea\/\"]}]},{\"@type\":\"BreadcrumbList\",\"@id\":\"https:\/\/www.graphistudio.com\/en\/tramontina-collection\/tramontina-presets\/preset-coffee-table-book-linen-by-the-sea\/#breadcrumb\",\"itemListElement\":[{\"@type\":\"ListItem\",\"position\":1,\"name\":\"Home\",\"item\":\"https:\/\/www.graphistudio.com\/es\/\"},{\"@type\":\"ListItem\",\"position\":2,\"name\":\"Tramontina Collection\",\"item\":\"https:\/\/www.graphistudio.com\/es\/tramontina-collection\/\"},{\"@type\":\"ListItem\",\"position\":3,\"name\":\"Tramontina Presets\",\"item\":\"https:\/\/www.graphistudio.com\/es\/tramontina-collection\/tramontina-presets\/\"},{\"@type\":\"ListItem\",\"position\":4,\"name\":\"Gold By The Sea Preset\"}]},{\"@type\":\"WebSite\",\"@id\":\"https:\/\/www.graphistudio.com\/it\/#website\",\"url\":\"https:\/\/www.graphistudio.com\/it\/\",\"name\":\"Graphistudio\",\"description\":\"Handmade books made in Italy\",\"publisher\":{\"@id\":\"https:\/\/www.graphistudio.com\/it\/#organization\"},\"potentialAction\":[{\"@type\":\"SearchAction\",\"target\":{\"@type\":\"EntryPoint\",\"urlTemplate\":\"https:\/\/www.graphistudio.com\/it\/?s={search_term_string}\"},\"query-input\":{\"@type\":\"PropertyValueSpecification\",\"valueRequired\":true,\"valueName\":\"search_term_string\"}}],\"inLanguage\":\"es\"},{\"@type\":\"Organization\",\"@id\":\"https:\/\/www.graphistudio.com\/it\/#organization\",\"name\":\"Graphistudio\",\"url\":\"https:\/\/www.graphistudio.com\/it\/\",\"logo\":{\"@type\":\"ImageObject\",\"inLanguage\":\"es\",\"@id\":\"https:\/\/www.graphistudio.com\/it\/#\/schema\/logo\/image\/\",\"url\":\"https:\/\/www.graphistudio.com\/wp-content\/uploads\/2018\/01\/Logo_nero.png\",\"contentUrl\":\"https:\/\/www.graphistudio.com\/wp-content\/uploads\/2018\/01\/Logo_nero.png\",\"width\":160,\"height\":34,\"caption\":\"Graphistudio\"},\"image\":{\"@id\":\"https:\/\/www.graphistudio.com\/it\/#\/schema\/logo\/image\/\"}}]}<\/script>\n<!-- \/ Yoast SEO plugin. -->","yoast_head_json":{"title":"Gold By The Sea Preset - Graphistudio","robots":{"index":"index","follow":"follow","max-snippet":"max-snippet:-1","max-image-preview":"max-image-preview:large","max-video-preview":"max-video-preview:-1"},"canonical":"https:\/\/www.graphistudio.com\/en\/tramontina-collection\/tramontina-presets\/preset-coffee-table-book-linen-by-the-sea\/","og_locale":"es_ES","og_type":"article","og_title":"Gold By The Sea Preset - Graphistudio","og_description":"[vc_row type=\u00bbfull_width_section\u00bb][vc_column width=\u00bb1\/1&#8243;][vc_raw_html]W2h0cG9zdGNvbnRlbnQgaWQ9NjYwOTdd[\/vc_raw_html][\/vc_column][\/vc_row][vc_row type=\u00bbfull_width_section\u00bb top_padding=\u00bb40&#8243; bottom_padding=\u00bb20&#8243;][vc_column width=\u00bb1\/12&#8243;][\/vc_column][vc_column width=\u00bb5\/6&#8243;][vc_column_text] GOLD BY THE SEA [\/vc_column_text][\/vc_column][vc_column width=\u00bb1\/12&#8243;][\/vc_column][\/vc_row][vc_row type=\u00bbfull_width_section\u00bb top_padding=\u00bb40&#8243; bottom_padding=\u00bb40&#8243;][vc_column width=\u00bb1\/1&#8243;][vc_raw_html]W3dvbmRlcnBsdWdpbl9ncmlkZ2FsbGVyeSBpZD0xNjhd[\/vc_raw_html][\/vc_column][\/vc_row][vc_row type=\u00bbfull_width_section\u00bb bottom_padding=\u00bb40&#8243;][vc_column column_padding=\u00bbpadding-3&#8243; width=\u00bb1\/12&#8243;][\/vc_column][vc_column width=\u00bb5\/6&#8243;][vc_column_text] DESCRIPCI\u00d3N [\/vc_column_text][vc_column_text] COFFEE TABLE BOOK totalmente realizado en lino, By the Sea, personalizado en la cubierta y en el lomo con estampaci\u00f3n en oro en fuente Times New Roman. [\/vc_column_text][vc_column_text] DETALLES [\/vc_column_text][vc_column_text] TALLA: 30x30cm (12&#215;12&#8243;) MATERIAL DE CUBIERTA: TLE01 &#8211; BY THE SEA PERSONALIZACI\u00d3N DE CUBIERTAS: Gofrado dorado (Font &#8211; Times New Roman). PERSONALIZACI\u00d3N DEL LOMO DEL LIBRO: Gofrado dorado (Font &#8211; Times New Roman). PAPEL: Tintoretto papel (Offset Tecnolog\u00eda) [\/vc_column_text][vc_column_text] \u00bfTE GUSTAR\u00cdA PERO EN OTRO COLOR? [\/vc_column_text][vc_raw_html css=\u00bb.vc_custom_1688732473546{margin-left: 0px !important;}\u00bb el_class=\u00bbleft\u00bb]W3dvbmRlcnBsdWdpbl9ncmlkZ2FsbGVyeSBpZD0xNDFd[\/vc_raw_html][vc_column_text] FONT [\/vc_column_text][\/vc_column][vc_column width=\u00bb1\/12&#8243;][\/vc_column][\/vc_row][vc_row type=\u00bbfull_width_section\u00bb bg_color=\u00bb#e4e2e0&#8243; top_padding=\u00bb40&#8243; bottom_padding=\u00bb40&#8243;][vc_column column_padding=\u00bbpadding-3&#8243; width=\u00bb1\/12&#8243;][\/vc_column][vc_column width=\u00bb5\/6&#8243;][vc_column_text] [\/vc_column_text][\/vc_column][vc_column width=\u00bb1\/12&#8243;][\/vc_column][\/vc_row][vc_row][vc_column width=\u00bb1\/1&#8243;][\/vc_column][\/vc_row]","og_url":"https:\/\/www.graphistudio.com\/en\/tramontina-collection\/tramontina-presets\/preset-coffee-table-book-linen-by-the-sea\/","og_site_name":"Graphistudio","article_modified_time":"2023-09-06T14:41:12+00:00","twitter_card":"summary_large_image","twitter_misc":{"Tiempo de lectura":"1 minuto"},"schema":{"@context":"https:\/\/schema.org","@graph":[{"@type":"WebPage","@id":"https:\/\/www.graphistudio.com\/en\/tramontina-collection\/tramontina-presets\/preset-coffee-table-book-linen-by-the-sea\/","url":"https:\/\/www.graphistudio.com\/en\/tramontina-collection\/tramontina-presets\/preset-coffee-table-book-linen-by-the-sea\/","name":"Gold By The Sea Preset - Graphistudio","isPartOf":{"@id":"https:\/\/www.graphistudio.com\/it\/#website"},"datePublished":"2023-09-05T14:26:36+00:00","dateModified":"2023-09-06T14:41:12+00:00","breadcrumb":{"@id":"https:\/\/www.graphistudio.com\/en\/tramontina-collection\/tramontina-presets\/preset-coffee-table-book-linen-by-the-sea\/#breadcrumb"},"inLanguage":"es","potentialAction":[{"@type":"ReadAction","target":["https:\/\/www.graphistudio.com\/en\/tramontina-collection\/tramontina-presets\/preset-coffee-table-book-linen-by-the-sea\/"]}]},{"@type":"BreadcrumbList","@id":"https:\/\/www.graphistudio.com\/en\/tramontina-collection\/tramontina-presets\/preset-coffee-table-book-linen-by-the-sea\/#breadcrumb","itemListElement":[{"@type":"ListItem","position":1,"name":"Home","item":"https:\/\/www.graphistudio.com\/es\/"},{"@type":"ListItem","position":2,"name":"Tramontina Collection","item":"https:\/\/www.graphistudio.com\/es\/tramontina-collection\/"},{"@type":"ListItem","position":3,"name":"Tramontina Presets","item":"https:\/\/www.graphistudio.com\/es\/tramontina-collection\/tramontina-presets\/"},{"@type":"ListItem","position":4,"name":"Gold By The Sea Preset"}]},{"@type":"WebSite","@id":"https:\/\/www.graphistudio.com\/it\/#website","url":"https:\/\/www.graphistudio.com\/it\/","name":"Graphistudio","description":"Handmade books made in Italy","publisher":{"@id":"https:\/\/www.graphistudio.com\/it\/#organization"},"potentialAction":[{"@type":"SearchAction","target":{"@type":"EntryPoint","urlTemplate":"https:\/\/www.graphistudio.com\/it\/?s={search_term_string}"},"query-input":{"@type":"PropertyValueSpecification","valueRequired":true,"valueName":"search_term_string"}}],"inLanguage":"es"},{"@type":"Organization","@id":"https:\/\/www.graphistudio.com\/it\/#organization","name":"Graphistudio","url":"https:\/\/www.graphistudio.com\/it\/","logo":{"@type":"ImageObject","inLanguage":"es","@id":"https:\/\/www.graphistudio.com\/it\/#\/schema\/logo\/image\/","url":"https:\/\/www.graphistudio.com\/wp-content\/uploads\/2018\/01\/Logo_nero.png","contentUrl":"https:\/\/www.graphistudio.com\/wp-content\/uploads\/2018\/01\/Logo_nero.png","width":160,"height":34,"caption":"Graphistudio"},"image":{"@id":"https:\/\/www.graphistudio.com\/it\/#\/schema\/logo\/image\/"}}]}},"_links":{"self":[{"href":"https:\/\/www.graphistudio.com\/es\/wp-json\/wp\/v2\/pages\/65790","targetHints":{"allow":["GET"]}}],"collection":[{"href":"https:\/\/www.graphistudio.com\/es\/wp-json\/wp\/v2\/pages"}],"about":[{"href":"https:\/\/www.graphistudio.com\/es\/wp-json\/wp\/v2\/types\/page"}],"author":[{"embeddable":true,"href":"https:\/\/www.graphistudio.com\/es\/wp-json\/wp\/v2\/users\/8"}],"replies":[{"embeddable":true,"href":"https:\/\/www.graphistudio.com\/es\/wp-json\/wp\/v2\/comments?post=65790"}],"version-history":[{"count":7,"href":"https:\/\/www.graphistudio.com\/es\/wp-json\/wp\/v2\/pages\/65790\/revisions"}],"predecessor-version":[{"id":66163,"href":"https:\/\/www.graphistudio.com\/es\/wp-json\/wp\/v2\/pages\/65790\/revisions\/66163"}],"up":[{"embeddable":true,"href":"https:\/\/www.graphistudio.com\/es\/wp-json\/wp\/v2\/pages\/65844"}],"wp:attachment":[{"href":"https:\/\/www.graphistudio.com\/es\/wp-json\/wp\/v2\/media?parent=65790"}],"curies":[{"name":"wp","href":"https:\/\/api.w.org\/{rel}","templated":true}]}}