{"id":56855,"date":"2023-09-06T14:14:36","date_gmt":"2023-09-06T12:14:36","guid":{"rendered":"https:\/\/www.graphistudio.com\/?page_id=56855"},"modified":"2023-12-11T08:58:44","modified_gmt":"2023-12-11T07:58:44","slug":"magnolia-box","status":"publish","type":"page","link":"https:\/\/www.graphistudio.com\/es\/tramontina-collection\/tramontina-products\/magnolia-box\/","title":{"rendered":"Magnolia Box"},"content":{"rendered":"<div class=\"wpb-content-wrapper\"><p>[vc_row type=\u00bbfull_width_section\u00bb][vc_column width=\u00bb1\/1&#8243;][vc_raw_html]W2h0cG9zdGNvbnRlbnQgaWQ9NjYwOTdd[\/vc_raw_html][\/vc_column][\/vc_row][vc_row type=\u00bbfull_width_section\u00bb][vc_column width=\u00bb1\/1&#8243;][vc_raw_html]W3dvbmRlcnBsdWdpbl9ncmlkZ2FsbGVyeSBpZD0xMzJd[\/vc_raw_html][\/vc_column][\/vc_row][vc_row top_padding=\u00bb100&#8243; bottom_padding=\u00bb100&#8243;][vc_column width=\u00bb1\/6&#8243;][\/vc_column][vc_column width=\u00bb2\/3&#8243;]<div class=\"single_image wpb_content_element align-center    \" data-animation=\"none\" data-delay=\"0\"><img loading=\"lazy\" decoding=\"async\" width=\"743\" height=\"270\" src=\"https:\/\/www.graphistudio.com\/wp-content\/uploads\/2023\/01\/magnoliaboxtext.jpg\" class=\"attachment-full\" alt=\"\" title=\"magnoliaboxtext\" srcset=\"https:\/\/www.graphistudio.com\/wp-content\/uploads\/2023\/01\/magnoliaboxtext.jpg 743w, https:\/\/www.graphistudio.com\/wp-content\/uploads\/2023\/01\/magnoliaboxtext-300x109.jpg 300w\" sizes=\"auto, (max-width: 743px) 100vw, 743px\" \/><\/div>[\/vc_column][vc_column width=\u00bb1\/6&#8243;][\/vc_column][\/vc_row][vc_row bottom_padding=\u00bb60&#8243;][vc_column width=\u00bb1\/6&#8243;][\/vc_column][vc_column width=\u00bb2\/3&#8243;][vc_column_text]<\/p>\n<p style=\"text-align: center;\">La mejor manera de conservar tu libro de boda a lo largo de los a\u00f1os es mantenerlo a salvo dentro de un lugar especial. Por eso hemos creado la Caja Magnolia. Hecha a medida para cada libro y \u00e1lbum, est\u00e1 concebida para proteger y lucir en el interior de tu casa cliente.<\/p>\n<p style=\"text-align: center;\">Dise\u00f1ada para crear un impacto visual excepcional al tiempo que a\u00fana funcionalidad y est\u00e9tica, la caja Magnolia mantiene un concepto de dise\u00f1o continuo dentro del conjunto y la colecci\u00f3n que est\u00e1 creando.<\/p>\n<p>&nbsp;<br \/>\n[\/vc_column_text][\/vc_column][vc_column width=\u00bb1\/6&#8243;][\/vc_column][\/vc_row][vc_row type=\u00bbfull_width_section\u00bb][vc_column width=\u00bb1\/1&#8243;][vc_raw_html]W2h0cG9zdGNvbnRlbnQgaWQ9NjYwODZd[\/vc_raw_html][\/vc_column][\/vc_row][vc_row type=\u00bbfull_width_section\u00bb top_padding=\u00bb60&#8243;][vc_column][vc_column_text]<\/p>\n<h1 style=\"text-align: center;\">PERSONALIZACIONES<\/h1>\n<p>&nbsp;<br \/>\n[\/vc_column_text][vc_raw_html]W3dvbmRlcnBsdWdpbl8zZGNhcm91c2VsIGlkPTld[\/vc_raw_html][\/vc_column][\/vc_row][vc_row type=\u00bbfull_width_section\u00bb top_padding=\u00bb100&#8243; bottom_padding=\u00bb100&#8243;][vc_column width=\u00bb1\/1&#8243;][vc_column_text]<\/p>\n<h1 style=\"text-align: center;\">MATERIALES<\/h1>\n<p>&nbsp;<br \/>\n[\/vc_column_text]<div class=\"spacer\" style=\"height: 40px;\"><\/div>[vc_column_text]<\/p>\n<h3 style=\"text-align: center; color: lightgrey!important;\">LINO ECO<\/h3>\n<p>&nbsp;<br \/>\n[\/vc_column_text]<div class=\"spacer\" style=\"height: 40px;\"><\/div>[vc_raw_html]W3dvbmRlcnBsdWdpbl9ncmlkZ2FsbGVyeSBpZD0xNDFd[\/vc_raw_html]<div class=\"spacer\" style=\"height: 40px;\"><\/div><div class=\"spacer\" style=\"height: 40px;\"><\/div>[vc_column_text]<\/p>\n<h3 style=\"text-align: center; color: lightgrey!important;\">ALGOD\u00d3N ECO<\/h3>\n<p>&nbsp;<br \/>\n[\/vc_column_text]<div class=\"spacer\" style=\"height: 40px;\"><\/div>[vc_raw_html]W3dvbmRlcnBsdWdpbl9ncmlkZ2FsbGVyeSBpZD0xNDJd[\/vc_raw_html]<div class=\"spacer\" style=\"height: 40px;\"><\/div><div class=\"spacer\" style=\"height: 40px;\"><\/div>[vc_column_text]<\/p>\n<h3 style=\"text-align: center; color: lightgrey!important;\">VELVET<\/h3>\n<p>&nbsp;<br \/>\n[\/vc_column_text]<div class=\"spacer\" style=\"height: 40px;\"><\/div>[vc_raw_html]W3dvbmRlcnBsdWdpbl9ncmlkZ2FsbGVyeSBpZD0xNDNd[\/vc_raw_html]<div class=\"spacer\" style=\"height: 40px;\"><\/div><div class=\"spacer\" style=\"height: 40px;\"><\/div>[vc_column_text]<\/p>\n<h3 style=\"text-align: center; color: lightgrey!important;\">LIENZO<\/h3>\n<p>&nbsp;<br \/>\n[\/vc_column_text]<div class=\"spacer\" style=\"height: 40px;\"><\/div><div class=\"spacer\" style=\"height: 40px;\"><\/div>[vc_raw_html]W3dvbmRlcnBsdWdpbl9ncmlkZ2FsbGVyeSBpZD0xNTFd[\/vc_raw_html]<div class=\"spacer\" style=\"height: 40px;\"><\/div>[vc_column_text]<\/p>\n<h3 style=\"text-align: center; color: lightgrey!important;\">CUERO<\/h3>\n<p>&nbsp;<br \/>\n[\/vc_column_text]<div class=\"spacer\" style=\"height: 40px;\"><\/div><div class=\"spacer\" style=\"height: 40px;\"><\/div>[vc_raw_html]W3dvbmRlcnBsdWdpbl9ncmlkZ2FsbGVyeSBpZD0xNzBd[\/vc_raw_html]<div class=\"spacer\" style=\"height: 40px;\"><\/div>[vc_column_text]<\/p>\n<h3 style=\"text-align: center; color: lightgrey!important;\">SUEDE<\/h3>\n<p>&nbsp;<br \/>\n[\/vc_column_text][vc_column_text]<\/p>\n<h5 style=\"text-align: center; color: lightgrey!important;\"><strong>EDICI\u00d3N EXCLUSIVA<\/strong><\/h5>\n<p>&nbsp;<br \/>\n[\/vc_column_text]<div class=\"spacer\" style=\"height: 40px;\"><\/div><div class=\"spacer\" style=\"height: 40px;\"><\/div>[vc_raw_html]W3dvbmRlcnBsdWdpbl9ncmlkZ2FsbGVyeSBpZD0xNTNd[\/vc_raw_html]<div class=\"spacer\" style=\"height: 40px;\"><\/div>[vc_column_text]<\/p>\n<h3 style=\"text-align: center; color: lightgrey!important;\">SUEDE<\/h3>\n<p>[\/vc_column_text]<div class=\"spacer\" style=\"height: 40px;\"><\/div><div class=\"spacer\" style=\"height: 40px;\"><\/div>[vc_raw_html]W3dvbmRlcnBsdWdpbl9ncmlkZ2FsbGVyeSBpZD0xNzhd[\/vc_raw_html]<div class=\"spacer\" style=\"height: 40px;\"><\/div>[\/vc_column][\/vc_row][vc_row text_align=\u00bbcenter\u00bb][vc_column width=\u00bb1\/1&#8243;][vc_column_text]<\/p>\n<h3 style=\"text-align: center; color: lightgrey!important;\">CINTA<\/h3>\n<p>&nbsp;<br \/>\n[\/vc_column_text]<div class=\"spacer\" style=\"height: 40px;\"><\/div><div class=\"spacer\" style=\"height: 40px;\"><\/div>[vc_raw_html]W3dvbmRlcnBsdWdpbl9ncmlkZ2FsbGVyeSBpZD0xNzdd[\/vc_raw_html]<div class=\"spacer\" style=\"height: 40px;\"><\/div>[\/vc_column][\/vc_row][vc_row text_align=\u00bbcenter\u00bb][vc_column width=\u00bb1\/1&#8243;][vc_column_text]<\/p>\n<h3 style=\"text-align: center; color: lightgrey!important;\">CANET\u00c8<\/h3>\n<p>[\/vc_column_text]<div class=\"spacer\" style=\"height: 40px;\"><\/div><div class=\"spacer\" style=\"height: 40px;\"><\/div>[vc_raw_html]W3dvbmRlcnBsdWdpbl9ncmlkZ2FsbGVyeSBpZD0xODdd[\/vc_raw_html]<div class=\"spacer\" style=\"height: 40px;\"><\/div>[\/vc_column][\/vc_row][vc_row text_align=\u00bbcenter\u00bb][vc_column width=\u00bb1\/1&#8243;][vc_column_text]<\/p>\n<h3 style=\"text-align: center; color: lightgrey!important;\">GAUZE<\/h3>\n<p>[\/vc_column_text]<div class=\"spacer\" style=\"height: 40px;\"><\/div><div class=\"spacer\" style=\"height: 40px;\"><\/div>[vc_raw_html]W3dvbmRlcnBsdWdpbl9ncmlkZ2FsbGVyeSBpZD0xODhd[\/vc_raw_html]<div class=\"spacer\" style=\"height: 40px;\"><\/div>[\/vc_column][\/vc_row][vc_row text_align=\u00bbcenter\u00bb][vc_column width=\u00bb1\/1&#8243;][vc_column_text]<\/p>\n<h3 style=\"text-align: center; color: lightgrey!important;\">RAW COTTON<\/h3>\n<p>[\/vc_column_text]<div class=\"spacer\" style=\"height: 40px;\"><\/div><div class=\"spacer\" style=\"height: 40px;\"><\/div>[vc_raw_html]W3dvbmRlcnBsdWdpbl9ncmlkZ2FsbGVyeSBpZD0xODld[\/vc_raw_html]<div class=\"spacer\" style=\"height: 40px;\"><\/div>[\/vc_column][\/vc_row]<\/p>\n<\/div>","protected":false},"excerpt":{"rendered":"<p>[vc_row type=\u00bbfull_width_section\u00bb][vc_column width=\u00bb1\/1&#8243;][vc_raw_html]W2h0cG9zdGNvbnRlbnQgaWQ9NjYwOTdd[\/vc_raw_html][\/vc_column][\/vc_row][vc_row type=\u00bbfull_width_section\u00bb][vc_column width=\u00bb1\/1&#8243;][vc_raw_html]W3dvbmRlcnBsdWdpbl9ncmlkZ2FsbGVyeSBpZD0xMzJd[\/vc_raw_html][\/vc_column][\/vc_row][vc_row top_padding=\u00bb100&#8243; bottom_padding=\u00bb100&#8243;][vc_column width=\u00bb1\/6&#8243;][\/vc_column][vc_column width=\u00bb2\/3&#8243;][\/vc_column][vc_column width=\u00bb1\/6&#8243;][\/vc_column][\/vc_row][vc_row bottom_padding=\u00bb60&#8243;][vc_column width=\u00bb1\/6&#8243;][\/vc_column][vc_column width=\u00bb2\/3&#8243;][vc_column_text] La mejor manera de conservar tu libro de boda a lo largo de los a\u00f1os es mantenerlo a salvo dentro de un lugar especial. Por eso hemos creado la Caja Magnolia. Hecha a medida para cada libro y \u00e1lbum, est\u00e1 concebida para proteger y lucir en el interior de tu casa cliente. Dise\u00f1ada para crear un impacto visual excepcional al tiempo que a\u00fana funcionalidad y est\u00e9tica, la caja Magnolia mantiene un concepto de dise\u00f1o continuo dentro del conjunto y la colecci\u00f3n que est\u00e1 creando. &nbsp; [\/vc_column_text][\/vc_column][vc_column width=\u00bb1\/6&#8243;][\/vc_column][\/vc_row][vc_row type=\u00bbfull_width_section\u00bb][vc_column width=\u00bb1\/1&#8243;][vc_raw_html]W2h0cG9zdGNvbnRlbnQgaWQ9NjYwODZd[\/vc_raw_html][\/vc_column][\/vc_row][vc_row type=\u00bbfull_width_section\u00bb top_padding=\u00bb60&#8243;][vc_column][vc_column_text] PERSONALIZACIONES &nbsp; [\/vc_column_text][vc_raw_html]W3dvbmRlcnBsdWdpbl8zZGNhcm91c2VsIGlkPTld[\/vc_raw_html][\/vc_column][\/vc_row][vc_row type=\u00bbfull_width_section\u00bb top_padding=\u00bb100&#8243; bottom_padding=\u00bb100&#8243;][vc_column width=\u00bb1\/1&#8243;][vc_column_text] MATERIALES &nbsp; [\/vc_column_text][vc_column_text] LINO ECO &nbsp; [\/vc_column_text][vc_raw_html]W3dvbmRlcnBsdWdpbl9ncmlkZ2FsbGVyeSBpZD0xNDFd[\/vc_raw_html][vc_column_text] ALGOD\u00d3N ECO &nbsp; [\/vc_column_text][vc_raw_html]W3dvbmRlcnBsdWdpbl9ncmlkZ2FsbGVyeSBpZD0xNDJd[\/vc_raw_html][vc_column_text] VELVET &nbsp; [\/vc_column_text][vc_raw_html]W3dvbmRlcnBsdWdpbl9ncmlkZ2FsbGVyeSBpZD0xNDNd[\/vc_raw_html][vc_column_text] LIENZO &nbsp; [\/vc_column_text][vc_raw_html]W3dvbmRlcnBsdWdpbl9ncmlkZ2FsbGVyeSBpZD0xNTFd[\/vc_raw_html][vc_column_text] CUERO &nbsp; [\/vc_column_text][vc_raw_html]W3dvbmRlcnBsdWdpbl9ncmlkZ2FsbGVyeSBpZD0xNzBd[\/vc_raw_html][vc_column_text] SUEDE &nbsp; [\/vc_column_text][vc_column_text] EDICI\u00d3N EXCLUSIVA &nbsp; [\/vc_column_text][vc_raw_html]W3dvbmRlcnBsdWdpbl9ncmlkZ2FsbGVyeSBpZD0xNTNd[\/vc_raw_html][vc_column_text] SUEDE [\/vc_column_text][vc_raw_html]W3dvbmRlcnBsdWdpbl9ncmlkZ2FsbGVyeSBpZD0xNzhd[\/vc_raw_html][\/vc_column][\/vc_row][vc_row text_align=\u00bbcenter\u00bb][vc_column width=\u00bb1\/1&#8243;][vc_column_text] CINTA &nbsp; [\/vc_column_text][vc_raw_html]W3dvbmRlcnBsdWdpbl9ncmlkZ2FsbGVyeSBpZD0xNzdd[\/vc_raw_html][\/vc_column][\/vc_row][vc_row text_align=\u00bbcenter\u00bb][vc_column width=\u00bb1\/1&#8243;][vc_column_text] CANET\u00c8 [\/vc_column_text][vc_raw_html]W3dvbmRlcnBsdWdpbl9ncmlkZ2FsbGVyeSBpZD0xODdd[\/vc_raw_html][\/vc_column][\/vc_row][vc_row text_align=\u00bbcenter\u00bb][vc_column width=\u00bb1\/1&#8243;][vc_column_text] GAUZE [\/vc_column_text][vc_raw_html]W3dvbmRlcnBsdWdpbl9ncmlkZ2FsbGVyeSBpZD0xODhd[\/vc_raw_html][\/vc_column][\/vc_row][vc_row text_align=\u00bbcenter\u00bb][vc_column width=\u00bb1\/1&#8243;][vc_column_text] RAW COTTON [\/vc_column_text][vc_raw_html]W3dvbmRlcnBsdWdpbl9ncmlkZ2FsbGVyeSBpZD0xODld[\/vc_raw_html][\/vc_column][\/vc_row]<\/p>\n","protected":false},"author":8,"featured_media":0,"parent":66030,"menu_order":0,"comment_status":"closed","ping_status":"closed","template":"","meta":{"cybocfi_hide_featured_image":"","footnotes":""},"class_list":["post-56855","page","type-page","status-publish","hentry"],"yoast_head":"<!-- This site is optimized with the Yoast SEO plugin v26.7 - https:\/\/yoast.com\/wordpress\/plugins\/seo\/ -->\n<title>Magnolia Box - Graphistudio<\/title>\n<meta name=\"description\" content=\"Dise\u00f1ado por la nueva generaci\u00f3n de mujeres fot\u00f3grafas, pr\u00f3ximamente\" \/>\n<meta name=\"robots\" content=\"index, follow, max-snippet:-1, max-image-preview:large, max-video-preview:-1\" \/>\n<link rel=\"canonical\" href=\"https:\/\/www.graphistudio.com\/en\/tramontina-collection\/tramontina-products\/magnolia-box\/\" \/>\n<meta property=\"og:locale\" content=\"es_ES\" \/>\n<meta property=\"og:type\" content=\"article\" \/>\n<meta property=\"og:title\" content=\"Tramontina Collection - Graphistudio\" \/>\n<meta property=\"og:description\" content=\"Dise\u00f1ado por la nueva generaci\u00f3n de mujeres fot\u00f3grafas, pr\u00f3ximamente\" \/>\n<meta property=\"og:url\" content=\"https:\/\/www.graphistudio.com\/en\/tramontina-collection\/tramontina-products\/magnolia-box\/\" \/>\n<meta property=\"og:site_name\" content=\"Graphistudio\" \/>\n<meta property=\"article:modified_time\" content=\"2023-12-11T07:58:44+00:00\" \/>\n<meta property=\"og:image\" content=\"https:\/\/www.graphistudio.com\/wp-content\/uploads\/2022\/03\/DSC9759_800px.jpg\" \/>\n<meta name=\"twitter:card\" content=\"summary_large_image\" \/>\n<meta name=\"twitter:title\" content=\"Tramontina Collection - Graphistudio\" \/>\n<meta name=\"twitter:description\" content=\"Dise\u00f1ado por la nueva generaci\u00f3n de mujeres fot\u00f3grafas, pr\u00f3ximamente\" \/>\n<meta name=\"twitter:image\" content=\"https:\/\/www.graphistudio.com\/wp-content\/uploads\/2022\/03\/DSC9759_800px.jpg\" \/>\n<meta name=\"twitter:label1\" content=\"Tiempo de lectura\" \/>\n\t<meta name=\"twitter:data1\" content=\"1 minuto\" \/>\n<script type=\"application\/ld+json\" class=\"yoast-schema-graph\">{\"@context\":\"https:\/\/schema.org\",\"@graph\":[{\"@type\":\"WebPage\",\"@id\":\"https:\/\/www.graphistudio.com\/en\/tramontina-collection\/tramontina-products\/magnolia-box\/\",\"url\":\"https:\/\/www.graphistudio.com\/en\/tramontina-collection\/tramontina-products\/magnolia-box\/\",\"name\":\"Magnolia Box - Graphistudio\",\"isPartOf\":{\"@id\":\"https:\/\/www.graphistudio.com\/it\/#website\"},\"datePublished\":\"2023-09-06T12:14:36+00:00\",\"dateModified\":\"2023-12-11T07:58:44+00:00\",\"description\":\"Dise\u00f1ado por la nueva generaci\u00f3n de mujeres fot\u00f3grafas, pr\u00f3ximamente\",\"breadcrumb\":{\"@id\":\"https:\/\/www.graphistudio.com\/en\/tramontina-collection\/tramontina-products\/magnolia-box\/#breadcrumb\"},\"inLanguage\":\"es\",\"potentialAction\":[{\"@type\":\"ReadAction\",\"target\":[\"https:\/\/www.graphistudio.com\/en\/tramontina-collection\/tramontina-products\/magnolia-box\/\"]}]},{\"@type\":\"BreadcrumbList\",\"@id\":\"https:\/\/www.graphistudio.com\/en\/tramontina-collection\/tramontina-products\/magnolia-box\/#breadcrumb\",\"itemListElement\":[{\"@type\":\"ListItem\",\"position\":1,\"name\":\"Home\",\"item\":\"https:\/\/www.graphistudio.com\/es\/\"},{\"@type\":\"ListItem\",\"position\":2,\"name\":\"Tramontina Collection\",\"item\":\"https:\/\/www.graphistudio.com\/es\/tramontina-collection\/\"},{\"@type\":\"ListItem\",\"position\":3,\"name\":\"Tramontina Products\",\"item\":\"https:\/\/www.graphistudio.com\/en\/tramontina-collection\/tramontina-products\/\"},{\"@type\":\"ListItem\",\"position\":4,\"name\":\"Magnolia Box\"}]},{\"@type\":\"WebSite\",\"@id\":\"https:\/\/www.graphistudio.com\/it\/#website\",\"url\":\"https:\/\/www.graphistudio.com\/it\/\",\"name\":\"Graphistudio\",\"description\":\"Handmade books made in Italy\",\"publisher\":{\"@id\":\"https:\/\/www.graphistudio.com\/it\/#organization\"},\"potentialAction\":[{\"@type\":\"SearchAction\",\"target\":{\"@type\":\"EntryPoint\",\"urlTemplate\":\"https:\/\/www.graphistudio.com\/it\/?s={search_term_string}\"},\"query-input\":{\"@type\":\"PropertyValueSpecification\",\"valueRequired\":true,\"valueName\":\"search_term_string\"}}],\"inLanguage\":\"es\"},{\"@type\":\"Organization\",\"@id\":\"https:\/\/www.graphistudio.com\/it\/#organization\",\"name\":\"Graphistudio\",\"url\":\"https:\/\/www.graphistudio.com\/it\/\",\"logo\":{\"@type\":\"ImageObject\",\"inLanguage\":\"es\",\"@id\":\"https:\/\/www.graphistudio.com\/it\/#\/schema\/logo\/image\/\",\"url\":\"https:\/\/www.graphistudio.com\/wp-content\/uploads\/2018\/01\/Logo_nero.png\",\"contentUrl\":\"https:\/\/www.graphistudio.com\/wp-content\/uploads\/2018\/01\/Logo_nero.png\",\"width\":160,\"height\":34,\"caption\":\"Graphistudio\"},\"image\":{\"@id\":\"https:\/\/www.graphistudio.com\/it\/#\/schema\/logo\/image\/\"}}]}<\/script>\n<!-- \/ Yoast SEO plugin. -->","yoast_head_json":{"title":"Magnolia Box - Graphistudio","description":"Dise\u00f1ado por la nueva generaci\u00f3n de mujeres fot\u00f3grafas, pr\u00f3ximamente","robots":{"index":"index","follow":"follow","max-snippet":"max-snippet:-1","max-image-preview":"max-image-preview:large","max-video-preview":"max-video-preview:-1"},"canonical":"https:\/\/www.graphistudio.com\/en\/tramontina-collection\/tramontina-products\/magnolia-box\/","og_locale":"es_ES","og_type":"article","og_title":"Tramontina Collection - Graphistudio","og_description":"Dise\u00f1ado por la nueva generaci\u00f3n de mujeres fot\u00f3grafas, pr\u00f3ximamente","og_url":"https:\/\/www.graphistudio.com\/en\/tramontina-collection\/tramontina-products\/magnolia-box\/","og_site_name":"Graphistudio","article_modified_time":"2023-12-11T07:58:44+00:00","og_image":[{"url":"https:\/\/www.graphistudio.com\/wp-content\/uploads\/2022\/03\/DSC9759_800px.jpg","type":"","width":"","height":""}],"twitter_card":"summary_large_image","twitter_title":"Tramontina Collection - Graphistudio","twitter_description":"Dise\u00f1ado por la nueva generaci\u00f3n de mujeres fot\u00f3grafas, pr\u00f3ximamente","twitter_image":"https:\/\/www.graphistudio.com\/wp-content\/uploads\/2022\/03\/DSC9759_800px.jpg","twitter_misc":{"Tiempo de lectura":"1 minuto"},"schema":{"@context":"https:\/\/schema.org","@graph":[{"@type":"WebPage","@id":"https:\/\/www.graphistudio.com\/en\/tramontina-collection\/tramontina-products\/magnolia-box\/","url":"https:\/\/www.graphistudio.com\/en\/tramontina-collection\/tramontina-products\/magnolia-box\/","name":"Magnolia Box - Graphistudio","isPartOf":{"@id":"https:\/\/www.graphistudio.com\/it\/#website"},"datePublished":"2023-09-06T12:14:36+00:00","dateModified":"2023-12-11T07:58:44+00:00","description":"Dise\u00f1ado por la nueva generaci\u00f3n de mujeres fot\u00f3grafas, pr\u00f3ximamente","breadcrumb":{"@id":"https:\/\/www.graphistudio.com\/en\/tramontina-collection\/tramontina-products\/magnolia-box\/#breadcrumb"},"inLanguage":"es","potentialAction":[{"@type":"ReadAction","target":["https:\/\/www.graphistudio.com\/en\/tramontina-collection\/tramontina-products\/magnolia-box\/"]}]},{"@type":"BreadcrumbList","@id":"https:\/\/www.graphistudio.com\/en\/tramontina-collection\/tramontina-products\/magnolia-box\/#breadcrumb","itemListElement":[{"@type":"ListItem","position":1,"name":"Home","item":"https:\/\/www.graphistudio.com\/es\/"},{"@type":"ListItem","position":2,"name":"Tramontina Collection","item":"https:\/\/www.graphistudio.com\/es\/tramontina-collection\/"},{"@type":"ListItem","position":3,"name":"Tramontina Products","item":"https:\/\/www.graphistudio.com\/en\/tramontina-collection\/tramontina-products\/"},{"@type":"ListItem","position":4,"name":"Magnolia Box"}]},{"@type":"WebSite","@id":"https:\/\/www.graphistudio.com\/it\/#website","url":"https:\/\/www.graphistudio.com\/it\/","name":"Graphistudio","description":"Handmade books made in Italy","publisher":{"@id":"https:\/\/www.graphistudio.com\/it\/#organization"},"potentialAction":[{"@type":"SearchAction","target":{"@type":"EntryPoint","urlTemplate":"https:\/\/www.graphistudio.com\/it\/?s={search_term_string}"},"query-input":{"@type":"PropertyValueSpecification","valueRequired":true,"valueName":"search_term_string"}}],"inLanguage":"es"},{"@type":"Organization","@id":"https:\/\/www.graphistudio.com\/it\/#organization","name":"Graphistudio","url":"https:\/\/www.graphistudio.com\/it\/","logo":{"@type":"ImageObject","inLanguage":"es","@id":"https:\/\/www.graphistudio.com\/it\/#\/schema\/logo\/image\/","url":"https:\/\/www.graphistudio.com\/wp-content\/uploads\/2018\/01\/Logo_nero.png","contentUrl":"https:\/\/www.graphistudio.com\/wp-content\/uploads\/2018\/01\/Logo_nero.png","width":160,"height":34,"caption":"Graphistudio"},"image":{"@id":"https:\/\/www.graphistudio.com\/it\/#\/schema\/logo\/image\/"}}]}},"_links":{"self":[{"href":"https:\/\/www.graphistudio.com\/es\/wp-json\/wp\/v2\/pages\/56855","targetHints":{"allow":["GET"]}}],"collection":[{"href":"https:\/\/www.graphistudio.com\/es\/wp-json\/wp\/v2\/pages"}],"about":[{"href":"https:\/\/www.graphistudio.com\/es\/wp-json\/wp\/v2\/types\/page"}],"author":[{"embeddable":true,"href":"https:\/\/www.graphistudio.com\/es\/wp-json\/wp\/v2\/users\/8"}],"replies":[{"embeddable":true,"href":"https:\/\/www.graphistudio.com\/es\/wp-json\/wp\/v2\/comments?post=56855"}],"version-history":[{"count":7,"href":"https:\/\/www.graphistudio.com\/es\/wp-json\/wp\/v2\/pages\/56855\/revisions"}],"predecessor-version":[{"id":69004,"href":"https:\/\/www.graphistudio.com\/es\/wp-json\/wp\/v2\/pages\/56855\/revisions\/69004"}],"up":[{"embeddable":true,"href":"https:\/\/www.graphistudio.com\/es\/wp-json\/wp\/v2\/pages\/66030"}],"wp:attachment":[{"href":"https:\/\/www.graphistudio.com\/es\/wp-json\/wp\/v2\/media?parent=56855"}],"curies":[{"name":"wp","href":"https:\/\/api.w.org\/{rel}","templated":true}]}}