{"id":5567,"date":"2018-03-08T13:29:26","date_gmt":"2018-03-08T12:29:26","guid":{"rendered":"https:\/\/www.graphistudio.com\/diseno\/"},"modified":"2020-02-10T11:42:09","modified_gmt":"2020-02-10T10:42:09","slug":"las-colecciones","status":"publish","type":"page","link":"https:\/\/www.graphistudio.com\/es\/las-colecciones\/","title":{"rendered":"las colecciones"},"content":{"rendered":"<div class=\"wpb-content-wrapper\"><p>[vc_row bg_image=\u00bb3671&#8243; bg_repeat=\u00bbno-repeat\u00bb top_padding=\u00bb5&#8243; bottom_padding=\u00bb5&#8243;][vc_column column_padding=\u00bbcustom-padding\u00bb width=\u00bb1\/1&#8243;][vc_raw_html]PGRpdiBjbGFzcz0iYm94X3dhbGxfYXJ0Ij4NCjxkaXYgc3R5bGU9InBhZGRpbmctdG9wOiA0MzBweDsiPkxhcyBDb2xlY2Npb25lczwvZGl2Pg0KPC9kaXY+[\/vc_raw_html][\/vc_column][\/vc_row][vc_row top_padding=\u00bb10&#8243;][vc_column width=\u00bb1\/1&#8243;][vc_column_text]<\/p>\n<div class=\"des_collezioni_01_cont\">\n<article class=\"des_collezioni_01\">\n<h2>LAS COLECCIONES<\/h2>\n<h3>De los peculiares a lo simbol\u00f3gico de una opci\u00f3n:<br \/>\nnuevos caminos a trav\u00e9s del estilo, la forma y los valores.<\/h3>\n<\/article>\n<\/div>\n<p>[\/vc_column_text][\/vc_column][\/vc_row][vc_row type=\u00bbfull_width_section\u00bb][vc_column width=\u00bb1\/1&#8243;]<div class=\"single_image wpb_content_element align-center    \" data-animation=\"none\" data-delay=\"0\"><img loading=\"lazy\" decoding=\"async\" width=\"980\" height=\"559\" src=\"https:\/\/www.graphistudio.com\/wp-content\/uploads\/2018\/01\/des_collezioni_04.jpg\" class=\"attachment-full\" alt=\"\" title=\"des_collezioni_04\" srcset=\"https:\/\/www.graphistudio.com\/wp-content\/uploads\/2018\/01\/des_collezioni_04.jpg 980w, https:\/\/www.graphistudio.com\/wp-content\/uploads\/2018\/01\/des_collezioni_04-300x171.jpg 300w, https:\/\/www.graphistudio.com\/wp-content\/uploads\/2018\/01\/des_collezioni_04-768x438.jpg 768w\" sizes=\"auto, (max-width: 980px) 100vw, 980px\" \/><\/div>[\/vc_column][\/vc_row][vc_row][vc_column][vc_column_text]<\/p>\n<h2><strong>CLASSIC GLAM<\/strong><\/h2>\n<p>[\/vc_column_text][\/vc_column][vc_column width=\u00bb1\/3&#8243;][vc_column_text]<\/p>\n<div class=\"des_collezioni_04_cont\">\n<article class=\"des_collezioni_04 clearfix\">\n<div class=\"testo_laterale\">\n<div class=\"testo_laterale\">\n<p>Esta colecci\u00f3n ofrece productos diferenciados, cl\u00e1sicos y preciosos. El negro, icono indiscutible del lujo, y tambi\u00e9n los colores tradicionales del lavanda al verde acacia.<\/p>\n<p>Napa-cuero con acabado natural y en tonos cl\u00e1sicos, marr\u00f3n, verde ingl\u00e9s. Y cuero en colores, rojo, marr\u00f3n y negro.<\/p>\n<\/div>\n<\/div>\n<\/article>\n<\/div>\n<p>[\/vc_column_text][\/vc_column][vc_column width=\u00bb1\/3&#8243;][vc_column_text]El glamour tambi\u00e9n est\u00e1 expresado con una reinterpretaci\u00f3n de las decoraciones tradicionales, reproducidas en maxi patrones con superficies transl\u00facidas.<\/p>\n<p><strong>El \u00e1lbum se convierte en un s\u00edmbolo cl\u00e1sico y atemporal.<\/strong>[\/vc_column_text][\/vc_column][vc_column width=\u00bb1\/3&#8243;][\/vc_column][\/vc_row][vc_section full_width=\u00bbstretch_row\u00bb css=\u00bb.vc_custom_1516287719271{background-position: center !important;background-repeat: no-repeat !important;background-size: contain !important;}\u00bb][vc_row bg_image=\u00bb3676&#8243; bg_repeat=\u00bbno-repeat\u00bb top_padding=\u00bb330&#8243;][vc_column width=\u00bb2\/3&#8243;][vc_column_text]<\/p>\n<div class=\"des_collezioni_03_cont\">\n<article class=\"des_collezioni_03 clearfix\">\n<h2><strong>NUEVOS CROMATISMOS<\/strong><\/h2>\n<div class=\"testo_laterale\">\n<p>La colecci\u00f3n Nuovi Cromatismi se centra en el cambio de color, y se define en dos categor\u00edas:<\/p>\n<p>La primera est\u00e1 inspirada en los colores \u201cbon ton\u201d de los a\u00f1os 50, sencillos y con poca saturaci\u00f3n: verde, turquesa, crema y lila, que reflejan los colores tradicionales de las damas de honor, monocrom\u00e1ticos con texturas de ante y combinados con pinturas mates.<\/p>\n<\/div>\n<div class=\"testo_laterale\">\n<div class=\"testo_laterale\">\n<p>&nbsp;<\/p>\n<\/div>\n<div class=\"testo_laterale\">\n<p>La segunda es un revival vitalista de los a\u00f1os 80 que utiliza colores digitales como p\u00farpura, violeta, amarillo-turquesa y verde junto a otros patrones policrom\u00e1ticos.<br \/>\nEl contraste de colores y materiales: pinturas semi mates y telas opacas<\/p>\n<\/div>\n<p><strong>El \u00e1lbum se convierte en un color de la memoria.<\/strong><\/p>\n<\/div>\n<\/article>\n<\/div>\n<p>[\/vc_column_text][\/vc_column][vc_column width=\u00bb1\/3&#8243;][\/vc_column][\/vc_row][\/vc_section][vc_row type=\u00bbfull_width_section\u00bb][vc_column width=\u00bb1\/1&#8243;]<div class=\"single_image wpb_content_element align-center    \" data-animation=\"none\" data-delay=\"0\"><img loading=\"lazy\" decoding=\"async\" width=\"980\" height=\"523\" src=\"https:\/\/www.graphistudio.com\/wp-content\/uploads\/2018\/01\/des_collezioni_05.jpg\" class=\"attachment-full\" alt=\"\" title=\"des_collezioni_05\" srcset=\"https:\/\/www.graphistudio.com\/wp-content\/uploads\/2018\/01\/des_collezioni_05.jpg 980w, https:\/\/www.graphistudio.com\/wp-content\/uploads\/2018\/01\/des_collezioni_05-300x160.jpg 300w, https:\/\/www.graphistudio.com\/wp-content\/uploads\/2018\/01\/des_collezioni_05-768x410.jpg 768w\" sizes=\"auto, (max-width: 980px) 100vw, 980px\" \/><\/div>[\/vc_column][\/vc_row][vc_row bottom_padding=\u00bb30&#8243;][vc_column width=\u00bb1\/2&#8243;][vc_column_text]<\/p>\n<div class=\"des_collezioni_04_cont\">\n<article class=\"des_collezioni_04 clearfix\">\n<div class=\"des_collezioni_05_cont\">\n<article class=\"des_collezioni_05 clearfix\">\n<h2><strong>NATURAL<\/strong><\/h2>\n<div class=\"testo_laterale\">\n<p>Esta colecci\u00f3n mejora la \u00e9tica y la est\u00e9tica de los materiales naturales, de las superficies irregulares, originales, opacas y envejecidas.<br \/>\nLa utilizaci\u00f3n de pieles naturales y entrelazadas evoca la tendencia Hand-made del kil\u00f3metro 0.<\/p>\n<\/div>\n<div class=\"testo_laterale\">\n<p>Colores naturales: vainilla, canela y tabaco, con acabado ultra mate. Y materiales naturales: algod\u00f3n c\u00e1\u00f1amo y lino.<\/p>\n<p><strong>El \u00e1lbum expresa un estilo eco sostenible.<\/strong><\/p>\n<\/div>\n<\/article>\n<\/div>\n<\/article>\n<\/div>\n<p>[\/vc_column_text][\/vc_column][vc_column width=\u00bb1\/2&#8243;][\/vc_column][\/vc_row]<\/p>\n<\/div>","protected":false},"excerpt":{"rendered":"<p>[vc_row bg_image=\u00bb3671&#8243; bg_repeat=\u00bbno-repeat\u00bb top_padding=\u00bb5&#8243; bottom_padding=\u00bb5&#8243;][vc_column column_padding=\u00bbcustom-padding\u00bb width=\u00bb1\/1&#8243;][vc_raw_html]PGRpdiBjbGFzcz0iYm94X3dhbGxfYXJ0Ij4NCjxkaXYgc3R5bGU9InBhZGRpbmctdG9wOiA0MzBweDsiPkxhcyBDb2xlY2Npb25lczwvZGl2Pg0KPC9kaXY+[\/vc_raw_html][\/vc_column][\/vc_row][vc_row top_padding=\u00bb10&#8243;][vc_column width=\u00bb1\/1&#8243;][vc_column_text] LAS COLECCIONES De los peculiares a lo simbol\u00f3gico de una opci\u00f3n: nuevos caminos a trav\u00e9s del estilo, la forma y los valores. [\/vc_column_text][\/vc_column][\/vc_row][vc_row type=\u00bbfull_width_section\u00bb][vc_column width=\u00bb1\/1&#8243;][\/vc_column][\/vc_row][vc_row][vc_column][vc_column_text] CLASSIC GLAM [\/vc_column_text][\/vc_column][vc_column width=\u00bb1\/3&#8243;][vc_column_text] Esta colecci\u00f3n ofrece productos diferenciados, cl\u00e1sicos y preciosos. El negro, icono indiscutible del lujo, y tambi\u00e9n los colores tradicionales del lavanda al verde acacia. Napa-cuero con acabado natural y en tonos cl\u00e1sicos, marr\u00f3n, verde ingl\u00e9s. Y cuero en colores, rojo, marr\u00f3n y negro. [\/vc_column_text][\/vc_column][vc_column width=\u00bb1\/3&#8243;][vc_column_text]El glamour tambi\u00e9n est\u00e1 expresado con una reinterpretaci\u00f3n de las decoraciones tradicionales, reproducidas en maxi patrones con superficies transl\u00facidas. El \u00e1lbum se convierte en un s\u00edmbolo cl\u00e1sico y atemporal.[\/vc_column_text][\/vc_column][vc_column width=\u00bb1\/3&#8243;][\/vc_column][\/vc_row][vc_section full_width=\u00bbstretch_row\u00bb css=\u00bb.vc_custom_1516287719271{background-position: center !important;background-repeat: no-repeat !important;background-size: contain !important;}\u00bb][vc_row bg_image=\u00bb3676&#8243; bg_repeat=\u00bbno-repeat\u00bb top_padding=\u00bb330&#8243;][vc_column width=\u00bb2\/3&#8243;][vc_column_text] NUEVOS CROMATISMOS La colecci\u00f3n Nuovi Cromatismi se centra en el cambio de color, y se define en dos categor\u00edas: La primera est\u00e1 inspirada en los colores \u201cbon ton\u201d de los a\u00f1os 50, sencillos y con poca saturaci\u00f3n: verde, turquesa, crema y lila, que reflejan los colores tradicionales de las damas de honor, monocrom\u00e1ticos con texturas de ante y combinados con pinturas mates. &nbsp; La segunda es un revival vitalista de los a\u00f1os 80 que utiliza colores [&hellip;]<\/p>\n","protected":false},"author":7,"featured_media":0,"parent":0,"menu_order":0,"comment_status":"closed","ping_status":"closed","template":"","meta":{"cybocfi_hide_featured_image":"","footnotes":""},"class_list":["post-5567","page","type-page","status-publish","hentry"],"yoast_head":"<!-- This site is optimized with the Yoast SEO plugin v26.7 - https:\/\/yoast.com\/wordpress\/plugins\/seo\/ -->\n<title>las colecciones - Graphistudio<\/title>\n<meta name=\"robots\" content=\"index, follow, max-snippet:-1, max-image-preview:large, max-video-preview:-1\" \/>\n<link rel=\"canonical\" href=\"https:\/\/www.graphistudio.com\/es\/las-colecciones\/\" \/>\n<meta property=\"og:locale\" content=\"es_ES\" \/>\n<meta property=\"og:type\" content=\"article\" \/>\n<meta property=\"og:title\" content=\"las colecciones - Graphistudio\" \/>\n<meta property=\"og:description\" content=\"[vc_row bg_image=\u00bb3671&#8243; bg_repeat=\u00bbno-repeat\u00bb top_padding=\u00bb5&#8243; bottom_padding=\u00bb5&#8243;][vc_column column_padding=\u00bbcustom-padding\u00bb width=\u00bb1\/1&#8243;][vc_raw_html]PGRpdiBjbGFzcz0iYm94X3dhbGxfYXJ0Ij4NCjxkaXYgc3R5bGU9InBhZGRpbmctdG9wOiA0MzBweDsiPkxhcyBDb2xlY2Npb25lczwvZGl2Pg0KPC9kaXY+[\/vc_raw_html][\/vc_column][\/vc_row][vc_row top_padding=\u00bb10&#8243;][vc_column width=\u00bb1\/1&#8243;][vc_column_text] LAS COLECCIONES De los peculiares a lo simbol\u00f3gico de una opci\u00f3n: nuevos caminos a trav\u00e9s del estilo, la forma y los valores. [\/vc_column_text][\/vc_column][\/vc_row][vc_row type=\u00bbfull_width_section\u00bb][vc_column width=\u00bb1\/1&#8243;][\/vc_column][\/vc_row][vc_row][vc_column][vc_column_text] CLASSIC GLAM [\/vc_column_text][\/vc_column][vc_column width=\u00bb1\/3&#8243;][vc_column_text] Esta colecci\u00f3n ofrece productos diferenciados, cl\u00e1sicos y preciosos. El negro, icono indiscutible del lujo, y tambi\u00e9n los colores tradicionales del lavanda al verde acacia. Napa-cuero con acabado natural y en tonos cl\u00e1sicos, marr\u00f3n, verde ingl\u00e9s. Y cuero en colores, rojo, marr\u00f3n y negro. [\/vc_column_text][\/vc_column][vc_column width=\u00bb1\/3&#8243;][vc_column_text]El glamour tambi\u00e9n est\u00e1 expresado con una reinterpretaci\u00f3n de las decoraciones tradicionales, reproducidas en maxi patrones con superficies transl\u00facidas. El \u00e1lbum se convierte en un s\u00edmbolo cl\u00e1sico y atemporal.[\/vc_column_text][\/vc_column][vc_column width=\u00bb1\/3&#8243;][\/vc_column][\/vc_row][vc_section full_width=\u00bbstretch_row\u00bb css=\u00bb.vc_custom_1516287719271{background-position: center !important;background-repeat: no-repeat !important;background-size: contain !important;}\u00bb][vc_row bg_image=\u00bb3676&#8243; bg_repeat=\u00bbno-repeat\u00bb top_padding=\u00bb330&#8243;][vc_column width=\u00bb2\/3&#8243;][vc_column_text] NUEVOS CROMATISMOS La colecci\u00f3n Nuovi Cromatismi se centra en el cambio de color, y se define en dos categor\u00edas: La primera est\u00e1 inspirada en los colores \u201cbon ton\u201d de los a\u00f1os 50, sencillos y con poca saturaci\u00f3n: verde, turquesa, crema y lila, que reflejan los colores tradicionales de las damas de honor, monocrom\u00e1ticos con texturas de ante y combinados con pinturas mates. &nbsp; La segunda es un revival vitalista de los a\u00f1os 80 que utiliza colores [&hellip;]\" \/>\n<meta property=\"og:url\" content=\"https:\/\/www.graphistudio.com\/es\/las-colecciones\/\" \/>\n<meta property=\"og:site_name\" content=\"Graphistudio\" \/>\n<meta property=\"article:modified_time\" content=\"2020-02-10T10:42:09+00:00\" \/>\n<meta name=\"twitter:card\" content=\"summary_large_image\" \/>\n<meta name=\"twitter:label1\" content=\"Tiempo de lectura\" \/>\n\t<meta name=\"twitter:data1\" content=\"2 minutos\" \/>\n<script type=\"application\/ld+json\" class=\"yoast-schema-graph\">{\"@context\":\"https:\/\/schema.org\",\"@graph\":[{\"@type\":\"WebPage\",\"@id\":\"https:\/\/www.graphistudio.com\/es\/las-colecciones\/\",\"url\":\"https:\/\/www.graphistudio.com\/es\/las-colecciones\/\",\"name\":\"las colecciones - Graphistudio\",\"isPartOf\":{\"@id\":\"https:\/\/www.graphistudio.com\/it\/#website\"},\"datePublished\":\"2018-03-08T12:29:26+00:00\",\"dateModified\":\"2020-02-10T10:42:09+00:00\",\"breadcrumb\":{\"@id\":\"https:\/\/www.graphistudio.com\/es\/las-colecciones\/#breadcrumb\"},\"inLanguage\":\"es\",\"potentialAction\":[{\"@type\":\"ReadAction\",\"target\":[\"https:\/\/www.graphistudio.com\/es\/las-colecciones\/\"]}]},{\"@type\":\"BreadcrumbList\",\"@id\":\"https:\/\/www.graphistudio.com\/es\/las-colecciones\/#breadcrumb\",\"itemListElement\":[{\"@type\":\"ListItem\",\"position\":1,\"name\":\"Home\",\"item\":\"https:\/\/www.graphistudio.com\/es\/\"},{\"@type\":\"ListItem\",\"position\":2,\"name\":\"las colecciones\"}]},{\"@type\":\"WebSite\",\"@id\":\"https:\/\/www.graphistudio.com\/it\/#website\",\"url\":\"https:\/\/www.graphistudio.com\/it\/\",\"name\":\"Graphistudio\",\"description\":\"Handmade books made in Italy\",\"publisher\":{\"@id\":\"https:\/\/www.graphistudio.com\/it\/#organization\"},\"potentialAction\":[{\"@type\":\"SearchAction\",\"target\":{\"@type\":\"EntryPoint\",\"urlTemplate\":\"https:\/\/www.graphistudio.com\/it\/?s={search_term_string}\"},\"query-input\":{\"@type\":\"PropertyValueSpecification\",\"valueRequired\":true,\"valueName\":\"search_term_string\"}}],\"inLanguage\":\"es\"},{\"@type\":\"Organization\",\"@id\":\"https:\/\/www.graphistudio.com\/it\/#organization\",\"name\":\"Graphistudio\",\"url\":\"https:\/\/www.graphistudio.com\/it\/\",\"logo\":{\"@type\":\"ImageObject\",\"inLanguage\":\"es\",\"@id\":\"https:\/\/www.graphistudio.com\/it\/#\/schema\/logo\/image\/\",\"url\":\"https:\/\/www.graphistudio.com\/wp-content\/uploads\/2018\/01\/Logo_nero.png\",\"contentUrl\":\"https:\/\/www.graphistudio.com\/wp-content\/uploads\/2018\/01\/Logo_nero.png\",\"width\":160,\"height\":34,\"caption\":\"Graphistudio\"},\"image\":{\"@id\":\"https:\/\/www.graphistudio.com\/it\/#\/schema\/logo\/image\/\"}}]}<\/script>\n<!-- \/ Yoast SEO plugin. -->","yoast_head_json":{"title":"las colecciones - Graphistudio","robots":{"index":"index","follow":"follow","max-snippet":"max-snippet:-1","max-image-preview":"max-image-preview:large","max-video-preview":"max-video-preview:-1"},"canonical":"https:\/\/www.graphistudio.com\/es\/las-colecciones\/","og_locale":"es_ES","og_type":"article","og_title":"las colecciones - Graphistudio","og_description":"[vc_row bg_image=\u00bb3671&#8243; bg_repeat=\u00bbno-repeat\u00bb top_padding=\u00bb5&#8243; bottom_padding=\u00bb5&#8243;][vc_column column_padding=\u00bbcustom-padding\u00bb width=\u00bb1\/1&#8243;][vc_raw_html]PGRpdiBjbGFzcz0iYm94X3dhbGxfYXJ0Ij4NCjxkaXYgc3R5bGU9InBhZGRpbmctdG9wOiA0MzBweDsiPkxhcyBDb2xlY2Npb25lczwvZGl2Pg0KPC9kaXY+[\/vc_raw_html][\/vc_column][\/vc_row][vc_row top_padding=\u00bb10&#8243;][vc_column width=\u00bb1\/1&#8243;][vc_column_text] LAS COLECCIONES De los peculiares a lo simbol\u00f3gico de una opci\u00f3n: nuevos caminos a trav\u00e9s del estilo, la forma y los valores. [\/vc_column_text][\/vc_column][\/vc_row][vc_row type=\u00bbfull_width_section\u00bb][vc_column width=\u00bb1\/1&#8243;][\/vc_column][\/vc_row][vc_row][vc_column][vc_column_text] CLASSIC GLAM [\/vc_column_text][\/vc_column][vc_column width=\u00bb1\/3&#8243;][vc_column_text] Esta colecci\u00f3n ofrece productos diferenciados, cl\u00e1sicos y preciosos. El negro, icono indiscutible del lujo, y tambi\u00e9n los colores tradicionales del lavanda al verde acacia. Napa-cuero con acabado natural y en tonos cl\u00e1sicos, marr\u00f3n, verde ingl\u00e9s. Y cuero en colores, rojo, marr\u00f3n y negro. [\/vc_column_text][\/vc_column][vc_column width=\u00bb1\/3&#8243;][vc_column_text]El glamour tambi\u00e9n est\u00e1 expresado con una reinterpretaci\u00f3n de las decoraciones tradicionales, reproducidas en maxi patrones con superficies transl\u00facidas. El \u00e1lbum se convierte en un s\u00edmbolo cl\u00e1sico y atemporal.[\/vc_column_text][\/vc_column][vc_column width=\u00bb1\/3&#8243;][\/vc_column][\/vc_row][vc_section full_width=\u00bbstretch_row\u00bb css=\u00bb.vc_custom_1516287719271{background-position: center !important;background-repeat: no-repeat !important;background-size: contain !important;}\u00bb][vc_row bg_image=\u00bb3676&#8243; bg_repeat=\u00bbno-repeat\u00bb top_padding=\u00bb330&#8243;][vc_column width=\u00bb2\/3&#8243;][vc_column_text] NUEVOS CROMATISMOS La colecci\u00f3n Nuovi Cromatismi se centra en el cambio de color, y se define en dos categor\u00edas: La primera est\u00e1 inspirada en los colores \u201cbon ton\u201d de los a\u00f1os 50, sencillos y con poca saturaci\u00f3n: verde, turquesa, crema y lila, que reflejan los colores tradicionales de las damas de honor, monocrom\u00e1ticos con texturas de ante y combinados con pinturas mates. &nbsp; La segunda es un revival vitalista de los a\u00f1os 80 que utiliza colores [&hellip;]","og_url":"https:\/\/www.graphistudio.com\/es\/las-colecciones\/","og_site_name":"Graphistudio","article_modified_time":"2020-02-10T10:42:09+00:00","twitter_card":"summary_large_image","twitter_misc":{"Tiempo de lectura":"2 minutos"},"schema":{"@context":"https:\/\/schema.org","@graph":[{"@type":"WebPage","@id":"https:\/\/www.graphistudio.com\/es\/las-colecciones\/","url":"https:\/\/www.graphistudio.com\/es\/las-colecciones\/","name":"las colecciones - Graphistudio","isPartOf":{"@id":"https:\/\/www.graphistudio.com\/it\/#website"},"datePublished":"2018-03-08T12:29:26+00:00","dateModified":"2020-02-10T10:42:09+00:00","breadcrumb":{"@id":"https:\/\/www.graphistudio.com\/es\/las-colecciones\/#breadcrumb"},"inLanguage":"es","potentialAction":[{"@type":"ReadAction","target":["https:\/\/www.graphistudio.com\/es\/las-colecciones\/"]}]},{"@type":"BreadcrumbList","@id":"https:\/\/www.graphistudio.com\/es\/las-colecciones\/#breadcrumb","itemListElement":[{"@type":"ListItem","position":1,"name":"Home","item":"https:\/\/www.graphistudio.com\/es\/"},{"@type":"ListItem","position":2,"name":"las colecciones"}]},{"@type":"WebSite","@id":"https:\/\/www.graphistudio.com\/it\/#website","url":"https:\/\/www.graphistudio.com\/it\/","name":"Graphistudio","description":"Handmade books made in Italy","publisher":{"@id":"https:\/\/www.graphistudio.com\/it\/#organization"},"potentialAction":[{"@type":"SearchAction","target":{"@type":"EntryPoint","urlTemplate":"https:\/\/www.graphistudio.com\/it\/?s={search_term_string}"},"query-input":{"@type":"PropertyValueSpecification","valueRequired":true,"valueName":"search_term_string"}}],"inLanguage":"es"},{"@type":"Organization","@id":"https:\/\/www.graphistudio.com\/it\/#organization","name":"Graphistudio","url":"https:\/\/www.graphistudio.com\/it\/","logo":{"@type":"ImageObject","inLanguage":"es","@id":"https:\/\/www.graphistudio.com\/it\/#\/schema\/logo\/image\/","url":"https:\/\/www.graphistudio.com\/wp-content\/uploads\/2018\/01\/Logo_nero.png","contentUrl":"https:\/\/www.graphistudio.com\/wp-content\/uploads\/2018\/01\/Logo_nero.png","width":160,"height":34,"caption":"Graphistudio"},"image":{"@id":"https:\/\/www.graphistudio.com\/it\/#\/schema\/logo\/image\/"}}]}},"_links":{"self":[{"href":"https:\/\/www.graphistudio.com\/es\/wp-json\/wp\/v2\/pages\/5567","targetHints":{"allow":["GET"]}}],"collection":[{"href":"https:\/\/www.graphistudio.com\/es\/wp-json\/wp\/v2\/pages"}],"about":[{"href":"https:\/\/www.graphistudio.com\/es\/wp-json\/wp\/v2\/types\/page"}],"author":[{"embeddable":true,"href":"https:\/\/www.graphistudio.com\/es\/wp-json\/wp\/v2\/users\/7"}],"replies":[{"embeddable":true,"href":"https:\/\/www.graphistudio.com\/es\/wp-json\/wp\/v2\/comments?post=5567"}],"version-history":[{"count":18,"href":"https:\/\/www.graphistudio.com\/es\/wp-json\/wp\/v2\/pages\/5567\/revisions"}],"predecessor-version":[{"id":32254,"href":"https:\/\/www.graphistudio.com\/es\/wp-json\/wp\/v2\/pages\/5567\/revisions\/32254"}],"wp:attachment":[{"href":"https:\/\/www.graphistudio.com\/es\/wp-json\/wp\/v2\/media?parent=5567"}],"curies":[{"name":"wp","href":"https:\/\/api.w.org\/{rel}","templated":true}]}}