{"id":53415,"date":"2022-06-09T16:35:06","date_gmt":"2022-06-09T14:35:06","guid":{"rendered":"https:\/\/www.graphistudio.com\/accademia-ceconi\/castle-ceconi\/"},"modified":"2023-09-19T10:53:53","modified_gmt":"2023-09-19T08:53:53","slug":"castle-ceconi","status":"publish","type":"page","link":"https:\/\/www.graphistudio.com\/es\/accademia-ceconi\/castle-ceconi\/","title":{"rendered":"Castillo Ceconi"},"content":{"rendered":"<div class=\"wpb-content-wrapper\"><p>[vc_row type=\u00bbfull_width_section\u00bb top_padding=\u00bb40&#8243; bottom_padding=\u00bb40&#8243;][vc_column width=\u00bb1\/3&#8243;][\/vc_column][vc_column column_center=\u00bbtrue\u00bb width=\u00bb1\/3&#8243;]<div class=\"single_image wpb_content_element align-center    \" data-animation=\"none\" data-delay=\"0\"><a href=\"http:\/\/www.graphistudio.com\/castle-ceconi\" target=\"_blank\"><img loading=\"lazy\" decoding=\"async\" width=\"1017\" height=\"105\" src=\"https:\/\/www.graphistudio.com\/wp-content\/uploads\/2022\/03\/logo-castello.png\" class=\"attachment-large\" alt=\"\" title=\"logo castello\" srcset=\"https:\/\/www.graphistudio.com\/wp-content\/uploads\/2022\/03\/logo-castello.png 1017w, https:\/\/www.graphistudio.com\/wp-content\/uploads\/2022\/03\/logo-castello-300x31.png 300w, https:\/\/www.graphistudio.com\/wp-content\/uploads\/2022\/03\/logo-castello-768x79.png 768w\" sizes=\"auto, (max-width: 1017px) 100vw, 1017px\" \/><\/a><\/div>[\/vc_column][vc_column column_center=\u00bbtrue\u00bb width=\u00bb1\/3&#8243;][\/vc_column][\/vc_row][vc_row bg_image=\u00bb52173&#8243; full_height=\u00bbtrue\u00bb][vc_column animation=\u00bbfade-in\u00bb width=\u00bb1\/1&#8243;][\/vc_column][\/vc_row][vc_row top_padding=\u00bb40&#8243; bottom_padding=\u00bb40&#8243; class=\u00bbceconi_box\u00bb][vc_column el_class=\u00bbceconi_box\u00bb bg_color=\u00bb#707365&#8243; column_padding=\u00bbcustom-padding\u00bb column_custompadding=\u00bb200px 0px 200px 0px\u00bb width=\u00bb1\/3&#8243;][vc_column_text]<\/p>\n<p class=\"ceconi_White_NG_title\" style=\"text-align: center;\">ACCADEMIA<br \/>\nCECONI<\/p>\n<p>&nbsp;<\/p>\n<p class=\"ceconi_White_NG\" style=\"text-align: center;\">GRAPHISTUDIO EDUCATION<\/p>\n<p class=\"ceconi_White_NG\" style=\"text-align: center;\">\u00abUn hogar para todos los fot\u00f3grafos\u00bb<\/p>\n<p>[\/vc_column_text][\/vc_column][vc_column el_class=\u00bbceconi_box\u00bb bg_color=\u00bb#707365&#8243; column_center=\u00bbtrue\u00bb width=\u00bb1\/3&#8243;][vc_column_text]<\/p>\n<p class=\"ceconi_White_NG_title\" style=\"text-align: center;\">RETIRADAS<br \/>\nY TALLERES<\/p>\n<p>&nbsp;<\/p>\n<p class=\"ceconi_White_NG\" style=\"text-align: center;\">\u00bfEst\u00e1 planeando su retiro o taller? Re\u00fanase con nosotros en este santuario de paz y gracia.<\/p>\n<p>[\/vc_column_text][\/vc_column][vc_column el_class=\u00bbceconi_box\u00bb bg_color=\u00bb#707365&#8243; column_center=\u00bbtrue\u00bb width=\u00bb1\/3&#8243;][vc_column_text]<\/p>\n<p class=\"ceconi_White_NG_title\" style=\"text-align: center;\">EVENTOS PRIVADOS<br \/>\n&amp; RESIDENCIA DE ARTISTAS<\/p>\n<p>&nbsp;<\/p>\n<p class=\"ceconi_White_NG\" style=\"text-align: center;\">El Castillo Ceconi hace que sus eventos sean \u00fanicos y especiales, rodeado de un escenario natural de extraordinaria belleza.<\/p>\n<p>[\/vc_column_text][\/vc_column][\/vc_row][vc_row type=\u00bbfull_width_section\u00bb][vc_column bg_color=\u00bb#f4f5f0&#8243; width=\u00bb1\/2&#8243;]<div class=\"single_image wpb_content_element align-center    ceconi_IMG_border\" data-animation=\"none\" data-delay=\"0\"><img loading=\"lazy\" decoding=\"async\" width=\"1200\" height=\"800\" src=\"https:\/\/www.graphistudio.com\/wp-content\/uploads\/2022\/03\/Ceconi-castle-Mauricio-Alice-scaled-1.jpg\" class=\"attachment-full\" alt=\"\" title=\"Ceconi-castle-Mauricio-Alice-scaled\" srcset=\"https:\/\/www.graphistudio.com\/wp-content\/uploads\/2022\/03\/Ceconi-castle-Mauricio-Alice-scaled-1.jpg 1200w, https:\/\/www.graphistudio.com\/wp-content\/uploads\/2022\/03\/Ceconi-castle-Mauricio-Alice-scaled-1-300x200.jpg 300w, https:\/\/www.graphistudio.com\/wp-content\/uploads\/2022\/03\/Ceconi-castle-Mauricio-Alice-scaled-1-768x512.jpg 768w, https:\/\/www.graphistudio.com\/wp-content\/uploads\/2022\/03\/Ceconi-castle-Mauricio-Alice-scaled-1-600x400.jpg 600w\" sizes=\"auto, (max-width: 1200px) 100vw, 1200px\" \/><\/div>[\/vc_column][vc_column column_padding=\u00bbpadding-4&#8243; column_center=\u00bbtrue\u00bb width=\u00bb1\/2&#8243;][vc_column_text el_class=\u00bbceconi_TEXT_NG\u00bb]<\/p>\n<p style=\"text-align: center;\">UN SANTUARIO DE PAZ HECHO PARA COMPARTIR CONOCIMIENTOS, EXPERIENCIAS Y MOMENTOS.<\/p>\n<p style=\"text-align: center;\"><a href=\"mailto:info@graphistudio.com\"><u>\u00a1P\u00d3NGASE EN CONTACTO CON NOSOTROS<\/u><\/a> PARA PARTICIPAR EN LOS PR\u00d3XIMOS ACTOS U ORGANIZAR EL SUYO PROPIO!<\/p>\n<p>[\/vc_column_text]<div class=\"newdivider align-center\" style=\"border-bottom-style: solid; border-color: #999999; border-bottom-width: 1px; margin-top: 40px; margin-bottom: 40px; width: 100%; \"><\/div><div class=\"clear\"><\/div>[vc_column_text]<\/p>\n<h2 style=\"text-align: left;\">PR\u00d3XIMOS ACTOS EN COLABORACI\u00d3N CON<\/h2>\n<h4 style=\"letter-spacing: 3px; text-align: left;\">FEARLESS PHOTOGRAPHERS<\/h4>\n<h2 style=\"text-align: left;\">PR\u00d3XIMAMENTE<\/h2>\n<p>&nbsp;<\/p>\n<h4 style=\"letter-spacing: 3px; text-align: left;\">RANGEFINDER<\/h4>\n<h2 style=\"text-align: left;\">PR\u00d3XIMAMENTE<\/h2>\n<p>&nbsp;<\/p>\n<h4 style=\"letter-spacing: 3px; text-align: left;\">WORD PHOTOGRAPHY CUP<\/h4>\n<h2 style=\"text-align: left;\">PR\u00d3XIMAMENTE<\/h2>\n<p>&nbsp;<\/p>\n<h4 style=\"letter-spacing: 3px; text-align: left;\">IMAGEN AI<\/h4>\n<h2 style=\"text-align: left;\">PR\u00d3XIMAMENTE<\/h2>\n<p>[\/vc_column_text][\/vc_column][\/vc_row][vc_row type=\u00bbfull_width_section\u00bb top_padding=\u00bb40&#8243; bottom_padding=\u00bb40&#8243;][vc_column text_align=\u00bbcenter\u00bb width=\u00bb1\/1&#8243;][vc_raw_html]W3dvbmRlcnBsdWdpbl9jYXJvdXNlbCBpZD0iMTA0Il0=[\/vc_raw_html][\/vc_column][\/vc_row][vc_row type=\u00bbfull_width_section\u00bb bg_color=\u00bb#707365&#8243; class=\u00bbdesktop_only\u00bb][vc_column column_padding=\u00bbpadding-4&#8243; column_center=\u00bbtrue\u00bb width=\u00bb1\/2&#8243;][vc_column_text]<\/p>\n<h1 style=\"color: white !important; text-align: left;\">El sentido de la maravilla<\/h1>\n<h2 class=\"ceconi_White_NG_title\" style=\"text-align: left;\">OBRA MAESTRA DE LA ARQUITECTURA ECL\u00c9CTICA DESDE 1800. AHORA CON UN NUEVO SABOR ENTRE CONTEMPOR\u00c1NEO Y CL\u00c1SICO.<\/h2>\n<p class=\"ceconi_White_NG\">Una imponente mansi\u00f3n neog\u00f3tica enclavada en las monta\u00f1as. S\u00edmbolo de ingenio, de ayer y de hoy, el castillo Ceconi se encuentra en el bosque de los Ceconi. Fue la \u00faltima construcci\u00f3n de Giacomo Ceconi, famoso por ser uno de los constructores de ferrocarriles y carreteras m\u00e1s importantes del Imperio Austroh\u00fangaro.<\/p>\n<p>[\/vc_column_text][\/vc_column][vc_column column_padding=\u00bbpadding-4&#8243; text_align=\u00bbright\u00bb width=\u00bb1\/2&#8243;][vc_column_text el_class=\u00bbceconi_White_NG\u00bb]<\/p>\n<p style=\"text-align: right; color: white!important;\">PIELUNGO &#8211; VAL D&#8217;ARZINO<\/p>\n<p>[\/vc_column_text][vc_raw_html]PHZpZGVvIGF1dG9wbGF5PSJhdXRvcGxheSIgbXV0ZWQ9IiIgY29udHJvbHM9ImNvbnRyb2xzIiB3aWR0aD0iMTAwMCIgaGVpZ2h0PSIxNTAiPg0KPHNvdXJjZSBzcmM9Imh0dHBzOi8vd3d3LmdyYXBoaXN0dWRpby5jb20vd3AtY29udGVudC91cGxvYWRzLzIwMjIvMDMvY2Vjb25pXzAxYS5tcDQiIHR5cGU9InZpZGVvL21wNCIgLz5Tb3JyeSwgeW91ciBicm93c2VyIGRvZXNuJ3Qgc3VwcG9ydCBlbWJlZGRlZCB2aWRlb3MuDQo8L3ZpZGVvPg==[\/vc_raw_html][\/vc_column][\/vc_row][vc_row type=\u00bbfull_width_section\u00bb bg_color=\u00bb#707365&#8243; class=\u00bbmobile_only\u00bb][vc_column column_padding=\u00bbpadding-8&#8243; column_center=\u00bbtrue\u00bb width=\u00bb1\/2&#8243;][vc_column_text]<\/p>\n<h1 style=\"color: white !important; text-align: left;\">El sentido de la maravilla<\/h1>\n<h2 class=\"ceconi_White_NG_title\" style=\"text-align: left;\">OBRA MAESTRA DE LA ARQUITECTURA ECL\u00c9CTICA DESDE 1800. AHORA CON UN NUEVO SABOR ENTRE CONTEMPOR\u00c1NEO Y CL\u00c1SICO.<\/h2>\n<p class=\"ceconi_White_NG\">Una imponente mansi\u00f3n neog\u00f3tica enclavada en las monta\u00f1as. S\u00edmbolo de ingenio, de ayer y de hoy, el castillo Ceconi se encuentra en el bosque de los Ceconi. Fue la \u00faltima construcci\u00f3n de Giacomo Ceconi, famoso por ser uno de los constructores de ferrocarriles y carreteras m\u00e1s importantes del Imperio Austroh\u00fangaro.<\/p>\n<p>[\/vc_column_text][\/vc_column][vc_column column_padding=\u00bbpadding-4&#8243; text_align=\u00bbright\u00bb width=\u00bb1\/2&#8243;][vc_column_text el_class=\u00bbceconi_White_NG\u00bb]<\/p>\n<p style=\"text-align: right; color: white!important;\">PIELUNGO &#8211; VAL D&#8217;ARZINO<\/p>\n<p>[\/vc_column_text][vc_raw_html]PHZpZGVvIGF1dG9wbGF5PSJhdXRvcGxheSIgbXV0ZWQ9IiIgY29udHJvbHM9ImNvbnRyb2xzIiB3aWR0aD0iMTAwJSIgaGVpZ2h0PSIxNTAiPg0KPHNvdXJjZSBzcmM9Imh0dHBzOi8vd3d3LmdyYXBoaXN0dWRpby5jb20vd3AtY29udGVudC91cGxvYWRzLzIwMjIvMDMvY2Vjb25pXzAxYS5tcDQiIHR5cGU9InZpZGVvL21wNCIgLz5Tb3JyeSwgeW91ciBicm93c2VyIGRvZXNuJ3Qgc3VwcG9ydCBlbWJlZGRlZCB2aWRlb3MuDQo8L3ZpZGVvPg==[\/vc_raw_html][\/vc_column][\/vc_row][vc_row type=\u00bbfull_width_section\u00bb top_padding=\u00bb40&#8243; bottom_padding=\u00bb40&#8243;][vc_column column_padding=\u00bbpadding-4&#8243; width=\u00bb1\/2&#8243;][vc_column_text]<\/p>\n<h3 style=\"text-align: left;\">Castillo Ceconi<\/h3>\n<h2 style=\"text-align: left;\">Una perla en los Dolomitas<\/h2>\n<p style=\"text-align: left; font-size: 16px;\">Propiedad hist\u00f3rica asentada en el coraz\u00f3n de los Dolomitas, al norte de Italia, en el Valle de Pielungo. Construido por el Conde Giacomo Ceconi, uno de los ingenieros m\u00e1s influyentes del siglo XIX, el Castillo es un oasis de paz, situado en medio del valle, rodeado de naturaleza y naturaleza salvaje. Renovado por Graphistudio, el Castillo Ceconi es hoy el hogar internacional de todos los fot\u00f3grafos, y acoge cientos de talleres y conferencias de fotograf\u00eda cada a\u00f1o. La propiedad tambi\u00e9n est\u00e1 disponible para bodas exclusivas y selectas, retiros y eventos corporativos.<\/p>\n<p>[\/vc_column_text][\/vc_column][vc_column column_center=\u00bbtrue\u00bb width=\u00bb1\/2&#8243;][vc_raw_html]W3dvbmRlcnBsdWdpbl90YWJzIGlkPTQ0XQ==[\/vc_raw_html][\/vc_column][\/vc_row][vc_row type=\u00bbfull_width_section\u00bb][vc_column width=\u00bb1\/1&#8243;][vc_raw_html]W2h0cG9zdGNvbnRlbnQgaWQ9NjY1MTBd[\/vc_raw_html][\/vc_column][\/vc_row]<\/p>\n<\/div>","protected":false},"excerpt":{"rendered":"<p>[vc_row type=\u00bbfull_width_section\u00bb top_padding=\u00bb40&#8243; bottom_padding=\u00bb40&#8243;][vc_column width=\u00bb1\/3&#8243;][\/vc_column][vc_column column_center=\u00bbtrue\u00bb width=\u00bb1\/3&#8243;][\/vc_column][vc_column column_center=\u00bbtrue\u00bb width=\u00bb1\/3&#8243;][\/vc_column][\/vc_row][vc_row bg_image=\u00bb52173&#8243; full_height=\u00bbtrue\u00bb][vc_column animation=\u00bbfade-in\u00bb width=\u00bb1\/1&#8243;][\/vc_column][\/vc_row][vc_row top_padding=\u00bb40&#8243; bottom_padding=\u00bb40&#8243; class=\u00bbceconi_box\u00bb][vc_column el_class=\u00bbceconi_box\u00bb bg_color=\u00bb#707365&#8243; column_padding=\u00bbcustom-padding\u00bb column_custompadding=\u00bb200px 0px 200px 0px\u00bb width=\u00bb1\/3&#8243;][vc_column_text] ACCADEMIA CECONI &nbsp; GRAPHISTUDIO EDUCATION \u00abUn hogar para todos los fot\u00f3grafos\u00bb [\/vc_column_text][\/vc_column][vc_column el_class=\u00bbceconi_box\u00bb bg_color=\u00bb#707365&#8243; column_center=\u00bbtrue\u00bb width=\u00bb1\/3&#8243;][vc_column_text] RETIRADAS Y TALLERES &nbsp; \u00bfEst\u00e1 planeando su retiro o taller? Re\u00fanase con nosotros en este santuario de paz y gracia. [\/vc_column_text][\/vc_column][vc_column el_class=\u00bbceconi_box\u00bb bg_color=\u00bb#707365&#8243; column_center=\u00bbtrue\u00bb width=\u00bb1\/3&#8243;][vc_column_text] EVENTOS PRIVADOS &amp; RESIDENCIA DE ARTISTAS &nbsp; El Castillo Ceconi hace que sus eventos sean \u00fanicos y especiales, rodeado de un escenario natural de extraordinaria belleza. [\/vc_column_text][\/vc_column][\/vc_row][vc_row type=\u00bbfull_width_section\u00bb][vc_column bg_color=\u00bb#f4f5f0&#8243; width=\u00bb1\/2&#8243;][\/vc_column][vc_column column_padding=\u00bbpadding-4&#8243; column_center=\u00bbtrue\u00bb width=\u00bb1\/2&#8243;][vc_column_text el_class=\u00bbceconi_TEXT_NG\u00bb] UN SANTUARIO DE PAZ HECHO PARA COMPARTIR CONOCIMIENTOS, EXPERIENCIAS Y MOMENTOS. \u00a1P\u00d3NGASE EN CONTACTO CON NOSOTROS PARA PARTICIPAR EN LOS PR\u00d3XIMOS ACTOS U ORGANIZAR EL SUYO PROPIO! [\/vc_column_text][vc_column_text] PR\u00d3XIMOS ACTOS EN COLABORACI\u00d3N CON FEARLESS PHOTOGRAPHERS PR\u00d3XIMAMENTE &nbsp; RANGEFINDER PR\u00d3XIMAMENTE &nbsp; WORD PHOTOGRAPHY CUP PR\u00d3XIMAMENTE &nbsp; IMAGEN AI PR\u00d3XIMAMENTE [\/vc_column_text][\/vc_column][\/vc_row][vc_row type=\u00bbfull_width_section\u00bb top_padding=\u00bb40&#8243; bottom_padding=\u00bb40&#8243;][vc_column text_align=\u00bbcenter\u00bb width=\u00bb1\/1&#8243;][vc_raw_html]W3dvbmRlcnBsdWdpbl9jYXJvdXNlbCBpZD0iMTA0Il0=[\/vc_raw_html][\/vc_column][\/vc_row][vc_row type=\u00bbfull_width_section\u00bb bg_color=\u00bb#707365&#8243; class=\u00bbdesktop_only\u00bb][vc_column column_padding=\u00bbpadding-4&#8243; column_center=\u00bbtrue\u00bb width=\u00bb1\/2&#8243;][vc_column_text] El sentido de la maravilla OBRA MAESTRA DE LA ARQUITECTURA ECL\u00c9CTICA DESDE 1800. AHORA CON UN NUEVO SABOR ENTRE CONTEMPOR\u00c1NEO Y CL\u00c1SICO. Una imponente mansi\u00f3n neog\u00f3tica enclavada en las monta\u00f1as. S\u00edmbolo de ingenio, de ayer y de hoy, el castillo Ceconi [&hellip;]<\/p>\n","protected":false},"author":8,"featured_media":0,"parent":53189,"menu_order":0,"comment_status":"closed","ping_status":"closed","template":"","meta":{"cybocfi_hide_featured_image":"","footnotes":""},"class_list":["post-53415","page","type-page","status-publish","hentry"],"yoast_head":"<!-- This site is optimized with the Yoast SEO plugin v26.7 - https:\/\/yoast.com\/wordpress\/plugins\/seo\/ -->\n<title>Castillo Ceconi - Graphistudio<\/title>\n<meta name=\"description\" content=\"&quot;Un hogar para todos los fot\u00f3grafos&quot;, un santuario de paz hecho para compartir conocimientos, experiencias y momentos, rodeado de paisajes naturales.\" \/>\n<meta name=\"robots\" content=\"index, follow, max-snippet:-1, max-image-preview:large, max-video-preview:-1\" \/>\n<link rel=\"canonical\" href=\"https:\/\/www.graphistudio.com\/en\/accademia\/castle-ceconi\/\" \/>\n<meta property=\"og:locale\" content=\"es_ES\" \/>\n<meta property=\"og:type\" content=\"article\" \/>\n<meta property=\"og:title\" content=\"Castillo Ceconi\" \/>\n<meta property=\"og:description\" content=\"&quot;Un hogar para todos los fot\u00f3grafos&quot;, un santuario de paz hecho para compartir conocimientos, experiencias y momentos, rodeado de paisajes naturales.\" \/>\n<meta property=\"og:url\" content=\"https:\/\/www.graphistudio.com\/en\/accademia\/castle-ceconi\/\" \/>\n<meta property=\"og:site_name\" content=\"Graphistudio\" \/>\n<meta property=\"article:modified_time\" content=\"2023-09-19T08:53:53+00:00\" \/>\n<meta property=\"og:image\" content=\"https:\/\/www.graphistudio.com\/wp-content\/uploads\/2018\/01\/castle_1.jpg\" \/>\n<meta name=\"twitter:card\" content=\"summary_large_image\" \/>\n<meta name=\"twitter:title\" content=\"Castillo Ceconi\" \/>\n<meta name=\"twitter:description\" content=\"&quot;Un hogar para todos los fot\u00f3grafos&quot;, un santuario de paz hecho para compartir conocimientos, experiencias y momentos, rodeado de paisajes naturales.\" \/>\n<meta name=\"twitter:image\" content=\"https:\/\/www.graphistudio.com\/wp-content\/uploads\/2018\/01\/castle_1.jpg\" \/>\n<meta name=\"twitter:label1\" content=\"Tiempo de lectura\" \/>\n\t<meta name=\"twitter:data1\" content=\"4 minutos\" \/>\n<script type=\"application\/ld+json\" class=\"yoast-schema-graph\">{\"@context\":\"https:\/\/schema.org\",\"@graph\":[{\"@type\":\"WebPage\",\"@id\":\"https:\/\/www.graphistudio.com\/en\/accademia\/castle-ceconi\/\",\"url\":\"https:\/\/www.graphistudio.com\/en\/accademia\/castle-ceconi\/\",\"name\":\"Castillo Ceconi - Graphistudio\",\"isPartOf\":{\"@id\":\"https:\/\/www.graphistudio.com\/it\/#website\"},\"datePublished\":\"2022-06-09T14:35:06+00:00\",\"dateModified\":\"2023-09-19T08:53:53+00:00\",\"description\":\"\\\"Un hogar para todos los fot\u00f3grafos\\\", un santuario de paz hecho para compartir conocimientos, experiencias y momentos, rodeado de paisajes naturales.\",\"breadcrumb\":{\"@id\":\"https:\/\/www.graphistudio.com\/en\/accademia\/castle-ceconi\/#breadcrumb\"},\"inLanguage\":\"es\",\"potentialAction\":[{\"@type\":\"ReadAction\",\"target\":[\"https:\/\/www.graphistudio.com\/en\/accademia\/castle-ceconi\/\"]}]},{\"@type\":\"BreadcrumbList\",\"@id\":\"https:\/\/www.graphistudio.com\/en\/accademia\/castle-ceconi\/#breadcrumb\",\"itemListElement\":[{\"@type\":\"ListItem\",\"position\":1,\"name\":\"Home\",\"item\":\"https:\/\/www.graphistudio.com\/es\/\"},{\"@type\":\"ListItem\",\"position\":2,\"name\":\"Accademia Ceconi\",\"item\":\"https:\/\/www.graphistudio.com\/es\/accademia-ceconi\/\"},{\"@type\":\"ListItem\",\"position\":3,\"name\":\"Castillo Ceconi\"}]},{\"@type\":\"WebSite\",\"@id\":\"https:\/\/www.graphistudio.com\/it\/#website\",\"url\":\"https:\/\/www.graphistudio.com\/it\/\",\"name\":\"Graphistudio\",\"description\":\"Handmade books made in Italy\",\"publisher\":{\"@id\":\"https:\/\/www.graphistudio.com\/it\/#organization\"},\"potentialAction\":[{\"@type\":\"SearchAction\",\"target\":{\"@type\":\"EntryPoint\",\"urlTemplate\":\"https:\/\/www.graphistudio.com\/it\/?s={search_term_string}\"},\"query-input\":{\"@type\":\"PropertyValueSpecification\",\"valueRequired\":true,\"valueName\":\"search_term_string\"}}],\"inLanguage\":\"es\"},{\"@type\":\"Organization\",\"@id\":\"https:\/\/www.graphistudio.com\/it\/#organization\",\"name\":\"Graphistudio\",\"url\":\"https:\/\/www.graphistudio.com\/it\/\",\"logo\":{\"@type\":\"ImageObject\",\"inLanguage\":\"es\",\"@id\":\"https:\/\/www.graphistudio.com\/it\/#\/schema\/logo\/image\/\",\"url\":\"https:\/\/www.graphistudio.com\/wp-content\/uploads\/2018\/01\/Logo_nero.png\",\"contentUrl\":\"https:\/\/www.graphistudio.com\/wp-content\/uploads\/2018\/01\/Logo_nero.png\",\"width\":160,\"height\":34,\"caption\":\"Graphistudio\"},\"image\":{\"@id\":\"https:\/\/www.graphistudio.com\/it\/#\/schema\/logo\/image\/\"}}]}<\/script>\n<!-- \/ Yoast SEO plugin. -->","yoast_head_json":{"title":"Castillo Ceconi - Graphistudio","description":"\"Un hogar para todos los fot\u00f3grafos\", un santuario de paz hecho para compartir conocimientos, experiencias y momentos, rodeado de paisajes naturales.","robots":{"index":"index","follow":"follow","max-snippet":"max-snippet:-1","max-image-preview":"max-image-preview:large","max-video-preview":"max-video-preview:-1"},"canonical":"https:\/\/www.graphistudio.com\/en\/accademia\/castle-ceconi\/","og_locale":"es_ES","og_type":"article","og_title":"Castillo Ceconi","og_description":"\"Un hogar para todos los fot\u00f3grafos\", un santuario de paz hecho para compartir conocimientos, experiencias y momentos, rodeado de paisajes naturales.","og_url":"https:\/\/www.graphistudio.com\/en\/accademia\/castle-ceconi\/","og_site_name":"Graphistudio","article_modified_time":"2023-09-19T08:53:53+00:00","og_image":[{"url":"https:\/\/www.graphistudio.com\/wp-content\/uploads\/2018\/01\/castle_1.jpg","type":"","width":"","height":""}],"twitter_card":"summary_large_image","twitter_title":"Castillo Ceconi","twitter_description":"\"Un hogar para todos los fot\u00f3grafos\", un santuario de paz hecho para compartir conocimientos, experiencias y momentos, rodeado de paisajes naturales.","twitter_image":"https:\/\/www.graphistudio.com\/wp-content\/uploads\/2018\/01\/castle_1.jpg","twitter_misc":{"Tiempo de lectura":"4 minutos"},"schema":{"@context":"https:\/\/schema.org","@graph":[{"@type":"WebPage","@id":"https:\/\/www.graphistudio.com\/en\/accademia\/castle-ceconi\/","url":"https:\/\/www.graphistudio.com\/en\/accademia\/castle-ceconi\/","name":"Castillo Ceconi - Graphistudio","isPartOf":{"@id":"https:\/\/www.graphistudio.com\/it\/#website"},"datePublished":"2022-06-09T14:35:06+00:00","dateModified":"2023-09-19T08:53:53+00:00","description":"\"Un hogar para todos los fot\u00f3grafos\", un santuario de paz hecho para compartir conocimientos, experiencias y momentos, rodeado de paisajes naturales.","breadcrumb":{"@id":"https:\/\/www.graphistudio.com\/en\/accademia\/castle-ceconi\/#breadcrumb"},"inLanguage":"es","potentialAction":[{"@type":"ReadAction","target":["https:\/\/www.graphistudio.com\/en\/accademia\/castle-ceconi\/"]}]},{"@type":"BreadcrumbList","@id":"https:\/\/www.graphistudio.com\/en\/accademia\/castle-ceconi\/#breadcrumb","itemListElement":[{"@type":"ListItem","position":1,"name":"Home","item":"https:\/\/www.graphistudio.com\/es\/"},{"@type":"ListItem","position":2,"name":"Accademia Ceconi","item":"https:\/\/www.graphistudio.com\/es\/accademia-ceconi\/"},{"@type":"ListItem","position":3,"name":"Castillo Ceconi"}]},{"@type":"WebSite","@id":"https:\/\/www.graphistudio.com\/it\/#website","url":"https:\/\/www.graphistudio.com\/it\/","name":"Graphistudio","description":"Handmade books made in Italy","publisher":{"@id":"https:\/\/www.graphistudio.com\/it\/#organization"},"potentialAction":[{"@type":"SearchAction","target":{"@type":"EntryPoint","urlTemplate":"https:\/\/www.graphistudio.com\/it\/?s={search_term_string}"},"query-input":{"@type":"PropertyValueSpecification","valueRequired":true,"valueName":"search_term_string"}}],"inLanguage":"es"},{"@type":"Organization","@id":"https:\/\/www.graphistudio.com\/it\/#organization","name":"Graphistudio","url":"https:\/\/www.graphistudio.com\/it\/","logo":{"@type":"ImageObject","inLanguage":"es","@id":"https:\/\/www.graphistudio.com\/it\/#\/schema\/logo\/image\/","url":"https:\/\/www.graphistudio.com\/wp-content\/uploads\/2018\/01\/Logo_nero.png","contentUrl":"https:\/\/www.graphistudio.com\/wp-content\/uploads\/2018\/01\/Logo_nero.png","width":160,"height":34,"caption":"Graphistudio"},"image":{"@id":"https:\/\/www.graphistudio.com\/it\/#\/schema\/logo\/image\/"}}]}},"_links":{"self":[{"href":"https:\/\/www.graphistudio.com\/es\/wp-json\/wp\/v2\/pages\/53415","targetHints":{"allow":["GET"]}}],"collection":[{"href":"https:\/\/www.graphistudio.com\/es\/wp-json\/wp\/v2\/pages"}],"about":[{"href":"https:\/\/www.graphistudio.com\/es\/wp-json\/wp\/v2\/types\/page"}],"author":[{"embeddable":true,"href":"https:\/\/www.graphistudio.com\/es\/wp-json\/wp\/v2\/users\/8"}],"replies":[{"embeddable":true,"href":"https:\/\/www.graphistudio.com\/es\/wp-json\/wp\/v2\/comments?post=53415"}],"version-history":[{"count":11,"href":"https:\/\/www.graphistudio.com\/es\/wp-json\/wp\/v2\/pages\/53415\/revisions"}],"predecessor-version":[{"id":66513,"href":"https:\/\/www.graphistudio.com\/es\/wp-json\/wp\/v2\/pages\/53415\/revisions\/66513"}],"up":[{"embeddable":true,"href":"https:\/\/www.graphistudio.com\/es\/wp-json\/wp\/v2\/pages\/53189"}],"wp:attachment":[{"href":"https:\/\/www.graphistudio.com\/es\/wp-json\/wp\/v2\/media?parent=53415"}],"curies":[{"name":"wp","href":"https:\/\/api.w.org\/{rel}","templated":true}]}}