{"id":51991,"date":"2022-02-28T15:10:33","date_gmt":"2022-02-28T14:10:33","guid":{"rendered":"https:\/\/www.graphistudio.com\/jerry-ghionis-collection\/"},"modified":"2022-10-27T12:01:23","modified_gmt":"2022-10-27T10:01:23","slug":"jerry-ghionis-collection","status":"publish","type":"page","link":"https:\/\/www.graphistudio.com\/es\/jerry-ghionis-collection\/","title":{"rendered":"Jerry Ghionis Collection"},"content":{"rendered":"<div class=\"wpb-content-wrapper\"><p>[vc_row type=\u00bbfull_width_section\u00bb bg_image=\u00bb51346&#8243;][vc_column width=\u00bb1\/4&#8243;][\/vc_column][vc_column width=\u00bb1\/2&#8243;]<div class=\"single_image wpb_content_element align-center    \" data-animation=\"none\" data-delay=\"0\"><img loading=\"lazy\" decoding=\"async\" width=\"1161\" height=\"420\" src=\"https:\/\/www.graphistudio.com\/wp-content\/uploads\/2022\/02\/pagina_jerry_g-e1663678640575.png\" class=\"attachment-large\" alt=\"\" title=\"pagina_jerry_g\" \/><\/div><div class=\"single_image wpb_content_element align-center    \" data-animation=\"none\" data-delay=\"0\"><img loading=\"lazy\" decoding=\"async\" width=\"1100\" height=\"1000\" src=\"https:\/\/www.graphistudio.com\/wp-content\/uploads\/2022\/02\/ghionis-frontw.png\" class=\"attachment-large\" alt=\"\" title=\"ghionis frontw\" srcset=\"https:\/\/www.graphistudio.com\/wp-content\/uploads\/2022\/02\/ghionis-frontw.png 1100w, https:\/\/www.graphistudio.com\/wp-content\/uploads\/2022\/02\/ghionis-frontw-300x273.png 300w, https:\/\/www.graphistudio.com\/wp-content\/uploads\/2022\/02\/ghionis-frontw-768x698.png 768w\" sizes=\"auto, (max-width: 1100px) 100vw, 1100px\" \/><\/div>[\/vc_column][vc_column width=\u00bb1\/4&#8243;][\/vc_column][\/vc_row][vc_row bg_color=\u00bb#b4895e\u00bb top_padding=\u00bb50&#8243; bottom_padding=\u00bb50&#8243;][vc_column width=\u00bb1\/6&#8243;][\/vc_column][vc_column width=\u00bb2\/3&#8243;][vc_column_text el_class=\u00bbtext_ghionis\u00bb]<\/p>\n<h4 style=\"text-align: center; color: white; line-height: 200%;\">UN ELEGANTE ESTILO MODERNO<\/h4>\n<p>[\/vc_column_text][vc_column_text el_class=\u00bbtext_ghionis\u00bb]<\/p>\n<h5 style=\"text-align: center; color: white; line-height: 200%;\">Esta colecci\u00f3n aporta los aspectos m\u00e1s pr\u00e1cticos de un producto bien dise\u00f1ado a las piezas m\u00e1s destacadas que se pueden encontrar en el mundo<\/h5>\n<p>[\/vc_column_text][\/vc_column][vc_column width=\u00bb1\/6&#8243;][\/vc_column][\/vc_row][vc_row bg_color=\u00bb#525252&#8243; class=\u00bbghionis\u00bb][vc_column width=\u00bb1\/2&#8243;]<div class=\"single_image wpb_content_element align-center    \" data-animation=\"none\" data-delay=\"0\"><img loading=\"lazy\" decoding=\"async\" width=\"1000\" height=\"781\" src=\"https:\/\/www.graphistudio.com\/wp-content\/uploads\/2022\/02\/jerry-ghionis-photographer-2.jpg\" class=\"attachment-full\" alt=\"\" title=\"jerry-ghionis-photographer-2\" srcset=\"https:\/\/www.graphistudio.com\/wp-content\/uploads\/2022\/02\/jerry-ghionis-photographer-2.jpg 1000w, https:\/\/www.graphistudio.com\/wp-content\/uploads\/2022\/02\/jerry-ghionis-photographer-2-300x234.jpg 300w, https:\/\/www.graphistudio.com\/wp-content\/uploads\/2022\/02\/jerry-ghionis-photographer-2-768x600.jpg 768w\" sizes=\"auto, (max-width: 1000px) 100vw, 1000px\" \/><\/div>[\/vc_column][vc_column column_center=\u00bbtrue\u00bb width=\u00bb1\/2&#8243;]<div class=\"spacer\" style=\"height: 40px;\"><\/div>[vc_column_text el_class=\u00bbtext_ghionis\u00bb]<\/p>\n<h4 style=\"text-align: center; color: white;\">A PROP\u00d3SITO DE JERRY GHIONIS<\/h4>\n<p>[\/vc_column_text][vc_column_text el_class=\u00bbtext_ghionis\u00bb]<\/p>\n<p style=\"text-align: center;\">Jerry est\u00e1 ampliamente considerado como uno de los mejores fot\u00f3grafos de retratos y bodas del mundo y est\u00e1 orgulloso de llamar a Las Vegas su hogar.\u00a0Jerry es el fot\u00f3grafo m\u00e1s premiado de la organizaci\u00f3n Wedding and Portrait Photographers International (WPPI) y se convirti\u00f3 en su primer Grand Master, su m\u00e1ximo honor.<\/p>\n<p style=\"text-align: center;\">Embajador de Nikon y ganador del Premio al Liderazgo de las Naciones Unidas otorgado por el Consejo Fotogr\u00e1fico Internacional, la marca Jerry Ghionis se ha convertido en sin\u00f3nimo de excelencia, maestr\u00eda e innovaci\u00f3n.<\/p>\n<p>[\/vc_column_text]<div class=\"spacer\" style=\"height: 40px;\"><\/div>[\/vc_column][\/vc_row][vc_row type=\u00bbfull_width_section\u00bb top_padding=\u00bb10&#8243;][vc_column text_align=\u00bbcenter\u00bb width=\u00bb1\/1&#8243;][vc_raw_html]W3dvbmRlcnBsdWdpbl9ncmlkZ2FsbGVyeSBpZD0xMTVd[\/vc_raw_html][\/vc_column][\/vc_row][vc_row bg_color=\u00bb#7a5731&#8243; top_padding=\u00bb50&#8243; bottom_padding=\u00bb50&#8243;][vc_column width=\u00bb1\/6&#8243;][\/vc_column][vc_column width=\u00bb2\/3&#8243;][vc_column_text el_class=\u00bbtext_ghionis\u00bb]<\/p>\n<h5 style=\"color: white; text-align: left; line-height: 200%;\">\u00abTanto si Graphistudio reinventa un producto existente como si crea una nueva categor\u00eda en un sector que supuestamente lo ha visto todo, Graphi supera sistem\u00e1ticamente las m\u00e1s altas expectativas.\u00bb<\/h5>\n<h5 style=\"color: white; text-align: right; line-height: 200%;\">Jerry Ghionis<\/h5>\n<p>[\/vc_column_text][\/vc_column][vc_column width=\u00bb1\/6&#8243;][\/vc_column][\/vc_row][vc_row bg_color=\u00bb#b4895e\u00bb top_padding=\u00bb40&#8243; bottom_padding=\u00bb40&#8243;][vc_column width=\u00bb1\/1&#8243;][vc_column_text]<\/p>\n<h3 style=\"text-transform: uppercase; text-align: center; color: white; letter-spacing: 10px;\">Ice Blocks<\/h3>\n<p>[\/vc_column_text][\/vc_column][\/vc_row][vc_row bg_image=\u00bb51454&#8243; full_height=\u00bbtrue\u00bb][vc_column width=\u00bb1\/1&#8243;][\/vc_column][\/vc_row][vc_row bg_color=\u00bb#b4895e\u00bb top_padding=\u00bb40&#8243; bottom_padding=\u00bb40&#8243;][vc_column text_align=\u00bbcenter\u00bb width=\u00bb1\/1&#8243;][vc_raw_html]W21pbnRpX2J1dHRvbiBjb2xvcj0iY3VzdG9tIiBjdXN0b21fY29sb3I9InJnYmEoMCwwLDAsMC4wMSkiIGJvcmRlcl9yYWRpdXM9IjAiIGNsYXNzPSJidXR0b24gYnV0dG9uTElHSFQiIGxpbms9Ii9qZXJyeS1naGlvbmlzLWNvbGxlY3Rpb24vdGFibGUtdG9wLWJsb2NrcyJdRGVzY3VicmVbL21pbnRpX2J1dHRvbl0=[\/vc_raw_html][\/vc_column][\/vc_row][vc_row bg_image=\u00bb51346&#8243; top_padding=\u00bb50&#8243; bottom_padding=\u00bb50&#8243;][vc_column text_align=\u00bbcenter\u00bb width=\u00bb1\/1&#8243;][vc_column_text]<\/p>\n<h3 style=\"text-align: center; color: black;\">THE SOPHISTICATE ALBUM<\/h3>\n<p>[\/vc_column_text]<div class=\"single_image wpb_content_element align-center    \" data-animation=\"none\" data-delay=\"0\"><img loading=\"lazy\" decoding=\"async\" width=\"1000\" height=\"344\" src=\"https:\/\/www.graphistudio.com\/wp-content\/uploads\/2022\/02\/ghionis-quilted-details.jpg\" class=\"attachment-full\" alt=\"\" title=\"ghionis-quilted-details\" srcset=\"https:\/\/www.graphistudio.com\/wp-content\/uploads\/2022\/02\/ghionis-quilted-details.jpg 1000w, https:\/\/www.graphistudio.com\/wp-content\/uploads\/2022\/02\/ghionis-quilted-details-300x103.jpg 300w, https:\/\/www.graphistudio.com\/wp-content\/uploads\/2022\/02\/ghionis-quilted-details-768x264.jpg 768w\" sizes=\"auto, (max-width: 1000px) 100vw, 1000px\" \/><\/div><div class=\"single_image wpb_content_element align-center    \" data-animation=\"none\" data-delay=\"0\"><img loading=\"lazy\" decoding=\"async\" width=\"950\" height=\"454\" src=\"https:\/\/www.graphistudio.com\/wp-content\/uploads\/2022\/02\/ghionis-quilted-2_MG_6931-1.png\" class=\"attachment-full\" alt=\"\" title=\"ghionis quilted 2_MG_6931\" srcset=\"https:\/\/www.graphistudio.com\/wp-content\/uploads\/2022\/02\/ghionis-quilted-2_MG_6931-1.png 950w, https:\/\/www.graphistudio.com\/wp-content\/uploads\/2022\/02\/ghionis-quilted-2_MG_6931-1-300x143.png 300w, https:\/\/www.graphistudio.com\/wp-content\/uploads\/2022\/02\/ghionis-quilted-2_MG_6931-1-768x367.png 768w\" sizes=\"auto, (max-width: 950px) 100vw, 950px\" \/><\/div>[vc_column_text]<\/p>\n<h2 style=\"text-align: center; font-size: 24px;\">PR\u00d3XIMAMENTE<\/h2>\n<p>[\/vc_column_text][vc_raw_html]W21pbnRpX2J1dHRvbiBjb2xvcj0iY3VzdG9tIiBjdXN0b21fY29sb3I9InJnYmEoMCwwLDAsMC4wMSkiIGJvcmRlcl9yYWRpdXM9IjAiIGNsYXNzPSJidXR0b24gYnV0dG9uREFSSyIgbGluaz0iL2plcnJ5LWdoaW9uaXMtY29sbGVjdGlvbi9xdWlsdGVkLWFsYnVtIl1kZXNjdWJyZVsvbWludGlfYnV0dG9uXQ==[\/vc_raw_html][\/vc_column][\/vc_row][vc_row bg_color=\u00bb#b4895e\u00bb top_padding=\u00bb40&#8243; bottom_padding=\u00bb40&#8243;][vc_column width=\u00bb1\/1&#8243;][vc_column_text]<\/p>\n<h3 style=\"text-transform: uppercase; text-align: center; color: white; letter-spacing: 10px;\">Leather and Eco Leather Wall Art<\/h3>\n<p>[\/vc_column_text][\/vc_column][\/vc_row][vc_row bg_image=\u00bb51496&#8243; full_height=\u00bbtrue\u00bb][vc_column width=\u00bb1\/1&#8243;][\/vc_column][\/vc_row][vc_row bg_color=\u00bb#b4895e\u00bb top_padding=\u00bb20&#8243; bottom_padding=\u00bb20&#8243;][vc_column text_align=\u00bbcenter\u00bb width=\u00bb1\/1&#8243;][vc_raw_html]W21pbnRpX2J1dHRvbiBjb2xvcj0iY3VzdG9tIiBjdXN0b21fY29sb3I9InJnYmEoMCwwLDAsMC4wMSkiIGJvcmRlcl9yYWRpdXM9IjAiIGNsYXNzPSJidXR0b24gYnV0dG9uTElHSFQiIGxpbms9Ii9qZXJyeS1naGlvbmlzLWNvbGxlY3Rpb24vbGVhdGhlci13YWxsLWFydCJdRGVzY3VicmVbL21pbnRpX2J1dHRvbl0=[\/vc_raw_html][\/vc_column][\/vc_row][vc_row type=\u00bbfull_width_section\u00bb bg_color=\u00bb#3d3d3d\u00bb bottom_padding=\u00bb20&#8243;][vc_column text_align=\u00bbcenter\u00bb width=\u00bb1\/1&#8243;]<div class=\"single_image wpb_content_element align-left    \" data-animation=\"none\" data-delay=\"0\"><img loading=\"lazy\" decoding=\"async\" width=\"2560\" height=\"1378\" src=\"https:\/\/www.graphistudio.com\/wp-content\/uploads\/2021\/02\/maverick_img_main4.jpg\" class=\"attachment-full\" alt=\"\" title=\"maverick_img_main4\" \/><\/div>[vc_raw_html]W21pbnRpX2J1dHRvbiBjb2xvcj0iY3VzdG9tIiBjdXN0b21fY29sb3I9InJnYmEoMCwwLDAsMC4wMSkiIGJvcmRlcl9yYWRpdXM9IjAiIGNsYXNzPSJidXR0b24gYnV0dG9uTElHSFQiIGxpbms9Ii9qZXJyeS1naGlvbmlzLWNvbGxlY3Rpb24vbWF2ZXJpY2siXWRlc2N1YnJlWy9taW50aV9idXR0b25d[\/vc_raw_html][\/vc_column][\/vc_row][vc_row top_padding=\u00bb40&#8243; bottom_padding=\u00bb40&#8243;][vc_column width=\u00bb1\/1&#8243;]<div class=\"single_image wpb_content_element align-center    \" data-animation=\"none\" data-delay=\"0\"><img loading=\"lazy\" decoding=\"async\" width=\"368\" height=\"60\" src=\"https:\/\/www.graphistudio.com\/wp-content\/uploads\/2022\/02\/jgptlogo-1.png\" class=\"attachment-full\" alt=\"\" title=\"jgptlogo-1\" srcset=\"https:\/\/www.graphistudio.com\/wp-content\/uploads\/2022\/02\/jgptlogo-1.png 368w, https:\/\/www.graphistudio.com\/wp-content\/uploads\/2022\/02\/jgptlogo-1-300x49.png 300w\" sizes=\"auto, (max-width: 368px) 100vw, 368px\" \/><\/div>[\/vc_column][\/vc_row][vc_row bg_color=\u00bb#0a0a0a\u00bb top_padding=\u00bb80&#8243; bottom_padding=\u00bb80&#8243;][vc_column text_align=\u00bbcenter\u00bb width=\u00bb1\/1&#8243;][vc_column_text]<\/p>\n<h4 class=\"text-center\" style=\"text-align: center; color: white;\">\u00a1Celebrando 13 a\u00f1os de educaci\u00f3n fotogr\u00e1fica en l\u00ednea!<\/h4>\n<p>[\/vc_column_text]<div class=\"video-embed  wpb_content_element\"><iframe loading=\"lazy\" title=\"Jerry Ghionis Photography Training\" width=\"1161\" height=\"653\" src=\"https:\/\/www.youtube.com\/embed\/1R7DA1sZous?feature=oembed\" frameborder=\"0\" allow=\"accelerometer; autoplay; clipboard-write; encrypted-media; gyroscope; picture-in-picture; web-share\" referrerpolicy=\"strict-origin-when-cross-origin\" allowfullscreen><\/iframe><\/div>[\/vc_column][\/vc_row][vc_row top_padding=\u00bb40&#8243; bottom_padding=\u00bb40&#8243;][vc_column width=\u00bb1\/1&#8243;][vc_column_text]<\/p>\n<h6 style=\"text-align: center;\">Jerry Ghionis Collection<\/h6>\n<p>[\/vc_column_text][vc_raw_html]W3dvbmRlcnBsdWdpbl9ncmlkZ2FsbGVyeSBpZD0xMThd[\/vc_raw_html][\/vc_column][\/vc_row]<\/p>\n<\/div>","protected":false},"excerpt":{"rendered":"<p>[vc_row type=\u00bbfull_width_section\u00bb bg_image=\u00bb51346&#8243;][vc_column width=\u00bb1\/4&#8243;][\/vc_column][vc_column width=\u00bb1\/2&#8243;][\/vc_column][vc_column width=\u00bb1\/4&#8243;][\/vc_column][\/vc_row][vc_row bg_color=\u00bb#b4895e\u00bb top_padding=\u00bb50&#8243; bottom_padding=\u00bb50&#8243;][vc_column width=\u00bb1\/6&#8243;][\/vc_column][vc_column width=\u00bb2\/3&#8243;][vc_column_text el_class=\u00bbtext_ghionis\u00bb] UN ELEGANTE ESTILO MODERNO [\/vc_column_text][vc_column_text el_class=\u00bbtext_ghionis\u00bb] Esta colecci\u00f3n aporta los aspectos m\u00e1s pr\u00e1cticos de un producto bien dise\u00f1ado a las piezas m\u00e1s destacadas que se pueden encontrar en el mundo [\/vc_column_text][\/vc_column][vc_column width=\u00bb1\/6&#8243;][\/vc_column][\/vc_row][vc_row bg_color=\u00bb#525252&#8243; class=\u00bbghionis\u00bb][vc_column width=\u00bb1\/2&#8243;][\/vc_column][vc_column column_center=\u00bbtrue\u00bb width=\u00bb1\/2&#8243;][vc_column_text el_class=\u00bbtext_ghionis\u00bb] A PROP\u00d3SITO DE JERRY GHIONIS [\/vc_column_text][vc_column_text el_class=\u00bbtext_ghionis\u00bb] Jerry est\u00e1 ampliamente considerado como uno de los mejores fot\u00f3grafos de retratos y bodas del mundo y est\u00e1 orgulloso de llamar a Las Vegas su hogar.\u00a0Jerry es el fot\u00f3grafo m\u00e1s premiado de la organizaci\u00f3n Wedding and Portrait Photographers International (WPPI) y se convirti\u00f3 en su primer Grand Master, su m\u00e1ximo honor. Embajador de Nikon y ganador del Premio al Liderazgo de las Naciones Unidas otorgado por el Consejo Fotogr\u00e1fico Internacional, la marca Jerry Ghionis se ha convertido en sin\u00f3nimo de excelencia, maestr\u00eda e innovaci\u00f3n. [\/vc_column_text][\/vc_column][\/vc_row][vc_row type=\u00bbfull_width_section\u00bb top_padding=\u00bb10&#8243;][vc_column text_align=\u00bbcenter\u00bb width=\u00bb1\/1&#8243;][vc_raw_html]W3dvbmRlcnBsdWdpbl9ncmlkZ2FsbGVyeSBpZD0xMTVd[\/vc_raw_html][\/vc_column][\/vc_row][vc_row bg_color=\u00bb#7a5731&#8243; top_padding=\u00bb50&#8243; bottom_padding=\u00bb50&#8243;][vc_column width=\u00bb1\/6&#8243;][\/vc_column][vc_column width=\u00bb2\/3&#8243;][vc_column_text el_class=\u00bbtext_ghionis\u00bb] \u00abTanto si Graphistudio reinventa un producto existente como si crea una nueva categor\u00eda en un sector que supuestamente lo ha visto todo, Graphi supera sistem\u00e1ticamente las m\u00e1s altas expectativas.\u00bb Jerry Ghionis [\/vc_column_text][\/vc_column][vc_column width=\u00bb1\/6&#8243;][\/vc_column][\/vc_row][vc_row bg_color=\u00bb#b4895e\u00bb top_padding=\u00bb40&#8243; bottom_padding=\u00bb40&#8243;][vc_column width=\u00bb1\/1&#8243;][vc_column_text] Ice Blocks [\/vc_column_text][\/vc_column][\/vc_row][vc_row bg_image=\u00bb51454&#8243; full_height=\u00bbtrue\u00bb][vc_column width=\u00bb1\/1&#8243;][\/vc_column][\/vc_row][vc_row bg_color=\u00bb#b4895e\u00bb top_padding=\u00bb40&#8243; bottom_padding=\u00bb40&#8243;][vc_column text_align=\u00bbcenter\u00bb width=\u00bb1\/1&#8243;][vc_raw_html]W21pbnRpX2J1dHRvbiBjb2xvcj0iY3VzdG9tIiBjdXN0b21fY29sb3I9InJnYmEoMCwwLDAsMC4wMSkiIGJvcmRlcl9yYWRpdXM9IjAiIGNsYXNzPSJidXR0b24gYnV0dG9uTElHSFQiIGxpbms9Ii9qZXJyeS1naGlvbmlzLWNvbGxlY3Rpb24vdGFibGUtdG9wLWJsb2NrcyJdRGVzY3VicmVbL21pbnRpX2J1dHRvbl0=[\/vc_raw_html][\/vc_column][\/vc_row][vc_row [&hellip;]<\/p>\n","protected":false},"author":8,"featured_media":0,"parent":0,"menu_order":0,"comment_status":"closed","ping_status":"closed","template":"","meta":{"cybocfi_hide_featured_image":"","footnotes":""},"class_list":["post-51991","page","type-page","status-publish","hentry"],"yoast_head":"<!-- This site is optimized with the Yoast SEO plugin v26.7 - https:\/\/yoast.com\/wordpress\/plugins\/seo\/ -->\n<title>Jerry Ghionis Collection - Graphistudio<\/title>\n<meta name=\"description\" content=\"Esta colecci\u00f3n aporta los aspectos m\u00e1s pr\u00e1cticos de un producto bien dise\u00f1ado a las piezas m\u00e1s destacadas que se pueden encontrar en el mundo\" \/>\n<meta name=\"robots\" content=\"index, follow, max-snippet:-1, max-image-preview:large, max-video-preview:-1\" \/>\n<link rel=\"canonical\" href=\"https:\/\/www.graphistudio.com\/es\/jerry-ghionis-collection\/\" \/>\n<meta property=\"og:locale\" content=\"es_ES\" \/>\n<meta property=\"og:type\" content=\"article\" \/>\n<meta property=\"og:title\" content=\"Jerry Ghionis Collection\" \/>\n<meta property=\"og:description\" content=\"Esta colecci\u00f3n aporta los aspectos m\u00e1s pr\u00e1cticos de un producto bien dise\u00f1ado a las piezas m\u00e1s destacadas que se pueden encontrar en el mundo\" \/>\n<meta property=\"og:url\" content=\"https:\/\/www.graphistudio.com\/es\/jerry-ghionis-collection\/\" \/>\n<meta property=\"og:site_name\" content=\"Graphistudio\" \/>\n<meta property=\"article:modified_time\" content=\"2022-10-27T10:01:23+00:00\" \/>\n<meta property=\"og:image\" content=\"https:\/\/www.graphistudio.com\/wp-content\/uploads\/2022\/03\/288-Jerry-G-a.jpg\" \/>\n<meta name=\"twitter:card\" content=\"summary_large_image\" \/>\n<meta name=\"twitter:title\" content=\"Jerry Ghionis Collection\" \/>\n<meta name=\"twitter:description\" content=\"Esta colecci\u00f3n aporta los aspectos m\u00e1s pr\u00e1cticos de un producto bien dise\u00f1ado a las piezas m\u00e1s destacadas que se pueden encontrar en el mundo\" \/>\n<meta name=\"twitter:image\" content=\"https:\/\/www.graphistudio.com\/wp-content\/uploads\/2022\/03\/288-Jerry-G-a.jpg\" \/>\n<meta name=\"twitter:label1\" content=\"Tiempo de lectura\" \/>\n\t<meta name=\"twitter:data1\" content=\"4 minutos\" \/>\n<script type=\"application\/ld+json\" class=\"yoast-schema-graph\">{\"@context\":\"https:\/\/schema.org\",\"@graph\":[{\"@type\":\"WebPage\",\"@id\":\"https:\/\/www.graphistudio.com\/es\/jerry-ghionis-collection\/\",\"url\":\"https:\/\/www.graphistudio.com\/es\/jerry-ghionis-collection\/\",\"name\":\"Jerry Ghionis Collection - Graphistudio\",\"isPartOf\":{\"@id\":\"https:\/\/www.graphistudio.com\/it\/#website\"},\"datePublished\":\"2022-02-28T14:10:33+00:00\",\"dateModified\":\"2022-10-27T10:01:23+00:00\",\"description\":\"Esta colecci\u00f3n aporta los aspectos m\u00e1s pr\u00e1cticos de un producto bien dise\u00f1ado a las piezas m\u00e1s destacadas que se pueden encontrar en el mundo\",\"breadcrumb\":{\"@id\":\"https:\/\/www.graphistudio.com\/es\/jerry-ghionis-collection\/#breadcrumb\"},\"inLanguage\":\"es\",\"potentialAction\":[{\"@type\":\"ReadAction\",\"target\":[\"https:\/\/www.graphistudio.com\/es\/jerry-ghionis-collection\/\"]}]},{\"@type\":\"BreadcrumbList\",\"@id\":\"https:\/\/www.graphistudio.com\/es\/jerry-ghionis-collection\/#breadcrumb\",\"itemListElement\":[{\"@type\":\"ListItem\",\"position\":1,\"name\":\"Home\",\"item\":\"https:\/\/www.graphistudio.com\/es\/\"},{\"@type\":\"ListItem\",\"position\":2,\"name\":\"Jerry Ghionis Collection\"}]},{\"@type\":\"WebSite\",\"@id\":\"https:\/\/www.graphistudio.com\/it\/#website\",\"url\":\"https:\/\/www.graphistudio.com\/it\/\",\"name\":\"Graphistudio\",\"description\":\"Handmade books made in Italy\",\"publisher\":{\"@id\":\"https:\/\/www.graphistudio.com\/it\/#organization\"},\"potentialAction\":[{\"@type\":\"SearchAction\",\"target\":{\"@type\":\"EntryPoint\",\"urlTemplate\":\"https:\/\/www.graphistudio.com\/it\/?s={search_term_string}\"},\"query-input\":{\"@type\":\"PropertyValueSpecification\",\"valueRequired\":true,\"valueName\":\"search_term_string\"}}],\"inLanguage\":\"es\"},{\"@type\":\"Organization\",\"@id\":\"https:\/\/www.graphistudio.com\/it\/#organization\",\"name\":\"Graphistudio\",\"url\":\"https:\/\/www.graphistudio.com\/it\/\",\"logo\":{\"@type\":\"ImageObject\",\"inLanguage\":\"es\",\"@id\":\"https:\/\/www.graphistudio.com\/it\/#\/schema\/logo\/image\/\",\"url\":\"https:\/\/www.graphistudio.com\/wp-content\/uploads\/2018\/01\/Logo_nero.png\",\"contentUrl\":\"https:\/\/www.graphistudio.com\/wp-content\/uploads\/2018\/01\/Logo_nero.png\",\"width\":160,\"height\":34,\"caption\":\"Graphistudio\"},\"image\":{\"@id\":\"https:\/\/www.graphistudio.com\/it\/#\/schema\/logo\/image\/\"}}]}<\/script>\n<!-- \/ Yoast SEO plugin. -->","yoast_head_json":{"title":"Jerry Ghionis Collection - Graphistudio","description":"Esta colecci\u00f3n aporta los aspectos m\u00e1s pr\u00e1cticos de un producto bien dise\u00f1ado a las piezas m\u00e1s destacadas que se pueden encontrar en el mundo","robots":{"index":"index","follow":"follow","max-snippet":"max-snippet:-1","max-image-preview":"max-image-preview:large","max-video-preview":"max-video-preview:-1"},"canonical":"https:\/\/www.graphistudio.com\/es\/jerry-ghionis-collection\/","og_locale":"es_ES","og_type":"article","og_title":"Jerry Ghionis Collection","og_description":"Esta colecci\u00f3n aporta los aspectos m\u00e1s pr\u00e1cticos de un producto bien dise\u00f1ado a las piezas m\u00e1s destacadas que se pueden encontrar en el mundo","og_url":"https:\/\/www.graphistudio.com\/es\/jerry-ghionis-collection\/","og_site_name":"Graphistudio","article_modified_time":"2022-10-27T10:01:23+00:00","og_image":[{"url":"https:\/\/www.graphistudio.com\/wp-content\/uploads\/2022\/03\/288-Jerry-G-a.jpg","type":"","width":"","height":""}],"twitter_card":"summary_large_image","twitter_title":"Jerry Ghionis Collection","twitter_description":"Esta colecci\u00f3n aporta los aspectos m\u00e1s pr\u00e1cticos de un producto bien dise\u00f1ado a las piezas m\u00e1s destacadas que se pueden encontrar en el mundo","twitter_image":"https:\/\/www.graphistudio.com\/wp-content\/uploads\/2022\/03\/288-Jerry-G-a.jpg","twitter_misc":{"Tiempo de lectura":"4 minutos"},"schema":{"@context":"https:\/\/schema.org","@graph":[{"@type":"WebPage","@id":"https:\/\/www.graphistudio.com\/es\/jerry-ghionis-collection\/","url":"https:\/\/www.graphistudio.com\/es\/jerry-ghionis-collection\/","name":"Jerry Ghionis Collection - Graphistudio","isPartOf":{"@id":"https:\/\/www.graphistudio.com\/it\/#website"},"datePublished":"2022-02-28T14:10:33+00:00","dateModified":"2022-10-27T10:01:23+00:00","description":"Esta colecci\u00f3n aporta los aspectos m\u00e1s pr\u00e1cticos de un producto bien dise\u00f1ado a las piezas m\u00e1s destacadas que se pueden encontrar en el mundo","breadcrumb":{"@id":"https:\/\/www.graphistudio.com\/es\/jerry-ghionis-collection\/#breadcrumb"},"inLanguage":"es","potentialAction":[{"@type":"ReadAction","target":["https:\/\/www.graphistudio.com\/es\/jerry-ghionis-collection\/"]}]},{"@type":"BreadcrumbList","@id":"https:\/\/www.graphistudio.com\/es\/jerry-ghionis-collection\/#breadcrumb","itemListElement":[{"@type":"ListItem","position":1,"name":"Home","item":"https:\/\/www.graphistudio.com\/es\/"},{"@type":"ListItem","position":2,"name":"Jerry Ghionis Collection"}]},{"@type":"WebSite","@id":"https:\/\/www.graphistudio.com\/it\/#website","url":"https:\/\/www.graphistudio.com\/it\/","name":"Graphistudio","description":"Handmade books made in Italy","publisher":{"@id":"https:\/\/www.graphistudio.com\/it\/#organization"},"potentialAction":[{"@type":"SearchAction","target":{"@type":"EntryPoint","urlTemplate":"https:\/\/www.graphistudio.com\/it\/?s={search_term_string}"},"query-input":{"@type":"PropertyValueSpecification","valueRequired":true,"valueName":"search_term_string"}}],"inLanguage":"es"},{"@type":"Organization","@id":"https:\/\/www.graphistudio.com\/it\/#organization","name":"Graphistudio","url":"https:\/\/www.graphistudio.com\/it\/","logo":{"@type":"ImageObject","inLanguage":"es","@id":"https:\/\/www.graphistudio.com\/it\/#\/schema\/logo\/image\/","url":"https:\/\/www.graphistudio.com\/wp-content\/uploads\/2018\/01\/Logo_nero.png","contentUrl":"https:\/\/www.graphistudio.com\/wp-content\/uploads\/2018\/01\/Logo_nero.png","width":160,"height":34,"caption":"Graphistudio"},"image":{"@id":"https:\/\/www.graphistudio.com\/it\/#\/schema\/logo\/image\/"}}]}},"_links":{"self":[{"href":"https:\/\/www.graphistudio.com\/es\/wp-json\/wp\/v2\/pages\/51991","targetHints":{"allow":["GET"]}}],"collection":[{"href":"https:\/\/www.graphistudio.com\/es\/wp-json\/wp\/v2\/pages"}],"about":[{"href":"https:\/\/www.graphistudio.com\/es\/wp-json\/wp\/v2\/types\/page"}],"author":[{"embeddable":true,"href":"https:\/\/www.graphistudio.com\/es\/wp-json\/wp\/v2\/users\/8"}],"replies":[{"embeddable":true,"href":"https:\/\/www.graphistudio.com\/es\/wp-json\/wp\/v2\/comments?post=51991"}],"version-history":[{"count":8,"href":"https:\/\/www.graphistudio.com\/es\/wp-json\/wp\/v2\/pages\/51991\/revisions"}],"predecessor-version":[{"id":55793,"href":"https:\/\/www.graphistudio.com\/es\/wp-json\/wp\/v2\/pages\/51991\/revisions\/55793"}],"wp:attachment":[{"href":"https:\/\/www.graphistudio.com\/es\/wp-json\/wp\/v2\/media?parent=51991"}],"curies":[{"name":"wp","href":"https:\/\/api.w.org\/{rel}","templated":true}]}}