{"id":45933,"date":"2021-02-23T11:24:13","date_gmt":"2021-02-23T10:24:13","guid":{"rendered":"https:\/\/www.graphistudio.com\/metal-paint-brillante\/"},"modified":"2021-02-23T11:41:25","modified_gmt":"2021-02-23T10:41:25","slug":"metal-paint-brillante","status":"publish","type":"page","link":"https:\/\/www.graphistudio.com\/es\/materiales\/metal-paint-brillante\/","title":{"rendered":"Metal Paint Brillante"},"content":{"rendered":"<div class=\"wpb-content-wrapper\"><p>[vc_row][vc_column width=\u00bb1\/1&#8243;]<div class=\"spacer\" style=\"height: 20px;\"><\/div>[vc_column_text]<\/p>\n<h4 style=\"text-align: center;\">Metal Paint Brillante<\/h4>\n<p class=\"p1\" style=\"text-align: center;\">El frontal en aluminio s\u00f3lido, grosor de 3 mil\u00edmetros, viene barnizado con procedimientos derivados de la industria automovil\u00edstica. Los altos est\u00e1ndares de calidad garantizan una superficie extremadamente lisa disponible en veinte tonalidades y cuatro acabados: brillante, metalizado, pastel y touch.<\/p>\n<p>[\/vc_column_text][vc_raw_html]W3dvbmRlcnBsdWdpbl9jYXJvdXNlbCBpZD0iMzEiXQ==[\/vc_raw_html][\/vc_column][\/vc_row]<\/p>\n<\/div>","protected":false},"excerpt":{"rendered":"<p>[vc_row][vc_column width=\u00bb1\/1&#8243;][vc_column_text] Metal Paint Brillante El frontal en aluminio s\u00f3lido, grosor de 3 mil\u00edmetros, viene barnizado con procedimientos derivados de la industria automovil\u00edstica. Los altos est\u00e1ndares de calidad garantizan una superficie extremadamente lisa disponible en veinte tonalidades y cuatro acabados: brillante, metalizado, pastel y touch. [\/vc_column_text][vc_raw_html]W3dvbmRlcnBsdWdpbl9jYXJvdXNlbCBpZD0iMzEiXQ==[\/vc_raw_html][\/vc_column][\/vc_row]<\/p>\n","protected":false},"author":8,"featured_media":0,"parent":45963,"menu_order":0,"comment_status":"closed","ping_status":"closed","template":"page-templates\/page-blank-noflag.php","meta":{"cybocfi_hide_featured_image":"","footnotes":""},"class_list":["post-45933","page","type-page","status-publish","hentry"],"yoast_head":"<!-- This site is optimized with the Yoast SEO plugin v26.7 - https:\/\/yoast.com\/wordpress\/plugins\/seo\/ -->\n<title>Metal Paint Brillante - Graphistudio<\/title>\n<meta name=\"robots\" content=\"noindex, follow\" \/>\n<meta property=\"og:locale\" content=\"es_ES\" \/>\n<meta property=\"og:type\" content=\"article\" \/>\n<meta property=\"og:title\" content=\"Metal Paint Brillante - Graphistudio\" \/>\n<meta property=\"og:description\" content=\"[vc_row][vc_column width=\u00bb1\/1&#8243;][vc_column_text] Metal Paint Brillante El frontal en aluminio s\u00f3lido, grosor de 3 mil\u00edmetros, viene barnizado con procedimientos derivados de la industria automovil\u00edstica. Los altos est\u00e1ndares de calidad garantizan una superficie extremadamente lisa disponible en veinte tonalidades y cuatro acabados: brillante, metalizado, pastel y touch. [\/vc_column_text][vc_raw_html]W3dvbmRlcnBsdWdpbl9jYXJvdXNlbCBpZD0iMzEiXQ==[\/vc_raw_html][\/vc_column][\/vc_row]\" \/>\n<meta property=\"og:url\" content=\"https:\/\/www.graphistudio.com\/en\/materials\/metalpaintglossy\/\" \/>\n<meta property=\"og:site_name\" content=\"Graphistudio\" \/>\n<meta property=\"article:modified_time\" content=\"2021-02-23T10:41:25+00:00\" \/>\n<meta name=\"twitter:card\" content=\"summary_large_image\" \/>\n<script type=\"application\/ld+json\" class=\"yoast-schema-graph\">{\"@context\":\"https:\/\/schema.org\",\"@graph\":[{\"@type\":\"WebPage\",\"@id\":\"https:\/\/www.graphistudio.com\/en\/materials\/metalpaintglossy\/\",\"url\":\"https:\/\/www.graphistudio.com\/en\/materials\/metalpaintglossy\/\",\"name\":\"Metal Paint Brillante - Graphistudio\",\"isPartOf\":{\"@id\":\"https:\/\/www.graphistudio.com\/it\/#website\"},\"datePublished\":\"2021-02-23T10:24:13+00:00\",\"dateModified\":\"2021-02-23T10:41:25+00:00\",\"breadcrumb\":{\"@id\":\"https:\/\/www.graphistudio.com\/en\/materials\/metalpaintglossy\/#breadcrumb\"},\"inLanguage\":\"es\",\"potentialAction\":[{\"@type\":\"ReadAction\",\"target\":[\"https:\/\/www.graphistudio.com\/en\/materials\/metalpaintglossy\/\"]}]},{\"@type\":\"BreadcrumbList\",\"@id\":\"https:\/\/www.graphistudio.com\/en\/materials\/metalpaintglossy\/#breadcrumb\",\"itemListElement\":[{\"@type\":\"ListItem\",\"position\":1,\"name\":\"Home\",\"item\":\"https:\/\/www.graphistudio.com\/es\/\"},{\"@type\":\"ListItem\",\"position\":2,\"name\":\"Materiales\",\"item\":\"https:\/\/www.graphistudio.com\/en\/materials\/\"},{\"@type\":\"ListItem\",\"position\":3,\"name\":\"Metal Paint Brillante\"}]},{\"@type\":\"WebSite\",\"@id\":\"https:\/\/www.graphistudio.com\/it\/#website\",\"url\":\"https:\/\/www.graphistudio.com\/it\/\",\"name\":\"Graphistudio\",\"description\":\"Handmade books made in Italy\",\"publisher\":{\"@id\":\"https:\/\/www.graphistudio.com\/it\/#organization\"},\"potentialAction\":[{\"@type\":\"SearchAction\",\"target\":{\"@type\":\"EntryPoint\",\"urlTemplate\":\"https:\/\/www.graphistudio.com\/it\/?s={search_term_string}\"},\"query-input\":{\"@type\":\"PropertyValueSpecification\",\"valueRequired\":true,\"valueName\":\"search_term_string\"}}],\"inLanguage\":\"es\"},{\"@type\":\"Organization\",\"@id\":\"https:\/\/www.graphistudio.com\/it\/#organization\",\"name\":\"Graphistudio\",\"url\":\"https:\/\/www.graphistudio.com\/it\/\",\"logo\":{\"@type\":\"ImageObject\",\"inLanguage\":\"es\",\"@id\":\"https:\/\/www.graphistudio.com\/it\/#\/schema\/logo\/image\/\",\"url\":\"https:\/\/www.graphistudio.com\/wp-content\/uploads\/2018\/01\/Logo_nero.png\",\"contentUrl\":\"https:\/\/www.graphistudio.com\/wp-content\/uploads\/2018\/01\/Logo_nero.png\",\"width\":160,\"height\":34,\"caption\":\"Graphistudio\"},\"image\":{\"@id\":\"https:\/\/www.graphistudio.com\/it\/#\/schema\/logo\/image\/\"}}]}<\/script>\n<!-- \/ Yoast SEO plugin. -->","yoast_head_json":{"title":"Metal Paint Brillante - Graphistudio","robots":{"index":"noindex","follow":"follow"},"og_locale":"es_ES","og_type":"article","og_title":"Metal Paint Brillante - Graphistudio","og_description":"[vc_row][vc_column width=\u00bb1\/1&#8243;][vc_column_text] Metal Paint Brillante El frontal en aluminio s\u00f3lido, grosor de 3 mil\u00edmetros, viene barnizado con procedimientos derivados de la industria automovil\u00edstica. Los altos est\u00e1ndares de calidad garantizan una superficie extremadamente lisa disponible en veinte tonalidades y cuatro acabados: brillante, metalizado, pastel y touch. [\/vc_column_text][vc_raw_html]W3dvbmRlcnBsdWdpbl9jYXJvdXNlbCBpZD0iMzEiXQ==[\/vc_raw_html][\/vc_column][\/vc_row]","og_url":"https:\/\/www.graphistudio.com\/en\/materials\/metalpaintglossy\/","og_site_name":"Graphistudio","article_modified_time":"2021-02-23T10:41:25+00:00","twitter_card":"summary_large_image","schema":{"@context":"https:\/\/schema.org","@graph":[{"@type":"WebPage","@id":"https:\/\/www.graphistudio.com\/en\/materials\/metalpaintglossy\/","url":"https:\/\/www.graphistudio.com\/en\/materials\/metalpaintglossy\/","name":"Metal Paint Brillante - Graphistudio","isPartOf":{"@id":"https:\/\/www.graphistudio.com\/it\/#website"},"datePublished":"2021-02-23T10:24:13+00:00","dateModified":"2021-02-23T10:41:25+00:00","breadcrumb":{"@id":"https:\/\/www.graphistudio.com\/en\/materials\/metalpaintglossy\/#breadcrumb"},"inLanguage":"es","potentialAction":[{"@type":"ReadAction","target":["https:\/\/www.graphistudio.com\/en\/materials\/metalpaintglossy\/"]}]},{"@type":"BreadcrumbList","@id":"https:\/\/www.graphistudio.com\/en\/materials\/metalpaintglossy\/#breadcrumb","itemListElement":[{"@type":"ListItem","position":1,"name":"Home","item":"https:\/\/www.graphistudio.com\/es\/"},{"@type":"ListItem","position":2,"name":"Materiales","item":"https:\/\/www.graphistudio.com\/en\/materials\/"},{"@type":"ListItem","position":3,"name":"Metal Paint Brillante"}]},{"@type":"WebSite","@id":"https:\/\/www.graphistudio.com\/it\/#website","url":"https:\/\/www.graphistudio.com\/it\/","name":"Graphistudio","description":"Handmade books made in Italy","publisher":{"@id":"https:\/\/www.graphistudio.com\/it\/#organization"},"potentialAction":[{"@type":"SearchAction","target":{"@type":"EntryPoint","urlTemplate":"https:\/\/www.graphistudio.com\/it\/?s={search_term_string}"},"query-input":{"@type":"PropertyValueSpecification","valueRequired":true,"valueName":"search_term_string"}}],"inLanguage":"es"},{"@type":"Organization","@id":"https:\/\/www.graphistudio.com\/it\/#organization","name":"Graphistudio","url":"https:\/\/www.graphistudio.com\/it\/","logo":{"@type":"ImageObject","inLanguage":"es","@id":"https:\/\/www.graphistudio.com\/it\/#\/schema\/logo\/image\/","url":"https:\/\/www.graphistudio.com\/wp-content\/uploads\/2018\/01\/Logo_nero.png","contentUrl":"https:\/\/www.graphistudio.com\/wp-content\/uploads\/2018\/01\/Logo_nero.png","width":160,"height":34,"caption":"Graphistudio"},"image":{"@id":"https:\/\/www.graphistudio.com\/it\/#\/schema\/logo\/image\/"}}]}},"_links":{"self":[{"href":"https:\/\/www.graphistudio.com\/es\/wp-json\/wp\/v2\/pages\/45933","targetHints":{"allow":["GET"]}}],"collection":[{"href":"https:\/\/www.graphistudio.com\/es\/wp-json\/wp\/v2\/pages"}],"about":[{"href":"https:\/\/www.graphistudio.com\/es\/wp-json\/wp\/v2\/types\/page"}],"author":[{"embeddable":true,"href":"https:\/\/www.graphistudio.com\/es\/wp-json\/wp\/v2\/users\/8"}],"replies":[{"embeddable":true,"href":"https:\/\/www.graphistudio.com\/es\/wp-json\/wp\/v2\/comments?post=45933"}],"version-history":[{"count":1,"href":"https:\/\/www.graphistudio.com\/es\/wp-json\/wp\/v2\/pages\/45933\/revisions"}],"predecessor-version":[{"id":45934,"href":"https:\/\/www.graphistudio.com\/es\/wp-json\/wp\/v2\/pages\/45933\/revisions\/45934"}],"up":[{"embeddable":true,"href":"https:\/\/www.graphistudio.com\/es\/wp-json\/wp\/v2\/pages\/45963"}],"wp:attachment":[{"href":"https:\/\/www.graphistudio.com\/es\/wp-json\/wp\/v2\/media?parent=45933"}],"curies":[{"name":"wp","href":"https:\/\/api.w.org\/{rel}","templated":true}]}}